{"id":12979,"date":"2023-10-18T20:34:40","date_gmt":"2023-10-18T17:34:40","guid":{"rendered":"https:\/\/seldacenter.com\/?page_id=12979"},"modified":"2023-10-18T20:34:40","modified_gmt":"2023-10-18T17:34:40","slug":"gizlilik-politikasi","status":"publish","type":"page","link":"https:\/\/seldacenter.com\/fr\/gizlilik-politikasi\/","title":{"rendered":"politique de confidentialit\u00e9"},"content":{"rendered":"<p>Votre s\u00e9curit\u00e9 est notre priorit\u00e9. C&#039;est pourquoi les donn\u00e9es personnelles que vous nous communiquez sont soigneusement prot\u00e9g\u00e9es.<\/p><p>Nous, Selda Hair Center, en tant que responsable du traitement des donn\u00e9es, visons \u00e0 vous \u00e9clairer avec cette politique de confidentialit\u00e9 et de protection des donn\u00e9es personnelles sur quelles donn\u00e9es personnelles seront trait\u00e9es \u00e0 quelle fin, avec qui et pourquoi les donn\u00e9es trait\u00e9es peuvent \u00eatre partag\u00e9es, notre m\u00e9thode de traitement des donn\u00e9es et les raisons l\u00e9gales, et quels sont vos droits concernant vos donn\u00e9es trait\u00e9es.<\/p><h2 class=\"wp-block-heading\" id=\"toplanan-kisisel-verileriniz-toplanma-yoentemi-ve-hukuki-sebebi\">Vos donn\u00e9es personnelles collect\u00e9es, m\u00e9thode de collecte et motif juridique<\/h2><p>Votre adresse IP et les informations relatives \u00e0 l&#039;agent utilisateur seront trait\u00e9es uniquement \u00e0 des fins d&#039;analyse et via des technologies telles que les cookies, par des moyens automatiques ou non automatiques, et parfois obtenues aupr\u00e8s de tiers tels que des fournisseurs d&#039;analyse, des r\u00e9seaux publicitaires, des fournisseurs d&#039;informations de recherche, des fournisseurs de technologie, enregistr\u00e9es, stock\u00e9es et mises \u00e0 jour, dans le cadre et pour la dur\u00e9e du service et de la relation contractuelle entre nous, sur la base de l&#039;exigence de traitement de l&#039;int\u00e9r\u00eat l\u00e9gitime.<\/p><h2 class=\"wp-block-heading\" id=\"kisisel-verilerinizin-islenme-amaci\">Finalit\u00e9 du traitement de vos donn\u00e9es personnelles<\/h2><p>Vos donn\u00e9es personnelles que vous partagez avec nous seront trait\u00e9es et mises \u00e0 jour uniquement en les analysant ; de mani\u00e8re cibl\u00e9e et mod\u00e9r\u00e9e pendant la dur\u00e9e du contrat et du service afin de r\u00e9pondre au mieux aux exigences des services que nous proposons, de garantir que vous puissiez acc\u00e9der et b\u00e9n\u00e9ficier de ces services au niveau maximal, de d\u00e9velopper nos services en fonction de vos besoins et de vous mettre en relation avec des prestataires de services plus larges dans des cadres l\u00e9gaux et de remplir les obligations d\u00e9coulant de la loi (partage des donn\u00e9es personnelles avec les autorit\u00e9s judiciaires et administratives sur demande).<\/p><h2 class=\"wp-block-heading\" id=\"toplanan-kisisel-verilerin-kimlere-ve-hangi-amaclarla-aktarilabilecegi\">\u00c0 qui et \u00e0 quelles fins les donn\u00e9es personnelles collect\u00e9es peuvent-elles \u00eatre transf\u00e9r\u00e9es ?<\/h2><p>Vos donn\u00e9es personnelles que vous partagez avec nous peuvent \u00eatre transf\u00e9r\u00e9es \u00e0 des tiers, institutions et organisations nationaux et \u00e9trangers aupr\u00e8s desquels nous recevons et\/ou fournissons des services, avec lesquels nous avons des relations contractuelles, avec lesquels nous coop\u00e9rons, afin de mener \u00e0 bien nos activit\u00e9s, et aux autorit\u00e9s judiciaires et administratives sur demande, \u00e0 condition que les mesures techniques et administratives n\u00e9cessaires soient prises.<\/p><h2 class=\"wp-block-heading\" id=\"kisisel-verileri-islenen-kisi-olarak-haklariniz\">Vos droits en tant que personne dont les donn\u00e9es personnelles sont trait\u00e9es<\/h2><p>Conform\u00e9ment \u00e0 l&#039;article 11 du KVKK, toute personne peut exercer les droits suivants en s&#039;adressant au responsable du traitement :<\/p><ol class=\"wp-block-list\" type=\"a\"><li>Savoir si des donn\u00e9es personnelles sont trait\u00e9es,<\/li>\n\n<li>Pour demander des informations concernant le traitement des donn\u00e9es personnelles,<\/li>\n\n<li>Pour conna\u00eetre la finalit\u00e9 du traitement des donn\u00e9es personnelles et si elles sont utilis\u00e9es conform\u00e9ment \u00e0 leur finalit\u00e9,<\/li>\n\n<li>Conna\u00eetre les tiers auxquels les donn\u00e9es personnelles sont transf\u00e9r\u00e9es, que ce soit au niveau national ou \u00e0 l&#039;\u00e9tranger,<\/li>\n\n<li>Demander la rectification des donn\u00e9es personnelles si elles sont trait\u00e9es de mani\u00e8re incompl\u00e8te ou incorrecte,<\/li>\n\n<li>Demander la suppression ou la destruction des donn\u00e9es personnelles,<\/li>\n\n<li>Demander que les op\u00e9rations effectu\u00e9es conform\u00e9ment aux clauses (e) et (f) soient notifi\u00e9es aux tiers auxquels des donn\u00e9es personnelles ont \u00e9t\u00e9 transf\u00e9r\u00e9es,<\/li>\n\n<li>S&#039;opposer \u00e0 un r\u00e9sultat pr\u00e9judiciable \u00e0 la personne elle-m\u00eame, r\u00e9sultant de l&#039;analyse des donn\u00e9es trait\u00e9es exclusivement par des syst\u00e8mes automatis\u00e9s,<\/li>\n\n<li>En cas de dommage caus\u00e9 par un traitement illicite de donn\u00e9es personnelles, la personne a le droit d&#039;exiger une indemnisation pour le dommage.<\/li><\/ol><p>Vous pouvez nous contacter via info@seldacenter.com pour exercer vos droits \u00e9num\u00e9r\u00e9s ci-dessus.<\/p><h2 class=\"wp-block-heading\" id=\"iletisim\">Communication<\/h2><p>Afin de pouvoir r\u00e9aliser des analyses pour vous fournir nos services, vous \u00eates enti\u00e8rement libre d&#039;accepter ou de refuser le traitement de vos donn\u00e9es personnelles, uniquement n\u00e9cessaire conform\u00e9ment \u00e0 la pr\u00e9sente politique de confidentialit\u00e9 et de traitement des donn\u00e9es personnelles. En continuant \u00e0 utiliser le site, nous consid\u00e9rerons que vous l&#039;avez accept\u00e9. N&#039;h\u00e9sitez pas \u00e0 nous contacter \u00e0 l&#039;adresse info@seldacenter.com pour plus d&#039;informations.<\/p>","protected":false},"excerpt":{"rendered":"<p>G\u00fcvenli\u011finiz bizim i\u00e7in \u00f6nemli. Bu sebeple bizimle payla\u015faca\u011f\u0131n\u0131z ki\u015fisel verileriz hassasiyetle korunmaktad\u0131r. Biz, Selda Hair Center, veri sorumlusu olarak, bu gizlilik ve ki\u015fisel verilerin korunmas\u0131 politikas\u0131 ile, hangi ki\u015fisel verilerinizin hangi ama\u00e7la i\u015flenece\u011fi, i\u015flenen verilerin kimlerle ve neden payla\u015f\u0131labilece\u011fi, veri i\u015fleme y\u00f6ntemimiz ve hukuki sebeplerimiz ile; i\u015flenen verilerinize ili\u015fkin haklar\u0131n\u0131z\u0131n neler oldu\u011fu hususunda sizleri ayd\u0131nlatmay\u0131 [&hellip;]<\/p>\n","protected":false},"author":2,"featured_media":0,"parent":0,"menu_order":0,"comment_status":"closed","ping_status":"closed","template":"","meta":{"postBodyMargin":[],"postBodyPadding":[],"postBodyBackground":{"backgroundType":"classic","gradient":""},"footnotes":""},"class_list":["post-12979","page","type-page","status-publish","hentry"],"_links":{"self":[{"href":"https:\/\/seldacenter.com\/fr\/wp-json\/wp\/v2\/pages\/12979","targetHints":{"allow":["GET"]}}],"collection":[{"href":"https:\/\/seldacenter.com\/fr\/wp-json\/wp\/v2\/pages"}],"about":[{"href":"https:\/\/seldacenter.com\/fr\/wp-json\/wp\/v2\/types\/page"}],"author":[{"embeddable":true,"href":"https:\/\/seldacenter.com\/fr\/wp-json\/wp\/v2\/users\/2"}],"replies":[{"embeddable":true,"href":"https:\/\/seldacenter.com\/fr\/wp-json\/wp\/v2\/comments?post=12979"}],"version-history":[{"count":0,"href":"https:\/\/seldacenter.com\/fr\/wp-json\/wp\/v2\/pages\/12979\/revisions"}],"wp:attachment":[{"href":"https:\/\/seldacenter.com\/fr\/wp-json\/wp\/v2\/media?parent=12979"}],"curies":[{"name":"wp","href":"https:\/\/api.w.org\/{rel}","templated":true}]}}