{"id":13687,"date":"2024-02-21T23:22:09","date_gmt":"2024-02-21T23:22:09","guid":{"rendered":"https:\/\/seldacenter.com\/?page_id=13687"},"modified":"2024-02-25T06:00:15","modified_gmt":"2024-02-25T06:00:15","slug":"sac-lazeri-nedir-2","status":"publish","type":"page","link":"https:\/\/seldacenter.com\/es\/sac-lazeri-nedir-2\/","title":{"rendered":"\u00bfQu\u00e9 es el l\u00e1ser capilar?"},"content":{"rendered":"<div data-elementor-type=\"wp-page\" data-elementor-id=\"13687\" class=\"elementor elementor-13687\" data-elementor-post-type=\"page\">\n\t\t\t\t\t\t<section class=\"elementor-section elementor-top-section elementor-element elementor-element-d68dfde elementor-section-boxed elementor-section-height-default elementor-section-height-default\" data-id=\"d68dfde\" data-element_type=\"section\">\n\t\t\t\t\t\t<div class=\"elementor-container elementor-column-gap-default\">\n\t\t\t\t\t<div class=\"elementor-column elementor-col-50 elementor-top-column elementor-element elementor-element-a034619\" data-id=\"a034619\" data-element_type=\"column\" data-settings=\"{&quot;background_background&quot;:&quot;classic&quot;}\">\n\t\t\t<div class=\"elementor-widget-wrap elementor-element-populated\">\n\t\t\t\t\t\t<div class=\"elementor-element elementor-element-7d93861 elementor-widget elementor-widget-image\" data-id=\"7d93861\" data-element_type=\"widget\" data-widget_type=\"image.default\">\n\t\t\t\t<div class=\"elementor-widget-container\">\n\t\t\t\t\t\t\t\t\t\t\t\t\t\t\t<img decoding=\"async\" src=\"https:\/\/seldacenter.com\/wp-content\/uploads\/2022\/08\/sac-ekimi-scaled.jpg\" title=\"\" alt=\"sa\u00e7 ekimi\" loading=\"lazy\" \/>\t\t\t\t\t\t\t\t\t\t\t\t\t\t\t<\/div>\n\t\t\t\t<\/div>\n\t\t\t\t\t<\/div>\n\t\t<\/div>\n\t\t\t\t<div class=\"elementor-column elementor-col-50 elementor-top-column elementor-element elementor-element-4f83392\" data-id=\"4f83392\" data-element_type=\"column\">\n\t\t\t<div class=\"elementor-widget-wrap elementor-element-populated\">\n\t\t\t\t\t\t<div class=\"elementor-element elementor-element-3a415a1 elementor-widget-divider--view-line_text elementor-widget-divider--element-align-left elementor-widget elementor-widget-divider\" data-id=\"3a415a1\" data-element_type=\"widget\" data-widget_type=\"divider.default\">\n\t\t\t\t<div class=\"elementor-widget-container\">\n\t\t\t\t\t\t\t<div class=\"elementor-divider\">\n\t\t\t<span class=\"elementor-divider-separator\">\n\t\t\t\t\t\t\t<h3 class=\"elementor-divider__text elementor-divider__element\">\n\t\t\t\tEl Pelo Del Laser\t\t\t\t<\/h3>\n\t\t\t\t\t\t<\/span>\n\t\t<\/div>\n\t\t\t\t\t\t<\/div>\n\t\t\t\t<\/div>\n\t\t\t\t<div class=\"elementor-element elementor-element-7e9f881 elementor-align-left elementor-icon-list--layout-traditional elementor-list-item-link-full_width elementor-widget elementor-widget-icon-list\" data-id=\"7e9f881\" data-element_type=\"widget\" data-widget_type=\"icon-list.default\">\n\t\t\t\t<div class=\"elementor-widget-container\">\n\t\t\t\t\t\t\t<ul class=\"elementor-icon-list-items\">\n\t\t\t\t\t\t\t<li class=\"elementor-icon-list-item\">\n\t\t\t\t\t\t\t\t\t\t\t<span class=\"elementor-icon-list-icon\">\n\t\t\t\t\t\t\t<svg aria-hidden=\"true\" class=\"e-font-icon-svg e-far-hospital\" viewbox=\"0 0 448 512\" xmlns=\"http:\/\/www.w3.org\/2000\/svg\"><path d=\"M128 244v-40c0-6.627 5.373-12 12-12h40c6.627 0 12 5.373 12 12v40c0 6.627-5.373 12-12 12h-40c-6.627 0-12-5.373-12-12zm140 12h40c6.627 0 12-5.373 12-12v-40c0-6.627-5.373-12-12-12h-40c-6.627 0-12 5.373-12 12v40c0 6.627 5.373 12 12 12zm-76 84v-40c0-6.627-5.373-12-12-12h-40c-6.627 0-12 5.373-12 12v40c0 6.627 5.373 12 12 12h40c6.627 0 12-5.373 12-12zm76 12h40c6.627 0 12-5.373 12-12v-40c0-6.627-5.373-12-12-12h-40c-6.627 0-12 5.373-12 12v40c0 6.627 5.373 12 12 12zm180 124v36H0v-36c0-6.627 5.373-12 12-12h19.5V85.035C31.5 73.418 42.245 64 55.5 64H144V24c0-13.255 10.745-24 24-24h112c13.255 0 24 10.745 24 24v40h88.5c13.255 0 24 9.418 24 21.035V464H436c6.627 0 12 5.373 12 12zM79.5 463H192v-67c0-6.627 5.373-12 12-12h40c6.627 0 12 5.373 12 12v67h112.5V112H304v24c0 13.255-10.745 24-24 24H168c-13.255 0-24-10.745-24-24v-24H79.5v351zM266 64h-26V38a6 6 0 0 0-6-6h-20a6 6 0 0 0-6 6v26h-26a6 6 0 0 0-6 6v20a6 6 0 0 0 6 6h26v26a6 6 0 0 0 6 6h20a6 6 0 0 0 6-6V96h26a6 6 0 0 0 6-6V70a6 6 0 0 0-6-6z\"><\/path><\/svg>\t\t\t\t\t\t<\/span>\n\t\t\t\t\t\t\t\t\t\t<span class=\"elementor-icon-list-text\">Duraci\u00f3n de la estancia hospitalaria: no requerida<\/span>\n\t\t\t\t\t\t\t\t\t<\/li>\n\t\t\t\t\t\t\t\t<li class=\"elementor-icon-list-item\">\n\t\t\t\t\t\t\t\t\t\t\t<span class=\"elementor-icon-list-icon\">\n\t\t\t\t\t\t\t<svg aria-hidden=\"true\" class=\"e-font-icon-svg e-far-clock\" viewbox=\"0 0 512 512\" xmlns=\"http:\/\/www.w3.org\/2000\/svg\"><path d=\"M256 8C119 8 8 119 8 256s111 248 248 248 248-111 248-248S393 8 256 8zm0 448c-110.5 0-200-89.5-200-200S145.5 56 256 56s200 89.5 200 200-89.5 200-200 200zm61.8-104.4l-84.9-61.7c-3.1-2.3-4.9-5.9-4.9-9.7V116c0-6.6 5.4-12 12-12h32c6.6 0 12 5.4 12 12v141.7l66.8 48.6c5.4 3.9 6.5 11.4 2.6 16.8L334.6 349c-3.9 5.3-11.4 6.5-16.8 2.6z\"><\/path><\/svg>\t\t\t\t\t\t<\/span>\n\t\t\t\t\t\t\t\t\t\t<span class=\"elementor-icon-list-text\">Tiempo de operaci\u00f3n: 6-8 horas<\/span>\n\t\t\t\t\t\t\t\t\t<\/li>\n\t\t\t\t\t\t\t\t<li class=\"elementor-icon-list-item\">\n\t\t\t\t\t\t\t\t\t\t\t<span class=\"elementor-icon-list-icon\">\n\t\t\t\t\t\t\t<svg aria-hidden=\"true\" class=\"e-font-icon-svg e-fas-syringe\" viewbox=\"0 0 512 512\" xmlns=\"http:\/\/www.w3.org\/2000\/svg\"><path d=\"M201.5 174.8l55.7 55.8c3.1 3.1 3.1 8.2 0 11.3l-11.3 11.3c-3.1 3.1-8.2 3.1-11.3 0l-55.7-55.8-45.3 45.3 55.8 55.8c3.1 3.1 3.1 8.2 0 11.3l-11.3 11.3c-3.1 3.1-8.2 3.1-11.3 0L111 265.2l-26.4 26.4c-17.3 17.3-25.6 41.1-23 65.4l7.1 63.6L2.3 487c-3.1 3.1-3.1 8.2 0 11.3l11.3 11.3c3.1 3.1 8.2 3.1 11.3 0l66.3-66.3 63.6 7.1c23.9 2.6 47.9-5.4 65.4-23l181.9-181.9-135.7-135.7-64.9 65zm308.2-93.3L430.5 2.3c-3.1-3.1-8.2-3.1-11.3 0l-11.3 11.3c-3.1 3.1-3.1 8.2 0 11.3l28.3 28.3-45.3 45.3-56.6-56.6-17-17c-3.1-3.1-8.2-3.1-11.3 0l-33.9 33.9c-3.1 3.1-3.1 8.2 0 11.3l17 17L424.8 223l17 17c3.1 3.1 8.2 3.1 11.3 0l33.9-34c3.1-3.1 3.1-8.2 0-11.3l-73.5-73.5 45.3-45.3 28.3 28.3c3.1 3.1 8.2 3.1 11.3 0l11.3-11.3c3.1-3.2 3.1-8.2 0-11.4z\"><\/path><\/svg>\t\t\t\t\t\t<\/span>\n\t\t\t\t\t\t\t\t\t\t<span class=\"elementor-icon-list-text\">Anestesia: Local<\/span>\n\t\t\t\t\t\t\t\t\t<\/li>\n\t\t\t\t\t\t\t\t<li class=\"elementor-icon-list-item\">\n\t\t\t\t\t\t\t\t\t\t\t<span class=\"elementor-icon-list-icon\">\n\t\t\t\t\t\t\t<svg aria-hidden=\"true\" class=\"e-font-icon-svg e-far-heart\" viewbox=\"0 0 512 512\" xmlns=\"http:\/\/www.w3.org\/2000\/svg\"><path d=\"M458.4 64.3C400.6 15.7 311.3 23 256 79.3 200.7 23 111.4 15.6 53.6 64.3-21.6 127.6-10.6 230.8 43 285.5l175.4 178.7c10 10.2 23.4 15.9 37.6 15.9 14.3 0 27.6-5.6 37.6-15.8L469 285.6c53.5-54.7 64.7-157.9-10.6-221.3zm-23.6 187.5L259.4 430.5c-2.4 2.4-4.4 2.4-6.8 0L77.2 251.8c-36.5-37.2-43.9-107.6 7.3-150.7 38.9-32.7 98.9-27.8 136.5 10.5l35 35.7 35-35.7c37.8-38.5 97.8-43.2 136.5-10.6 51.1 43.1 43.5 113.9 7.3 150.8z\"><\/path><\/svg>\t\t\t\t\t\t<\/span>\n\t\t\t\t\t\t\t\t\t\t<span class=\"elementor-icon-list-text\">Tiempo de recuperaci\u00f3n: 6-12 meses<\/span>\n\t\t\t\t\t\t\t\t\t<\/li>\n\t\t\t\t\t\t<\/ul>\n\t\t\t\t\t\t<\/div>\n\t\t\t\t<\/div>\n\t\t\t\t<div class=\"elementor-element elementor-element-dc56b13 elementor-align-justify elementor-widget elementor-widget-button\" data-id=\"dc56b13\" data-element_type=\"widget\" data-widget_type=\"button.default\">\n\t\t\t\t<div class=\"elementor-widget-container\">\n\t\t\t\t\t\t\t\t\t<div class=\"elementor-button-wrapper\">\n\t\t\t\t\t<a class=\"elementor-button elementor-button-link elementor-size-sm elementor-animation-buzz\" href=\"https:\/\/seldacenter.com\/es\/\">\n\t\t\t\t\t\t<span class=\"elementor-button-content-wrapper\">\n\t\t\t\t\t\t\t\t\t<span class=\"elementor-button-text\">Haga una cita ahora<\/span>\n\t\t\t\t\t<\/span>\n\t\t\t\t\t<\/a>\n\t\t\t\t<\/div>\n\t\t\t\t\t\t\t\t<\/div>\n\t\t\t\t<\/div>\n\t\t\t\t\t<\/div>\n\t\t<\/div>\n\t\t\t\t\t<\/div>\n\t\t<\/section>\n\t\t\t\t<section class=\"elementor-section elementor-top-section elementor-element elementor-element-559ad978 elementor-section-boxed elementor-section-height-default elementor-section-height-default\" data-id=\"559ad978\" data-element_type=\"section\">\n\t\t\t\t\t\t<div class=\"elementor-container elementor-column-gap-default\">\n\t\t\t\t\t<div class=\"elementor-column elementor-col-100 elementor-top-column elementor-element elementor-element-3bb340b9\" data-id=\"3bb340b9\" data-element_type=\"column\">\n\t\t\t<div class=\"elementor-widget-wrap elementor-element-populated\">\n\t\t\t\t\t\t<div class=\"elementor-element elementor-element-50d3c1df elementor-widget elementor-widget-text-editor\" data-id=\"50d3c1df\" data-element_type=\"widget\" data-widget_type=\"text-editor.default\">\n\t\t\t\t<div class=\"elementor-widget-container\">\n\t\t\t\t\t\t\t\t\tEl cabello es un elemento importante que determina el aspecto est\u00e9tico tanto de mujeres como de hombres. Sin embargo, las condiciones insalubres provocadas por la vida moderna, el estr\u00e9s, los factores gen\u00e9ticos y diversos problemas de salud pueden provocar la ca\u00edda del cabello. La ca\u00edda del cabello puede reducir la calidad de vida de las personas al afectar su motivaci\u00f3n y confianza en s\u00ed mismas. En este punto, el tratamiento con l\u00e1ser capilar ofrece una soluci\u00f3n eficaz para quienes quieren fortalecer el cabello y frenar su ca\u00edda.\n\n<strong>\u00bfQu\u00e9 es el l\u00e1ser capilar?<\/strong>\n\nEl l\u00e1ser capilar es un m\u00e9todo de tratamiento que permite que el cabello crezca m\u00e1s fuerte y m\u00e1s saludable al aumentar la circulaci\u00f3n sangu\u00ednea en el \u00e1rea del cabello mediante el uso de dispositivos l\u00e1ser que son productos de tecnolog\u00eda moderna. Este m\u00e9todo ofrece una soluci\u00f3n eficaz contra la ca\u00edda del cabello al provocar el crecimiento de cabello nuevo en las zonas calvas. El tratamiento con l\u00e1ser capilar estimula los fol\u00edculos pilosos aplicando luz l\u00e1ser de bajo nivel o luces LED en el cuero cabelludo. Esta estimulaci\u00f3n aumenta la actividad celular, acelera la circulaci\u00f3n sangu\u00ednea y reduce la ca\u00edda del cabello revitalizando los fol\u00edculos pilosos. Adem\u00e1s, espesa los mechones finos y ayuda a que el cabello adquiera una apariencia saludable.\n\n<strong>\u00bfC\u00f3mo se aplica el tratamiento con l\u00e1ser capilar?<\/strong>\n\nEl tratamiento con l\u00e1ser capilar incluye los siguientes pasos:\n<ol>\n \t<li><strong>Consulta y An\u00e1lisis Capilar:<\/strong> La estructura del cabello de la persona y el grado de ca\u00edda son evaluados por un dermat\u00f3logo especialista.<\/li>\n \t<li><strong>Planificaci\u00f3n del tratamiento:<\/strong> Se determina un plan de tratamiento personalizado en base al an\u00e1lisis del cabello. Se determina el n\u00famero y frecuencia de las sesiones.<\/li>\n \t<li><strong>Preparaci\u00f3n:<\/strong> Se limpia la zona del cabello y se aplica un suero que acelera la nutrici\u00f3n del cabello abriendo peque\u00f1os canales con un dermapen.<\/li>\n \t<li><strong>Aplicaci\u00f3n del l\u00e1ser:<\/strong> La circulaci\u00f3n sangu\u00ednea aumenta mediante la aplicaci\u00f3n de rayos l\u00e1ser a los capilares disfuncionales debajo del cuero cabelludo.<\/li>\n \t<li><strong>Finalizaci\u00f3n y mantenimiento:<\/strong> Despu\u00e9s de la aplicaci\u00f3n, se utilizan dermapen y suero para aumentar la efectividad de la aplicaci\u00f3n del l\u00e1ser.<\/li>\n \t<li><strong>Duraci\u00f3n y Frecuencia de las Sesiones:<\/strong> En una primera etapa se aplica en sesiones de 20 minutos dos veces por semana. Se pueden obtener resultados visibles despu\u00e9s de 10 sesiones en total.<\/li>\n<\/ol>\n<strong>Tratamiento L\u00e1ser Capilar y Ventajas:<\/strong>\n<ul>\n \t<li><strong>Sin dolor y seguro:<\/strong> El tratamiento con l\u00e1ser capilar es un procedimiento indoloro y generalmente tiene efectos secundarios m\u00ednimos.<\/li>\n \t<li><strong>Cabello grueso y brillante:<\/strong> El tratamiento favorece la formaci\u00f3n de un cabello grueso y brillante fortaleciendo los fol\u00edculos pilosos.<\/li>\n \t<li><strong>Uso combinado con trasplante de cabello:<\/strong> El tratamiento con l\u00e1ser capilar puede ayudar a lograr resultados m\u00e1s eficaces utiliz\u00e1ndolo antes y despu\u00e9s del trasplante de cabello.<\/li>\n<\/ul>\n<strong>Tratamiento L\u00e1ser Capilar y Mujer:<\/strong>\n\nLa ca\u00edda del cabello en las mujeres suele deberse a fuentes gen\u00e9ticas, hormonales y nutricionales. El tratamiento con l\u00e1ser capilar ofrece una soluci\u00f3n eficaz contra la ca\u00edda del cabello en la mujer. El tratamiento se utiliza para frenar la ca\u00edda del cabello, fortalecer y revitalizar el cabello. Se puede combinar con otros tratamientos utilizados contra la ca\u00edda del cabello y es adecuado para recuperar la salud del cabello en la mujer. En conclusi\u00f3n, el tratamiento con l\u00e1ser capilar es un m\u00e9todo innovador surgido de la tecnolog\u00eda moderna y puede ayudar a combatir la ca\u00edda del cabello de forma saludable, segura y eficaz. Tras la aplicaci\u00f3n se puede conseguir una visible mejora y fortalecimiento del cabello de la persona. No hay que olvidar que es importante consultar a un dermat\u00f3logo especialista antes del tratamiento.\t\t\t\t\t\t\t\t<\/div>\n\t\t\t\t<\/div>\n\t\t\t\t\t<\/div>\n\t\t<\/div>\n\t\t\t\t\t<\/div>\n\t\t<\/section>\n\t\t\t\t<\/div>","protected":false},"excerpt":{"rendered":"<p>Sa\u00e7 Lazeri Hastanede Kal\u0131\u015f S\u00fcresi: Gerekli De\u011fil Operasyon S\u00fcresi: 6-8 Saat Anestezi: Lokal \u0130yile\u015fme S\u00fcresi: 6-12 Ay Hemen Randevu Al\u0131n Sa\u00e7lar, hem kad\u0131nlar\u0131n hem de erkeklerin estetik g\u00f6r\u00fcn\u00fcmlerini belirleyen \u00f6nemli bir unsurdur. Ancak modern ya\u015fam\u0131n getirdi\u011fi sa\u011fl\u0131ks\u0131z ko\u015fullar, stres, genetik fakt\u00f6rler ve \u00e7e\u015fitli sa\u011fl\u0131k sorunlar\u0131, sa\u00e7 d\u00f6k\u00fclmesine neden olabilmektedir. Sa\u00e7 kayb\u0131, insanlar\u0131n motivasyon ve \u00f6zg\u00fcvenini [&hellip;]<\/p>\n","protected":false},"author":2,"featured_media":0,"parent":0,"menu_order":0,"comment_status":"closed","ping_status":"closed","template":"","meta":{"postBodyMargin":[],"postBodyPadding":[],"postBodyBackground":{"backgroundType":"classic","gradient":""},"footnotes":""},"class_list":["post-13687","page","type-page","status-publish","hentry"],"_links":{"self":[{"href":"https:\/\/seldacenter.com\/es\/wp-json\/wp\/v2\/pages\/13687","targetHints":{"allow":["GET"]}}],"collection":[{"href":"https:\/\/seldacenter.com\/es\/wp-json\/wp\/v2\/pages"}],"about":[{"href":"https:\/\/seldacenter.com\/es\/wp-json\/wp\/v2\/types\/page"}],"author":[{"embeddable":true,"href":"https:\/\/seldacenter.com\/es\/wp-json\/wp\/v2\/users\/2"}],"replies":[{"embeddable":true,"href":"https:\/\/seldacenter.com\/es\/wp-json\/wp\/v2\/comments?post=13687"}],"version-history":[{"count":4,"href":"https:\/\/seldacenter.com\/es\/wp-json\/wp\/v2\/pages\/13687\/revisions"}],"predecessor-version":[{"id":13847,"href":"https:\/\/seldacenter.com\/es\/wp-json\/wp\/v2\/pages\/13687\/revisions\/13847"}],"wp:attachment":[{"href":"https:\/\/seldacenter.com\/es\/wp-json\/wp\/v2\/media?parent=13687"}],"curies":[{"name":"wp","href":"https:\/\/api.w.org\/{rel}","templated":true}]}}