{"id":13671,"date":"2024-02-21T23:16:09","date_gmt":"2024-02-21T23:16:09","guid":{"rendered":"https:\/\/seldacenter.com\/?page_id=13671"},"modified":"2024-02-25T06:23:57","modified_gmt":"2024-02-25T06:23:57","slug":"mide-balonu-2","status":"publish","type":"page","link":"https:\/\/seldacenter.com\/es\/mide-balonu-2\/","title":{"rendered":"Bal\u00f3n G\u00e1strico"},"content":{"rendered":"<div data-elementor-type=\"wp-page\" data-elementor-id=\"13671\" class=\"elementor elementor-13671\" data-elementor-post-type=\"page\">\n\t\t\t\t\t\t<section class=\"elementor-section elementor-top-section elementor-element elementor-element-ea12260 elementor-section-boxed elementor-section-height-default elementor-section-height-default\" data-id=\"ea12260\" data-element_type=\"section\">\n\t\t\t\t\t\t<div class=\"elementor-container elementor-column-gap-default\">\n\t\t\t\t\t<div class=\"elementor-column elementor-col-50 elementor-top-column elementor-element elementor-element-05e5b31\" data-id=\"05e5b31\" data-element_type=\"column\" data-settings=\"{&quot;background_background&quot;:&quot;classic&quot;}\">\n\t\t\t<div class=\"elementor-widget-wrap elementor-element-populated\">\n\t\t\t\t\t\t\t<\/div>\n\t\t<\/div>\n\t\t\t\t<div class=\"elementor-column elementor-col-50 elementor-top-column elementor-element elementor-element-a531ee9\" data-id=\"a531ee9\" data-element_type=\"column\">\n\t\t\t<div class=\"elementor-widget-wrap elementor-element-populated\">\n\t\t\t\t\t\t<div class=\"elementor-element elementor-element-f8fbcf6 elementor-widget-divider--view-line_text elementor-widget-divider--element-align-left elementor-widget elementor-widget-divider\" data-id=\"f8fbcf6\" data-element_type=\"widget\" data-widget_type=\"divider.default\">\n\t\t\t\t<div class=\"elementor-widget-container\">\n\t\t\t\t\t\t\t<div class=\"elementor-divider\">\n\t\t\t<span class=\"elementor-divider-separator\">\n\t\t\t\t\t\t\t<h3 class=\"elementor-divider__text elementor-divider__element\">\n\t\t\t\tBal\u00f3n G\u00e1strico\t\t\t\t<\/h3>\n\t\t\t\t\t\t<\/span>\n\t\t<\/div>\n\t\t\t\t\t\t<\/div>\n\t\t\t\t<\/div>\n\t\t\t\t<div class=\"elementor-element elementor-element-1bbe128 elementor-align-left elementor-icon-list--layout-traditional elementor-list-item-link-full_width elementor-widget elementor-widget-icon-list\" data-id=\"1bbe128\" data-element_type=\"widget\" data-widget_type=\"icon-list.default\">\n\t\t\t\t<div class=\"elementor-widget-container\">\n\t\t\t\t\t\t\t<ul class=\"elementor-icon-list-items\">\n\t\t\t\t\t\t\t<li class=\"elementor-icon-list-item\">\n\t\t\t\t\t\t\t\t\t\t\t<span class=\"elementor-icon-list-icon\">\n\t\t\t\t\t\t\t<svg aria-hidden=\"true\" class=\"e-font-icon-svg e-far-hospital\" viewbox=\"0 0 448 512\" xmlns=\"http:\/\/www.w3.org\/2000\/svg\"><path d=\"M128 244v-40c0-6.627 5.373-12 12-12h40c6.627 0 12 5.373 12 12v40c0 6.627-5.373 12-12 12h-40c-6.627 0-12-5.373-12-12zm140 12h40c6.627 0 12-5.373 12-12v-40c0-6.627-5.373-12-12-12h-40c-6.627 0-12 5.373-12 12v40c0 6.627 5.373 12 12 12zm-76 84v-40c0-6.627-5.373-12-12-12h-40c-6.627 0-12 5.373-12 12v40c0 6.627 5.373 12 12 12h40c6.627 0 12-5.373 12-12zm76 12h40c6.627 0 12-5.373 12-12v-40c0-6.627-5.373-12-12-12h-40c-6.627 0-12 5.373-12 12v40c0 6.627 5.373 12 12 12zm180 124v36H0v-36c0-6.627 5.373-12 12-12h19.5V85.035C31.5 73.418 42.245 64 55.5 64H144V24c0-13.255 10.745-24 24-24h112c13.255 0 24 10.745 24 24v40h88.5c13.255 0 24 9.418 24 21.035V464H436c6.627 0 12 5.373 12 12zM79.5 463H192v-67c0-6.627 5.373-12 12-12h40c6.627 0 12 5.373 12 12v67h112.5V112H304v24c0 13.255-10.745 24-24 24H168c-13.255 0-24-10.745-24-24v-24H79.5v351zM266 64h-26V38a6 6 0 0 0-6-6h-20a6 6 0 0 0-6 6v26h-26a6 6 0 0 0-6 6v20a6 6 0 0 0 6 6h26v26a6 6 0 0 0 6 6h20a6 6 0 0 0 6-6V96h26a6 6 0 0 0 6-6V70a6 6 0 0 0-6-6z\"><\/path><\/svg>\t\t\t\t\t\t<\/span>\n\t\t\t\t\t\t\t\t\t\t<span class=\"elementor-icon-list-text\">Duraci\u00f3n de la estancia hospitalaria: no requerida<\/span>\n\t\t\t\t\t\t\t\t\t<\/li>\n\t\t\t\t\t\t\t\t<li class=\"elementor-icon-list-item\">\n\t\t\t\t\t\t\t\t\t\t\t<span class=\"elementor-icon-list-icon\">\n\t\t\t\t\t\t\t<svg aria-hidden=\"true\" class=\"e-font-icon-svg e-far-clock\" viewbox=\"0 0 512 512\" xmlns=\"http:\/\/www.w3.org\/2000\/svg\"><path d=\"M256 8C119 8 8 119 8 256s111 248 248 248 248-111 248-248S393 8 256 8zm0 448c-110.5 0-200-89.5-200-200S145.5 56 256 56s200 89.5 200 200-89.5 200-200 200zm61.8-104.4l-84.9-61.7c-3.1-2.3-4.9-5.9-4.9-9.7V116c0-6.6 5.4-12 12-12h32c6.6 0 12 5.4 12 12v141.7l66.8 48.6c5.4 3.9 6.5 11.4 2.6 16.8L334.6 349c-3.9 5.3-11.4 6.5-16.8 2.6z\"><\/path><\/svg>\t\t\t\t\t\t<\/span>\n\t\t\t\t\t\t\t\t\t\t<span class=\"elementor-icon-list-text\">Tiempo de operaci\u00f3n: 6-8 horas<\/span>\n\t\t\t\t\t\t\t\t\t<\/li>\n\t\t\t\t\t\t\t\t<li class=\"elementor-icon-list-item\">\n\t\t\t\t\t\t\t\t\t\t\t<span class=\"elementor-icon-list-icon\">\n\t\t\t\t\t\t\t<svg aria-hidden=\"true\" class=\"e-font-icon-svg e-fas-syringe\" viewbox=\"0 0 512 512\" xmlns=\"http:\/\/www.w3.org\/2000\/svg\"><path d=\"M201.5 174.8l55.7 55.8c3.1 3.1 3.1 8.2 0 11.3l-11.3 11.3c-3.1 3.1-8.2 3.1-11.3 0l-55.7-55.8-45.3 45.3 55.8 55.8c3.1 3.1 3.1 8.2 0 11.3l-11.3 11.3c-3.1 3.1-8.2 3.1-11.3 0L111 265.2l-26.4 26.4c-17.3 17.3-25.6 41.1-23 65.4l7.1 63.6L2.3 487c-3.1 3.1-3.1 8.2 0 11.3l11.3 11.3c3.1 3.1 8.2 3.1 11.3 0l66.3-66.3 63.6 7.1c23.9 2.6 47.9-5.4 65.4-23l181.9-181.9-135.7-135.7-64.9 65zm308.2-93.3L430.5 2.3c-3.1-3.1-8.2-3.1-11.3 0l-11.3 11.3c-3.1 3.1-3.1 8.2 0 11.3l28.3 28.3-45.3 45.3-56.6-56.6-17-17c-3.1-3.1-8.2-3.1-11.3 0l-33.9 33.9c-3.1 3.1-3.1 8.2 0 11.3l17 17L424.8 223l17 17c3.1 3.1 8.2 3.1 11.3 0l33.9-34c3.1-3.1 3.1-8.2 0-11.3l-73.5-73.5 45.3-45.3 28.3 28.3c3.1 3.1 8.2 3.1 11.3 0l11.3-11.3c3.1-3.2 3.1-8.2 0-11.4z\"><\/path><\/svg>\t\t\t\t\t\t<\/span>\n\t\t\t\t\t\t\t\t\t\t<span class=\"elementor-icon-list-text\">Anestesia: Local<\/span>\n\t\t\t\t\t\t\t\t\t<\/li>\n\t\t\t\t\t\t\t\t<li class=\"elementor-icon-list-item\">\n\t\t\t\t\t\t\t\t\t\t\t<span class=\"elementor-icon-list-icon\">\n\t\t\t\t\t\t\t<svg aria-hidden=\"true\" class=\"e-font-icon-svg e-far-heart\" viewbox=\"0 0 512 512\" xmlns=\"http:\/\/www.w3.org\/2000\/svg\"><path d=\"M458.4 64.3C400.6 15.7 311.3 23 256 79.3 200.7 23 111.4 15.6 53.6 64.3-21.6 127.6-10.6 230.8 43 285.5l175.4 178.7c10 10.2 23.4 15.9 37.6 15.9 14.3 0 27.6-5.6 37.6-15.8L469 285.6c53.5-54.7 64.7-157.9-10.6-221.3zm-23.6 187.5L259.4 430.5c-2.4 2.4-4.4 2.4-6.8 0L77.2 251.8c-36.5-37.2-43.9-107.6 7.3-150.7 38.9-32.7 98.9-27.8 136.5 10.5l35 35.7 35-35.7c37.8-38.5 97.8-43.2 136.5-10.6 51.1 43.1 43.5 113.9 7.3 150.8z\"><\/path><\/svg>\t\t\t\t\t\t<\/span>\n\t\t\t\t\t\t\t\t\t\t<span class=\"elementor-icon-list-text\">Tiempo de recuperaci\u00f3n: 6-12 meses<\/span>\n\t\t\t\t\t\t\t\t\t<\/li>\n\t\t\t\t\t\t<\/ul>\n\t\t\t\t\t\t<\/div>\n\t\t\t\t<\/div>\n\t\t\t\t<div class=\"elementor-element elementor-element-f650fc2 elementor-align-justify elementor-widget elementor-widget-button\" data-id=\"f650fc2\" data-element_type=\"widget\" data-widget_type=\"button.default\">\n\t\t\t\t<div class=\"elementor-widget-container\">\n\t\t\t\t\t\t\t\t\t<div class=\"elementor-button-wrapper\">\n\t\t\t\t\t<a class=\"elementor-button elementor-button-link elementor-size-sm elementor-animation-buzz\" href=\"https:\/\/seldacenter.com\/es\/\">\n\t\t\t\t\t\t<span class=\"elementor-button-content-wrapper\">\n\t\t\t\t\t\t\t\t\t<span class=\"elementor-button-text\">Haga una cita ahora<\/span>\n\t\t\t\t\t<\/span>\n\t\t\t\t\t<\/a>\n\t\t\t\t<\/div>\n\t\t\t\t\t\t\t\t<\/div>\n\t\t\t\t<\/div>\n\t\t\t\t\t<\/div>\n\t\t<\/div>\n\t\t\t\t\t<\/div>\n\t\t<\/section>\n\t\t\t\t<section class=\"elementor-section elementor-top-section elementor-element elementor-element-1f155491 elementor-section-boxed elementor-section-height-default elementor-section-height-default\" data-id=\"1f155491\" data-element_type=\"section\">\n\t\t\t\t\t\t<div class=\"elementor-container elementor-column-gap-default\">\n\t\t\t\t\t<div class=\"elementor-column elementor-col-100 elementor-top-column elementor-element elementor-element-69a5267f\" data-id=\"69a5267f\" data-element_type=\"column\">\n\t\t\t<div class=\"elementor-widget-wrap elementor-element-populated\">\n\t\t\t\t\t\t<div class=\"elementor-element elementor-element-5e128659 elementor-widget elementor-widget-text-editor\" data-id=\"5e128659\" data-element_type=\"widget\" data-widget_type=\"text-editor.default\">\n\t\t\t\t<div class=\"elementor-widget-container\">\n\t\t\t\t\t\t\t\t\tHoy en d\u00eda, el control del peso es un tema importante que afecta la calidad de vida de muchas personas. En este contexto, el bal\u00f3n g\u00e1strico es una soluci\u00f3n no quir\u00fargica cada vez m\u00e1s popular para la p\u00e9rdida de peso y el control de la obesidad. En este art\u00edculo, analizaremos qu\u00e9 es un bal\u00f3n g\u00e1strico, c\u00f3mo se inserta, para qui\u00e9n es adecuado, sus ventajas y aspectos a considerar.\n\n<strong>\u00bfQu\u00e9 es un Bal\u00f3n G\u00e1strico?<\/strong>\n\nUn bal\u00f3n g\u00e1strico se coloca en el est\u00f3mago mediante endoscopia, sin cirug\u00eda ni suturas, ocupando espacio y facilitando la saciedad temprana y la adherencia a la dieta. Este m\u00e9todo es una opci\u00f3n de tratamiento eficaz que favorece la p\u00e9rdida de peso y ayuda a las personas con obesidad.\n\n<strong>\u00bfC\u00f3mo se inserta un bal\u00f3n g\u00e1strico?<\/strong>\n\nEl bal\u00f3n g\u00e1strico se inserta generalmente de dos maneras: endosc\u00f3picamente y en forma de c\u00e1psula ingerible. Los balones g\u00e1stricos de inserci\u00f3n endosc\u00f3pica se insertan en el est\u00f3mago del paciente en la unidad de endoscopia. Este proceso suele durar 15 minutos y los pacientes se mantienen bajo sedaci\u00f3n durante el procedimiento para que no sientan dolor ni molestias. Otro m\u00e9todo son los balones g\u00e1stricos ingeribles. Estos balones se ingieren con agua y se inflan con un l\u00edquido especial tras determinar su ubicaci\u00f3n mediante una radiograf\u00eda.\n\n<strong>\u00bfPara qui\u00e9n es adecuado?<\/strong>\n\nEl bal\u00f3n g\u00e1strico es adecuado para personas que no han logrado resultados con dieta y ejercicio para perder peso, tienen entre 18 y 55 a\u00f1os y un \u00edndice de masa corporal superior a 27. Sin embargo, este m\u00e9todo no se recomienda para personas con \u00falceras estomacales graves, enfermedades en las que se haya extirpado parte o la totalidad del est\u00f3mago y hernias estomacales importantes.\n\n<strong>Ventajas y puntos a considerar<\/strong>\n\nVentajas:\n<ol>\n \t<li><strong>Una opci\u00f3n no quir\u00fargica:<\/strong> El bal\u00f3n g\u00e1strico es un m\u00e9todo de control de peso no quir\u00fargico que no requiere ninguna intervenci\u00f3n quir\u00fargica.<\/li>\n \t<li><strong>Resultados r\u00e1pidos:<\/strong> Despu\u00e9s de la aplicaci\u00f3n del bal\u00f3n g\u00e1strico, la p\u00e9rdida de peso puede comenzar r\u00e1pidamente y aumentar la motivaci\u00f3n.<\/li>\n \t<li><strong>Un proceso reversible:<\/strong> El bal\u00f3n g\u00e1strico se puede retirar en cualquier momento, lo que significa que el procedimiento es reversible.<\/li>\n<\/ol>\nPuntos a considerar:\n<ol>\n \t<li><strong>Supervisi\u00f3n de expertos:<\/strong> La aplicaci\u00f3n del bal\u00f3n g\u00e1strico debe ser realizada por un profesional sanitario calificado y debe tenerse en cuenta el estado de salud general del paciente.<\/li>\n \t<li><strong>Una soluci\u00f3n temporal:<\/strong> El efecto del bal\u00f3n g\u00e1strico es temporal y debe retirarse despu\u00e9s de un cierto per\u00edodo de tiempo.<\/li>\n \t<li><strong>Efectos secundarios y riesgos:<\/strong> Pueden presentarse algunos efectos secundarios, como n\u00e1useas y v\u00f3mitos, despu\u00e9s de la aplicaci\u00f3n. Sin embargo, estos riesgos suelen ser bajos.<\/li>\n<\/ol>\n<strong>Bal\u00f3n g\u00e1strico y control de peso<\/strong>\n\nEl bal\u00f3n g\u00e1strico crea una sensaci\u00f3n de saciedad al aumentar el volumen del est\u00f3mago. As\u00ed, la persona come menos y comienza el proceso de p\u00e9rdida de peso. Sin embargo, el bal\u00f3n g\u00e1strico no es una soluci\u00f3n milagrosa por s\u00ed solo. Para mantener la p\u00e9rdida de peso, es importante adoptar una nutrici\u00f3n equilibrada y mantener h\u00e1bitos de ejercicio regulares.\n\n<strong>En conclusi\u00f3n<\/strong>\n\nEl bal\u00f3n g\u00e1strico se destaca como una opci\u00f3n eficaz y segura para el control de peso. Sin embargo, dado que el estado de salud de cada persona es diferente, es importante consultar con un m\u00e9dico especialista antes de la aplicaci\u00f3n del bal\u00f3n g\u00e1strico. Quienes deseen bajar de peso con un bal\u00f3n g\u00e1strico pueden contactar con m\u00e9dicos especialistas y elaborar una evaluaci\u00f3n y un plan de tratamiento detallados.\t\t\t\t\t\t\t\t<\/div>\n\t\t\t\t<\/div>\n\t\t\t\t\t<\/div>\n\t\t<\/div>\n\t\t\t\t\t<\/div>\n\t\t<\/section>\n\t\t\t\t<\/div>","protected":false},"excerpt":{"rendered":"<p>Mide Balonu Hastanede Kal\u0131\u015f S\u00fcresi: Gerekli De\u011fil Operasyon S\u00fcresi: 6-8 Saat Anestezi: Lokal \u0130yile\u015fme S\u00fcresi: 6-12 Ay Hemen Randevu Al\u0131n G\u00fcn\u00fcm\u00fczde kilo kontrol\u00fc, pek \u00e7ok bireyin ya\u015fam kalitesini etkileyen \u00f6nemli bir konudur. Bu ba\u011flamda, mide balonu, kilo kayb\u0131 ve obezite y\u00f6netimi konusunda giderek daha pop\u00fcler hale gelen ameliyats\u0131z bir \u00e7\u00f6z\u00fcmd\u00fcr. Bu makalede, mide balonunun nedir, [&hellip;]<\/p>\n","protected":false},"author":2,"featured_media":0,"parent":0,"menu_order":0,"comment_status":"closed","ping_status":"closed","template":"","meta":{"postBodyMargin":[],"postBodyPadding":[],"postBodyBackground":{"backgroundType":"classic","gradient":""},"footnotes":""},"class_list":["post-13671","page","type-page","status-publish","hentry"],"_links":{"self":[{"href":"https:\/\/seldacenter.com\/es\/wp-json\/wp\/v2\/pages\/13671","targetHints":{"allow":["GET"]}}],"collection":[{"href":"https:\/\/seldacenter.com\/es\/wp-json\/wp\/v2\/pages"}],"about":[{"href":"https:\/\/seldacenter.com\/es\/wp-json\/wp\/v2\/types\/page"}],"author":[{"embeddable":true,"href":"https:\/\/seldacenter.com\/es\/wp-json\/wp\/v2\/users\/2"}],"replies":[{"embeddable":true,"href":"https:\/\/seldacenter.com\/es\/wp-json\/wp\/v2\/comments?post=13671"}],"version-history":[{"count":4,"href":"https:\/\/seldacenter.com\/es\/wp-json\/wp\/v2\/pages\/13671\/revisions"}],"predecessor-version":[{"id":13928,"href":"https:\/\/seldacenter.com\/es\/wp-json\/wp\/v2\/pages\/13671\/revisions\/13928"}],"wp:attachment":[{"href":"https:\/\/seldacenter.com\/es\/wp-json\/wp\/v2\/media?parent=13671"}],"curies":[{"name":"wp","href":"https:\/\/api.w.org\/{rel}","templated":true}]}}