{"id":13664,"date":"2024-02-21T23:14:22","date_gmt":"2024-02-21T23:14:22","guid":{"rendered":"https:\/\/seldacenter.com\/?page_id=13664"},"modified":"2024-03-02T02:00:28","modified_gmt":"2024-03-02T02:00:28","slug":"laparoskopik-gastrik-by-pass-r-ygb-ameliyati","status":"publish","type":"page","link":"https:\/\/seldacenter.com\/es\/laparoskopik-gastrik-by-pass-r-ygb-ameliyati\/","title":{"rendered":"Cirug\u00eda de bypass g\u00e1strico laparosc\u00f3pico (R-YGB)"},"content":{"rendered":"<div data-elementor-type=\"wp-page\" data-elementor-id=\"13664\" class=\"elementor elementor-13664\" data-elementor-post-type=\"page\">\n\t\t\t\t\t\t<section class=\"elementor-section elementor-top-section elementor-element elementor-element-cc02734 elementor-section-boxed elementor-section-height-default elementor-section-height-default\" data-id=\"cc02734\" data-element_type=\"section\">\n\t\t\t\t\t\t<div class=\"elementor-container elementor-column-gap-default\">\n\t\t\t\t\t<div class=\"elementor-column elementor-col-50 elementor-top-column elementor-element elementor-element-6e56310\" data-id=\"6e56310\" data-element_type=\"column\" data-settings=\"{&quot;background_background&quot;:&quot;classic&quot;}\">\n\t\t\t<div class=\"elementor-widget-wrap elementor-element-populated\">\n\t\t\t\t\t\t<div class=\"elementor-element elementor-element-bd90263 elementor-widget elementor-widget-image\" data-id=\"bd90263\" data-element_type=\"widget\" data-widget_type=\"image.default\">\n\t\t\t\t<div class=\"elementor-widget-container\">\n\t\t\t\t\t\t\t\t\t\t\t\t\t\t\t<img fetchpriority=\"high\" decoding=\"async\" width=\"1152\" height=\"896\" src=\"https:\/\/seldacenter.com\/wp-content\/uploads\/2024\/03\/image-15.png\" class=\"attachment-full size-full wp-image-14112\" alt=\"\" srcset=\"https:\/\/seldacenter.com\/wp-content\/uploads\/2024\/03\/image-15.png 1152w, https:\/\/seldacenter.com\/wp-content\/uploads\/2024\/03\/image-15-600x467.png 600w, https:\/\/seldacenter.com\/wp-content\/uploads\/2024\/03\/image-15-300x233.png 300w, https:\/\/seldacenter.com\/wp-content\/uploads\/2024\/03\/image-15-1024x796.png 1024w, https:\/\/seldacenter.com\/wp-content\/uploads\/2024\/03\/image-15-768x597.png 768w\" sizes=\"(max-width: 1152px) 100vw, 1152px\" \/>\t\t\t\t\t\t\t\t\t\t\t\t\t\t\t<\/div>\n\t\t\t\t<\/div>\n\t\t\t\t\t<\/div>\n\t\t<\/div>\n\t\t\t\t<div class=\"elementor-column elementor-col-50 elementor-top-column elementor-element elementor-element-560d910\" data-id=\"560d910\" data-element_type=\"column\">\n\t\t\t<div class=\"elementor-widget-wrap elementor-element-populated\">\n\t\t\t\t\t\t<div class=\"elementor-element elementor-element-3dfe91a elementor-widget-divider--view-line_text elementor-widget-divider--element-align-left elementor-widget elementor-widget-divider\" data-id=\"3dfe91a\" data-element_type=\"widget\" data-widget_type=\"divider.default\">\n\t\t\t\t<div class=\"elementor-widget-container\">\n\t\t\t\t\t\t\t<div class=\"elementor-divider\">\n\t\t\t<span class=\"elementor-divider-separator\">\n\t\t\t\t\t\t\t<h3 class=\"elementor-divider__text elementor-divider__element\">\n\t\t\t\tBypass g\u00e1strico\t\t\t\t<\/h3>\n\t\t\t\t\t\t<\/span>\n\t\t<\/div>\n\t\t\t\t\t\t<\/div>\n\t\t\t\t<\/div>\n\t\t\t\t<div class=\"elementor-element elementor-element-b4dc4fb elementor-align-left elementor-icon-list--layout-traditional elementor-list-item-link-full_width elementor-widget elementor-widget-icon-list\" data-id=\"b4dc4fb\" data-element_type=\"widget\" data-widget_type=\"icon-list.default\">\n\t\t\t\t<div class=\"elementor-widget-container\">\n\t\t\t\t\t\t\t<ul class=\"elementor-icon-list-items\">\n\t\t\t\t\t\t\t<li class=\"elementor-icon-list-item\">\n\t\t\t\t\t\t\t\t\t\t\t<span class=\"elementor-icon-list-icon\">\n\t\t\t\t\t\t\t<svg aria-hidden=\"true\" class=\"e-font-icon-svg e-far-hospital\" viewbox=\"0 0 448 512\" xmlns=\"http:\/\/www.w3.org\/2000\/svg\"><path d=\"M128 244v-40c0-6.627 5.373-12 12-12h40c6.627 0 12 5.373 12 12v40c0 6.627-5.373 12-12 12h-40c-6.627 0-12-5.373-12-12zm140 12h40c6.627 0 12-5.373 12-12v-40c0-6.627-5.373-12-12-12h-40c-6.627 0-12 5.373-12 12v40c0 6.627 5.373 12 12 12zm-76 84v-40c0-6.627-5.373-12-12-12h-40c-6.627 0-12 5.373-12 12v40c0 6.627 5.373 12 12 12h40c6.627 0 12-5.373 12-12zm76 12h40c6.627 0 12-5.373 12-12v-40c0-6.627-5.373-12-12-12h-40c-6.627 0-12 5.373-12 12v40c0 6.627 5.373 12 12 12zm180 124v36H0v-36c0-6.627 5.373-12 12-12h19.5V85.035C31.5 73.418 42.245 64 55.5 64H144V24c0-13.255 10.745-24 24-24h112c13.255 0 24 10.745 24 24v40h88.5c13.255 0 24 9.418 24 21.035V464H436c6.627 0 12 5.373 12 12zM79.5 463H192v-67c0-6.627 5.373-12 12-12h40c6.627 0 12 5.373 12 12v67h112.5V112H304v24c0 13.255-10.745 24-24 24H168c-13.255 0-24-10.745-24-24v-24H79.5v351zM266 64h-26V38a6 6 0 0 0-6-6h-20a6 6 0 0 0-6 6v26h-26a6 6 0 0 0-6 6v20a6 6 0 0 0 6 6h26v26a6 6 0 0 0 6 6h20a6 6 0 0 0 6-6V96h26a6 6 0 0 0 6-6V70a6 6 0 0 0-6-6z\"><\/path><\/svg>\t\t\t\t\t\t<\/span>\n\t\t\t\t\t\t\t\t\t\t<span class=\"elementor-icon-list-text\">Estancia hospitalaria: 3 d\u00edas<\/span>\n\t\t\t\t\t\t\t\t\t<\/li>\n\t\t\t\t\t\t\t\t<li class=\"elementor-icon-list-item\">\n\t\t\t\t\t\t\t\t\t\t\t<span class=\"elementor-icon-list-icon\">\n\t\t\t\t\t\t\t<svg aria-hidden=\"true\" class=\"e-font-icon-svg e-far-clock\" viewbox=\"0 0 512 512\" xmlns=\"http:\/\/www.w3.org\/2000\/svg\"><path d=\"M256 8C119 8 8 119 8 256s111 248 248 248 248-111 248-248S393 8 256 8zm0 448c-110.5 0-200-89.5-200-200S145.5 56 256 56s200 89.5 200 200-89.5 200-200 200zm61.8-104.4l-84.9-61.7c-3.1-2.3-4.9-5.9-4.9-9.7V116c0-6.6 5.4-12 12-12h32c6.6 0 12 5.4 12 12v141.7l66.8 48.6c5.4 3.9 6.5 11.4 2.6 16.8L334.6 349c-3.9 5.3-11.4 6.5-16.8 2.6z\"><\/path><\/svg>\t\t\t\t\t\t<\/span>\n\t\t\t\t\t\t\t\t\t\t<span class=\"elementor-icon-list-text\">Tiempo de operaci\u00f3n: 6-8 horas<\/span>\n\t\t\t\t\t\t\t\t\t<\/li>\n\t\t\t\t\t\t\t\t<li class=\"elementor-icon-list-item\">\n\t\t\t\t\t\t\t\t\t\t\t<span class=\"elementor-icon-list-icon\">\n\t\t\t\t\t\t\t<svg aria-hidden=\"true\" class=\"e-font-icon-svg e-fas-syringe\" viewbox=\"0 0 512 512\" xmlns=\"http:\/\/www.w3.org\/2000\/svg\"><path d=\"M201.5 174.8l55.7 55.8c3.1 3.1 3.1 8.2 0 11.3l-11.3 11.3c-3.1 3.1-8.2 3.1-11.3 0l-55.7-55.8-45.3 45.3 55.8 55.8c3.1 3.1 3.1 8.2 0 11.3l-11.3 11.3c-3.1 3.1-8.2 3.1-11.3 0L111 265.2l-26.4 26.4c-17.3 17.3-25.6 41.1-23 65.4l7.1 63.6L2.3 487c-3.1 3.1-3.1 8.2 0 11.3l11.3 11.3c3.1 3.1 8.2 3.1 11.3 0l66.3-66.3 63.6 7.1c23.9 2.6 47.9-5.4 65.4-23l181.9-181.9-135.7-135.7-64.9 65zm308.2-93.3L430.5 2.3c-3.1-3.1-8.2-3.1-11.3 0l-11.3 11.3c-3.1 3.1-3.1 8.2 0 11.3l28.3 28.3-45.3 45.3-56.6-56.6-17-17c-3.1-3.1-8.2-3.1-11.3 0l-33.9 33.9c-3.1 3.1-3.1 8.2 0 11.3l17 17L424.8 223l17 17c3.1 3.1 8.2 3.1 11.3 0l33.9-34c3.1-3.1 3.1-8.2 0-11.3l-73.5-73.5 45.3-45.3 28.3 28.3c3.1 3.1 8.2 3.1 11.3 0l11.3-11.3c3.1-3.2 3.1-8.2 0-11.4z\"><\/path><\/svg>\t\t\t\t\t\t<\/span>\n\t\t\t\t\t\t\t\t\t\t<span class=\"elementor-icon-list-text\">Anestesia: General<\/span>\n\t\t\t\t\t\t\t\t\t<\/li>\n\t\t\t\t\t\t\t\t<li class=\"elementor-icon-list-item\">\n\t\t\t\t\t\t\t\t\t\t\t<span class=\"elementor-icon-list-icon\">\n\t\t\t\t\t\t\t<svg aria-hidden=\"true\" class=\"e-font-icon-svg e-far-heart\" viewbox=\"0 0 512 512\" xmlns=\"http:\/\/www.w3.org\/2000\/svg\"><path d=\"M458.4 64.3C400.6 15.7 311.3 23 256 79.3 200.7 23 111.4 15.6 53.6 64.3-21.6 127.6-10.6 230.8 43 285.5l175.4 178.7c10 10.2 23.4 15.9 37.6 15.9 14.3 0 27.6-5.6 37.6-15.8L469 285.6c53.5-54.7 64.7-157.9-10.6-221.3zm-23.6 187.5L259.4 430.5c-2.4 2.4-4.4 2.4-6.8 0L77.2 251.8c-36.5-37.2-43.9-107.6 7.3-150.7 38.9-32.7 98.9-27.8 136.5 10.5l35 35.7 35-35.7c37.8-38.5 97.8-43.2 136.5-10.6 51.1 43.1 43.5 113.9 7.3 150.8z\"><\/path><\/svg>\t\t\t\t\t\t<\/span>\n\t\t\t\t\t\t\t\t\t\t<span class=\"elementor-icon-list-text\">Tiempo de recuperaci\u00f3n: 1-3 meses<\/span>\n\t\t\t\t\t\t\t\t\t<\/li>\n\t\t\t\t\t\t<\/ul>\n\t\t\t\t\t\t<\/div>\n\t\t\t\t<\/div>\n\t\t\t\t<div class=\"elementor-element elementor-element-2fdc514 elementor-align-justify elementor-widget elementor-widget-button\" data-id=\"2fdc514\" data-element_type=\"widget\" data-widget_type=\"button.default\">\n\t\t\t\t<div class=\"elementor-widget-container\">\n\t\t\t\t\t\t\t\t\t<div class=\"elementor-button-wrapper\">\n\t\t\t\t\t<a class=\"elementor-button elementor-button-link elementor-size-sm elementor-animation-buzz\" href=\"https:\/\/seldacenter.com\/es\/\">\n\t\t\t\t\t\t<span class=\"elementor-button-content-wrapper\">\n\t\t\t\t\t\t\t\t\t<span class=\"elementor-button-text\">Haga una cita ahora<\/span>\n\t\t\t\t\t<\/span>\n\t\t\t\t\t<\/a>\n\t\t\t\t<\/div>\n\t\t\t\t\t\t\t\t<\/div>\n\t\t\t\t<\/div>\n\t\t\t\t\t<\/div>\n\t\t<\/div>\n\t\t\t\t\t<\/div>\n\t\t<\/section>\n\t\t\t\t<section class=\"elementor-section elementor-top-section elementor-element elementor-element-69356b3d elementor-section-boxed elementor-section-height-default elementor-section-height-default\" data-id=\"69356b3d\" data-element_type=\"section\">\n\t\t\t\t\t\t<div class=\"elementor-container elementor-column-gap-default\">\n\t\t\t\t\t<div class=\"elementor-column elementor-col-100 elementor-top-column elementor-element elementor-element-3a6798ee\" data-id=\"3a6798ee\" data-element_type=\"column\">\n\t\t\t<div class=\"elementor-widget-wrap elementor-element-populated\">\n\t\t\t\t\t\t<div class=\"elementor-element elementor-element-54a72571 elementor-widget elementor-widget-text-editor\" data-id=\"54a72571\" data-element_type=\"widget\" data-widget_type=\"text-editor.default\">\n\t\t\t\t<div class=\"elementor-widget-container\">\n\t\t\t\t\t\t\t\t\t<strong>\n\u00bfQu\u00e9 es la cirug\u00eda de bypass g\u00e1strico laparosc\u00f3pico (R-YGB)?<\/strong>\n\nLa cirug\u00eda de bypass g\u00e1strico laparosc\u00f3pico (R-YGB) es un m\u00e9todo quir\u00fargico que con frecuencia se prefiere en el tratamiento de la obesidad y proporciona resultados exitosos. Esta cirug\u00eda reduce el volumen del est\u00f3mago y tambi\u00e9n reduce la absorci\u00f3n de nutrientes, lo que resulta en p\u00e9rdida de peso.\n\n<strong>Proceso de Cirug\u00eda<\/strong>\n<ol>\n \t<li><strong>Reducci\u00f3n de est\u00f3mago:<\/strong> Se separa la parte del inicio del est\u00f3mago del resto, quedando aproximadamente 30-50 cc. Esto crea una bolsa estomacal nueva y m\u00e1s peque\u00f1a.<\/li>\n \t<li><strong>Tracto intestinal delgado:<\/strong> Parte del intestino delgado se deriva y se conecta al est\u00f3mago peque\u00f1o reci\u00e9n creado. De esta forma se reduce significativamente la absorci\u00f3n de nutrientes.<\/li>\n \t<li><strong>R\u00e1pida sensaci\u00f3n de plenitud:<\/strong> Los pacientes se sienten llenos r\u00e1pidamente con porciones mucho m\u00e1s peque\u00f1as debido a la reducci\u00f3n de la bolsa estomacal.<\/li>\n \t<li><strong>Reducir la absorci\u00f3n:<\/strong> La absorci\u00f3n de alimentos ricos en calor\u00edas se inhibe significativamente debido al paso por alto del intestino delgado.<\/li>\n<\/ol>\n<strong>Ventajas y caracter\u00edsticas<\/strong>\n<ul>\n \t<li><strong>P\u00e9rdida de peso efectiva y permanente:<\/strong> La cirug\u00eda de bypass g\u00e1strico laparosc\u00f3pico proporciona una p\u00e9rdida de peso eficaz y a largo plazo.<\/li>\n \t<li><strong>Sensaci\u00f3n de plenitud:<\/strong> Gracias al est\u00f3mago reducido y al intestino modificado, los pacientes consiguen una sensaci\u00f3n de saciedad con porciones m\u00e1s peque\u00f1as.<\/li>\n \t<li><strong>Control de diabetes:<\/strong> Se pueden obtener resultados positivos en pacientes con diabetes tipo 2.<\/li>\n \t<li><strong>Reciclar:<\/strong> La reversi\u00f3n quir\u00fargica se puede realizar cuando sea necesario.<\/li>\n<\/ul>\n<strong>\u00bfEn qu\u00e9 enfermedades se utiliza?<\/strong>\n<ul>\n \t<li><strong>Obesidad m\u00f3rbida:<\/strong> El bypass g\u00e1strico laparosc\u00f3pico se utiliza en el tratamiento de la obesidad m\u00f3rbida.<\/li>\n \t<li><strong>Diabetes tipo 2:<\/strong> Se pueden lograr resultados positivos en pacientes con diabetes tipo 2 no controlada.<\/li>\n<\/ul>\n<strong>Antes y despu\u00e9s de la cirug\u00eda<\/strong>\n<ul>\n \t<li><strong>Evaluaci\u00f3n detallada:<\/strong> Antes de la cirug\u00eda, los pacientes se someten a una evaluaci\u00f3n detallada. Adem\u00e1s de los ex\u00e1menes f\u00edsicos, tambi\u00e9n se realizan evaluaciones por parte de especialistas en endocrinolog\u00eda y psiquiatr\u00eda.<\/li>\n \t<li><strong>M\u00e9todo de cirug\u00eda:<\/strong> Se realiza por m\u00e9todo laparosc\u00f3pico. En los \u00faltimos a\u00f1os, tambi\u00e9n se puede preferir la cirug\u00eda rob\u00f3tica.<\/li>\n \t<li><strong>Estancia en el hospital:<\/strong> Los pacientes son seguidos en el hospital durante 4 a 6 d\u00edas despu\u00e9s de la cirug\u00eda. Al alta, la nutrici\u00f3n la planifica el dietista hasta el primer control.<\/li>\n \t<li><strong>Seguimiento a largo plazo:<\/strong> Durante el primer a\u00f1o se realiza un seguimiento estrecho por parte de endocrinolog\u00eda, psiquiatr\u00eda y dietistas.<\/li>\n<\/ul>\nLa cirug\u00eda de bypass g\u00e1strico laparosc\u00f3pico (R-YGB) es una opci\u00f3n eficaz para controlar los problemas de salud relacionados con la obesidad y el control del peso a largo plazo. Sin embargo, esto requiere una evaluaci\u00f3n detallada y un seguimiento profesional antes y despu\u00e9s de la cirug\u00eda.\t\t\t\t\t\t\t\t<\/div>\n\t\t\t\t<\/div>\n\t\t\t\t\t<\/div>\n\t\t<\/div>\n\t\t\t\t\t<\/div>\n\t\t<\/section>\n\t\t\t\t<\/div>","protected":false},"excerpt":{"rendered":"<p>Gastrik ByPass Hastanede Kal\u0131\u015f S\u00fcresi: 3 G\u00fcn Operasyon S\u00fcresi: 6-8 Saat Anestezi: Genel \u0130yile\u015fme S\u00fcresi: 1-3 Ay Hemen Randevu Al\u0131n Laparoskopik Gastrik By-Pass (R-YGB) Ameliyat\u0131 Nedir? Laparoskopik Gastrik By-Pass (R-YGB) cerrahisi, obezite tedavisinde s\u0131k\u00e7a tercih edilen ve ba\u015far\u0131l\u0131 sonu\u00e7lar elde edilen bir ameliyat y\u00f6ntemidir. Bu ameliyat, mide hacmini k\u00fc\u00e7\u00fclt\u00fcrken ayn\u0131 zamanda besinlerin emilimini azaltarak kilo [&hellip;]<\/p>\n","protected":false},"author":2,"featured_media":0,"parent":0,"menu_order":0,"comment_status":"closed","ping_status":"closed","template":"","meta":{"postBodyMargin":[],"postBodyPadding":[],"postBodyBackground":{"backgroundType":"classic","gradient":""},"footnotes":""},"class_list":["post-13664","page","type-page","status-publish","hentry"],"_links":{"self":[{"href":"https:\/\/seldacenter.com\/es\/wp-json\/wp\/v2\/pages\/13664","targetHints":{"allow":["GET"]}}],"collection":[{"href":"https:\/\/seldacenter.com\/es\/wp-json\/wp\/v2\/pages"}],"about":[{"href":"https:\/\/seldacenter.com\/es\/wp-json\/wp\/v2\/types\/page"}],"author":[{"embeddable":true,"href":"https:\/\/seldacenter.com\/es\/wp-json\/wp\/v2\/users\/2"}],"replies":[{"embeddable":true,"href":"https:\/\/seldacenter.com\/es\/wp-json\/wp\/v2\/comments?post=13664"}],"version-history":[{"count":10,"href":"https:\/\/seldacenter.com\/es\/wp-json\/wp\/v2\/pages\/13664\/revisions"}],"predecessor-version":[{"id":14228,"href":"https:\/\/seldacenter.com\/es\/wp-json\/wp\/v2\/pages\/13664\/revisions\/14228"}],"wp:attachment":[{"href":"https:\/\/seldacenter.com\/es\/wp-json\/wp\/v2\/media?parent=13664"}],"curies":[{"name":"wp","href":"https:\/\/api.w.org\/{rel}","templated":true}]}}