{"id":13609,"date":"2024-02-17T18:58:49","date_gmt":"2024-02-17T18:58:49","guid":{"rendered":"https:\/\/seldacenter.com\/yeniyapi\/?page_id=13609"},"modified":"2024-02-17T18:58:50","modified_gmt":"2024-02-17T18:58:50","slug":"uyluk-germe-ameliyati-nedir","status":"publish","type":"page","link":"https:\/\/seldacenter.com\/es\/uyluk-germe-ameliyati-nedir\/","title":{"rendered":"\u00bfQu\u00e9 es la cirug\u00eda de levantamiento de muslos?"},"content":{"rendered":"<p>La cirug\u00eda de lifting de muslos es una intervenci\u00f3n est\u00e9tica que se realiza para eliminar la flacidez de la piel en la zona de los muslos causada por factores como el aumento o la p\u00e9rdida excesiva de peso o el envejecimiento. Esta cirug\u00eda corrige el exceso de piel y grasa en la zona interna de los muslos, proporcionando una apariencia m\u00e1s firme, joven y est\u00e9tica.<\/p>\n<p><strong>\u00bfQu\u00e9 es la flacidez de los muslos? \u00bfQu\u00e9 la causa?<\/strong><\/p>\n<p>La flacidez de los muslos se produce debido a razones como el envejecimiento, la p\u00e9rdida de elasticidad y la tensi\u00f3n cut\u00e1nea como resultado del aumento y la p\u00e9rdida de peso excesivos. La flacidez y laxitud de la piel se presenta en la cara interna del muslo. Esta afecci\u00f3n suele concentrarse en la parte media del muslo y, en ocasiones, puede extenderse hasta la zona de la rodilla.<\/p>\n<p><strong>\u00bfC\u00f3mo se realiza un levantamiento de muslos?<\/strong><\/p>\n<p>La cirug\u00eda de lifting de muslos se realiza para corregir el exceso de piel y grasa en la parte superior e interna de las piernas. Se pueden utilizar dos m\u00e9todos diferentes:<\/p>\n<ol>\n<li><strong>Eliminaci\u00f3n del exceso de piel:<\/strong> En pacientes delgados con poca laxitud de la piel, se retira el exceso de piel, se tensa y se sutura para dejar una cicatriz horizontal en el interior de la ingle.<\/li>\n<li><strong>M\u00e9todo combinado con liposucci\u00f3n:<\/strong> Se aplica a pacientes con exceso de piel y grasa mediante liposucci\u00f3n. Con este m\u00e9todo, la piel adquiere una apariencia m\u00e1s joven y tersa.<\/li>\n<\/ol>\n<p><strong>Duraci\u00f3n y dolor de la cirug\u00eda de lifting de muslos<\/strong><\/p>\n<p>Dependiendo de la condici\u00f3n f\u00edsica del paciente, la cirug\u00eda de lifting de muslos suele durar de 2 a 3 horas. El dolor es m\u00ednimo y cualquier molestia que pueda presentarse durante los primeros d\u00edas se puede controlar con analg\u00e9sicos simples.<\/p>\n<p><strong>Tipo de anestesia<\/strong><\/p>\n<p>En las cirug\u00edas de lifting de muslos, el paciente suele recibir anestesia general. Esto le permite pasar por la operaci\u00f3n con comodidad y sin dolor.<\/p>\n<p>La cirug\u00eda de lifting de muslos remodela la piel fl\u00e1cida con una soluci\u00f3n est\u00e9tica, devolviendo al paciente una apariencia m\u00e1s joven, firme y armoniosa. La cirug\u00eda de lifting de muslos, que se realiza con una consulta detallada previa a la operaci\u00f3n, la t\u00e9cnica adecuada y manos expertas, es una soluci\u00f3n est\u00e9tica exitosa que busca aumentar la satisfacci\u00f3n del paciente.<\/p>","protected":false},"excerpt":{"rendered":"<p>Uyluk germe ameliyat\u0131, a\u015f\u0131r\u0131 kilo al\u0131p verme veya ya\u015flanma s\u00fcreci gibi fakt\u00f6rler nedeniyle olu\u015fan uyluk b\u00f6lgesindeki cilt sarkmalar\u0131n\u0131 gidermek amac\u0131yla ger\u00e7ekle\u015ftirilen estetik bir operasyondur. Bu ameliyat, uyluk i\u00e7 k\u0131sm\u0131ndaki deri bollu\u011funu ve ya\u011flanmay\u0131 d\u00fczelterek daha s\u0131k\u0131, gen\u00e7 ve estetik bir g\u00f6r\u00fcn\u00fcm sa\u011flar. Uyluk Sarkmas\u0131 Nedir? Neden Olur? Uyluk sarkmas\u0131, ya\u015flanma s\u00fcreci ve cilt esnekli\u011fini kaybetme, [&hellip;]<\/p>\n","protected":false},"author":2,"featured_media":0,"parent":0,"menu_order":0,"comment_status":"closed","ping_status":"closed","template":"","meta":{"postBodyMargin":[],"postBodyPadding":[],"postBodyBackground":{"backgroundType":"classic","gradient":""},"footnotes":""},"class_list":["post-13609","page","type-page","status-publish","hentry"],"_links":{"self":[{"href":"https:\/\/seldacenter.com\/es\/wp-json\/wp\/v2\/pages\/13609","targetHints":{"allow":["GET"]}}],"collection":[{"href":"https:\/\/seldacenter.com\/es\/wp-json\/wp\/v2\/pages"}],"about":[{"href":"https:\/\/seldacenter.com\/es\/wp-json\/wp\/v2\/types\/page"}],"author":[{"embeddable":true,"href":"https:\/\/seldacenter.com\/es\/wp-json\/wp\/v2\/users\/2"}],"replies":[{"embeddable":true,"href":"https:\/\/seldacenter.com\/es\/wp-json\/wp\/v2\/comments?post=13609"}],"version-history":[{"count":1,"href":"https:\/\/seldacenter.com\/es\/wp-json\/wp\/v2\/pages\/13609\/revisions"}],"predecessor-version":[{"id":13610,"href":"https:\/\/seldacenter.com\/es\/wp-json\/wp\/v2\/pages\/13609\/revisions\/13610"}],"wp:attachment":[{"href":"https:\/\/seldacenter.com\/es\/wp-json\/wp\/v2\/media?parent=13609"}],"curies":[{"name":"wp","href":"https:\/\/api.w.org\/{rel}","templated":true}]}}