{"id":13605,"date":"2024-02-17T18:57:23","date_gmt":"2024-02-17T18:57:23","guid":{"rendered":"https:\/\/seldacenter.com\/yeniyapi\/?page_id=13605"},"modified":"2024-02-17T18:57:24","modified_gmt":"2024-02-17T18:57:24","slug":"brazilian-butt-lift","status":"publish","type":"page","link":"https:\/\/seldacenter.com\/es\/brazilian-butt-lift\/","title":{"rendered":"Levantamiento de gl\u00fateos brasile\u00f1o"},"content":{"rendered":"<p>El levantamiento de gl\u00fateos brasile\u00f1o (BBL), conocido popularmente como est\u00e9tica de cadera, es una cirug\u00eda de modelado corporal que se realiza para corregir la forma en el \u00e1rea de los gl\u00fateos y revitalizar una apariencia fl\u00e1cida o aplanada. Esta cirug\u00eda pl\u00e1stica implica procesar grasa extra\u00edda de otras partes del cuerpo e inyectarla en el \u00e1rea de los gl\u00fateos. En este art\u00edculo, examinaremos en detalle las etapas, las ventajas y los cuidados postoperatorios de la operaci\u00f3n BBL.<\/p>\n<p><strong>Etapas de la cirug\u00eda BBL<\/strong><\/p>\n<p><strong>1. Liposucci\u00f3n \u2013 Cirug\u00eda de eliminaci\u00f3n de grasa<\/strong><\/p>\n<p>En la primera parte de la operaci\u00f3n, se elimina la grasa de las \u00e1reas no deseadas del paciente mediante liposucci\u00f3n vaser. Esta etapa se realiza para adelgazar la cintura, reducir el exceso de grasa en las caderas y corregir los contornos generales del cuerpo.<\/p>\n<p><strong>2. Inyecci\u00f3n y modelado de grasa en los gl\u00fateos<\/strong><\/p>\n<p>La grasa extra\u00edda se inyecta en las \u00e1reas deformadas o faltantes del \u00e1rea de los gl\u00fateos, asegurando que los gl\u00fateos se vuelvan m\u00e1s llenos, erectos y est\u00e9ticamente agradables. Esta etapa se planifica e implementa especialmente seg\u00fan la forma corporal del paciente.<\/p>\n<p><strong>3. Planificaci\u00f3n de la cirug\u00eda<\/strong><\/p>\n<p>Para la inyecci\u00f3n de grasa en los gl\u00fateos, el paciente debe tener una cantidad suficiente de grasa en su cuerpo. Por lo tanto, despu\u00e9s de un examen m\u00e9dico, se eval\u00faa el potencial de c\u00e9lulas grasas del paciente y se elabora un plan quir\u00fargico.<\/p>\n<p><strong>Cuidado postoperatorio<\/strong><\/p>\n<p>Se deben tomar ciertas precauciones para garantizar una recuperaci\u00f3n exitosa y sin problemas de la cirug\u00eda BBL.<\/p>\n<ul>\n<li><strong>Uso del cors\u00e9:<\/strong> Se recomienda utilizar cors\u00e9 durante el primer mes. Esto apoya el cuerpo despu\u00e9s de la cirug\u00eda y ayuda en el proceso de modelado.<\/li>\n<li><strong>Descansar:<\/strong> Se recomienda reposo durante 10 d\u00edas aproximadamente. Durante este per\u00edodo se debe evitar acostarse boca abajo y sentarse sobre superficies blandas.<\/li>\n<li><strong>Vestirse y ba\u00f1arse:<\/strong> 4to-5to d\u00eda de cirug\u00eda. El primer d\u00eda se termina de vestir y comienza el proceso de ba\u00f1o. Esto ayuda a mantener la higiene y garantizar que el sitio quir\u00fargico experimente un proceso de curaci\u00f3n saludable.<\/li>\n<li><strong>Hinchaz\u00f3n y moretones:<\/strong> La hinchaz\u00f3n y los hematomas que se observan en la primera semana suelen desaparecer en una semana. Sin embargo, el proceso de recuperaci\u00f3n completo puede tardar varias semanas.<\/li>\n<\/ul>\n<p><strong>Conclusi\u00f3n<\/strong><\/p>\n<p>El Levantamiento Brasile\u00f1o de Gl\u00fateos, como operaci\u00f3n est\u00e9tica y moldeadora de gl\u00fateos, es una opci\u00f3n demandada en la remodelaci\u00f3n corporal. Esta cirug\u00eda ofrece el potencial de lograr resultados naturales y permanentes gracias al uso de la propia grasa del paciente. Sin embargo, como ocurre con cualquier intervenci\u00f3n quir\u00fargica, debe ser realizada por un cirujano especialista y se deben seguir minuciosamente las instrucciones de cuidados postoperatorios.<\/p>","protected":false},"excerpt":{"rendered":"<p>Brazilian Butt Lift (BBL), pop\u00fcler ad\u0131yla bilinen kal\u00e7a esteti\u011fi, popo b\u00f6lgesindeki formu d\u00fczeltmek, sarkm\u0131\u015f veya d\u00fczle\u015fmi\u015f bir g\u00f6r\u00fcn\u00fcm\u00fc canland\u0131rmak i\u00e7in uygulanan bir v\u00fccut \u015fekillendirme ameliyat\u0131d\u0131r. Bu estetik cerrahi, v\u00fccuttaki di\u011fer b\u00f6lgelerden al\u0131nan ya\u011f\u0131n i\u015flenip popo b\u00f6lgesine enjekte edilmesini i\u00e7erir. Bu makalede, BBL operasyonunun a\u015famalar\u0131n\u0131, avantajlar\u0131n\u0131 ve ameliyat sonras\u0131 bak\u0131m\u0131 detayl\u0131 bir \u015fekilde inceleyece\u011fiz. BBL Ameliyat\u0131n\u0131n [&hellip;]<\/p>\n","protected":false},"author":2,"featured_media":0,"parent":0,"menu_order":0,"comment_status":"closed","ping_status":"closed","template":"","meta":{"postBodyMargin":[],"postBodyPadding":[],"postBodyBackground":{"backgroundType":"classic","gradient":""},"footnotes":""},"class_list":["post-13605","page","type-page","status-publish","hentry"],"_links":{"self":[{"href":"https:\/\/seldacenter.com\/es\/wp-json\/wp\/v2\/pages\/13605","targetHints":{"allow":["GET"]}}],"collection":[{"href":"https:\/\/seldacenter.com\/es\/wp-json\/wp\/v2\/pages"}],"about":[{"href":"https:\/\/seldacenter.com\/es\/wp-json\/wp\/v2\/types\/page"}],"author":[{"embeddable":true,"href":"https:\/\/seldacenter.com\/es\/wp-json\/wp\/v2\/users\/2"}],"replies":[{"embeddable":true,"href":"https:\/\/seldacenter.com\/es\/wp-json\/wp\/v2\/comments?post=13605"}],"version-history":[{"count":1,"href":"https:\/\/seldacenter.com\/es\/wp-json\/wp\/v2\/pages\/13605\/revisions"}],"predecessor-version":[{"id":13606,"href":"https:\/\/seldacenter.com\/es\/wp-json\/wp\/v2\/pages\/13605\/revisions\/13606"}],"wp:attachment":[{"href":"https:\/\/seldacenter.com\/es\/wp-json\/wp\/v2\/media?parent=13605"}],"curies":[{"name":"wp","href":"https:\/\/api.w.org\/{rel}","templated":true}]}}