{"id":13601,"date":"2024-02-17T18:55:02","date_gmt":"2024-02-17T18:55:02","guid":{"rendered":"https:\/\/seldacenter.com\/yeniyapi\/?page_id=13601"},"modified":"2024-02-17T18:55:04","modified_gmt":"2024-02-17T18:55:04","slug":"kol-germe-ameliyati-nedir","status":"publish","type":"page","link":"https:\/\/seldacenter.com\/es\/kol-germe-ameliyati-nedir\/","title":{"rendered":"\u00bfQu\u00e9 es la cirug\u00eda de levantamiento de brazos?"},"content":{"rendered":"<p>El lifting de brazos es un procedimiento de cirug\u00eda pl\u00e1stica que se realiza para eliminar la grasa subcut\u00e1nea no deseada y la piel fl\u00e1cida. Se realiza para corregir la flacidez de la piel en la zona de los brazos y restaurar su firmeza.<\/p>\n<p><strong>\u00bfPor qu\u00e9 se realiza la braquioplastia?<\/strong><\/p>\n<p>La piel fl\u00e1cida y suelta de los brazos causa malestar f\u00edsico y emocional. Esta flacidez, especialmente al levantar los brazos hacia los lados al usar ropa sin mangas, puede ser motivo de infelicidad. La braquioplastia elimina este problema est\u00e9tico, proporcionando alivio tanto f\u00edsico como emocional.<\/p>\n<p><strong>\u00bfPor qu\u00e9 se cae la piel del brazo?<\/strong><\/p>\n<p>La flacidez de la piel del brazo suele estar asociada a factores como el envejecimiento, la gen\u00e9tica, el aumento y la p\u00e9rdida de peso excesivos, la exposici\u00f3n solar excesiva y los efectos de la gravedad. La combinaci\u00f3n de estos factores provoca flacidez y acumulaci\u00f3n de grasa en la parte posterior e interna del brazo.<\/p>\n<p><strong>\u00bfC\u00f3mo se realiza un levantamiento de brazos?<\/strong><\/p>\n<p>Durante la cirug\u00eda de lifting de brazos, se elimina el exceso de piel mediante incisiones en la axila o en la cara interna del codo para moldear el brazo. El exceso de grasa se elimina mediante liposucci\u00f3n o incisiones directas. Las incisiones se cierran con puntos de sutura, lo que da como resultado una apariencia est\u00e9ticamente agradable con m\u00ednimas cicatrices postoperatorias.<\/p>\n<p><strong>Duraci\u00f3n y dolor de la cirug\u00eda de lifting de brazos<\/strong><\/p>\n<p>La cirug\u00eda de lifting de brazos suele durar de 1 a 3 horas, dependiendo de la gravedad de la lesi\u00f3n. El dolor y las molestias posoperatorias suelen disminuir con analg\u00e9sicos recetados por el m\u00e9dico.<\/p>\n<p><strong>Tipo de anestesia<\/strong><\/p>\n<p>La cirug\u00eda de lifting de brazos suele realizarse en un hospital, con anestesia general o sedaci\u00f3n y anestesia local. Esto garantiza un procedimiento indoloro y c\u00f3modo.<\/p>\n<p>La cirug\u00eda de lifting de brazos es una soluci\u00f3n eficaz para corregir est\u00e9ticamente la flacidez de la piel de los brazos y brindar al paciente una apariencia m\u00e1s tonificada, juvenil y relajada. Cuando se realiza bajo la supervisi\u00f3n de un cirujano cualificado y con la t\u00e9cnica adecuada, una consulta preoperatoria detallada puede aumentar la satisfacci\u00f3n del paciente y ayudarle a recuperar la confianza en s\u00ed mismo.<\/p>","protected":false},"excerpt":{"rendered":"<p>Kol germe ameliyat\u0131, istenmeyen deri alt\u0131 ya\u011f dokusunun ve sarkan derinin giderilmesi amac\u0131yla uygulanan bir plastik cerrahi operasyondur. Bu operasyon, kol b\u00f6lgesindeki sarkmalar\u0131n d\u00fczeltilmesi ve cildin gerginli\u011finin yeniden sa\u011flanmas\u0131 i\u00e7in ger\u00e7ekle\u015ftirilir. Brakioplasti Neden Yap\u0131l\u0131r? Gev\u015femi\u015f ve sarkm\u0131\u015f kol derisi, bireylerin fiziksel ve duygusal rahats\u0131zl\u0131k ya\u015fad\u0131\u011f\u0131 bir durumdur. \u00d6zellikle kolsuz giysilerde, kollar iki yana kald\u0131r\u0131ld\u0131\u011f\u0131nda ortaya [&hellip;]<\/p>\n","protected":false},"author":2,"featured_media":0,"parent":0,"menu_order":0,"comment_status":"closed","ping_status":"closed","template":"","meta":{"postBodyMargin":[],"postBodyPadding":[],"postBodyBackground":{"backgroundType":"classic","gradient":""},"footnotes":""},"class_list":["post-13601","page","type-page","status-publish","hentry"],"_links":{"self":[{"href":"https:\/\/seldacenter.com\/es\/wp-json\/wp\/v2\/pages\/13601","targetHints":{"allow":["GET"]}}],"collection":[{"href":"https:\/\/seldacenter.com\/es\/wp-json\/wp\/v2\/pages"}],"about":[{"href":"https:\/\/seldacenter.com\/es\/wp-json\/wp\/v2\/types\/page"}],"author":[{"embeddable":true,"href":"https:\/\/seldacenter.com\/es\/wp-json\/wp\/v2\/users\/2"}],"replies":[{"embeddable":true,"href":"https:\/\/seldacenter.com\/es\/wp-json\/wp\/v2\/comments?post=13601"}],"version-history":[{"count":1,"href":"https:\/\/seldacenter.com\/es\/wp-json\/wp\/v2\/pages\/13601\/revisions"}],"predecessor-version":[{"id":13602,"href":"https:\/\/seldacenter.com\/es\/wp-json\/wp\/v2\/pages\/13601\/revisions\/13602"}],"wp:attachment":[{"href":"https:\/\/seldacenter.com\/es\/wp-json\/wp\/v2\/media?parent=13601"}],"curies":[{"name":"wp","href":"https:\/\/api.w.org\/{rel}","templated":true}]}}