{"id":13598,"date":"2024-02-17T18:53:27","date_gmt":"2024-02-17T18:53:27","guid":{"rendered":"https:\/\/seldacenter.com\/yeniyapi\/?page_id=13598"},"modified":"2024-02-17T18:53:47","modified_gmt":"2024-02-17T18:53:47","slug":"sakal-ekimi-hakkinda","status":"publish","type":"page","link":"https:\/\/seldacenter.com\/es\/sakal-ekimi-hakkinda\/","title":{"rendered":"Acerca del trasplante de barba"},"content":{"rendered":"<p><strong>Trasplante de barba<\/strong>Es un procedimiento est\u00e9tico que se ha vuelto popular entre los hombres hoy en d\u00eda. Muchas personas que desean tener una barba m\u00e1s densa y abundante recurren al trasplante de barba. En esta gu\u00eda, cubrir\u00e9 todo lo que necesita saber sobre el trasplante de barba. Cubrir\u00e9 el procedimiento de trasplante de barba, por qu\u00e9 se prefiere, las diferentes t\u00e9cnicas, el proceso de preparaci\u00f3n, qu\u00e9 esperar durante y despu\u00e9s del procedimiento, el proceso de recuperaci\u00f3n, las preguntas frecuentes y el costo. Tambi\u00e9n enfatizar\u00e9 la importancia de elegir el cirujano adecuado para el trasplante de barba.<\/p>\n<p><strong>\u00bfQu\u00e9 es el trasplante de barba?<\/strong><\/p>\n<p>El trasplante de barba es un procedimiento quir\u00fargico que se realiza para dar a los hombres que tienen poco o ning\u00fan vello en la barba una apariencia de barba m\u00e1s poblada. En este procedimiento, se toman fol\u00edculos pilosos del \u00e1rea donante, generalmente la nuca, y se trasplantan al \u00e1rea de la barba. El trasplante de barba es un procedimiento en el que se colocan fol\u00edculos pilosos individuales para lograr un aspecto natural.<\/p>\n<p><strong>\u00bfPor qu\u00e9 se prefiere el trasplante de barba?<\/strong><\/p>\n<p>Las razones para elegir el trasplante de barba pueden variar de persona a persona. Algunos hombres est\u00e1n gen\u00e9ticamente predispuestos a tener poco o ning\u00fan crecimiento de vello facial. Esto puede conducir a problemas psicol\u00f3gicos como falta de confianza y baja autoestima. El trasplante de barba puede aumentar la confianza en s\u00ed mismos de estas personas al darles la apariencia de una barba m\u00e1s poblada.<\/p>\n<p>Adem\u00e1s, algunos hombres pueden querer lograr una apariencia m\u00e1s masculina con el trasplante de barba. La barba es un rasgo considerado s\u00edmbolo de masculinidad, y tener una barba m\u00e1s espesa puede significar una apariencia m\u00e1s atractiva para algunos hombres.<\/p>\n<p><strong>Proceso de trasplante de barba<\/strong><\/p>\n<p>El proceso de trasplante de barba consta de muchos pasos. Primero, es importante programar una consulta con un cirujano. El cirujano examinar\u00e1 la zona de la barba y decidir\u00e1 c\u00f3mo se realizar\u00e1 el trasplante. Luego, se extraen fol\u00edculos pilosos de la zona donante y se trasplantan a la zona de la barba. Durante este procedimiento se utiliza anestesia local, por lo que no sentir\u00e1 ning\u00fan dolor ni molestia.<\/p>\n<p>El trasplante de barba suele tardar unas horas, pero la duraci\u00f3n puede variar dependiendo de la cantidad de fol\u00edculos pilosos y del tama\u00f1o del \u00e1rea a trasplantar. Despu\u00e9s del procedimiento, se vendar\u00e1 el \u00e1rea y es posible que deba usar un sombrero especial. El cirujano le dar\u00e1 instrucciones de cuidado posteriores al procedimiento.<\/p>\n<p><strong>Diferentes t\u00e9cnicas utilizadas en el trasplante de barba<\/strong><\/p>\n<p>Existen diferentes t\u00e9cnicas utilizadas para el trasplante de barba. Los m\u00e9todos m\u00e1s utilizados son:<\/p>\n<ol>\n<li>FUE (Extracci\u00f3n de Unidades Foliculares): En este m\u00e9todo, los fol\u00edculos pilosos se toman uno por uno del \u00e1rea donante y se trasplantan al \u00e1rea de la barba. Este m\u00e9todo proporciona un aspecto m\u00e1s natural y el proceso de curaci\u00f3n es m\u00e1s r\u00e1pido.<\/li>\n<li>DHI (Implantaci\u00f3n directa de cabello): en este m\u00e9todo, los fol\u00edculos pilosos colocados en un bol\u00edgrafo especial se colocan directamente en el \u00e1rea de la barba. Este m\u00e9todo ofrece un tiempo de recuperaci\u00f3n m\u00e1s corto y es ideal para lograr una apariencia de barba m\u00e1s espesa.<\/li>\n<\/ol>\n<p><strong>Proceso de preparaci\u00f3n para el trasplante de barba<\/strong><\/p>\n<p>El proceso de preparaci\u00f3n para el trasplante de barba es importante para lograr un resultado exitoso. Primero, es importante programar una consulta con un cirujano. En esta cita, el cirujano hablar\u00e1 con usted en detalle sobre el trasplante de barba y comprender\u00e1 sus expectativas.<\/p>\n<p>Adem\u00e1s, es posible que debas tomar algunas precauciones antes del trasplante de barba. Por ejemplo, es posible que necesite dejar de fumar o reducir su consumo de alcohol. Tambi\u00e9n es posible que tengas que dejar de tomar ciertos medicamentos. El cirujano le dar\u00e1 informaci\u00f3n detallada sobre esto.<\/p>\n<p>Tambi\u00e9n es importante adoptar un estilo de vida saludable antes del procedimiento. Hacer ejercicio con regularidad, seguir una dieta equilibrada y evitar el estr\u00e9s pueden afectar positivamente al proceso de curaci\u00f3n.<\/p>\n<p><strong>\u00bfQu\u00e9 esperar durante y despu\u00e9s del procedimiento?<\/strong><\/p>\n<p>Por lo general, no sentir\u00e1 ning\u00fan dolor ni molestia durante el procedimiento de trasplante de barba porque se utiliza anestesia local. Durante el procedimiento, el cirujano trabaja meticulosamente mientras coloca los fol\u00edculos pilosos uno por uno.<\/p>\n<p>Despu\u00e9s del procedimiento, se puede observar una ligera hinchaz\u00f3n, enrojecimiento y formaci\u00f3n de costras en la zona. Este es un efecto secundario normal y pasar\u00e1 con el tiempo. Durante los primeros d\u00edas, es posible que necesite utilizar un ap\u00f3sito especial para proteger la zona. Adem\u00e1s, el cirujano le dar\u00e1 instrucciones de cuidado posteriores al procedimiento. Seguir estas instrucciones cuidadosamente acelerar\u00e1 el proceso de curaci\u00f3n.<\/p>\n<p>El trasplante de barba puede tardar varias semanas en sanar por completo. Durante este tiempo, los fol\u00edculos pilosos reci\u00e9n trasplantados se asentar\u00e1n y comenzar\u00e1 el crecimiento de una nueva barba en la zona. Una vez completado el proceso de curaci\u00f3n, lograr\u00e1s una apariencia de barba m\u00e1s densa y abundante.<\/p>\n<p><strong>Preguntas frecuentes sobre el trasplante de barba<\/strong><\/p>\n<ol>\n<li>\u00bfEl trasplante de barba es un procedimiento doloroso? Como se utiliza anestesia local durante el procedimiento de trasplante de barba, no sentir\u00e1 ning\u00fan dolor. Puede haber una ligera sensaci\u00f3n de incomodidad o tirantez despu\u00e9s del procedimiento, pero generalmente es temporal.<\/li>\n<li>\u00bfCu\u00e1nto tiempo me lleva recuperarme despu\u00e9s de un trasplante de barba? El proceso de recuperaci\u00f3n del trasplante de barba puede variar de persona a persona, pero generalmente demora algunas semanas. Es importante seguir cuidadosamente las instrucciones del cirujano para acelerar el proceso de curaci\u00f3n.<\/li>\n<li>\u00bfEl trasplante de barba proporciona resultados permanentes? S\u00ed, el trasplante de barba proporciona resultados permanentes. Los fol\u00edculos pilosos trasplantados inician el crecimiento de una nueva barba en la zona, y este crecimiento es permanente.<\/li>\n<\/ol>\n<p><strong>Costo del trasplante de barba<\/strong><\/p>\n<p>El costo del trasplante de barba var\u00eda dependiendo de muchos factores. Factores como la cantidad de fol\u00edculos pilosos en la zona donante, el tama\u00f1o del \u00e1rea a trasplantar, la t\u00e9cnica utilizada y la experiencia del cirujano afectan el costo. El costo del trasplante de barba generalmente se calcula para una sola sesi\u00f3n o para varias sesiones. Puede obtener informaci\u00f3n de precios contact\u00e1ndonos.<\/p>\n<p><strong>Conclusi\u00f3n<\/strong><\/p>\n<p>Selda Center ofrece servicios de trasplante de barba y atiende a sus pacientes en Turqu\u00eda y en el extranjero desde hace muchos a\u00f1os. Puede contactarnos para obtener informaci\u00f3n detallada.<\/p>","protected":false},"excerpt":{"rendered":"<p>Sakal ekimi, g\u00fcn\u00fcm\u00fczde erkekler aras\u0131nda pop\u00fcler hale gelen bir estetik prosed\u00fcrd\u00fcr. Daha yo\u011fun ve dolgun bir sakala sahip olmak isteyen bir\u00e7ok insan, sakal ekimi y\u00f6ntemine ba\u015fvurmaktad\u0131r. Bu rehberde, sakal ekimi hakk\u0131nda bilmeniz gereken her \u015feyi ele alaca\u011f\u0131m. Sakal ekimi prosed\u00fcr\u00fcn\u00fc, neden tercih edildi\u011fini, farkl\u0131 teknikleri, haz\u0131rl\u0131k s\u00fcrecini, prosed\u00fcr s\u0131ras\u0131nda ve sonras\u0131nda ne beklemeniz gerekti\u011fini, iyile\u015fme [&hellip;]<\/p>\n","protected":false},"author":2,"featured_media":0,"parent":0,"menu_order":0,"comment_status":"closed","ping_status":"closed","template":"","meta":{"postBodyMargin":[],"postBodyPadding":[],"postBodyBackground":{"backgroundType":"classic","gradient":""},"footnotes":""},"class_list":["post-13598","page","type-page","status-publish","hentry"],"_links":{"self":[{"href":"https:\/\/seldacenter.com\/es\/wp-json\/wp\/v2\/pages\/13598","targetHints":{"allow":["GET"]}}],"collection":[{"href":"https:\/\/seldacenter.com\/es\/wp-json\/wp\/v2\/pages"}],"about":[{"href":"https:\/\/seldacenter.com\/es\/wp-json\/wp\/v2\/types\/page"}],"author":[{"embeddable":true,"href":"https:\/\/seldacenter.com\/es\/wp-json\/wp\/v2\/users\/2"}],"replies":[{"embeddable":true,"href":"https:\/\/seldacenter.com\/es\/wp-json\/wp\/v2\/comments?post=13598"}],"version-history":[{"count":2,"href":"https:\/\/seldacenter.com\/es\/wp-json\/wp\/v2\/pages\/13598\/revisions"}],"predecessor-version":[{"id":13600,"href":"https:\/\/seldacenter.com\/es\/wp-json\/wp\/v2\/pages\/13598\/revisions\/13600"}],"wp:attachment":[{"href":"https:\/\/seldacenter.com\/es\/wp-json\/wp\/v2\/media?parent=13598"}],"curies":[{"name":"wp","href":"https:\/\/api.w.org\/{rel}","templated":true}]}}