{"id":13588,"date":"2024-02-17T18:49:20","date_gmt":"2024-02-17T18:49:20","guid":{"rendered":"https:\/\/seldacenter.com\/yeniyapi\/?page_id=13588"},"modified":"2024-02-17T18:49:21","modified_gmt":"2024-02-17T18:49:21","slug":"yuz-germe-ameliyati","status":"publish","type":"page","link":"https:\/\/seldacenter.com\/es\/yuz-germe-ameliyati\/","title":{"rendered":"Cirug\u00eda de estiramiento facial"},"content":{"rendered":"<p><strong>Cirug\u00eda de estiramiento facial: soluci\u00f3n eficaz para una apariencia joven y vibrante<\/strong><\/p>\n<p>La cirug\u00eda de estiramiento facial es un procedimiento quir\u00fargico que ofrece una soluci\u00f3n eficaz para quienes desean hacer frente a los signos del envejecimiento y lograr una apariencia m\u00e1s joven y vibrante. Estas son las cosas que necesita saber sobre la cirug\u00eda de estiramiento facial:<\/p>\n<p>\u00bfC\u00f3mo se realiza la cirug\u00eda de estiramiento facial?<\/p>\n<p>La cirug\u00eda de lifting facial se realiza con un plan basado en las necesidades de la persona y las zonas donde se detecta deformaci\u00f3n. Adem\u00e1s de la flacidez y el debilitamiento de la piel, se intervienen los m\u00fasculos faciales y los tejidos conectivos. El modelado tridimensional de tejidos profundos permite obtener resultados naturales y permanentes. Las incisiones generalmente se colocan en la l\u00ednea del cabello y delante de la oreja, lo que permite que las cicatrices se vuelvan invisibles con el tiempo.<\/p>\n<p>Ventajas de la cirug\u00eda de estiramiento facial<\/p>\n<ul>\n<li>Afecta a todas las capas de la piel y llega a los tejidos profundos.<\/li>\n<li>Puede continuar el proceso de rejuvenecimiento durante 5 a 10 a\u00f1os.<\/li>\n<li>Se puede realizar con cicatrices m\u00ednimas mediante m\u00e9todos endosc\u00f3picos.<\/li>\n<li>Proceso de curaci\u00f3n r\u00e1pido y m\u00ednimos hematomas.<\/li>\n<\/ul>\n<p>Tiempo de permanencia de la cirug\u00eda de lifting facial<\/p>\n<p>Dependiendo de una planificaci\u00f3n adecuada y del estilo de vida de la persona, los efectos de la cirug\u00eda de estiramiento facial generalmente pueden durar entre 5 y 10 a\u00f1os. Sin embargo, factores como el tabaquismo, el consumo de alcohol, el estr\u00e9s y la desnutrici\u00f3n pueden afectar la duraci\u00f3n de la permanencia. Los resultados de la cirug\u00eda se pueden mantener por m\u00e1s tiempo si se apoyan en un estilo de vida saludable.<\/p>\n<p>Proceso despu\u00e9s de la cirug\u00eda de estiramiento facial<\/p>\n<ul>\n<li>La estancia hospitalaria suele ser de uno o dos d\u00edas.<\/li>\n<li>Los hematomas y el edema comienzan a disminuir al cabo de 48 a 72 horas.<\/li>\n<li>El paciente puede volver a trabajar en un plazo de 7 a 10 d\u00edas.<\/li>\n<li>El proceso de recuperaci\u00f3n completo puede tardar entre 1,5 y 2 meses.<\/li>\n<\/ul>\n<p>Precios de la cirug\u00eda de estiramiento facial<\/p>\n<p>Los precios de las cirug\u00edas de lifting facial pueden variar seg\u00fan el procedimiento a realizar y los materiales a utilizar.<\/p>","protected":false},"excerpt":{"rendered":"<p>Y\u00fcz Germe Ameliyat\u0131: Gen\u00e7 ve Canl\u0131 Bir G\u00f6r\u00fcn\u00fcm \u0130\u00e7in Etkili \u00c7\u00f6z\u00fcm Y\u00fcz germe ameliyat\u0131, ya\u015fl\u0131l\u0131k belirtileriyle ba\u015fa \u00e7\u0131kmak ve daha gen\u00e7, canl\u0131 bir g\u00f6r\u00fcn\u00fcm elde etmek isteyenler i\u00e7in etkili bir \u00e7\u00f6z\u00fcm sunan bir cerrahi i\u015flemdir. \u0130\u015fte y\u00fcz germe ameliyat\u0131 hakk\u0131nda merak edilenler: Y\u00fcz Germe Ameliyat\u0131 Nas\u0131l Yap\u0131l\u0131r? Y\u00fcz germe ameliyat\u0131, ki\u015finin ihtiya\u00e7lar\u0131na ve deformasyonun tespit [&hellip;]<\/p>\n","protected":false},"author":2,"featured_media":0,"parent":0,"menu_order":0,"comment_status":"closed","ping_status":"closed","template":"","meta":{"postBodyMargin":[],"postBodyPadding":[],"postBodyBackground":{"backgroundType":"classic","gradient":""},"footnotes":""},"class_list":["post-13588","page","type-page","status-publish","hentry"],"_links":{"self":[{"href":"https:\/\/seldacenter.com\/es\/wp-json\/wp\/v2\/pages\/13588","targetHints":{"allow":["GET"]}}],"collection":[{"href":"https:\/\/seldacenter.com\/es\/wp-json\/wp\/v2\/pages"}],"about":[{"href":"https:\/\/seldacenter.com\/es\/wp-json\/wp\/v2\/types\/page"}],"author":[{"embeddable":true,"href":"https:\/\/seldacenter.com\/es\/wp-json\/wp\/v2\/users\/2"}],"replies":[{"embeddable":true,"href":"https:\/\/seldacenter.com\/es\/wp-json\/wp\/v2\/comments?post=13588"}],"version-history":[{"count":1,"href":"https:\/\/seldacenter.com\/es\/wp-json\/wp\/v2\/pages\/13588\/revisions"}],"predecessor-version":[{"id":13589,"href":"https:\/\/seldacenter.com\/es\/wp-json\/wp\/v2\/pages\/13588\/revisions\/13589"}],"wp:attachment":[{"href":"https:\/\/seldacenter.com\/es\/wp-json\/wp\/v2\/media?parent=13588"}],"curies":[{"name":"wp","href":"https:\/\/api.w.org\/{rel}","templated":true}]}}