{"id":13571,"date":"2024-02-17T18:40:32","date_gmt":"2024-02-17T18:40:32","guid":{"rendered":"https:\/\/seldacenter.com\/yeniyapi\/?page_id=13571"},"modified":"2024-03-02T01:53:23","modified_gmt":"2024-03-02T01:53:23","slug":"porselen-dis-kaplamalari","status":"publish","type":"page","link":"https:\/\/seldacenter.com\/es\/porselen-dis-kaplamalari\/","title":{"rendered":"Carillas Dentales de Porcelana"},"content":{"rendered":"<div data-elementor-type=\"wp-page\" data-elementor-id=\"13571\" class=\"elementor elementor-13571\" data-elementor-post-type=\"page\">\n\t\t\t\t<section class=\"elementor-section elementor-top-section elementor-element elementor-element-45ea38d elementor-section-boxed elementor-section-height-default elementor-section-height-default\" data-id=\"45ea38d\" data-element_type=\"section\">\n\t\t\t\t\t\t<div class=\"elementor-container elementor-column-gap-default\">\n\t\t\t\t\t<div class=\"elementor-column elementor-col-50 elementor-top-column elementor-element elementor-element-0f334da\" data-id=\"0f334da\" data-element_type=\"column\" data-settings=\"{&quot;background_background&quot;:&quot;classic&quot;}\">\n\t\t\t<div class=\"elementor-widget-wrap elementor-element-populated\">\n\t\t\t\t\t\t<div class=\"elementor-element elementor-element-c92d870 elementor-widget elementor-widget-image\" data-id=\"c92d870\" data-element_type=\"widget\" data-widget_type=\"image.default\">\n\t\t\t\t<div class=\"elementor-widget-container\">\n\t\t\t\t\t\t\t\t\t\t\t\t\t\t\t<img fetchpriority=\"high\" decoding=\"async\" width=\"996\" height=\"664\" src=\"https:\/\/seldacenter.com\/wp-content\/uploads\/2024\/03\/close-up-dentist-instruments_23-2151042896.jpg\" class=\"attachment-full size-full wp-image-14201\" alt=\"\" srcset=\"https:\/\/seldacenter.com\/wp-content\/uploads\/2024\/03\/close-up-dentist-instruments_23-2151042896.jpg 996w, https:\/\/seldacenter.com\/wp-content\/uploads\/2024\/03\/close-up-dentist-instruments_23-2151042896-600x400.jpg 600w, https:\/\/seldacenter.com\/wp-content\/uploads\/2024\/03\/close-up-dentist-instruments_23-2151042896-300x200.jpg 300w, https:\/\/seldacenter.com\/wp-content\/uploads\/2024\/03\/close-up-dentist-instruments_23-2151042896-768x512.jpg 768w\" sizes=\"(max-width: 996px) 100vw, 996px\" \/>\t\t\t\t\t\t\t\t\t\t\t\t\t\t\t<\/div>\n\t\t\t\t<\/div>\n\t\t\t\t\t<\/div>\n\t\t<\/div>\n\t\t\t\t<div class=\"elementor-column elementor-col-50 elementor-top-column elementor-element elementor-element-0694818\" data-id=\"0694818\" data-element_type=\"column\">\n\t\t\t<div class=\"elementor-widget-wrap elementor-element-populated\">\n\t\t\t\t\t\t<div class=\"elementor-element elementor-element-8288989 elementor-widget-divider--view-line_text elementor-widget-divider--element-align-left elementor-widget elementor-widget-divider\" data-id=\"8288989\" data-element_type=\"widget\" data-widget_type=\"divider.default\">\n\t\t\t\t<div class=\"elementor-widget-container\">\n\t\t\t\t\t\t\t<div class=\"elementor-divider\">\n\t\t\t<span class=\"elementor-divider-separator\">\n\t\t\t\t\t\t\t<h3 class=\"elementor-divider__text elementor-divider__element\">\n\t\t\t\tCarillas Dentales de Porcelana\t\t\t\t<\/h3>\n\t\t\t\t\t\t<\/span>\n\t\t<\/div>\n\t\t\t\t\t\t<\/div>\n\t\t\t\t<\/div>\n\t\t\t\t<div class=\"elementor-element elementor-element-c5e6148 elementor-align-left elementor-icon-list--layout-traditional elementor-list-item-link-full_width elementor-widget elementor-widget-icon-list\" data-id=\"c5e6148\" data-element_type=\"widget\" data-widget_type=\"icon-list.default\">\n\t\t\t\t<div class=\"elementor-widget-container\">\n\t\t\t\t\t\t\t<ul class=\"elementor-icon-list-items\">\n\t\t\t\t\t\t\t<li class=\"elementor-icon-list-item\">\n\t\t\t\t\t\t\t\t\t\t\t<span class=\"elementor-icon-list-icon\">\n\t\t\t\t\t\t\t<svg aria-hidden=\"true\" class=\"e-font-icon-svg e-far-hospital\" viewbox=\"0 0 448 512\" xmlns=\"http:\/\/www.w3.org\/2000\/svg\"><path d=\"M128 244v-40c0-6.627 5.373-12 12-12h40c6.627 0 12 5.373 12 12v40c0 6.627-5.373 12-12 12h-40c-6.627 0-12-5.373-12-12zm140 12h40c6.627 0 12-5.373 12-12v-40c0-6.627-5.373-12-12-12h-40c-6.627 0-12 5.373-12 12v40c0 6.627 5.373 12 12 12zm-76 84v-40c0-6.627-5.373-12-12-12h-40c-6.627 0-12 5.373-12 12v40c0 6.627 5.373 12 12 12h40c6.627 0 12-5.373 12-12zm76 12h40c6.627 0 12-5.373 12-12v-40c0-6.627-5.373-12-12-12h-40c-6.627 0-12 5.373-12 12v40c0 6.627 5.373 12 12 12zm180 124v36H0v-36c0-6.627 5.373-12 12-12h19.5V85.035C31.5 73.418 42.245 64 55.5 64H144V24c0-13.255 10.745-24 24-24h112c13.255 0 24 10.745 24 24v40h88.5c13.255 0 24 9.418 24 21.035V464H436c6.627 0 12 5.373 12 12zM79.5 463H192v-67c0-6.627 5.373-12 12-12h40c6.627 0 12 5.373 12 12v67h112.5V112H304v24c0 13.255-10.745 24-24 24H168c-13.255 0-24-10.745-24-24v-24H79.5v351zM266 64h-26V38a6 6 0 0 0-6-6h-20a6 6 0 0 0-6 6v26h-26a6 6 0 0 0-6 6v20a6 6 0 0 0 6 6h26v26a6 6 0 0 0 6 6h20a6 6 0 0 0 6-6V96h26a6 6 0 0 0 6-6V70a6 6 0 0 0-6-6z\"><\/path><\/svg>\t\t\t\t\t\t<\/span>\n\t\t\t\t\t\t\t\t\t\t<span class=\"elementor-icon-list-text\">Duraci\u00f3n de la estancia hospitalaria: no requerida<\/span>\n\t\t\t\t\t\t\t\t\t<\/li>\n\t\t\t\t\t\t\t\t<li class=\"elementor-icon-list-item\">\n\t\t\t\t\t\t\t\t\t\t\t<span class=\"elementor-icon-list-icon\">\n\t\t\t\t\t\t\t<svg aria-hidden=\"true\" class=\"e-font-icon-svg e-far-clock\" viewbox=\"0 0 512 512\" xmlns=\"http:\/\/www.w3.org\/2000\/svg\"><path d=\"M256 8C119 8 8 119 8 256s111 248 248 248 248-111 248-248S393 8 256 8zm0 448c-110.5 0-200-89.5-200-200S145.5 56 256 56s200 89.5 200 200-89.5 200-200 200zm61.8-104.4l-84.9-61.7c-3.1-2.3-4.9-5.9-4.9-9.7V116c0-6.6 5.4-12 12-12h32c6.6 0 12 5.4 12 12v141.7l66.8 48.6c5.4 3.9 6.5 11.4 2.6 16.8L334.6 349c-3.9 5.3-11.4 6.5-16.8 2.6z\"><\/path><\/svg>\t\t\t\t\t\t<\/span>\n\t\t\t\t\t\t\t\t\t\t<span class=\"elementor-icon-list-text\">Tiempo de operaci\u00f3n: 6-8 horas<\/span>\n\t\t\t\t\t\t\t\t\t<\/li>\n\t\t\t\t\t\t\t\t<li class=\"elementor-icon-list-item\">\n\t\t\t\t\t\t\t\t\t\t\t<span class=\"elementor-icon-list-icon\">\n\t\t\t\t\t\t\t<svg aria-hidden=\"true\" class=\"e-font-icon-svg e-fas-syringe\" viewbox=\"0 0 512 512\" xmlns=\"http:\/\/www.w3.org\/2000\/svg\"><path d=\"M201.5 174.8l55.7 55.8c3.1 3.1 3.1 8.2 0 11.3l-11.3 11.3c-3.1 3.1-8.2 3.1-11.3 0l-55.7-55.8-45.3 45.3 55.8 55.8c3.1 3.1 3.1 8.2 0 11.3l-11.3 11.3c-3.1 3.1-8.2 3.1-11.3 0L111 265.2l-26.4 26.4c-17.3 17.3-25.6 41.1-23 65.4l7.1 63.6L2.3 487c-3.1 3.1-3.1 8.2 0 11.3l11.3 11.3c3.1 3.1 8.2 3.1 11.3 0l66.3-66.3 63.6 7.1c23.9 2.6 47.9-5.4 65.4-23l181.9-181.9-135.7-135.7-64.9 65zm308.2-93.3L430.5 2.3c-3.1-3.1-8.2-3.1-11.3 0l-11.3 11.3c-3.1 3.1-3.1 8.2 0 11.3l28.3 28.3-45.3 45.3-56.6-56.6-17-17c-3.1-3.1-8.2-3.1-11.3 0l-33.9 33.9c-3.1 3.1-3.1 8.2 0 11.3l17 17L424.8 223l17 17c3.1 3.1 8.2 3.1 11.3 0l33.9-34c3.1-3.1 3.1-8.2 0-11.3l-73.5-73.5 45.3-45.3 28.3 28.3c3.1 3.1 8.2 3.1 11.3 0l11.3-11.3c3.1-3.2 3.1-8.2 0-11.4z\"><\/path><\/svg>\t\t\t\t\t\t<\/span>\n\t\t\t\t\t\t\t\t\t\t<span class=\"elementor-icon-list-text\">Anestesia: Local<\/span>\n\t\t\t\t\t\t\t\t\t<\/li>\n\t\t\t\t\t\t\t\t<li class=\"elementor-icon-list-item\">\n\t\t\t\t\t\t\t\t\t\t\t<span class=\"elementor-icon-list-icon\">\n\t\t\t\t\t\t\t<svg aria-hidden=\"true\" class=\"e-font-icon-svg e-far-heart\" viewbox=\"0 0 512 512\" xmlns=\"http:\/\/www.w3.org\/2000\/svg\"><path d=\"M458.4 64.3C400.6 15.7 311.3 23 256 79.3 200.7 23 111.4 15.6 53.6 64.3-21.6 127.6-10.6 230.8 43 285.5l175.4 178.7c10 10.2 23.4 15.9 37.6 15.9 14.3 0 27.6-5.6 37.6-15.8L469 285.6c53.5-54.7 64.7-157.9-10.6-221.3zm-23.6 187.5L259.4 430.5c-2.4 2.4-4.4 2.4-6.8 0L77.2 251.8c-36.5-37.2-43.9-107.6 7.3-150.7 38.9-32.7 98.9-27.8 136.5 10.5l35 35.7 35-35.7c37.8-38.5 97.8-43.2 136.5-10.6 51.1 43.1 43.5 113.9 7.3 150.8z\"><\/path><\/svg>\t\t\t\t\t\t<\/span>\n\t\t\t\t\t\t\t\t\t\t<span class=\"elementor-icon-list-text\">Tiempo de recuperaci\u00f3n: inmediata<\/span>\n\t\t\t\t\t\t\t\t\t<\/li>\n\t\t\t\t\t\t<\/ul>\n\t\t\t\t\t\t<\/div>\n\t\t\t\t<\/div>\n\t\t\t\t<div class=\"elementor-element elementor-element-0c6a3c9 elementor-align-justify elementor-widget elementor-widget-button\" data-id=\"0c6a3c9\" data-element_type=\"widget\" data-widget_type=\"button.default\">\n\t\t\t\t<div class=\"elementor-widget-container\">\n\t\t\t\t\t\t\t\t\t<div class=\"elementor-button-wrapper\">\n\t\t\t\t\t<a class=\"elementor-button elementor-button-link elementor-size-sm elementor-animation-buzz\" href=\"https:\/\/seldacenter.com\/es\/\">\n\t\t\t\t\t\t<span class=\"elementor-button-content-wrapper\">\n\t\t\t\t\t\t\t\t\t<span class=\"elementor-button-text\">Haga una cita ahora<\/span>\n\t\t\t\t\t<\/span>\n\t\t\t\t\t<\/a>\n\t\t\t\t<\/div>\n\t\t\t\t\t\t\t\t<\/div>\n\t\t\t\t<\/div>\n\t\t\t\t\t<\/div>\n\t\t<\/div>\n\t\t\t\t\t<\/div>\n\t\t<\/section>\n\t\t\t\t<section class=\"elementor-section elementor-top-section elementor-element elementor-element-5e911a2b elementor-section-boxed elementor-section-height-default elementor-section-height-default\" data-id=\"5e911a2b\" data-element_type=\"section\">\n\t\t\t\t\t\t<div class=\"elementor-container elementor-column-gap-default\">\n\t\t\t\t\t<div class=\"elementor-column elementor-col-100 elementor-top-column elementor-element elementor-element-3517bbe0\" data-id=\"3517bbe0\" data-element_type=\"column\">\n\t\t\t<div class=\"elementor-widget-wrap elementor-element-populated\">\n\t\t\t\t\t\t<div class=\"elementor-element elementor-element-3be0b85f elementor-widget elementor-widget-text-editor\" data-id=\"3be0b85f\" data-element_type=\"widget\" data-widget_type=\"text-editor.default\">\n\t\t\t\t<div class=\"elementor-widget-container\"><p><strong>Carillas Dentales de Porcelana: Una Soluci\u00f3n Est\u00e9tica y Funcional<\/strong><\/p><p>Las carillas dentales de porcelana, utilizadas para proteger la salud dental y mejorar la apariencia est\u00e9tica, son un m\u00e9todo eficaz aplicado por los dentistas para tratar diversos problemas dentales. En este art\u00edculo podr\u00e1s encontrar informaci\u00f3n importante sobre qu\u00e9 son las carillas dentales de porcelana, sus ventajas, proceso y mantenimiento.<\/p><p><strong>\u00bfQu\u00e9 son las carillas dentales de porcelana?<\/strong><\/p><p>Las carillas dentales de porcelana son carillas finas que se colocan en la superficie frontal de los dientes y generalmente se fabrican con porcelana o materiales compuestos. Estas carillas se utilizan para corregir problemas est\u00e9ticos, proteger los dientes y conseguir una sonrisa natural.<\/p><p><strong>Ventajas de las Carillas Dentales de Porcelana:<\/strong><\/p><ol class=\"wp-block-list\"><li><strong>Aspecto est\u00e9tico:<\/strong> Las carillas de porcelana brindan una apariencia est\u00e9tica gracias a su capacidad de reflejar la luz similar a la de los dientes naturales.<\/li>\n\n<li><strong>Durabilidad:<\/strong> Las carillas de porcelana son resistentes a roturas, grietas y desgaste, y ofrecen una soluci\u00f3n duradera.<\/li>\n\n<li><strong>Estabilidad del color:<\/strong> No hay cambio de color y conserva el color natural del diente durante mucho tiempo.<\/li>\n\n<li><strong>Biocompatibilidad:<\/strong> La porcelana es un material compatible con el cuerpo y no supone ning\u00fan riesgo de alergias.<\/li>\n\n<li><strong>Transmitancia de luz:<\/strong> Transmite luz como el esmalte dental natural y proporciona una apariencia natural.<\/li><\/ol><p><strong>Proceso de carilla dental de porcelana:<\/strong><\/p><ol class=\"wp-block-list\"><li><strong>Inspecci\u00f3n y Planificaci\u00f3n:<\/strong> El dentista eval\u00faa el estado del paciente, crea el plan de tratamiento y determina el color de las carillas.<\/li>\n\n<li><strong>Fase de preparaci\u00f3n:<\/strong> La superficie frontal de los dientes se lima de acuerdo con el espesor de las carillas de porcelana. Se toma una impresi\u00f3n del diente y se colocan coronas temporales.<\/li>\n\n<li><strong>Preparaci\u00f3n de laboratorio:<\/strong> Las medidas tomadas por el dentista se env\u00edan a un laboratorio dental. T\u00e9cnicos expertos preparan carillas de porcelana especiales.<\/li>\n\n<li><strong>Colocaci\u00f3n:<\/strong> Despu\u00e9s de la preparaci\u00f3n, el dentista coloca carillas de porcelana en los dientes del paciente. Se comprueba el color y el ajuste.<\/li>\n\n<li><strong>Correcci\u00f3n y pegado:<\/strong> Si es necesario, se hacen correcciones y se colocan carillas permanentemente en los dientes con adhesivos especiales.<\/li><\/ol><p><strong>Cuidados despu\u00e9s de las carillas dentales de porcelana:<\/strong><\/p><ol class=\"wp-block-list\"><li><strong>Higiene oral:<\/strong> Se debe tener cuidado con el \u00e1rea de los dientes y las enc\u00edas alrededor de las carillas, y se debe continuar con el cepillado y el uso de hilo dental con regularidad.<\/li>\n\n<li><strong>Controles peri\u00f3dicos:<\/strong> Es importante visitar al dentista para revisiones peri\u00f3dicas para controlar el estado de las carillas y realizar el mantenimiento si es necesario.<\/li>\n\n<li><strong>Apretar y rechinar los dientes:<\/strong> Si existe el h\u00e1bito de apretar o rechinar los dientes, se deben tomar las precauciones adecuadas consultando a un dentista.<\/li>\n\n<li><strong>Evitar los alimentos duros:<\/strong> Para que las carillas duren mucho tiempo se deben evitar los alimentos duros y calientes.<\/li>\n\n<li><strong>Uso del protector bucal:<\/strong> Al practicar deportes, usar un protector bucal puede ayudar a proteger las cubiertas.<\/li><\/ol><p><strong>Desventajas y cosas a considerar:<\/strong><\/p><ul class=\"wp-block-list\"><li>Cabe destacar que las carillas de porcelana son irreversibles. Una vez da\u00f1ados, normalmente no se pueden reparar.<\/li>\n\n<li>Puede producirse sensibilidad dental; pero esta suele ser una situaci\u00f3n temporal.<\/li>\n\n<li>No se puede garantizar que las carillas sean totalmente compatibles con los dientes naturales, pero los dentistas expertos en la selecci\u00f3n y compatibilidad de colores gestionan este proceso.<\/li><\/ul><p>Las carillas dentales de porcelana ofrecen una opci\u00f3n confiable para resolver problemas dentales con sus ventajas est\u00e9ticas y funcionales. Sin embargo, los casos individuales var\u00edan, por lo que es importante consultar a un dentista para determinar el plan de tratamiento m\u00e1s adecuado.<\/p><p>Parte superior de la forma<\/p><\/div>\n\t\t\t\t<\/div>\n\t\t\t\t\t<\/div>\n\t\t<\/div>\n\t\t\t\t\t<\/div>\n\t\t<\/section>\t\t<\/div>","protected":false},"excerpt":{"rendered":"<p>Porselen Di\u015f Kaplamalar\u0131 Hastanede Kal\u0131\u015f S\u00fcresi: Gerekli De\u011fil Operasyon S\u00fcresi: 6-8 Saat Anestezi: Lokal \u0130yile\u015fme S\u00fcresi: Hemen Hemen Randevu Al\u0131n Porselen Di\u015f Kaplamalar\u0131: Estetik ve Fonksiyonel Bir \u00c7\u00f6z\u00fcm Di\u015f sa\u011fl\u0131\u011f\u0131n\u0131 korumak ve estetik g\u00f6r\u00fcn\u00fcm\u00fc iyile\u015ftirmek i\u00e7in kullan\u0131lan porselen di\u015f kaplamalar\u0131, \u00e7e\u015fitli di\u015f problemlerini tedavi etmek amac\u0131yla di\u015f hekimleri taraf\u0131ndan uygulanan etkili bir y\u00f6ntemdir. Bu makalede, [&hellip;]<\/p>\n","protected":false},"author":2,"featured_media":0,"parent":0,"menu_order":0,"comment_status":"closed","ping_status":"closed","template":"","meta":{"postBodyMargin":[],"postBodyPadding":[],"postBodyBackground":{"backgroundType":"classic","gradient":""},"footnotes":""},"class_list":["post-13571","page","type-page","status-publish","hentry"],"_links":{"self":[{"href":"https:\/\/seldacenter.com\/es\/wp-json\/wp\/v2\/pages\/13571","targetHints":{"allow":["GET"]}}],"collection":[{"href":"https:\/\/seldacenter.com\/es\/wp-json\/wp\/v2\/pages"}],"about":[{"href":"https:\/\/seldacenter.com\/es\/wp-json\/wp\/v2\/types\/page"}],"author":[{"embeddable":true,"href":"https:\/\/seldacenter.com\/es\/wp-json\/wp\/v2\/users\/2"}],"replies":[{"embeddable":true,"href":"https:\/\/seldacenter.com\/es\/wp-json\/wp\/v2\/comments?post=13571"}],"version-history":[{"count":13,"href":"https:\/\/seldacenter.com\/es\/wp-json\/wp\/v2\/pages\/13571\/revisions"}],"predecessor-version":[{"id":14204,"href":"https:\/\/seldacenter.com\/es\/wp-json\/wp\/v2\/pages\/13571\/revisions\/14204"}],"wp:attachment":[{"href":"https:\/\/seldacenter.com\/es\/wp-json\/wp\/v2\/media?parent=13571"}],"curies":[{"name":"wp","href":"https:\/\/api.w.org\/{rel}","templated":true}]}}