{"id":13556,"date":"2024-02-17T16:11:18","date_gmt":"2024-02-17T16:11:18","guid":{"rendered":"https:\/\/seldacenter.com\/yeniyapi\/?page_id=13556"},"modified":"2024-02-17T16:11:19","modified_gmt":"2024-02-17T16:11:19","slug":"otoplasti-tedavisi","status":"publish","type":"page","link":"https:\/\/seldacenter.com\/es\/otoplasti-tedavisi\/","title":{"rendered":"Tratamiento de otoplastia"},"content":{"rendered":"<p>La otoplastia es un procedimiento quir\u00fargico que se define literalmente como &quot;est\u00e9tica de la oreja&quot;. Esta operaci\u00f3n est\u00e9tica consiste en reorganizar la forma del pabell\u00f3n auricular para darle una apariencia m\u00e1s natural y est\u00e9tica. Existen diversas t\u00e9cnicas y m\u00e9todos quir\u00fargicos para la otoplastia, y pocos cirujanos pueden aplicarlas con \u00e9xito.<\/p>\n<p>La otoplastia generalmente ofrece una soluci\u00f3n para quienes no est\u00e1n conformes con la forma de sus orejas. Patolog\u00edas como orejas prominentes o grandes, ausencia o debilidad del antih\u00e9lix e hipertrofia del cavum cornete pueden corregirse mediante diversas t\u00e9cnicas de otoplastia para obtener resultados naturales y satisfactorios para el paciente. Esta operaci\u00f3n est\u00e9tica se realiza especialmente en ni\u00f1os en edad preescolar, generalmente alrededor de los 5 a\u00f1os, en el momento m\u00e1s adecuado. Burlarse de las orejas prominentes en edad escolar puede afectar negativamente la psicolog\u00eda del ni\u00f1o.<\/p>\n<p>La otoplastia se realiza generalmente bajo anestesia general y puede durar de 1 a 2 horas en promedio. La forma deseada de la oreja se determina mediante una incisi\u00f3n detr\u00e1s de la oreja y la cirug\u00eda se realiza con suturas. Durante la cirug\u00eda, se realiza una escisi\u00f3n de cart\u00edlago si es necesario, buscando una oreja est\u00e9tica y natural. Despu\u00e9s de la cirug\u00eda, la incisi\u00f3n detr\u00e1s de la oreja se cierra con suturas, formando una cicatriz generalmente discreta y poco visible.<\/p>\n<p>Una higiene y esterilizaci\u00f3n adecuadas durante y despu\u00e9s de la operaci\u00f3n minimizan el riesgo de infecci\u00f3n. La calidad e idoneidad de las suturas previenen problemas como la apertura de las orejas, la reprotrusi\u00f3n o la deformidad. Los vendajes postoperatorios, el control adecuado del sangrado y el seguimiento postoperatorio previenen la formaci\u00f3n de hematomas. Los vendajes y controles postoperatorios suelen durar 10 d\u00edas, y el paciente puede reincorporarse a su vida social diaria tras la retirada de las suturas al d\u00e9cimo d\u00eda. Se recomienda el uso de un vendaje el\u00e1stico para la cabeza solo por la noche para obtener mejores resultados.<\/p>\n<p>La otoplastia es un procedimiento de cirug\u00eda est\u00e9tica eficaz que ayuda a los pacientes a sentirse mejor consigo mismos y a lograr una apariencia juvenil y natural. Un examen detallado y una planificaci\u00f3n quir\u00fargica previa a la cirug\u00eda son importantes para satisfacer las expectativas de los pacientes.<\/p>\n<p>Parte superior de la forma<\/p>","protected":false},"excerpt":{"rendered":"<p>Otoplasti, kelime anlam\u0131yla &#8220;kulak esteti\u011fi&#8221; olarak ifade edilen bir cerrahi i\u015flemdir. Bu estetik operasyon, kulak kep\u00e7esinin, yani aurikulan\u0131n \u015feklinin yeniden d\u00fczenlenerek daha do\u011fal ve estetik bir g\u00f6r\u00fcn\u00fcm kazand\u0131r\u0131lmas\u0131 i\u015flemidir. Otoplasti i\u00e7in bir\u00e7ok farkl\u0131 ameliyat tekni\u011fi ve y\u00f6ntemi bulunmaktad\u0131r, ve bu teknikler say\u0131l\u0131 cerrahlar taraf\u0131ndan ba\u015far\u0131yla uygulanabilmektedir. Otoplasti, genellikle kulak \u015feklinden memnun olmayan bireylere y\u00f6nelik bir [&hellip;]<\/p>\n","protected":false},"author":2,"featured_media":0,"parent":0,"menu_order":0,"comment_status":"closed","ping_status":"closed","template":"","meta":{"postBodyMargin":[],"postBodyPadding":[],"postBodyBackground":{"backgroundType":"classic","gradient":""},"footnotes":""},"class_list":["post-13556","page","type-page","status-publish","hentry"],"_links":{"self":[{"href":"https:\/\/seldacenter.com\/es\/wp-json\/wp\/v2\/pages\/13556","targetHints":{"allow":["GET"]}}],"collection":[{"href":"https:\/\/seldacenter.com\/es\/wp-json\/wp\/v2\/pages"}],"about":[{"href":"https:\/\/seldacenter.com\/es\/wp-json\/wp\/v2\/types\/page"}],"author":[{"embeddable":true,"href":"https:\/\/seldacenter.com\/es\/wp-json\/wp\/v2\/users\/2"}],"replies":[{"embeddable":true,"href":"https:\/\/seldacenter.com\/es\/wp-json\/wp\/v2\/comments?post=13556"}],"version-history":[{"count":1,"href":"https:\/\/seldacenter.com\/es\/wp-json\/wp\/v2\/pages\/13556\/revisions"}],"predecessor-version":[{"id":13557,"href":"https:\/\/seldacenter.com\/es\/wp-json\/wp\/v2\/pages\/13556\/revisions\/13557"}],"wp:attachment":[{"href":"https:\/\/seldacenter.com\/es\/wp-json\/wp\/v2\/media?parent=13556"}],"curies":[{"name":"wp","href":"https:\/\/api.w.org\/{rel}","templated":true}]}}