{"id":13552,"date":"2024-02-17T16:06:11","date_gmt":"2024-02-17T16:06:11","guid":{"rendered":"https:\/\/seldacenter.com\/yeniyapi\/?page_id=13552"},"modified":"2024-02-25T05:59:40","modified_gmt":"2024-02-25T05:59:40","slug":"kok-hucre-ile-dokulme-tedavisi","status":"publish","type":"page","link":"https:\/\/seldacenter.com\/es\/kok-hucre-ile-dokulme-tedavisi\/","title":{"rendered":"Tratamiento de ca\u00edda del cabello con c\u00e9lulas madre"},"content":{"rendered":"<div data-elementor-type=\"wp-page\" data-elementor-id=\"13552\" class=\"elementor elementor-13552\" data-elementor-post-type=\"page\">\n\t\t\t\t<section class=\"elementor-section elementor-top-section elementor-element elementor-element-d02dd83 elementor-section-boxed elementor-section-height-default elementor-section-height-default\" data-id=\"d02dd83\" data-element_type=\"section\">\n\t\t\t\t\t\t<div class=\"elementor-container elementor-column-gap-default\">\n\t\t\t\t\t<div class=\"elementor-column elementor-col-50 elementor-top-column elementor-element elementor-element-c7a3943\" data-id=\"c7a3943\" data-element_type=\"column\" data-settings=\"{&quot;background_background&quot;:&quot;classic&quot;}\">\n\t\t\t<div class=\"elementor-widget-wrap elementor-element-populated\">\n\t\t\t\t\t\t<div class=\"elementor-element elementor-element-f164b3c elementor-widget elementor-widget-image\" data-id=\"f164b3c\" data-element_type=\"widget\" data-widget_type=\"image.default\">\n\t\t\t\t<div class=\"elementor-widget-container\">\n\t\t\t\t\t\t\t\t\t\t\t\t\t\t\t<img decoding=\"async\" src=\"https:\/\/seldacenter.com\/wp-content\/uploads\/2022\/08\/sac-ekimi-scaled.jpg\" title=\"\" alt=\"sa\u00e7 ekimi\" loading=\"lazy\" \/>\t\t\t\t\t\t\t\t\t\t\t\t\t\t\t<\/div>\n\t\t\t\t<\/div>\n\t\t\t\t\t<\/div>\n\t\t<\/div>\n\t\t\t\t<div class=\"elementor-column elementor-col-50 elementor-top-column elementor-element elementor-element-86b0416\" data-id=\"86b0416\" data-element_type=\"column\">\n\t\t\t<div class=\"elementor-widget-wrap elementor-element-populated\">\n\t\t\t\t\t\t<div class=\"elementor-element elementor-element-f0c7d10 elementor-widget-divider--view-line_text elementor-widget-divider--element-align-left elementor-widget elementor-widget-divider\" data-id=\"f0c7d10\" data-element_type=\"widget\" data-widget_type=\"divider.default\">\n\t\t\t\t<div class=\"elementor-widget-container\">\n\t\t\t\t\t\t\t<div class=\"elementor-divider\">\n\t\t\t<span class=\"elementor-divider-separator\">\n\t\t\t\t\t\t\t<h3 class=\"elementor-divider__text elementor-divider__element\">\n\t\t\t\tTratamiento con c\u00e9lulas madre\t\t\t\t<\/h3>\n\t\t\t\t\t\t<\/span>\n\t\t<\/div>\n\t\t\t\t\t\t<\/div>\n\t\t\t\t<\/div>\n\t\t\t\t<div class=\"elementor-element elementor-element-27adeea elementor-align-left elementor-icon-list--layout-traditional elementor-list-item-link-full_width elementor-widget elementor-widget-icon-list\" data-id=\"27adeea\" data-element_type=\"widget\" data-widget_type=\"icon-list.default\">\n\t\t\t\t<div class=\"elementor-widget-container\">\n\t\t\t\t\t\t\t<ul class=\"elementor-icon-list-items\">\n\t\t\t\t\t\t\t<li class=\"elementor-icon-list-item\">\n\t\t\t\t\t\t\t\t\t\t\t<span class=\"elementor-icon-list-icon\">\n\t\t\t\t\t\t\t<svg aria-hidden=\"true\" class=\"e-font-icon-svg e-far-hospital\" viewbox=\"0 0 448 512\" xmlns=\"http:\/\/www.w3.org\/2000\/svg\"><path d=\"M128 244v-40c0-6.627 5.373-12 12-12h40c6.627 0 12 5.373 12 12v40c0 6.627-5.373 12-12 12h-40c-6.627 0-12-5.373-12-12zm140 12h40c6.627 0 12-5.373 12-12v-40c0-6.627-5.373-12-12-12h-40c-6.627 0-12 5.373-12 12v40c0 6.627 5.373 12 12 12zm-76 84v-40c0-6.627-5.373-12-12-12h-40c-6.627 0-12 5.373-12 12v40c0 6.627 5.373 12 12 12h40c6.627 0 12-5.373 12-12zm76 12h40c6.627 0 12-5.373 12-12v-40c0-6.627-5.373-12-12-12h-40c-6.627 0-12 5.373-12 12v40c0 6.627 5.373 12 12 12zm180 124v36H0v-36c0-6.627 5.373-12 12-12h19.5V85.035C31.5 73.418 42.245 64 55.5 64H144V24c0-13.255 10.745-24 24-24h112c13.255 0 24 10.745 24 24v40h88.5c13.255 0 24 9.418 24 21.035V464H436c6.627 0 12 5.373 12 12zM79.5 463H192v-67c0-6.627 5.373-12 12-12h40c6.627 0 12 5.373 12 12v67h112.5V112H304v24c0 13.255-10.745 24-24 24H168c-13.255 0-24-10.745-24-24v-24H79.5v351zM266 64h-26V38a6 6 0 0 0-6-6h-20a6 6 0 0 0-6 6v26h-26a6 6 0 0 0-6 6v20a6 6 0 0 0 6 6h26v26a6 6 0 0 0 6 6h20a6 6 0 0 0 6-6V96h26a6 6 0 0 0 6-6V70a6 6 0 0 0-6-6z\"><\/path><\/svg>\t\t\t\t\t\t<\/span>\n\t\t\t\t\t\t\t\t\t\t<span class=\"elementor-icon-list-text\">Duraci\u00f3n de la estancia hospitalaria: no requerida<\/span>\n\t\t\t\t\t\t\t\t\t<\/li>\n\t\t\t\t\t\t\t\t<li class=\"elementor-icon-list-item\">\n\t\t\t\t\t\t\t\t\t\t\t<span class=\"elementor-icon-list-icon\">\n\t\t\t\t\t\t\t<svg aria-hidden=\"true\" class=\"e-font-icon-svg e-far-clock\" viewbox=\"0 0 512 512\" xmlns=\"http:\/\/www.w3.org\/2000\/svg\"><path d=\"M256 8C119 8 8 119 8 256s111 248 248 248 248-111 248-248S393 8 256 8zm0 448c-110.5 0-200-89.5-200-200S145.5 56 256 56s200 89.5 200 200-89.5 200-200 200zm61.8-104.4l-84.9-61.7c-3.1-2.3-4.9-5.9-4.9-9.7V116c0-6.6 5.4-12 12-12h32c6.6 0 12 5.4 12 12v141.7l66.8 48.6c5.4 3.9 6.5 11.4 2.6 16.8L334.6 349c-3.9 5.3-11.4 6.5-16.8 2.6z\"><\/path><\/svg>\t\t\t\t\t\t<\/span>\n\t\t\t\t\t\t\t\t\t\t<span class=\"elementor-icon-list-text\">Tiempo de operaci\u00f3n: 6-8 horas<\/span>\n\t\t\t\t\t\t\t\t\t<\/li>\n\t\t\t\t\t\t\t\t<li class=\"elementor-icon-list-item\">\n\t\t\t\t\t\t\t\t\t\t\t<span class=\"elementor-icon-list-icon\">\n\t\t\t\t\t\t\t<svg aria-hidden=\"true\" class=\"e-font-icon-svg e-fas-syringe\" viewbox=\"0 0 512 512\" xmlns=\"http:\/\/www.w3.org\/2000\/svg\"><path d=\"M201.5 174.8l55.7 55.8c3.1 3.1 3.1 8.2 0 11.3l-11.3 11.3c-3.1 3.1-8.2 3.1-11.3 0l-55.7-55.8-45.3 45.3 55.8 55.8c3.1 3.1 3.1 8.2 0 11.3l-11.3 11.3c-3.1 3.1-8.2 3.1-11.3 0L111 265.2l-26.4 26.4c-17.3 17.3-25.6 41.1-23 65.4l7.1 63.6L2.3 487c-3.1 3.1-3.1 8.2 0 11.3l11.3 11.3c3.1 3.1 8.2 3.1 11.3 0l66.3-66.3 63.6 7.1c23.9 2.6 47.9-5.4 65.4-23l181.9-181.9-135.7-135.7-64.9 65zm308.2-93.3L430.5 2.3c-3.1-3.1-8.2-3.1-11.3 0l-11.3 11.3c-3.1 3.1-3.1 8.2 0 11.3l28.3 28.3-45.3 45.3-56.6-56.6-17-17c-3.1-3.1-8.2-3.1-11.3 0l-33.9 33.9c-3.1 3.1-3.1 8.2 0 11.3l17 17L424.8 223l17 17c3.1 3.1 8.2 3.1 11.3 0l33.9-34c3.1-3.1 3.1-8.2 0-11.3l-73.5-73.5 45.3-45.3 28.3 28.3c3.1 3.1 8.2 3.1 11.3 0l11.3-11.3c3.1-3.2 3.1-8.2 0-11.4z\"><\/path><\/svg>\t\t\t\t\t\t<\/span>\n\t\t\t\t\t\t\t\t\t\t<span class=\"elementor-icon-list-text\">Anestesia: Local<\/span>\n\t\t\t\t\t\t\t\t\t<\/li>\n\t\t\t\t\t\t\t\t<li class=\"elementor-icon-list-item\">\n\t\t\t\t\t\t\t\t\t\t\t<span class=\"elementor-icon-list-icon\">\n\t\t\t\t\t\t\t<svg aria-hidden=\"true\" class=\"e-font-icon-svg e-far-heart\" viewbox=\"0 0 512 512\" xmlns=\"http:\/\/www.w3.org\/2000\/svg\"><path d=\"M458.4 64.3C400.6 15.7 311.3 23 256 79.3 200.7 23 111.4 15.6 53.6 64.3-21.6 127.6-10.6 230.8 43 285.5l175.4 178.7c10 10.2 23.4 15.9 37.6 15.9 14.3 0 27.6-5.6 37.6-15.8L469 285.6c53.5-54.7 64.7-157.9-10.6-221.3zm-23.6 187.5L259.4 430.5c-2.4 2.4-4.4 2.4-6.8 0L77.2 251.8c-36.5-37.2-43.9-107.6 7.3-150.7 38.9-32.7 98.9-27.8 136.5 10.5l35 35.7 35-35.7c37.8-38.5 97.8-43.2 136.5-10.6 51.1 43.1 43.5 113.9 7.3 150.8z\"><\/path><\/svg>\t\t\t\t\t\t<\/span>\n\t\t\t\t\t\t\t\t\t\t<span class=\"elementor-icon-list-text\">Tiempo de recuperaci\u00f3n: 6-12 meses<\/span>\n\t\t\t\t\t\t\t\t\t<\/li>\n\t\t\t\t\t\t<\/ul>\n\t\t\t\t\t\t<\/div>\n\t\t\t\t<\/div>\n\t\t\t\t<div class=\"elementor-element elementor-element-cea7303 elementor-align-justify elementor-widget elementor-widget-button\" data-id=\"cea7303\" data-element_type=\"widget\" data-widget_type=\"button.default\">\n\t\t\t\t<div class=\"elementor-widget-container\">\n\t\t\t\t\t\t\t\t\t<div class=\"elementor-button-wrapper\">\n\t\t\t\t\t<a class=\"elementor-button elementor-button-link elementor-size-sm elementor-animation-buzz\" href=\"https:\/\/seldacenter.com\/es\/\">\n\t\t\t\t\t\t<span class=\"elementor-button-content-wrapper\">\n\t\t\t\t\t\t\t\t\t<span class=\"elementor-button-text\">Haga una cita ahora<\/span>\n\t\t\t\t\t<\/span>\n\t\t\t\t\t<\/a>\n\t\t\t\t<\/div>\n\t\t\t\t\t\t\t\t<\/div>\n\t\t\t\t<\/div>\n\t\t\t\t\t<\/div>\n\t\t<\/div>\n\t\t\t\t\t<\/div>\n\t\t<\/section>\n\t\t\t\t<section class=\"elementor-section elementor-top-section elementor-element elementor-element-1a496e9c elementor-section-boxed elementor-section-height-default elementor-section-height-default\" data-id=\"1a496e9c\" data-element_type=\"section\">\n\t\t\t\t\t\t<div class=\"elementor-container elementor-column-gap-default\">\n\t\t\t\t\t<div class=\"elementor-column elementor-col-100 elementor-top-column elementor-element elementor-element-7bc8b677\" data-id=\"7bc8b677\" data-element_type=\"column\">\n\t\t\t<div class=\"elementor-widget-wrap elementor-element-populated\">\n\t\t\t\t\t\t<div class=\"elementor-element elementor-element-54cf6add elementor-widget elementor-widget-text-editor\" data-id=\"54cf6add\" data-element_type=\"widget\" data-widget_type=\"text-editor.default\">\n\t\t\t\t<div class=\"elementor-widget-container\"><p>La ca\u00edda del cabello es un problema est\u00e9tico al que se enfrentan muchas personas, y esta condici\u00f3n puede ser desencadenada por factores gen\u00e9ticos, cambios hormonales o factores ambientales. Con innovaciones en el campo de la medicina en desarrollo, los tratamientos contra la ca\u00edda del cabello que utilizan tecnolog\u00eda de c\u00e9lulas madre ofrecen una soluci\u00f3n prometedora para reconstruir la salud del cabello. <\/p><p><strong>\u00bfQu\u00e9 es el tratamiento antica\u00edda con c\u00e9lulas madre?<\/strong> El tratamiento contra la ca\u00edda del cabello con c\u00e9lulas madre tiene como objetivo revitalizar el cuero cabelludo mediante el uso de las propias c\u00e9lulas madre de la persona. Este tratamiento tiene como objetivo estimular el crecimiento del cabello mediante la inyecci\u00f3n en el cuero cabelludo de c\u00e9lulas madre, generalmente tomadas de las \u00e1reas donde se encuentran los fol\u00edculos pilosos de la persona.\n<\/p><p><strong>Ventajas de la terapia con c\u00e9lulas madre:<\/strong>\n<\/p><ul class=\"wp-block-list\"><li><strong>Un proceso natural:<\/strong> El tratamiento adopta un proceso natural utilizando las propias c\u00e9lulas del cuerpo.\n  <\/li>\n\n<li><strong>Reparaci\u00f3n Celular:<\/strong> Las c\u00e9lulas madre apoyan la salud del cabello revitalizando los fol\u00edculos pilosos y ayudando en la reparaci\u00f3n.\n  <\/li>\n\n<li><strong>Soluci\u00f3n permanente:<\/strong> La terapia con c\u00e9lulas madre tiene como objetivo reducir la ca\u00edda del cabello de forma permanente.\n  <\/li><\/ul><p><strong>\u00bfC\u00f3mo realizar un tratamiento antica\u00edda con c\u00e9lulas madre?<\/strong> El tratamiento de la ca\u00edda del cabello con c\u00e9lulas madre incluye los siguientes pasos:\n<\/p><ol class=\"wp-block-list\"><li><strong>Colecci\u00f3n de c\u00e9lulas madre:<\/strong> Las c\u00e9lulas madre generalmente se toman de las \u00e1reas de la persona donde se encuentran los fol\u00edculos pilosos.\n<\/li>\n\n<li><strong>Aislamiento y preparaci\u00f3n celular:<\/strong> Las c\u00e9lulas madre recolectadas se a\u00edslan en condiciones de laboratorio y se preparan en un suero especial.\n<\/li>\n\n<li><strong>Inyecci\u00f3n:<\/strong> El suero de c\u00e9lulas madre preparado se inyecta en el cuero cabelludo mediante agujas finas.\n<\/li><\/ol><p><strong>Tratamiento de la ca\u00edda del cabello con c\u00e9lulas madre y preguntas frecuentes:<\/strong>\n<\/p><p><strong>1. \u00bfEs doloroso el tratamiento con c\u00e9lulas madre?<\/strong>\n<\/p><ul class=\"wp-block-list\"><li>\n    Dado que el tratamiento suele realizarse con anestesia local, el dolor es m\u00ednimo.\n  <\/li><\/ul><p><strong>2. \u00bfCu\u00e1ndo se ver\u00e1n los resultados?<\/strong>\n<\/p><ul class=\"wp-block-list\"><li>\n    Los resultados pueden variar de persona a persona, pero suelen ser visibles al cabo de unos meses.\n  <\/li><\/ul><p><strong>3. \u00bfPara qui\u00e9n es adecuado?<\/strong>\n<\/p><ul class=\"wp-block-list\"><li>\n    Es adecuado para personas que experimentan ca\u00edda del cabello y tienen fol\u00edculos pilosos sanos.\n  <\/li><\/ul><p><strong>4. \u00bfEs suficiente una \u00fanica sesi\u00f3n?<\/strong>\n<\/p><ul class=\"wp-block-list\"><li>\n    El plan de tratamiento se determina dependiendo de las necesidades de la persona y del estado del cabello. Generalmente se recomienda una serie de sesiones.\n  <\/li><\/ul><p><strong>5. \u00bfCu\u00e1les son los efectos secundarios?<\/strong>\n<\/p><ul class=\"wp-block-list\"><li>\n    Generalmente tiene efectos secundarios m\u00ednimos. Puede aparecer una ligera hinchaz\u00f3n o enrojecimiento en el lugar de la inyecci\u00f3n, pero esto es temporal.\n  <\/li><\/ul><p><strong>Conclusi\u00f3n:<\/strong> El tratamiento antica\u00edda con c\u00e9lulas madre es una soluci\u00f3n innovadora que tiene como objetivo reconstruir la salud del cabello. Este tratamiento, un proceso natural, puede ayudar a reducir la ca\u00edda del cabello y promover un crecimiento saludable del cabello revitalizando los fol\u00edculos pilosos.\n<\/p><\/div>\n\t\t\t\t<\/div>\n\t\t\t\t\t<\/div>\n\t\t<\/div>\n\t\t\t\t\t<\/div>\n\t\t<\/section>\t\t<\/div>","protected":false},"excerpt":{"rendered":"<p>K\u00f6k H\u00fccre Tedavisi Hastanede Kal\u0131\u015f S\u00fcresi: Gerekli De\u011fil Operasyon S\u00fcresi: 6-8 Saat Anestezi: Lokal \u0130yile\u015fme S\u00fcresi: 6-12 Ay Hemen Randevu Al\u0131n Sa\u00e7 d\u00f6k\u00fclmesi, bir\u00e7ok ki\u015finin kar\u015f\u0131la\u015ft\u0131\u011f\u0131 estetik bir sorundur ve bu durum, genetik fakt\u00f6rler, hormonal de\u011fi\u015fiklikler veya \u00e7evresel etkenlerle tetiklenebilir. Geli\u015fen t\u0131p alan\u0131ndaki inovasyonlarla birlikte, k\u00f6k h\u00fccre teknolojisinin kullan\u0131ld\u0131\u011f\u0131 sa\u00e7 d\u00f6k\u00fclme tedavileri, sa\u00e7 sa\u011fl\u0131\u011f\u0131n\u0131 yeniden [&hellip;]<\/p>\n","protected":false},"author":2,"featured_media":0,"parent":0,"menu_order":0,"comment_status":"closed","ping_status":"closed","template":"","meta":{"postBodyMargin":[],"postBodyPadding":[],"postBodyBackground":{"backgroundType":"classic","gradient":""},"footnotes":""},"class_list":["post-13552","page","type-page","status-publish","hentry"],"_links":{"self":[{"href":"https:\/\/seldacenter.com\/es\/wp-json\/wp\/v2\/pages\/13552","targetHints":{"allow":["GET"]}}],"collection":[{"href":"https:\/\/seldacenter.com\/es\/wp-json\/wp\/v2\/pages"}],"about":[{"href":"https:\/\/seldacenter.com\/es\/wp-json\/wp\/v2\/types\/page"}],"author":[{"embeddable":true,"href":"https:\/\/seldacenter.com\/es\/wp-json\/wp\/v2\/users\/2"}],"replies":[{"embeddable":true,"href":"https:\/\/seldacenter.com\/es\/wp-json\/wp\/v2\/comments?post=13552"}],"version-history":[{"count":4,"href":"https:\/\/seldacenter.com\/es\/wp-json\/wp\/v2\/pages\/13552\/revisions"}],"predecessor-version":[{"id":13844,"href":"https:\/\/seldacenter.com\/es\/wp-json\/wp\/v2\/pages\/13552\/revisions\/13844"}],"wp:attachment":[{"href":"https:\/\/seldacenter.com\/es\/wp-json\/wp\/v2\/media?parent=13552"}],"curies":[{"name":"wp","href":"https:\/\/api.w.org\/{rel}","templated":true}]}}