{"id":13550,"date":"2024-02-17T16:05:38","date_gmt":"2024-02-17T16:05:38","guid":{"rendered":"https:\/\/seldacenter.com\/yeniyapi\/?page_id=13550"},"modified":"2024-03-02T02:23:04","modified_gmt":"2024-03-02T02:23:04","slug":"mezoterapi-ile-dokulme-tedavisi","status":"publish","type":"page","link":"https:\/\/seldacenter.com\/es\/mezoterapi-ile-dokulme-tedavisi\/","title":{"rendered":"Tratamiento de la ca\u00edda del cabello con mesoterapia"},"content":{"rendered":"<div data-elementor-type=\"wp-page\" data-elementor-id=\"13550\" class=\"elementor elementor-13550\" data-elementor-post-type=\"page\">\n\t\t\t\t<section class=\"elementor-section elementor-top-section elementor-element elementor-element-2297a16 elementor-section-boxed elementor-section-height-default elementor-section-height-default\" data-id=\"2297a16\" data-element_type=\"section\">\n\t\t\t\t\t\t<div class=\"elementor-container elementor-column-gap-default\">\n\t\t\t\t\t<div class=\"elementor-column elementor-col-50 elementor-top-column elementor-element elementor-element-22cb27f\" data-id=\"22cb27f\" data-element_type=\"column\" data-settings=\"{&quot;background_background&quot;:&quot;classic&quot;}\">\n\t\t\t<div class=\"elementor-widget-wrap elementor-element-populated\">\n\t\t\t\t\t\t<div class=\"elementor-element elementor-element-e022a3c elementor-widget elementor-widget-image\" data-id=\"e022a3c\" data-element_type=\"widget\" data-widget_type=\"image.default\">\n\t\t\t\t<div class=\"elementor-widget-container\">\n\t\t\t\t\t\t\t\t\t\t\t\t\t\t\t<img fetchpriority=\"high\" decoding=\"async\" width=\"996\" height=\"664\" src=\"https:\/\/seldacenter.com\/wp-content\/uploads\/2024\/03\/woman-getting-hair-loss-treatment-clinic_23-2149152748.jpg\" class=\"attachment-full size-full wp-image-14256\" alt=\"\" srcset=\"https:\/\/seldacenter.com\/wp-content\/uploads\/2024\/03\/woman-getting-hair-loss-treatment-clinic_23-2149152748.jpg 996w, https:\/\/seldacenter.com\/wp-content\/uploads\/2024\/03\/woman-getting-hair-loss-treatment-clinic_23-2149152748-600x400.jpg 600w, https:\/\/seldacenter.com\/wp-content\/uploads\/2024\/03\/woman-getting-hair-loss-treatment-clinic_23-2149152748-300x200.jpg 300w, https:\/\/seldacenter.com\/wp-content\/uploads\/2024\/03\/woman-getting-hair-loss-treatment-clinic_23-2149152748-768x512.jpg 768w\" sizes=\"(max-width: 996px) 100vw, 996px\" \/>\t\t\t\t\t\t\t\t\t\t\t\t\t\t\t<\/div>\n\t\t\t\t<\/div>\n\t\t\t\t\t<\/div>\n\t\t<\/div>\n\t\t\t\t<div class=\"elementor-column elementor-col-50 elementor-top-column elementor-element elementor-element-dda9243\" data-id=\"dda9243\" data-element_type=\"column\">\n\t\t\t<div class=\"elementor-widget-wrap elementor-element-populated\">\n\t\t\t\t\t\t<div class=\"elementor-element elementor-element-7bdcda8 elementor-widget-divider--view-line_text elementor-widget-divider--element-align-left elementor-widget elementor-widget-divider\" data-id=\"7bdcda8\" data-element_type=\"widget\" data-widget_type=\"divider.default\">\n\t\t\t\t<div class=\"elementor-widget-container\">\n\t\t\t\t\t\t\t<div class=\"elementor-divider\">\n\t\t\t<span class=\"elementor-divider-separator\">\n\t\t\t\t\t\t\t<h3 class=\"elementor-divider__text elementor-divider__element\">\n\t\t\t\tLa mesoterapia\t\t\t\t<\/h3>\n\t\t\t\t\t\t<\/span>\n\t\t<\/div>\n\t\t\t\t\t\t<\/div>\n\t\t\t\t<\/div>\n\t\t\t\t<div class=\"elementor-element elementor-element-672b118 elementor-align-left elementor-icon-list--layout-traditional elementor-list-item-link-full_width elementor-widget elementor-widget-icon-list\" data-id=\"672b118\" data-element_type=\"widget\" data-widget_type=\"icon-list.default\">\n\t\t\t\t<div class=\"elementor-widget-container\">\n\t\t\t\t\t\t\t<ul class=\"elementor-icon-list-items\">\n\t\t\t\t\t\t\t<li class=\"elementor-icon-list-item\">\n\t\t\t\t\t\t\t\t\t\t\t<span class=\"elementor-icon-list-icon\">\n\t\t\t\t\t\t\t<svg aria-hidden=\"true\" class=\"e-font-icon-svg e-far-hospital\" viewbox=\"0 0 448 512\" xmlns=\"http:\/\/www.w3.org\/2000\/svg\"><path d=\"M128 244v-40c0-6.627 5.373-12 12-12h40c6.627 0 12 5.373 12 12v40c0 6.627-5.373 12-12 12h-40c-6.627 0-12-5.373-12-12zm140 12h40c6.627 0 12-5.373 12-12v-40c0-6.627-5.373-12-12-12h-40c-6.627 0-12 5.373-12 12v40c0 6.627 5.373 12 12 12zm-76 84v-40c0-6.627-5.373-12-12-12h-40c-6.627 0-12 5.373-12 12v40c0 6.627 5.373 12 12 12h40c6.627 0 12-5.373 12-12zm76 12h40c6.627 0 12-5.373 12-12v-40c0-6.627-5.373-12-12-12h-40c-6.627 0-12 5.373-12 12v40c0 6.627 5.373 12 12 12zm180 124v36H0v-36c0-6.627 5.373-12 12-12h19.5V85.035C31.5 73.418 42.245 64 55.5 64H144V24c0-13.255 10.745-24 24-24h112c13.255 0 24 10.745 24 24v40h88.5c13.255 0 24 9.418 24 21.035V464H436c6.627 0 12 5.373 12 12zM79.5 463H192v-67c0-6.627 5.373-12 12-12h40c6.627 0 12 5.373 12 12v67h112.5V112H304v24c0 13.255-10.745 24-24 24H168c-13.255 0-24-10.745-24-24v-24H79.5v351zM266 64h-26V38a6 6 0 0 0-6-6h-20a6 6 0 0 0-6 6v26h-26a6 6 0 0 0-6 6v20a6 6 0 0 0 6 6h26v26a6 6 0 0 0 6 6h20a6 6 0 0 0 6-6V96h26a6 6 0 0 0 6-6V70a6 6 0 0 0-6-6z\"><\/path><\/svg>\t\t\t\t\t\t<\/span>\n\t\t\t\t\t\t\t\t\t\t<span class=\"elementor-icon-list-text\">Duraci\u00f3n de la estancia hospitalaria: no requerida<\/span>\n\t\t\t\t\t\t\t\t\t<\/li>\n\t\t\t\t\t\t\t\t<li class=\"elementor-icon-list-item\">\n\t\t\t\t\t\t\t\t\t\t\t<span class=\"elementor-icon-list-icon\">\n\t\t\t\t\t\t\t<svg aria-hidden=\"true\" class=\"e-font-icon-svg e-far-clock\" viewbox=\"0 0 512 512\" xmlns=\"http:\/\/www.w3.org\/2000\/svg\"><path d=\"M256 8C119 8 8 119 8 256s111 248 248 248 248-111 248-248S393 8 256 8zm0 448c-110.5 0-200-89.5-200-200S145.5 56 256 56s200 89.5 200 200-89.5 200-200 200zm61.8-104.4l-84.9-61.7c-3.1-2.3-4.9-5.9-4.9-9.7V116c0-6.6 5.4-12 12-12h32c6.6 0 12 5.4 12 12v141.7l66.8 48.6c5.4 3.9 6.5 11.4 2.6 16.8L334.6 349c-3.9 5.3-11.4 6.5-16.8 2.6z\"><\/path><\/svg>\t\t\t\t\t\t<\/span>\n\t\t\t\t\t\t\t\t\t\t<span class=\"elementor-icon-list-text\">Tiempo de operaci\u00f3n: 6-8 horas<\/span>\n\t\t\t\t\t\t\t\t\t<\/li>\n\t\t\t\t\t\t\t\t<li class=\"elementor-icon-list-item\">\n\t\t\t\t\t\t\t\t\t\t\t<span class=\"elementor-icon-list-icon\">\n\t\t\t\t\t\t\t<svg aria-hidden=\"true\" class=\"e-font-icon-svg e-fas-syringe\" viewbox=\"0 0 512 512\" xmlns=\"http:\/\/www.w3.org\/2000\/svg\"><path d=\"M201.5 174.8l55.7 55.8c3.1 3.1 3.1 8.2 0 11.3l-11.3 11.3c-3.1 3.1-8.2 3.1-11.3 0l-55.7-55.8-45.3 45.3 55.8 55.8c3.1 3.1 3.1 8.2 0 11.3l-11.3 11.3c-3.1 3.1-8.2 3.1-11.3 0L111 265.2l-26.4 26.4c-17.3 17.3-25.6 41.1-23 65.4l7.1 63.6L2.3 487c-3.1 3.1-3.1 8.2 0 11.3l11.3 11.3c3.1 3.1 8.2 3.1 11.3 0l66.3-66.3 63.6 7.1c23.9 2.6 47.9-5.4 65.4-23l181.9-181.9-135.7-135.7-64.9 65zm308.2-93.3L430.5 2.3c-3.1-3.1-8.2-3.1-11.3 0l-11.3 11.3c-3.1 3.1-3.1 8.2 0 11.3l28.3 28.3-45.3 45.3-56.6-56.6-17-17c-3.1-3.1-8.2-3.1-11.3 0l-33.9 33.9c-3.1 3.1-3.1 8.2 0 11.3l17 17L424.8 223l17 17c3.1 3.1 8.2 3.1 11.3 0l33.9-34c3.1-3.1 3.1-8.2 0-11.3l-73.5-73.5 45.3-45.3 28.3 28.3c3.1 3.1 8.2 3.1 11.3 0l11.3-11.3c3.1-3.2 3.1-8.2 0-11.4z\"><\/path><\/svg>\t\t\t\t\t\t<\/span>\n\t\t\t\t\t\t\t\t\t\t<span class=\"elementor-icon-list-text\">Anestesia: Local<\/span>\n\t\t\t\t\t\t\t\t\t<\/li>\n\t\t\t\t\t\t\t\t<li class=\"elementor-icon-list-item\">\n\t\t\t\t\t\t\t\t\t\t\t<span class=\"elementor-icon-list-icon\">\n\t\t\t\t\t\t\t<svg aria-hidden=\"true\" class=\"e-font-icon-svg e-far-heart\" viewbox=\"0 0 512 512\" xmlns=\"http:\/\/www.w3.org\/2000\/svg\"><path d=\"M458.4 64.3C400.6 15.7 311.3 23 256 79.3 200.7 23 111.4 15.6 53.6 64.3-21.6 127.6-10.6 230.8 43 285.5l175.4 178.7c10 10.2 23.4 15.9 37.6 15.9 14.3 0 27.6-5.6 37.6-15.8L469 285.6c53.5-54.7 64.7-157.9-10.6-221.3zm-23.6 187.5L259.4 430.5c-2.4 2.4-4.4 2.4-6.8 0L77.2 251.8c-36.5-37.2-43.9-107.6 7.3-150.7 38.9-32.7 98.9-27.8 136.5 10.5l35 35.7 35-35.7c37.8-38.5 97.8-43.2 136.5-10.6 51.1 43.1 43.5 113.9 7.3 150.8z\"><\/path><\/svg>\t\t\t\t\t\t<\/span>\n\t\t\t\t\t\t\t\t\t\t<span class=\"elementor-icon-list-text\">Tiempo de recuperaci\u00f3n: 6-12 meses<\/span>\n\t\t\t\t\t\t\t\t\t<\/li>\n\t\t\t\t\t\t<\/ul>\n\t\t\t\t\t\t<\/div>\n\t\t\t\t<\/div>\n\t\t\t\t<div class=\"elementor-element elementor-element-ffd343c elementor-align-justify elementor-widget elementor-widget-button\" data-id=\"ffd343c\" data-element_type=\"widget\" data-widget_type=\"button.default\">\n\t\t\t\t<div class=\"elementor-widget-container\">\n\t\t\t\t\t\t\t\t\t<div class=\"elementor-button-wrapper\">\n\t\t\t\t\t<a class=\"elementor-button elementor-button-link elementor-size-sm elementor-animation-buzz\" href=\"https:\/\/seldacenter.com\/es\/\">\n\t\t\t\t\t\t<span class=\"elementor-button-content-wrapper\">\n\t\t\t\t\t\t\t\t\t<span class=\"elementor-button-text\">Haga una cita ahora<\/span>\n\t\t\t\t\t<\/span>\n\t\t\t\t\t<\/a>\n\t\t\t\t<\/div>\n\t\t\t\t\t\t\t\t<\/div>\n\t\t\t\t<\/div>\n\t\t\t\t\t<\/div>\n\t\t<\/div>\n\t\t\t\t\t<\/div>\n\t\t<\/section>\n\t\t\t\t<section class=\"elementor-section elementor-top-section elementor-element elementor-element-7ad26c02 elementor-section-boxed elementor-section-height-default elementor-section-height-default\" data-id=\"7ad26c02\" data-element_type=\"section\">\n\t\t\t\t\t\t<div class=\"elementor-container elementor-column-gap-default\">\n\t\t\t\t\t<div class=\"elementor-column elementor-col-100 elementor-top-column elementor-element elementor-element-174594de\" data-id=\"174594de\" data-element_type=\"column\">\n\t\t\t<div class=\"elementor-widget-wrap elementor-element-populated\">\n\t\t\t\t\t\t<div class=\"elementor-element elementor-element-6f08925 elementor-widget elementor-widget-text-editor\" data-id=\"6f08925\" data-element_type=\"widget\" data-widget_type=\"text-editor.default\">\n\t\t\t\t<div class=\"elementor-widget-container\"><p>La ca\u00edda del cabello es un problema al que se enfrentan muchas personas y puede afectar la confianza en s\u00ed misma. Sin embargo, los m\u00e9todos de tratamiento est\u00e9tico desarrollados en los \u00faltimos a\u00f1os ofrecen soluciones al problema de la ca\u00edda del cabello. La mesoterapia es uno de estos m\u00e9todos y ayuda a reducir la ca\u00edda del cabello al apoyar la salud del cabello con vitaminas y minerales aplicados directamente en el cuero cabelludo.<\/p><p><strong>\u00bfQu\u00e9 es la mesoterapia?<\/strong> La mesoterapia es un m\u00e9todo de tratamiento en el que se inyectan vitaminas, minerales, amino\u00e1cidos y otros nutrientes en el cuero cabelludo. Estas inyecciones tienen como objetivo estimular los fol\u00edculos pilosos, estimular el crecimiento del cabello y reducir la ca\u00edda del cabello. Este tratamiento, generalmente realizado con anestesia local, puede adaptarse espec\u00edficamente a las necesidades de cada individuo.<\/p><p><strong>Ventajas de la Mesoterapia:<\/strong><\/p><ul class=\"wp-block-list\"><li><strong>Suplementos nutricionales:<\/strong> Los ingredientes nutritivos aplicados directamente sobre el cuero cabelludo fortalecen los fol\u00edculos pilosos y favorecen la salud del cabello.<\/li>\n\n<li><strong>Un enfoque natural:<\/strong> La mesoterapia es una opci\u00f3n de tratamiento natural porque trabaja con los propios fluidos corporales y nutrientes naturales de la persona.<\/li>\n\n<li><strong>Efectos secundarios m\u00ednimos:<\/strong> Generalmente tiene efectos secundarios m\u00ednimos y ofrece un r\u00e1pido proceso de recuperaci\u00f3n despu\u00e9s de su aplicaci\u00f3n.<\/li><\/ul><p><strong>\u00bfC\u00f3mo se aplica el tratamiento de mesoterapia?<\/strong> El tratamiento de mesoterapia incluye los siguientes pasos:<\/p><ol class=\"wp-block-list\"><li><strong>An\u00e1lisis del cabello:<\/strong> Se eval\u00faa el estado del cabello y del cuero cabelludo de la persona.<\/li>\n\n<li><strong>Inyecci\u00f3n:<\/strong> El especialista inyecta en el cuero cabelludo un suero que contiene vitaminas, minerales y otros nutrientes a trav\u00e9s de finas agujas.<\/li>\n\n<li><strong>Advertencia y animaci\u00f3n:<\/strong> Las sustancias inyectadas estimulan los fol\u00edculos pilosos y los revitalizan.<\/li><\/ol><p><strong>Mesoterapia y Preguntas Frecuentes:<\/strong><\/p><p><strong>1. \u00bfEs doloroso el tratamiento de mesoterapia?<\/strong><\/p><ul class=\"wp-block-list\"><li>Generalmente puede haber una ligera molestia durante el procedimiento, pero es tolerable.<\/li><\/ul><p><strong>2. \u00bfCu\u00e1ntas sesiones se requieren?<\/strong><\/p><ul class=\"wp-block-list\"><li>El plan de tratamiento depende de la condici\u00f3n del cabello y los objetivos de la persona. Generalmente se recomienda una serie de sesiones.<\/li><\/ul><p><strong>3. \u00bfCu\u00e1ndo se ven los resultados de la mesoterapia?<\/strong><\/p><ul class=\"wp-block-list\"><li>Los resultados pueden variar de persona a persona, pero suelen ser visibles despu\u00e9s de algunas sesiones.<\/li><\/ul><p><strong>4. \u00bfPara qui\u00e9n no es adecuado?<\/strong><\/p><ul class=\"wp-block-list\"><li>La mesoterapia puede no ser adecuada para mujeres embarazadas, personas con problemas de coagulaci\u00f3n sangu\u00ednea y algunas enfermedades de la piel.<\/li><\/ul><p><strong>5. \u00bfEs la mesoterapia una soluci\u00f3n permanente?<\/strong><\/p><ul class=\"wp-block-list\"><li>La mesoterapia es un m\u00e9todo de tratamiento que debe repetirse a intervalos regulares.<\/li><\/ul><p><strong>Conclusi\u00f3n:<\/strong> La mesoterapia ofrece una opci\u00f3n de tratamiento segura y eficaz para personas que sufren p\u00e9rdida de cabello. Adoptando un enfoque natural, este m\u00e9todo es una soluci\u00f3n innovadora para quienes desean recuperar la belleza de su cabello.<\/p><\/div>\n\t\t\t\t<\/div>\n\t\t\t\t\t<\/div>\n\t\t<\/div>\n\t\t\t\t\t<\/div>\n\t\t<\/section>\t\t<\/div>","protected":false},"excerpt":{"rendered":"<p>Mezoterapi Hastanede Kal\u0131\u015f S\u00fcresi: Gerekli De\u011fil Operasyon S\u00fcresi: 6-8 Saat Anestezi: Lokal \u0130yile\u015fme S\u00fcresi: 6-12 Ay Hemen Randevu Al\u0131n Sa\u00e7 d\u00f6k\u00fclmesi, bir\u00e7ok ki\u015finin kar\u015f\u0131la\u015ft\u0131\u011f\u0131 bir sorundur ve bu durum, ki\u015finin \u00f6zg\u00fcvenini etkileyebilir. Ancak, son y\u0131llarda geli\u015ftirilen estetik tedavi y\u00f6ntemleri, sa\u00e7 d\u00f6k\u00fclmesi sorununa \u00e7\u00f6z\u00fcm sunmaktad\u0131r. Mezoterapi, bu y\u00f6ntemlerden biridir ve sa\u00e7 derisine do\u011frudan uygulanan vitamin ve [&hellip;]<\/p>\n","protected":false},"author":2,"featured_media":0,"parent":0,"menu_order":0,"comment_status":"closed","ping_status":"closed","template":"","meta":{"postBodyMargin":[],"postBodyPadding":[],"postBodyBackground":{"backgroundType":"classic","gradient":""},"footnotes":""},"class_list":["post-13550","page","type-page","status-publish","hentry"],"_links":{"self":[{"href":"https:\/\/seldacenter.com\/es\/wp-json\/wp\/v2\/pages\/13550","targetHints":{"allow":["GET"]}}],"collection":[{"href":"https:\/\/seldacenter.com\/es\/wp-json\/wp\/v2\/pages"}],"about":[{"href":"https:\/\/seldacenter.com\/es\/wp-json\/wp\/v2\/types\/page"}],"author":[{"embeddable":true,"href":"https:\/\/seldacenter.com\/es\/wp-json\/wp\/v2\/users\/2"}],"replies":[{"embeddable":true,"href":"https:\/\/seldacenter.com\/es\/wp-json\/wp\/v2\/comments?post=13550"}],"version-history":[{"count":13,"href":"https:\/\/seldacenter.com\/es\/wp-json\/wp\/v2\/pages\/13550\/revisions"}],"predecessor-version":[{"id":14259,"href":"https:\/\/seldacenter.com\/es\/wp-json\/wp\/v2\/pages\/13550\/revisions\/14259"}],"wp:attachment":[{"href":"https:\/\/seldacenter.com\/es\/wp-json\/wp\/v2\/media?parent=13550"}],"curies":[{"name":"wp","href":"https:\/\/api.w.org\/{rel}","templated":true}]}}