{"id":13548,"date":"2024-02-17T16:03:02","date_gmt":"2024-02-17T16:03:02","guid":{"rendered":"https:\/\/seldacenter.com\/yeniyapi\/?page_id=13548"},"modified":"2024-03-01T20:59:57","modified_gmt":"2024-03-01T20:59:57","slug":"prp-ile-sac-dokulmesi-tedavisi","status":"publish","type":"page","link":"https:\/\/seldacenter.com\/es\/prp-ile-sac-dokulmesi-tedavisi\/","title":{"rendered":"Tratamiento de la ca\u00edda del cabello con PRP"},"content":{"rendered":"<div data-elementor-type=\"wp-page\" data-elementor-id=\"13548\" class=\"elementor elementor-13548\" data-elementor-post-type=\"page\">\n\t\t\t\t\t\t<section class=\"elementor-section elementor-top-section elementor-element elementor-element-ccbdd62 elementor-section-boxed elementor-section-height-default elementor-section-height-default\" data-id=\"ccbdd62\" data-element_type=\"section\">\n\t\t\t\t\t\t<div class=\"elementor-container elementor-column-gap-default\">\n\t\t\t\t\t<div class=\"elementor-column elementor-col-50 elementor-top-column elementor-element elementor-element-72c04d4\" data-id=\"72c04d4\" data-element_type=\"column\" data-settings=\"{&quot;background_background&quot;:&quot;classic&quot;}\">\n\t\t\t<div class=\"elementor-widget-wrap elementor-element-populated\">\n\t\t\t\t\t\t<div class=\"elementor-element elementor-element-a154103 elementor-widget elementor-widget-image\" data-id=\"a154103\" data-element_type=\"widget\" data-widget_type=\"image.default\">\n\t\t\t\t<div class=\"elementor-widget-container\">\n\t\t\t\t\t\t\t\t\t\t\t\t\t\t\t<img fetchpriority=\"high\" decoding=\"async\" width=\"1000\" height=\"667\" src=\"https:\/\/seldacenter.com\/wp-content\/uploads\/2024\/03\/2608654.jpg\" class=\"attachment-full size-full wp-image-14124\" alt=\"\" srcset=\"https:\/\/seldacenter.com\/wp-content\/uploads\/2024\/03\/2608654.jpg 1000w, https:\/\/seldacenter.com\/wp-content\/uploads\/2024\/03\/2608654-600x400.jpg 600w, https:\/\/seldacenter.com\/wp-content\/uploads\/2024\/03\/2608654-300x200.jpg 300w, https:\/\/seldacenter.com\/wp-content\/uploads\/2024\/03\/2608654-768x512.jpg 768w\" sizes=\"(max-width: 1000px) 100vw, 1000px\" \/>\t\t\t\t\t\t\t\t\t\t\t\t\t\t\t<\/div>\n\t\t\t\t<\/div>\n\t\t\t\t\t<\/div>\n\t\t<\/div>\n\t\t\t\t<div class=\"elementor-column elementor-col-50 elementor-top-column elementor-element elementor-element-60a5e96\" data-id=\"60a5e96\" data-element_type=\"column\">\n\t\t\t<div class=\"elementor-widget-wrap elementor-element-populated\">\n\t\t\t\t\t\t<div class=\"elementor-element elementor-element-5423c32 elementor-widget-divider--view-line_text elementor-widget-divider--element-align-left elementor-widget elementor-widget-divider\" data-id=\"5423c32\" data-element_type=\"widget\" data-widget_type=\"divider.default\">\n\t\t\t\t<div class=\"elementor-widget-container\">\n\t\t\t\t\t\t\t<div class=\"elementor-divider\">\n\t\t\t<span class=\"elementor-divider-separator\">\n\t\t\t\t\t\t\t<h3 class=\"elementor-divider__text elementor-divider__element\">\n\t\t\t\tTratamiento con PRP\t\t\t\t<\/h3>\n\t\t\t\t\t\t<\/span>\n\t\t<\/div>\n\t\t\t\t\t\t<\/div>\n\t\t\t\t<\/div>\n\t\t\t\t<div class=\"elementor-element elementor-element-c36589e elementor-align-left elementor-icon-list--layout-traditional elementor-list-item-link-full_width elementor-widget elementor-widget-icon-list\" data-id=\"c36589e\" data-element_type=\"widget\" data-widget_type=\"icon-list.default\">\n\t\t\t\t<div class=\"elementor-widget-container\">\n\t\t\t\t\t\t\t<ul class=\"elementor-icon-list-items\">\n\t\t\t\t\t\t\t<li class=\"elementor-icon-list-item\">\n\t\t\t\t\t\t\t\t\t\t\t<span class=\"elementor-icon-list-icon\">\n\t\t\t\t\t\t\t<svg aria-hidden=\"true\" class=\"e-font-icon-svg e-far-hospital\" viewbox=\"0 0 448 512\" xmlns=\"http:\/\/www.w3.org\/2000\/svg\"><path d=\"M128 244v-40c0-6.627 5.373-12 12-12h40c6.627 0 12 5.373 12 12v40c0 6.627-5.373 12-12 12h-40c-6.627 0-12-5.373-12-12zm140 12h40c6.627 0 12-5.373 12-12v-40c0-6.627-5.373-12-12-12h-40c-6.627 0-12 5.373-12 12v40c0 6.627 5.373 12 12 12zm-76 84v-40c0-6.627-5.373-12-12-12h-40c-6.627 0-12 5.373-12 12v40c0 6.627 5.373 12 12 12h40c6.627 0 12-5.373 12-12zm76 12h40c6.627 0 12-5.373 12-12v-40c0-6.627-5.373-12-12-12h-40c-6.627 0-12 5.373-12 12v40c0 6.627 5.373 12 12 12zm180 124v36H0v-36c0-6.627 5.373-12 12-12h19.5V85.035C31.5 73.418 42.245 64 55.5 64H144V24c0-13.255 10.745-24 24-24h112c13.255 0 24 10.745 24 24v40h88.5c13.255 0 24 9.418 24 21.035V464H436c6.627 0 12 5.373 12 12zM79.5 463H192v-67c0-6.627 5.373-12 12-12h40c6.627 0 12 5.373 12 12v67h112.5V112H304v24c0 13.255-10.745 24-24 24H168c-13.255 0-24-10.745-24-24v-24H79.5v351zM266 64h-26V38a6 6 0 0 0-6-6h-20a6 6 0 0 0-6 6v26h-26a6 6 0 0 0-6 6v20a6 6 0 0 0 6 6h26v26a6 6 0 0 0 6 6h20a6 6 0 0 0 6-6V96h26a6 6 0 0 0 6-6V70a6 6 0 0 0-6-6z\"><\/path><\/svg>\t\t\t\t\t\t<\/span>\n\t\t\t\t\t\t\t\t\t\t<span class=\"elementor-icon-list-text\">Duraci\u00f3n de la estancia hospitalaria: no requerida<\/span>\n\t\t\t\t\t\t\t\t\t<\/li>\n\t\t\t\t\t\t\t\t<li class=\"elementor-icon-list-item\">\n\t\t\t\t\t\t\t\t\t\t\t<span class=\"elementor-icon-list-icon\">\n\t\t\t\t\t\t\t<svg aria-hidden=\"true\" class=\"e-font-icon-svg e-far-clock\" viewbox=\"0 0 512 512\" xmlns=\"http:\/\/www.w3.org\/2000\/svg\"><path d=\"M256 8C119 8 8 119 8 256s111 248 248 248 248-111 248-248S393 8 256 8zm0 448c-110.5 0-200-89.5-200-200S145.5 56 256 56s200 89.5 200 200-89.5 200-200 200zm61.8-104.4l-84.9-61.7c-3.1-2.3-4.9-5.9-4.9-9.7V116c0-6.6 5.4-12 12-12h32c6.6 0 12 5.4 12 12v141.7l66.8 48.6c5.4 3.9 6.5 11.4 2.6 16.8L334.6 349c-3.9 5.3-11.4 6.5-16.8 2.6z\"><\/path><\/svg>\t\t\t\t\t\t<\/span>\n\t\t\t\t\t\t\t\t\t\t<span class=\"elementor-icon-list-text\">Tiempo de operaci\u00f3n: 6-8 horas<\/span>\n\t\t\t\t\t\t\t\t\t<\/li>\n\t\t\t\t\t\t\t\t<li class=\"elementor-icon-list-item\">\n\t\t\t\t\t\t\t\t\t\t\t<span class=\"elementor-icon-list-icon\">\n\t\t\t\t\t\t\t<svg aria-hidden=\"true\" class=\"e-font-icon-svg e-fas-syringe\" viewbox=\"0 0 512 512\" xmlns=\"http:\/\/www.w3.org\/2000\/svg\"><path d=\"M201.5 174.8l55.7 55.8c3.1 3.1 3.1 8.2 0 11.3l-11.3 11.3c-3.1 3.1-8.2 3.1-11.3 0l-55.7-55.8-45.3 45.3 55.8 55.8c3.1 3.1 3.1 8.2 0 11.3l-11.3 11.3c-3.1 3.1-8.2 3.1-11.3 0L111 265.2l-26.4 26.4c-17.3 17.3-25.6 41.1-23 65.4l7.1 63.6L2.3 487c-3.1 3.1-3.1 8.2 0 11.3l11.3 11.3c3.1 3.1 8.2 3.1 11.3 0l66.3-66.3 63.6 7.1c23.9 2.6 47.9-5.4 65.4-23l181.9-181.9-135.7-135.7-64.9 65zm308.2-93.3L430.5 2.3c-3.1-3.1-8.2-3.1-11.3 0l-11.3 11.3c-3.1 3.1-3.1 8.2 0 11.3l28.3 28.3-45.3 45.3-56.6-56.6-17-17c-3.1-3.1-8.2-3.1-11.3 0l-33.9 33.9c-3.1 3.1-3.1 8.2 0 11.3l17 17L424.8 223l17 17c3.1 3.1 8.2 3.1 11.3 0l33.9-34c3.1-3.1 3.1-8.2 0-11.3l-73.5-73.5 45.3-45.3 28.3 28.3c3.1 3.1 8.2 3.1 11.3 0l11.3-11.3c3.1-3.2 3.1-8.2 0-11.4z\"><\/path><\/svg>\t\t\t\t\t\t<\/span>\n\t\t\t\t\t\t\t\t\t\t<span class=\"elementor-icon-list-text\">Anestesia: Local<\/span>\n\t\t\t\t\t\t\t\t\t<\/li>\n\t\t\t\t\t\t\t\t<li class=\"elementor-icon-list-item\">\n\t\t\t\t\t\t\t\t\t\t\t<span class=\"elementor-icon-list-icon\">\n\t\t\t\t\t\t\t<svg aria-hidden=\"true\" class=\"e-font-icon-svg e-far-heart\" viewbox=\"0 0 512 512\" xmlns=\"http:\/\/www.w3.org\/2000\/svg\"><path d=\"M458.4 64.3C400.6 15.7 311.3 23 256 79.3 200.7 23 111.4 15.6 53.6 64.3-21.6 127.6-10.6 230.8 43 285.5l175.4 178.7c10 10.2 23.4 15.9 37.6 15.9 14.3 0 27.6-5.6 37.6-15.8L469 285.6c53.5-54.7 64.7-157.9-10.6-221.3zm-23.6 187.5L259.4 430.5c-2.4 2.4-4.4 2.4-6.8 0L77.2 251.8c-36.5-37.2-43.9-107.6 7.3-150.7 38.9-32.7 98.9-27.8 136.5 10.5l35 35.7 35-35.7c37.8-38.5 97.8-43.2 136.5-10.6 51.1 43.1 43.5 113.9 7.3 150.8z\"><\/path><\/svg>\t\t\t\t\t\t<\/span>\n\t\t\t\t\t\t\t\t\t\t<span class=\"elementor-icon-list-text\">Tiempo de recuperaci\u00f3n: 6-12 meses<\/span>\n\t\t\t\t\t\t\t\t\t<\/li>\n\t\t\t\t\t\t<\/ul>\n\t\t\t\t\t\t<\/div>\n\t\t\t\t<\/div>\n\t\t\t\t<div class=\"elementor-element elementor-element-e69646e elementor-align-justify elementor-widget elementor-widget-button\" data-id=\"e69646e\" data-element_type=\"widget\" data-widget_type=\"button.default\">\n\t\t\t\t<div class=\"elementor-widget-container\">\n\t\t\t\t\t\t\t\t\t<div class=\"elementor-button-wrapper\">\n\t\t\t\t\t<a class=\"elementor-button elementor-button-link elementor-size-sm elementor-animation-buzz\" href=\"https:\/\/seldacenter.com\/es\/\">\n\t\t\t\t\t\t<span class=\"elementor-button-content-wrapper\">\n\t\t\t\t\t\t\t\t\t<span class=\"elementor-button-text\">Haga una cita ahora<\/span>\n\t\t\t\t\t<\/span>\n\t\t\t\t\t<\/a>\n\t\t\t\t<\/div>\n\t\t\t\t\t\t\t\t<\/div>\n\t\t\t\t<\/div>\n\t\t\t\t\t<\/div>\n\t\t<\/div>\n\t\t\t\t\t<\/div>\n\t\t<\/section>\n\t\t\t\t<section class=\"elementor-section elementor-top-section elementor-element elementor-element-2b0931b4 elementor-section-boxed elementor-section-height-default elementor-section-height-default\" data-id=\"2b0931b4\" data-element_type=\"section\">\n\t\t\t\t\t\t<div class=\"elementor-container elementor-column-gap-default\">\n\t\t\t\t\t<div class=\"elementor-column elementor-col-100 elementor-top-column elementor-element elementor-element-37dc612e\" data-id=\"37dc612e\" data-element_type=\"column\">\n\t\t\t<div class=\"elementor-widget-wrap elementor-element-populated\">\n\t\t\t\t\t\t<div class=\"elementor-element elementor-element-782fb63 elementor-widget elementor-widget-text-editor\" data-id=\"782fb63\" data-element_type=\"widget\" data-widget_type=\"text-editor.default\">\n\t\t\t\t<div class=\"elementor-widget-container\">\n\t\t\t\t\t\t\t\t\tUn cabello grueso, sano y brillante es una caracter\u00edstica importante que embellece la apariencia de las personas. Sin embargo, muchas personas que experimentan p\u00e9rdida o escasez de cabello por diversas razones recurren a diversos m\u00e9todos para revitalizar su belleza capilar y recuperar la apariencia saludable que han perdido. Uno de estos m\u00e9todos es el tratamiento con Plasma Rico en Plaquetas (PRP).\n\n<strong>\u00bfQu\u00e9 es PRP?<\/strong> El Plasma Rico en Plaquetas (PRP) es un m\u00e9todo de tratamiento que consiste en inyectar en el cuero cabelludo un suero obtenido de la propia sangre. Este suero revitaliza los fol\u00edculos pilosos y favorece el crecimiento del cabello gracias a su alto contenido de plaquetas.\n\n<strong>Ventajas del tratamiento con PRP:<\/strong>\n<ul>\n \t<li><strong>Un enfoque natural:<\/strong> El tratamiento con PRP es un m\u00e9todo natural, ya que utiliza la propia sangre del paciente. Generalmente, el organismo lo tolera bien.<\/li>\n \t<li><strong>Revitalizaci\u00f3n del fol\u00edculo piloso:<\/strong> El alto contenido de plaquetas estimula los fol\u00edculos pilosos, promoviendo el crecimiento del cabello.<\/li>\n \t<li><strong>Efectos secundarios m\u00ednimos:<\/strong> Por lo general, implica efectos secundarios m\u00ednimos y ofrece un proceso de recuperaci\u00f3n r\u00e1pido despu\u00e9s del procedimiento.<\/li>\n<\/ul>\n<strong>\u00bfC\u00f3mo se aplica el tratamiento PRP?<\/strong> El tratamiento con PRP incluye los siguientes pasos:\n<ol>\n \t<li><strong>Recolecci\u00f3n de sangre:<\/strong> Se extrae una peque\u00f1a cantidad de sangre del paciente.<\/li>\n \t<li><strong>Procesamiento de sangre:<\/strong> La sangre extra\u00edda se procesa en una centr\u00edfuga especial y se aumenta la tasa de plaquetas.<\/li>\n \t<li><strong>Inyecci\u00f3n de PRP:<\/strong> El suero PRP resultante se inyecta en el cuero cabelludo con una aguja fina.<\/li>\n<\/ol>\n<strong>\u00bfPara qui\u00e9n es adecuado?<\/strong> El tratamiento con PRP puede ser una opci\u00f3n para las personas que:\n<ul>\n \t<li>Aquellos que experimentan p\u00e9rdida o adelgazamiento del cabello.<\/li>\n \t<li>Aquellos que pierden la calidad del cabello debido a factores gen\u00e9ticos.<\/li>\n \t<li>Aquellos que quieran prevenir o detener la ca\u00edda del cabello.<\/li>\n<\/ul>\n<strong>Tratamiento PRP y preguntas frecuentes:<\/strong>\n\n<strong>1. \u00bfEl tratamiento con PRP es doloroso?<\/strong>\n<ul>\n \t<li>Puede haber alguna molestia leve durante el procedimiento, pero generalmente es una experiencia tolerable.<\/li>\n<\/ul>\n<strong>2. \u00bfCu\u00e1ntas sesiones se requieren?<\/strong>\n<ul>\n \t<li>El plan de tratamiento depende de las necesidades individuales. Generalmente se recomienda una serie de sesiones.<\/li>\n<\/ul>\n<strong>3. \u00bfC\u00f3mo es el proceso de recuperaci\u00f3n?<\/strong>\n<ul>\n \t<li>La recuperaci\u00f3n suele ser r\u00e1pida. Tras el procedimiento, la persona puede retomar sus actividades cotidianas de inmediato.<\/li>\n<\/ul>\n<strong>4. \u00bfCu\u00e1ndo obtendr\u00e9 resultados?<\/strong>\n<ul>\n \t<li>Los resultados pueden variar de persona a persona, pero suelen ser visibles al cabo de unos meses.<\/li>\n<\/ul>\n<strong>5. \u00bfQui\u00e9n no es apto para el tratamiento con PRP?<\/strong>\n<ul>\n \t<li>El tratamiento con PRP puede no ser adecuado para mujeres embarazadas, personas con problemas de coagulaci\u00f3n sangu\u00ednea y personas con ciertas enfermedades de la piel.<\/li>\n<\/ul>\n<strong>Conclusi\u00f3n:<\/strong> El tratamiento PRP ofrece una soluci\u00f3n innovadora para quienes desean revitalizar la belleza y la salud capilar. Este m\u00e9todo natural, m\u00ednimo en riesgos y eficaz busca lograr cambios positivos en la est\u00e9tica capilar.\t\t\t\t\t\t\t\t<\/div>\n\t\t\t\t<\/div>\n\t\t\t\t\t<\/div>\n\t\t<\/div>\n\t\t\t\t\t<\/div>\n\t\t<\/section>\n\t\t\t\t<\/div>","protected":false},"excerpt":{"rendered":"<p>PRP Tedavisi Hastanede Kal\u0131\u015f S\u00fcresi: Gerekli De\u011fil Operasyon S\u00fcresi: 6-8 Saat Anestezi: Lokal \u0130yile\u015fme S\u00fcresi: 6-12 Ay Hemen Randevu Al\u0131n G\u00fcr, sa\u011fl\u0131kl\u0131 ve parlak sa\u00e7lar, bireylerin d\u0131\u015f g\u00f6r\u00fcn\u00fc\u015flerini g\u00fczelle\u015ftiren \u00f6nemli bir \u00f6zelliktir. Ancak \u00e7e\u015fitli nedenlerle sa\u00e7 d\u00f6k\u00fclmesi veya seyreklik ya\u015fayan bir\u00e7ok ki\u015fi, sa\u00e7 g\u00fczelliklerini canland\u0131rmak ve kaybettikleri sa\u011fl\u0131kl\u0131 g\u00f6r\u00fcn\u00fcm\u00fc geri kazanmak i\u00e7in \u00e7e\u015fitli y\u00f6ntemlere ba\u015fvurur. [&hellip;]<\/p>\n","protected":false},"author":2,"featured_media":0,"parent":0,"menu_order":0,"comment_status":"closed","ping_status":"closed","template":"","meta":{"postBodyMargin":[],"postBodyPadding":[],"postBodyBackground":{"backgroundType":"classic","gradient":""},"footnotes":""},"class_list":["post-13548","page","type-page","status-publish","hentry"],"_links":{"self":[{"href":"https:\/\/seldacenter.com\/es\/wp-json\/wp\/v2\/pages\/13548","targetHints":{"allow":["GET"]}}],"collection":[{"href":"https:\/\/seldacenter.com\/es\/wp-json\/wp\/v2\/pages"}],"about":[{"href":"https:\/\/seldacenter.com\/es\/wp-json\/wp\/v2\/types\/page"}],"author":[{"embeddable":true,"href":"https:\/\/seldacenter.com\/es\/wp-json\/wp\/v2\/users\/2"}],"replies":[{"embeddable":true,"href":"https:\/\/seldacenter.com\/es\/wp-json\/wp\/v2\/comments?post=13548"}],"version-history":[{"count":13,"href":"https:\/\/seldacenter.com\/es\/wp-json\/wp\/v2\/pages\/13548\/revisions"}],"predecessor-version":[{"id":14127,"href":"https:\/\/seldacenter.com\/es\/wp-json\/wp\/v2\/pages\/13548\/revisions\/14127"}],"wp:attachment":[{"href":"https:\/\/seldacenter.com\/es\/wp-json\/wp\/v2\/media?parent=13548"}],"curies":[{"name":"wp","href":"https:\/\/api.w.org\/{rel}","templated":true}]}}