{"id":13546,"date":"2024-02-17T16:02:26","date_gmt":"2024-02-17T16:02:26","guid":{"rendered":"https:\/\/seldacenter.com\/yeniyapi\/?page_id=13546"},"modified":"2024-02-17T16:02:27","modified_gmt":"2024-02-17T16:02:27","slug":"sac-lazeri-nedir","status":"publish","type":"page","link":"https:\/\/seldacenter.com\/es\/sac-lazeri-nedir\/","title":{"rendered":"\u00bfQu\u00e9 es el l\u00e1ser capilar?"},"content":{"rendered":"<p>El cabello es un elemento importante que determina el aspecto est\u00e9tico tanto de mujeres como de hombres. Sin embargo, las condiciones insalubres provocadas por la vida moderna, el estr\u00e9s, los factores gen\u00e9ticos y diversos problemas de salud pueden provocar la ca\u00edda del cabello. La ca\u00edda del cabello puede reducir la calidad de vida de las personas al afectar su motivaci\u00f3n y confianza en s\u00ed mismas. En este punto, el tratamiento con l\u00e1ser capilar ofrece una soluci\u00f3n eficaz para quienes quieren fortalecer el cabello y frenar su ca\u00edda.<\/p>\n<p><strong>\u00bfQu\u00e9 es el l\u00e1ser capilar?<\/strong><\/p>\n<p>El l\u00e1ser capilar es un m\u00e9todo de tratamiento que utiliza dispositivos l\u00e1ser de \u00faltima generaci\u00f3n para aumentar la circulaci\u00f3n sangu\u00ednea en el fol\u00edculo piloso, promoviendo un crecimiento capilar m\u00e1s fuerte y saludable. Este m\u00e9todo ofrece una soluci\u00f3n eficaz contra la ca\u00edda del cabello al estimular el crecimiento de cabello nuevo en zonas con calvicie.<\/p>\n<p>El tratamiento l\u00e1ser capilar estimula los fol\u00edculos pilosos mediante la aplicaci\u00f3n de l\u00e1ser de baja intensidad o luz LED en el cuero cabelludo. Esta estimulaci\u00f3n aumenta la actividad celular, mejora la circulaci\u00f3n sangu\u00ednea y revitaliza los fol\u00edculos pilosos, reduciendo la ca\u00edda del cabello. Adem\u00e1s, engrosa el cabello debilitado y promueve una apariencia saludable.<\/p>\n<p><strong>\u00bfC\u00f3mo se aplica el tratamiento con l\u00e1ser capilar?<\/strong><\/p>\n<p>El tratamiento con l\u00e1ser capilar incluye los siguientes pasos:<\/p>\n<ol>\n<li><strong>Consulta y An\u00e1lisis Capilar:<\/strong> La estructura del cabello de la persona y el grado de ca\u00edda son evaluados por un dermat\u00f3logo especialista.<\/li>\n<li><strong>Planificaci\u00f3n del tratamiento:<\/strong> Se determina un plan de tratamiento personalizado en base al an\u00e1lisis del cabello. Se determina el n\u00famero y frecuencia de las sesiones.<\/li>\n<li><strong>Preparaci\u00f3n:<\/strong> Se limpia la zona del cabello y se aplica un suero que acelera la nutrici\u00f3n del cabello abriendo peque\u00f1os canales con un dermapen.<\/li>\n<li><strong>Aplicaci\u00f3n del l\u00e1ser:<\/strong> La circulaci\u00f3n sangu\u00ednea aumenta mediante la aplicaci\u00f3n de rayos l\u00e1ser a los capilares disfuncionales debajo del cuero cabelludo.<\/li>\n<li><strong>Finalizaci\u00f3n y mantenimiento:<\/strong> Despu\u00e9s de la aplicaci\u00f3n, se utilizan dermapen y suero para aumentar la efectividad de la aplicaci\u00f3n del l\u00e1ser.<\/li>\n<li><strong>Duraci\u00f3n y Frecuencia de las Sesiones:<\/strong> En una primera etapa se aplica en sesiones de 20 minutos dos veces por semana. Se pueden obtener resultados visibles despu\u00e9s de 10 sesiones en total.<\/li>\n<\/ol>\n<p><strong>Tratamiento L\u00e1ser Capilar y Ventajas:<\/strong><\/p>\n<ul>\n<li><strong>Sin dolor y seguro:<\/strong> El tratamiento con l\u00e1ser capilar es un procedimiento indoloro y generalmente tiene efectos secundarios m\u00ednimos.<\/li>\n<li><strong>Cabello grueso y brillante:<\/strong> El tratamiento favorece la formaci\u00f3n de un cabello grueso y brillante fortaleciendo los fol\u00edculos pilosos.<\/li>\n<li><strong>Uso combinado con trasplante de cabello:<\/strong> El tratamiento con l\u00e1ser capilar puede ayudar a lograr resultados m\u00e1s eficaces utiliz\u00e1ndolo antes y despu\u00e9s del trasplante de cabello.<\/li>\n<\/ul>\n<p><strong>Tratamiento L\u00e1ser Capilar y Mujer:<\/strong><\/p>\n<p>La ca\u00edda del cabello en las mujeres suele estar causada por factores gen\u00e9ticos, hormonales y nutricionales. La terapia l\u00e1ser capilar ofrece una soluci\u00f3n eficaz para la ca\u00edda del cabello en mujeres. El tratamiento se utiliza para detener la ca\u00edda del cabello, fortalecerlo y revitalizarlo. Se puede combinar con otros tratamientos para la ca\u00edda del cabello y es ideal para restaurar la salud capilar en las mujeres.<\/p>\n<p>En conclusi\u00f3n, el tratamiento l\u00e1ser capilar es un m\u00e9todo innovador impulsado por la tecnolog\u00eda moderna que puede ayudar a combatir la ca\u00edda del cabello de forma saludable, segura y eficaz. Tras el tratamiento, se puede experimentar una mejora visible y un fortalecimiento del cabello. Es importante recordar que es fundamental consultar con un dermat\u00f3logo antes del tratamiento.<\/p>","protected":false},"excerpt":{"rendered":"<p>Sa\u00e7lar, hem kad\u0131nlar\u0131n hem de erkeklerin estetik g\u00f6r\u00fcn\u00fcmlerini belirleyen \u00f6nemli bir unsurdur. Ancak modern ya\u015fam\u0131n getirdi\u011fi sa\u011fl\u0131ks\u0131z ko\u015fullar, stres, genetik fakt\u00f6rler ve \u00e7e\u015fitli sa\u011fl\u0131k sorunlar\u0131, sa\u00e7 d\u00f6k\u00fclmesine neden olabilmektedir. Sa\u00e7 kayb\u0131, insanlar\u0131n motivasyon ve \u00f6zg\u00fcvenini etkileyerek ya\u015fam kalitelerini d\u00fc\u015f\u00fcrebilir. Bu noktada sa\u00e7 lazeri tedavisi, sa\u00e7lar\u0131 g\u00fc\u00e7lendirmek ve d\u00f6k\u00fclmeyi durdurmak isteyenler i\u00e7in etkili bir \u00e7\u00f6z\u00fcm sunmaktad\u0131r. [&hellip;]<\/p>\n","protected":false},"author":2,"featured_media":0,"parent":0,"menu_order":0,"comment_status":"closed","ping_status":"closed","template":"","meta":{"postBodyMargin":[],"postBodyPadding":[],"postBodyBackground":{"backgroundType":"classic","gradient":""},"footnotes":""},"class_list":["post-13546","page","type-page","status-publish","hentry"],"_links":{"self":[{"href":"https:\/\/seldacenter.com\/es\/wp-json\/wp\/v2\/pages\/13546","targetHints":{"allow":["GET"]}}],"collection":[{"href":"https:\/\/seldacenter.com\/es\/wp-json\/wp\/v2\/pages"}],"about":[{"href":"https:\/\/seldacenter.com\/es\/wp-json\/wp\/v2\/types\/page"}],"author":[{"embeddable":true,"href":"https:\/\/seldacenter.com\/es\/wp-json\/wp\/v2\/users\/2"}],"replies":[{"embeddable":true,"href":"https:\/\/seldacenter.com\/es\/wp-json\/wp\/v2\/comments?post=13546"}],"version-history":[{"count":1,"href":"https:\/\/seldacenter.com\/es\/wp-json\/wp\/v2\/pages\/13546\/revisions"}],"predecessor-version":[{"id":13547,"href":"https:\/\/seldacenter.com\/es\/wp-json\/wp\/v2\/pages\/13546\/revisions\/13547"}],"wp:attachment":[{"href":"https:\/\/seldacenter.com\/es\/wp-json\/wp\/v2\/media?parent=13546"}],"curies":[{"name":"wp","href":"https:\/\/api.w.org\/{rel}","templated":true}]}}