{"id":12979,"date":"2023-10-18T20:34:40","date_gmt":"2023-10-18T17:34:40","guid":{"rendered":"https:\/\/seldacenter.com\/?page_id=12979"},"modified":"2023-10-18T20:34:40","modified_gmt":"2023-10-18T17:34:40","slug":"gizlilik-politikasi","status":"publish","type":"page","link":"https:\/\/seldacenter.com\/es\/gizlilik-politikasi\/","title":{"rendered":"pol\u00edtica de privacidad"},"content":{"rendered":"<p>Su seguridad es importante para nosotros. Por eso, protegemos con esmero los datos personales que comparte con nosotros.<\/p><p>Nosotros, Selda Hair Center, como controlador de datos, queremos informarle sobre esta pol\u00edtica de privacidad y protecci\u00f3n de datos personales sobre qu\u00e9 datos personales se procesar\u00e1n con qu\u00e9 prop\u00f3sito, con qui\u00e9n y por qu\u00e9 se pueden compartir los datos procesados, nuestro m\u00e9todo de procesamiento de datos y motivos legales, y cu\u00e1les son sus derechos con respecto a sus datos procesados.<\/p><h2 class=\"wp-block-heading\" id=\"toplanan-kisisel-verileriniz-toplanma-yoentemi-ve-hukuki-sebebi\">Sus datos personales recopilados, m\u00e9todo de recopilaci\u00f3n y fundamento legal<\/h2><p>Su direcci\u00f3n IP y la informaci\u00f3n de su agente de usuario ser\u00e1n procesadas \u00fanicamente con fines de an\u00e1lisis y a trav\u00e9s de tecnolog\u00edas como cookies, por medios autom\u00e1ticos o no autom\u00e1ticos, y en ocasiones obtenidas de terceros como proveedores de an\u00e1lisis, redes publicitarias, proveedores de informaci\u00f3n de b\u00fasqueda, proveedores de tecnolog\u00eda, registrados, almacenados y actualizados, en el marco y durante la duraci\u00f3n del servicio y la relaci\u00f3n contractual entre nosotros, con base en el requisito de procesamiento de inter\u00e9s leg\u00edtimo.<\/p><h2 class=\"wp-block-heading\" id=\"kisisel-verilerinizin-islenme-amaci\">Finalidad del tratamiento de sus datos personales<\/h2><p>Sus datos personales que usted comparte con nosotros ser\u00e1n procesados y actualizados \u00fanicamente mediante an\u00e1lisis; de manera intencionada y moderada durante el per\u00edodo del contrato y del servicio con el fin de cumplir de la mejor manera con los requisitos de los servicios que ofrecemos, para garantizar que pueda acceder y beneficiarse de estos servicios al m\u00e1ximo nivel, para desarrollar nuestros servicios de acuerdo con sus necesidades y para ponerlo en contacto con proveedores de servicios m\u00e1s amplios dentro de los marcos legales y para cumplir con las obligaciones derivadas de la ley (compartir datos personales con autoridades judiciales y administrativas a solicitud).<\/p><h2 class=\"wp-block-heading\" id=\"toplanan-kisisel-verilerin-kimlere-ve-hangi-amaclarla-aktarilabilecegi\">\u00bfA qui\u00e9n y con qu\u00e9 fines se pueden transferir los datos personales recopilados?<\/h2><p>Sus datos personales que usted comparte con nosotros podr\u00e1n ser transferidos a terceros, instituciones y organizaciones nacionales y extranjeras de quienes recibimos y\/o prestamos servicios, con quienes tenemos relaciones contractuales, con quienes cooperamos, para el desarrollo de nuestras actividades, y a autoridades judiciales y administrativas previa solicitud, siempre que se tomen las medidas t\u00e9cnicas y administrativas necesarias.<\/p><h2 class=\"wp-block-heading\" id=\"kisisel-verileri-islenen-kisi-olarak-haklariniz\">Sus derechos como persona cuyos datos personales son procesados<\/h2><p>De conformidad con el art\u00edculo 11 de la KVKK, cualquier persona puede ejercer los siguientes derechos dirigi\u00e9ndose al responsable del tratamiento de datos:<\/p><ol class=\"wp-block-list\" type=\"a\"><li>Saber si se est\u00e1n procesando datos personales,<\/li>\n\n<li>Para solicitar informaci\u00f3n respecto al tratamiento de datos personales,<\/li>\n\n<li>Para conocer la finalidad del tratamiento de los datos personales y si se utilizan conforme a su finalidad,<\/li>\n\n<li>Conocer los terceros a quienes se transfieren datos personales, ya sea a nivel nacional o en el extranjero,<\/li>\n\n<li>Solicitar la correcci\u00f3n de los datos personales si se procesan de manera incompleta o incorrecta,<\/li>\n\n<li>Solicitar la eliminaci\u00f3n o destrucci\u00f3n de datos personales,<\/li>\n\n<li>Solicitar que las operaciones realizadas conforme a los incisos (e) y (f) sean notificadas a terceros a quienes se les hayan transferido datos personales,<\/li>\n\n<li>Oponerse a un resultado que resulte perjudicial para la propia persona, como resultado del an\u00e1lisis de los datos tratados exclusivamente mediante sistemas autom\u00e1ticos,<\/li>\n\n<li>En caso de da\u00f1os causados por un tratamiento il\u00edcito de datos personales, la persona tiene derecho a exigir una indemnizaci\u00f3n por el da\u00f1o.<\/li><\/ol><p>Puede contactarnos a trav\u00e9s de info@seldacenter.com para ejercer sus derechos enumerados anteriormente.<\/p><h2 class=\"wp-block-heading\" id=\"iletisim\">La comunicaci\u00f3n<\/h2><p>Para poder realizar an\u00e1lisis con el fin de prestarle nuestros servicios, tiene total libertad para aceptar o rechazar el tratamiento de sus datos personales, siempre que solo sea necesario de acuerdo con esta pol\u00edtica de privacidad y tratamiento de datos personales. Si contin\u00faa utilizando el sitio, asumiremos que la ha aceptado. Para obtener m\u00e1s informaci\u00f3n, no dude en contactarnos a trav\u00e9s de info@seldacenter.com.<\/p>","protected":false},"excerpt":{"rendered":"<p>G\u00fcvenli\u011finiz bizim i\u00e7in \u00f6nemli. Bu sebeple bizimle payla\u015faca\u011f\u0131n\u0131z ki\u015fisel verileriz hassasiyetle korunmaktad\u0131r. Biz, Selda Hair Center, veri sorumlusu olarak, bu gizlilik ve ki\u015fisel verilerin korunmas\u0131 politikas\u0131 ile, hangi ki\u015fisel verilerinizin hangi ama\u00e7la i\u015flenece\u011fi, i\u015flenen verilerin kimlerle ve neden payla\u015f\u0131labilece\u011fi, veri i\u015fleme y\u00f6ntemimiz ve hukuki sebeplerimiz ile; i\u015flenen verilerinize ili\u015fkin haklar\u0131n\u0131z\u0131n neler oldu\u011fu hususunda sizleri ayd\u0131nlatmay\u0131 [&hellip;]<\/p>\n","protected":false},"author":2,"featured_media":0,"parent":0,"menu_order":0,"comment_status":"closed","ping_status":"closed","template":"","meta":{"postBodyMargin":[],"postBodyPadding":[],"postBodyBackground":{"backgroundType":"classic","gradient":""},"footnotes":""},"class_list":["post-12979","page","type-page","status-publish","hentry"],"_links":{"self":[{"href":"https:\/\/seldacenter.com\/es\/wp-json\/wp\/v2\/pages\/12979","targetHints":{"allow":["GET"]}}],"collection":[{"href":"https:\/\/seldacenter.com\/es\/wp-json\/wp\/v2\/pages"}],"about":[{"href":"https:\/\/seldacenter.com\/es\/wp-json\/wp\/v2\/types\/page"}],"author":[{"embeddable":true,"href":"https:\/\/seldacenter.com\/es\/wp-json\/wp\/v2\/users\/2"}],"replies":[{"embeddable":true,"href":"https:\/\/seldacenter.com\/es\/wp-json\/wp\/v2\/comments?post=12979"}],"version-history":[{"count":0,"href":"https:\/\/seldacenter.com\/es\/wp-json\/wp\/v2\/pages\/12979\/revisions"}],"wp:attachment":[{"href":"https:\/\/seldacenter.com\/es\/wp-json\/wp\/v2\/media?parent=12979"}],"curies":[{"name":"wp","href":"https:\/\/api.w.org\/{rel}","templated":true}]}}