{"id":12867,"date":"2023-08-02T21:06:29","date_gmt":"2023-08-02T18:06:29","guid":{"rendered":"https:\/\/seldacenter.com\/?page_id=12867"},"modified":"2024-06-06T07:29:08","modified_gmt":"2024-06-06T07:29:08","slug":"kisisel-verilerin-korunmasi-kanunu-nu-kapsaminda-saglik-kurumumuza-ait-aydinlatma-metni","status":"publish","type":"page","link":"https:\/\/seldacenter.com\/es\/kisisel-verilerin-korunmasi-kanunu-nu-kapsaminda-saglik-kurumumuza-ait-aydinlatma-metni\/","title":{"rendered":"Texto informativo de KVKK"},"content":{"rendered":"<div data-elementor-type=\"wp-page\" data-elementor-id=\"12867\" class=\"elementor elementor-12867\" data-elementor-post-type=\"page\">\n\t\t\t\t\t\t<section class=\"elementor-section elementor-top-section elementor-element elementor-element-417ae8e elementor-section-boxed elementor-section-height-default elementor-section-height-default\" data-id=\"417ae8e\" data-element_type=\"section\">\n\t\t\t\t\t\t<div class=\"elementor-container elementor-column-gap-default\">\n\t\t\t\t\t<div class=\"elementor-column elementor-col-100 elementor-top-column elementor-element elementor-element-3f30c93\" data-id=\"3f30c93\" data-element_type=\"column\">\n\t\t\t<div class=\"elementor-widget-wrap elementor-element-populated\">\n\t\t\t\t\t\t<div class=\"elementor-element elementor-element-3339c10 elementor-widget elementor-widget-heading\" data-id=\"3339c10\" data-element_type=\"widget\" data-widget_type=\"heading.default\">\n\t\t\t\t<div class=\"elementor-widget-container\">\n\t\t\t\t\t<h2 class=\"elementor-heading-title elementor-size-default\">TEXTO ACLARATORIO PARA NUESTRA INSTITUCI\u00d3N DE SALUD EN EL ALCANCE DE LA LEY DE PROTECCI\u00d3N DE DATOS PERSONALES<\/h2>\t\t\t\t<\/div>\n\t\t\t\t<\/div>\n\t\t\t\t<div class=\"elementor-element elementor-element-bbf0970 elementor-widget elementor-widget-text-editor\" data-id=\"bbf0970\" data-element_type=\"widget\" data-widget_type=\"text-editor.default\">\n\t\t\t\t<div class=\"elementor-widget-container\">\n\t\t\t\t\t\t\t\t\t<h3>Informaci\u00f3n personal<\/h3><p><strong>Informaci\u00f3n personal:<\/strong> Cualquier informaci\u00f3n relativa a una persona f\u00edsica identificada o identificable.<\/p><h3>Controlador de datos<\/h3><p>Nuestra instituci\u00f3n de salud, que es el responsable del tratamiento de conformidad con el art\u00edculo 3\/f de la Ley de Protecci\u00f3n de Datos Personales n\u00ba 6698 (KVKK):<\/p><p><strong>T\u00edtulo del controlador de datos:<\/strong> Centro Selda Turismo M\u00e9dico y de Salud Industria Publicitaria Comercio Sociedad An\u00f3nima<\/p><h3>Finalidad del Tratamiento y Transferencia de Datos Personales<\/h3><p><strong>(Art\u00edculo 6\/3 de la KVKK):<\/strong><\/p><ul><li>Protecci\u00f3n de la salud p\u00fablica<\/li><li>Medicina Preventiva<\/li><li>Proporcionar servicios de diagn\u00f3stico, tratamiento y atenci\u00f3n m\u00e9dica.<\/li><li>Planificaci\u00f3n y gesti\u00f3n de servicios de salud y financiaci\u00f3n.<\/li><\/ul><p>Para estos fines, los datos personales deben procesarse de acuerdo con nuestras obligaciones y responsabilidades actuales.<\/p><h3>Tratamiento de Datos Personales de Salud<\/h3><p><strong>Reglamento sobre el Tratamiento y Garant\u00eda de la Privacidad de los Datos Personales de Salud (Bolet\u00edn Oficial: 20.10.2016 \u2013 29863, Art\u00edculo 7):<\/strong><\/p><p>Datos personales de salud; Podr\u00e1 ser tratado sin el consentimiento expreso del interesado por personas sujetas a obligaci\u00f3n de confidencialidad o por instituciones y organizaciones autorizadas con el fin de proteger la salud p\u00fablica, la medicina preventiva, el diagn\u00f3stico m\u00e9dico, la ejecuci\u00f3n de servicios de tratamiento y atenci\u00f3n, la planificaci\u00f3n y gesti\u00f3n de la salud. servicios y su financiaci\u00f3n.<\/p><h3>Datos personales que pueden registrarse durante las visitas a la instituci\u00f3n<\/h3><p><strong>Reglamento de Hospitales Privados (Gaceta Oficial Fecha: 27.03.2002, N\u00famero: 24708, Art\u00edculo 48):<\/strong><\/p><ul><li>Hoja de ingreso del paciente (Nombre, apellidos, DNI TR, n\u00famero de pasaporte, lugar de nacimiento, a\u00f1o de nacimiento, estado civil, sexo, direcci\u00f3n, tel\u00e9fono, etc.)<\/li><li>Papel de observaci\u00f3n y examen m\u00e9dico.<\/li><li>signo de enfermo<\/li><li>Hoja de observaci\u00f3n de la enfermera.<\/li><li>Hojas de solicitud de rayos X y laboratorio e informes de ex\u00e1menes.<\/li><li>papel quirurgico<\/li><li>Formulario de solicitud de examen del paciente.<\/li><li>Resumen de lanzamiento<\/li><li>Formulario de consentimiento de aceptaci\u00f3n de tratamiento<\/li><li>Informaci\u00f3n de la cita<\/li><li>Direcci\u00f3n de correo electr\u00f3nico y otros datos de contacto<\/li><li>Datos personales obtenidos a trav\u00e9s de grabaciones de conversaciones de voz y correo electr\u00f3nico, carta u otros medios<\/li><li>N\u00famero de cuenta bancaria, n\u00famero IBAN, informaci\u00f3n de tarjeta de cr\u00e9dito, informaci\u00f3n de facturaci\u00f3n<\/li><li>Datos sobre seguros m\u00e9dicos privados<\/li><li>Datos de la Instituci\u00f3n de Seguridad Social<\/li><li>Grabaciones de c\u00e1maras con fines de seguridad e inspecci\u00f3n.<\/li><li>Informaci\u00f3n de la matr\u00edcula del veh\u00edculo en caso de uso del estacionamiento.<\/li><li>Formularios de solicitud de empleo<\/li><li>Archivos de personal de los empleados<\/li><\/ul><h3>Protecci\u00f3n de sus datos personales<\/h3><p>Todos sus datos personales registrados por nosotros electr\u00f3nica y f\u00edsicamente est\u00e1n protegidos de conformidad con el art\u00edculo 3 y el art\u00edculo 4 de la Decisi\u00f3n N\u00b0 2018\/10 del Consejo de Protecci\u00f3n de Datos Personales del 31\/01\/2018 sobre las precauciones adecuadas que deben tomar los controladores de datos. en el Tratamiento de Datos Personales Especiales.<\/p><h3>Instituciones a las que se podr\u00e1n transferir sus datos personales<\/h3><ul><li>Ministerio de Salud<\/li><li>SSI<\/li><li>Empresas de laboratorios contratadas<\/li><li>compa\u00f1\u00edas de seguros privadas<\/li><li>Empresas de archivo contratadas<\/li><li>Proveedores de sistemas de gesti\u00f3n de informaci\u00f3n hospitalaria<\/li><\/ul><p><strong>(Seg\u00fan los art\u00edculos 8\/b y 9\/2 de la KVKK):<\/strong> Siempre que se tomen las precauciones adecuadas, sus datos personales podr\u00e1n transferirse si se cumple una de las condiciones especificadas en el tercer p\u00e1rrafo del art\u00edculo 6.<\/p><h3>Sus derechos con respecto a sus datos personales<\/h3><p><strong>De conformidad con el art\u00edculo 11 de la KVKK:<\/strong><\/p><ul><li>Saber si se tratan datos personales o no<\/li><li>Solicitar informaci\u00f3n si se han tratado datos personales<\/li><li>Conocer el prop\u00f3sito del procesamiento de datos personales y si se utilizan para el fin previsto<\/li><li>Conocer a terceros a quienes se transfieren datos personales en el pa\u00eds o en el extranjero<\/li><li>Solicitar la correcci\u00f3n de datos personales si est\u00e1n incompletos o procesados incorrectamente<\/li><li>Solicitar la eliminaci\u00f3n o destrucci\u00f3n de datos personales (excluidos los plazos legales de conservaci\u00f3n)<\/li><li>Oponerse a la aparici\u00f3n de un resultado contra la persona mediante el an\u00e1lisis de los datos tratados exclusivamente a trav\u00e9s de sistemas autom\u00e1ticos<\/li><li>Solicitar una indemnizaci\u00f3n por da\u00f1os y perjuicios en caso de perjuicio por tratamiento il\u00edcito de datos personales<\/li><\/ul><h3>Formas de presentar una solicitud al responsable del tratamiento de datos<\/h3><p><strong>Art\u00edculo 13 de la KVKK:<\/strong><\/p><ul><li>Podr\u00e1 presentar sus solicitudes al responsable del tratamiento por escrito o por otros medios que determine la Junta.<\/li><li>El responsable del tratamiento finalizar\u00e1 su solicitud de forma gratuita lo antes posible y en un plazo m\u00e1ximo de treinta d\u00edas.<\/li><li>Si la solicitud requiere un costo adicional, se podr\u00e1 cobrar la tarifa de la tarifa que determine la Junta.<\/li><li>Si su solicitud es aceptada, se cumplir\u00e1; si es rechazada, se le explicar\u00e1 el motivo y se le notificar\u00e1.<\/li><\/ul><h3>Queja ante la Junta<\/h3><p><strong>Art\u00edculo 14 de la KVKK:<\/strong><\/p><ul><li>En los casos en que la solicitud sea rechazada, la respuesta se considere insuficiente, o la respuesta no se d\u00e9 en plazo, podr\u00e1 presentar una reclamaci\u00f3n ante la Junta dentro de los treinta d\u00edas siguientes a la fecha en que conoci\u00f3 la respuesta del responsable del tratamiento, y en todo caso dentro de los sesenta d\u00edas siguientes a la fecha de la solicitud.<\/li><\/ul><h3>Procedimientos y principios de investigaci\u00f3n por denuncia o de oficio<\/h3><p><strong>Art\u00edculo 15 de la KVKK:<\/strong><\/p><ul><li>La Junta lleva a cabo una investigaci\u00f3n de oficio ante una denuncia o si tiene conocimiento de una presunta infracci\u00f3n.<\/li><li>La Junta examina la solicitud y responde a los interesados. Si no se da respuesta dentro de los sesenta d\u00edas siguientes a la fecha de la denuncia, la solicitud se tendr\u00e1 por rechazada.<\/li><li>Si se detecta una infracci\u00f3n, la Junta decide que la ilicitud ser\u00e1 subsanada por el responsable del tratamiento y lo notifica a las partes pertinentes. Esta decisi\u00f3n se ejecutar\u00e1 sin demora, a m\u00e1s tardar en un plazo de treinta d\u00edas.<\/li><li>Si se determina que la violaci\u00f3n es generalizada, la Junta toma una decisi\u00f3n principal y la publica.<\/li><li>En caso de da\u00f1os irreparables o imposibles y si existe una clara violaci\u00f3n de la ley, la Junta podr\u00e1 decidir suspender el procesamiento de datos o la transferencia de datos al extranjero.<\/li><\/ul><h3>La comunicaci\u00f3n<\/h3><p>Con el fin de brindar un mejor servicio a sus sugerencias, quejas y solicitudes en materia de Datos Personales <a rel=\"noreferrer\">info@seldacenter.com<\/a> Puede enviar un correo electr\u00f3nico o presentar una solicitud a la Unidad de Derechos del Paciente de nuestra instituci\u00f3n. De acuerdo con la Ley de Protecci\u00f3n de Datos de Car\u00e1cter Personal, no se puede dar informaci\u00f3n sobre datos personales a trav\u00e9s de comunicaci\u00f3n telef\u00f3nica. Gracias por su comprensi\u00f3n.<\/p>\t\t\t\t\t\t\t\t<\/div>\n\t\t\t\t<\/div>\n\t\t\t\t\t<\/div>\n\t\t<\/div>\n\t\t\t\t\t<\/div>\n\t\t<\/section>\n\t\t\t\t<\/div>","protected":false},"excerpt":{"rendered":"<p>K\u0130\u015e\u0130SEL VER\u0130LER\u0130N KORUNMASI KANUNU\u2019 NU KAPSAMINDA SA\u011eLIK KURUMUMUZA A\u0130T AYDINLATMA METN\u0130 Ki\u015fisel Veri Ki\u015fisel Veri: Kimli\u011fi belirli veya belirlenebilir ger\u00e7ek ki\u015fiye ili\u015fkin her t\u00fcrl\u00fc bilgi. Veri Sorumlusu 6698 say\u0131l\u0131 Ki\u015fisel Verilerin Korunmas\u0131 Kanunu (KVKK) madde 3\/f uyar\u0131nca veri sorumlusu niteli\u011finde olan sa\u011fl\u0131k kurumumuz: Veri Sorumlusu Unvan\u0131: Selda Center Medikal ve Sa\u011fl\u0131k Turizm Reklam Sanayi Ticaret [&hellip;]<\/p>\n","protected":false},"author":2,"featured_media":0,"parent":0,"menu_order":0,"comment_status":"closed","ping_status":"closed","template":"","meta":{"postBodyMargin":[],"postBodyPadding":[],"postBodyBackground":{"backgroundType":"classic","gradient":""},"footnotes":""},"class_list":["post-12867","page","type-page","status-publish","hentry"],"_links":{"self":[{"href":"https:\/\/seldacenter.com\/es\/wp-json\/wp\/v2\/pages\/12867","targetHints":{"allow":["GET"]}}],"collection":[{"href":"https:\/\/seldacenter.com\/es\/wp-json\/wp\/v2\/pages"}],"about":[{"href":"https:\/\/seldacenter.com\/es\/wp-json\/wp\/v2\/types\/page"}],"author":[{"embeddable":true,"href":"https:\/\/seldacenter.com\/es\/wp-json\/wp\/v2\/users\/2"}],"replies":[{"embeddable":true,"href":"https:\/\/seldacenter.com\/es\/wp-json\/wp\/v2\/comments?post=12867"}],"version-history":[{"count":6,"href":"https:\/\/seldacenter.com\/es\/wp-json\/wp\/v2\/pages\/12867\/revisions"}],"predecessor-version":[{"id":14787,"href":"https:\/\/seldacenter.com\/es\/wp-json\/wp\/v2\/pages\/12867\/revisions\/14787"}],"wp:attachment":[{"href":"https:\/\/seldacenter.com\/es\/wp-json\/wp\/v2\/media?parent=12867"}],"curies":[{"name":"wp","href":"https:\/\/api.w.org\/{rel}","templated":true}]}}