{"id":13681,"date":"2024-02-21T23:18:48","date_gmt":"2024-02-21T23:18:48","guid":{"rendered":"https:\/\/seldacenter.com\/?page_id=13681"},"modified":"2024-03-02T01:34:04","modified_gmt":"2024-03-02T01:34:04","slug":"otoplasti","status":"publish","type":"page","link":"https:\/\/seldacenter.com\/en\/otoplasti\/","title":{"rendered":"Otoplasty"},"content":{"rendered":"<div data-elementor-type=\"wp-page\" data-elementor-id=\"13681\" class=\"elementor elementor-13681\" data-elementor-post-type=\"page\">\n\t\t\t\t\t\t<section class=\"elementor-section elementor-top-section elementor-element elementor-element-41538fd elementor-section-boxed elementor-section-height-default elementor-section-height-default\" data-id=\"41538fd\" data-element_type=\"section\">\n\t\t\t\t\t\t<div class=\"elementor-container elementor-column-gap-default\">\n\t\t\t\t\t<div class=\"elementor-column elementor-col-50 elementor-top-column elementor-element elementor-element-8e2d9eb\" data-id=\"8e2d9eb\" data-element_type=\"column\" data-settings=\"{&quot;background_background&quot;:&quot;classic&quot;}\">\n\t\t\t<div class=\"elementor-widget-wrap elementor-element-populated\">\n\t\t\t\t\t\t<div class=\"elementor-element elementor-element-24d559d elementor-widget elementor-widget-image\" data-id=\"24d559d\" data-element_type=\"widget\" data-widget_type=\"image.default\">\n\t\t\t\t<div class=\"elementor-widget-container\">\n\t\t\t\t\t\t\t\t\t\t\t\t\t\t\t<img fetchpriority=\"high\" decoding=\"async\" width=\"996\" height=\"664\" src=\"https:\/\/seldacenter.com\/wp-content\/uploads\/2024\/03\/cute-girl-pulling-her-ear-tired-listening-lies-excuses_176420-25707.jpg\" class=\"attachment-full size-full wp-image-14176\" alt=\"\" srcset=\"https:\/\/seldacenter.com\/wp-content\/uploads\/2024\/03\/cute-girl-pulling-her-ear-tired-listening-lies-excuses_176420-25707.jpg 996w, https:\/\/seldacenter.com\/wp-content\/uploads\/2024\/03\/cute-girl-pulling-her-ear-tired-listening-lies-excuses_176420-25707-600x400.jpg 600w, https:\/\/seldacenter.com\/wp-content\/uploads\/2024\/03\/cute-girl-pulling-her-ear-tired-listening-lies-excuses_176420-25707-300x200.jpg 300w, https:\/\/seldacenter.com\/wp-content\/uploads\/2024\/03\/cute-girl-pulling-her-ear-tired-listening-lies-excuses_176420-25707-768x512.jpg 768w\" sizes=\"(max-width: 996px) 100vw, 996px\" \/>\t\t\t\t\t\t\t\t\t\t\t\t\t\t\t<\/div>\n\t\t\t\t<\/div>\n\t\t\t\t\t<\/div>\n\t\t<\/div>\n\t\t\t\t<div class=\"elementor-column elementor-col-50 elementor-top-column elementor-element elementor-element-5c6289e\" data-id=\"5c6289e\" data-element_type=\"column\">\n\t\t\t<div class=\"elementor-widget-wrap elementor-element-populated\">\n\t\t\t\t\t\t<div class=\"elementor-element elementor-element-6378143 elementor-widget-divider--view-line_text elementor-widget-divider--element-align-left elementor-widget elementor-widget-divider\" data-id=\"6378143\" data-element_type=\"widget\" data-widget_type=\"divider.default\">\n\t\t\t\t<div class=\"elementor-widget-container\">\n\t\t\t\t\t\t\t<div class=\"elementor-divider\">\n\t\t\t<span class=\"elementor-divider-separator\">\n\t\t\t\t\t\t\t<h3 class=\"elementor-divider__text elementor-divider__element\">\n\t\t\t\tOtoplasty\t\t\t\t<\/h3>\n\t\t\t\t\t\t<\/span>\n\t\t<\/div>\n\t\t\t\t\t\t<\/div>\n\t\t\t\t<\/div>\n\t\t\t\t<div class=\"elementor-element elementor-element-60eb70b elementor-align-left elementor-icon-list--layout-traditional elementor-list-item-link-full_width elementor-widget elementor-widget-icon-list\" data-id=\"60eb70b\" data-element_type=\"widget\" data-widget_type=\"icon-list.default\">\n\t\t\t\t<div class=\"elementor-widget-container\">\n\t\t\t\t\t\t\t<ul class=\"elementor-icon-list-items\">\n\t\t\t\t\t\t\t<li class=\"elementor-icon-list-item\">\n\t\t\t\t\t\t\t\t\t\t\t<span class=\"elementor-icon-list-icon\">\n\t\t\t\t\t\t\t<svg aria-hidden=\"true\" class=\"e-font-icon-svg e-far-hospital\" viewbox=\"0 0 448 512\" xmlns=\"http:\/\/www.w3.org\/2000\/svg\"><path d=\"M128 244v-40c0-6.627 5.373-12 12-12h40c6.627 0 12 5.373 12 12v40c0 6.627-5.373 12-12 12h-40c-6.627 0-12-5.373-12-12zm140 12h40c6.627 0 12-5.373 12-12v-40c0-6.627-5.373-12-12-12h-40c-6.627 0-12 5.373-12 12v40c0 6.627 5.373 12 12 12zm-76 84v-40c0-6.627-5.373-12-12-12h-40c-6.627 0-12 5.373-12 12v40c0 6.627 5.373 12 12 12h40c6.627 0 12-5.373 12-12zm76 12h40c6.627 0 12-5.373 12-12v-40c0-6.627-5.373-12-12-12h-40c-6.627 0-12 5.373-12 12v40c0 6.627 5.373 12 12 12zm180 124v36H0v-36c0-6.627 5.373-12 12-12h19.5V85.035C31.5 73.418 42.245 64 55.5 64H144V24c0-13.255 10.745-24 24-24h112c13.255 0 24 10.745 24 24v40h88.5c13.255 0 24 9.418 24 21.035V464H436c6.627 0 12 5.373 12 12zM79.5 463H192v-67c0-6.627 5.373-12 12-12h40c6.627 0 12 5.373 12 12v67h112.5V112H304v24c0 13.255-10.745 24-24 24H168c-13.255 0-24-10.745-24-24v-24H79.5v351zM266 64h-26V38a6 6 0 0 0-6-6h-20a6 6 0 0 0-6 6v26h-26a6 6 0 0 0-6 6v20a6 6 0 0 0 6 6h26v26a6 6 0 0 0 6 6h20a6 6 0 0 0 6-6V96h26a6 6 0 0 0 6-6V70a6 6 0 0 0-6-6z\"><\/path><\/svg>\t\t\t\t\t\t<\/span>\n\t\t\t\t\t\t\t\t\t\t<span class=\"elementor-icon-list-text\">Length of Hospital Stay: Not Required<\/span>\n\t\t\t\t\t\t\t\t\t<\/li>\n\t\t\t\t\t\t\t\t<li class=\"elementor-icon-list-item\">\n\t\t\t\t\t\t\t\t\t\t\t<span class=\"elementor-icon-list-icon\">\n\t\t\t\t\t\t\t<svg aria-hidden=\"true\" class=\"e-font-icon-svg e-far-clock\" viewbox=\"0 0 512 512\" xmlns=\"http:\/\/www.w3.org\/2000\/svg\"><path d=\"M256 8C119 8 8 119 8 256s111 248 248 248 248-111 248-248S393 8 256 8zm0 448c-110.5 0-200-89.5-200-200S145.5 56 256 56s200 89.5 200 200-89.5 200-200 200zm61.8-104.4l-84.9-61.7c-3.1-2.3-4.9-5.9-4.9-9.7V116c0-6.6 5.4-12 12-12h32c6.6 0 12 5.4 12 12v141.7l66.8 48.6c5.4 3.9 6.5 11.4 2.6 16.8L334.6 349c-3.9 5.3-11.4 6.5-16.8 2.6z\"><\/path><\/svg>\t\t\t\t\t\t<\/span>\n\t\t\t\t\t\t\t\t\t\t<span class=\"elementor-icon-list-text\">Operation Time: 6-8 Hours<\/span>\n\t\t\t\t\t\t\t\t\t<\/li>\n\t\t\t\t\t\t\t\t<li class=\"elementor-icon-list-item\">\n\t\t\t\t\t\t\t\t\t\t\t<span class=\"elementor-icon-list-icon\">\n\t\t\t\t\t\t\t<svg aria-hidden=\"true\" class=\"e-font-icon-svg e-fas-syringe\" viewbox=\"0 0 512 512\" xmlns=\"http:\/\/www.w3.org\/2000\/svg\"><path d=\"M201.5 174.8l55.7 55.8c3.1 3.1 3.1 8.2 0 11.3l-11.3 11.3c-3.1 3.1-8.2 3.1-11.3 0l-55.7-55.8-45.3 45.3 55.8 55.8c3.1 3.1 3.1 8.2 0 11.3l-11.3 11.3c-3.1 3.1-8.2 3.1-11.3 0L111 265.2l-26.4 26.4c-17.3 17.3-25.6 41.1-23 65.4l7.1 63.6L2.3 487c-3.1 3.1-3.1 8.2 0 11.3l11.3 11.3c3.1 3.1 8.2 3.1 11.3 0l66.3-66.3 63.6 7.1c23.9 2.6 47.9-5.4 65.4-23l181.9-181.9-135.7-135.7-64.9 65zm308.2-93.3L430.5 2.3c-3.1-3.1-8.2-3.1-11.3 0l-11.3 11.3c-3.1 3.1-3.1 8.2 0 11.3l28.3 28.3-45.3 45.3-56.6-56.6-17-17c-3.1-3.1-8.2-3.1-11.3 0l-33.9 33.9c-3.1 3.1-3.1 8.2 0 11.3l17 17L424.8 223l17 17c3.1 3.1 8.2 3.1 11.3 0l33.9-34c3.1-3.1 3.1-8.2 0-11.3l-73.5-73.5 45.3-45.3 28.3 28.3c3.1 3.1 8.2 3.1 11.3 0l11.3-11.3c3.1-3.2 3.1-8.2 0-11.4z\"><\/path><\/svg>\t\t\t\t\t\t<\/span>\n\t\t\t\t\t\t\t\t\t\t<span class=\"elementor-icon-list-text\">Anesthesia: Local<\/span>\n\t\t\t\t\t\t\t\t\t<\/li>\n\t\t\t\t\t\t\t\t<li class=\"elementor-icon-list-item\">\n\t\t\t\t\t\t\t\t\t\t\t<span class=\"elementor-icon-list-icon\">\n\t\t\t\t\t\t\t<svg aria-hidden=\"true\" class=\"e-font-icon-svg e-far-heart\" viewbox=\"0 0 512 512\" xmlns=\"http:\/\/www.w3.org\/2000\/svg\"><path d=\"M458.4 64.3C400.6 15.7 311.3 23 256 79.3 200.7 23 111.4 15.6 53.6 64.3-21.6 127.6-10.6 230.8 43 285.5l175.4 178.7c10 10.2 23.4 15.9 37.6 15.9 14.3 0 27.6-5.6 37.6-15.8L469 285.6c53.5-54.7 64.7-157.9-10.6-221.3zm-23.6 187.5L259.4 430.5c-2.4 2.4-4.4 2.4-6.8 0L77.2 251.8c-36.5-37.2-43.9-107.6 7.3-150.7 38.9-32.7 98.9-27.8 136.5 10.5l35 35.7 35-35.7c37.8-38.5 97.8-43.2 136.5-10.6 51.1 43.1 43.5 113.9 7.3 150.8z\"><\/path><\/svg>\t\t\t\t\t\t<\/span>\n\t\t\t\t\t\t\t\t\t\t<span class=\"elementor-icon-list-text\">Recovery Time: 6-12 Months<\/span>\n\t\t\t\t\t\t\t\t\t<\/li>\n\t\t\t\t\t\t<\/ul>\n\t\t\t\t\t\t<\/div>\n\t\t\t\t<\/div>\n\t\t\t\t<div class=\"elementor-element elementor-element-c2f9d78 elementor-align-justify elementor-widget elementor-widget-button\" data-id=\"c2f9d78\" data-element_type=\"widget\" data-widget_type=\"button.default\">\n\t\t\t\t<div class=\"elementor-widget-container\">\n\t\t\t\t\t\t\t\t\t<div class=\"elementor-button-wrapper\">\n\t\t\t\t\t<a class=\"elementor-button elementor-button-link elementor-size-sm elementor-animation-buzz\" href=\"https:\/\/seldacenter.com\/en\/\">\n\t\t\t\t\t\t<span class=\"elementor-button-content-wrapper\">\n\t\t\t\t\t\t\t\t\t<span class=\"elementor-button-text\">Make an Appointment Now<\/span>\n\t\t\t\t\t<\/span>\n\t\t\t\t\t<\/a>\n\t\t\t\t<\/div>\n\t\t\t\t\t\t\t\t<\/div>\n\t\t\t\t<\/div>\n\t\t\t\t\t<\/div>\n\t\t<\/div>\n\t\t\t\t\t<\/div>\n\t\t<\/section>\n\t\t\t\t<section class=\"elementor-section elementor-top-section elementor-element elementor-element-412b5cb4 elementor-section-boxed elementor-section-height-default elementor-section-height-default\" data-id=\"412b5cb4\" data-element_type=\"section\">\n\t\t\t\t\t\t<div class=\"elementor-container elementor-column-gap-default\">\n\t\t\t\t\t<div class=\"elementor-column elementor-col-100 elementor-top-column elementor-element elementor-element-1f05119b\" data-id=\"1f05119b\" data-element_type=\"column\">\n\t\t\t<div class=\"elementor-widget-wrap elementor-element-populated\">\n\t\t\t\t\t\t<div class=\"elementor-element elementor-element-7d0c3747 elementor-widget elementor-widget-text-editor\" data-id=\"7d0c3747\" data-element_type=\"widget\" data-widget_type=\"text-editor.default\">\n\t\t\t\t<div class=\"elementor-widget-container\">\n\t\t\t\t\t\t\t\t\tOtoplasty is a surgical procedure that is literally referred to as &quot;ear aesthetics&quot;. This aesthetic operation is the process of rearranging the shape of the auricle, that is, the auricle, to give a more natural and aesthetic appearance. There are many different surgical techniques and methods for otoplasty, and these techniques can be applied successfully by a few surgeons. Otoplasty often offers a solution for individuals who are unhappy with their ear shape. Pathological conditions such as prominent or large-looking ears, absence or weakness of the antihelix, and cavum turbinate hypertrophy can be corrected using various otoplasty techniques, resulting in natural and patient-satisfying results. This aesthetic operation is performed at the most appropriate time, especially in pre-school children, usually around the age of 5. Because prominent ears being the subject of ridicule at school age can negatively affect the child&#039;s psychology. Otoplasty surgery is usually performed under general anesthesia and can take 1-2 hours on average. With an incision made behind the ear, the desired ear shape is determined and the surgery is performed using suturing techniques. During the surgery, cartilage excision is performed when necessary and a natural aesthetic ear is tried to be obtained. After the surgery, the incision behind the ear is closed with sutures, resulting in an inconspicuous scar that is usually not disturbing. The risk of infection is minimized when proper hygiene and sterilization are provided during and after the operation. The quality and suitability of the stitches used prevents problems such as ear opening, re-scooping or deformity. Postoperative dressings, appropriate bleeding control and postoperative follow-up prevent hematoma formation. Postoperative dressing and checks usually last 10 days. After the stitches are removed on the tenth day, the patient can return to his daily social life. The use of an elastic head bandage only at night may be recommended to achieve better results. Otoplasty is an effective plastic surgery procedure that helps patients feel better and achieve a youthful and natural appearance. A detailed examination and surgical planning before surgery is important to meet patients&#039; expectations. Top of Form\t\t\t\t\t\t\t\t<\/div>\n\t\t\t\t<\/div>\n\t\t\t\t\t<\/div>\n\t\t<\/div>\n\t\t\t\t\t<\/div>\n\t\t<\/section>\n\t\t\t\t<\/div>","protected":false},"excerpt":{"rendered":"<p>Otoplasti Hastanede Kal\u0131\u015f S\u00fcresi: Gerekli De\u011fil Operasyon S\u00fcresi: 6-8 Saat Anestezi: Lokal \u0130yile\u015fme S\u00fcresi: 6-12 Ay Hemen Randevu Al\u0131n Otoplasti, kelime anlam\u0131yla &#8220;kulak esteti\u011fi&#8221; olarak ifade edilen bir cerrahi i\u015flemdir. Bu estetik operasyon, kulak kep\u00e7esinin, yani aurikulan\u0131n \u015feklinin yeniden d\u00fczenlenerek daha do\u011fal ve estetik bir g\u00f6r\u00fcn\u00fcm kazand\u0131r\u0131lmas\u0131 i\u015flemidir. Otoplasti i\u00e7in bir\u00e7ok farkl\u0131 ameliyat tekni\u011fi ve [&hellip;]<\/p>\n","protected":false},"author":2,"featured_media":0,"parent":0,"menu_order":0,"comment_status":"closed","ping_status":"closed","template":"","meta":{"postBodyMargin":[],"postBodyPadding":[],"postBodyBackground":{"backgroundType":"classic","gradient":""},"footnotes":""},"class_list":["post-13681","page","type-page","status-publish","hentry"],"_links":{"self":[{"href":"https:\/\/seldacenter.com\/en\/wp-json\/wp\/v2\/pages\/13681","targetHints":{"allow":["GET"]}}],"collection":[{"href":"https:\/\/seldacenter.com\/en\/wp-json\/wp\/v2\/pages"}],"about":[{"href":"https:\/\/seldacenter.com\/en\/wp-json\/wp\/v2\/types\/page"}],"author":[{"embeddable":true,"href":"https:\/\/seldacenter.com\/en\/wp-json\/wp\/v2\/users\/2"}],"replies":[{"embeddable":true,"href":"https:\/\/seldacenter.com\/en\/wp-json\/wp\/v2\/comments?post=13681"}],"version-history":[{"count":7,"href":"https:\/\/seldacenter.com\/en\/wp-json\/wp\/v2\/pages\/13681\/revisions"}],"predecessor-version":[{"id":14179,"href":"https:\/\/seldacenter.com\/en\/wp-json\/wp\/v2\/pages\/13681\/revisions\/14179"}],"wp:attachment":[{"href":"https:\/\/seldacenter.com\/en\/wp-json\/wp\/v2\/media?parent=13681"}],"curies":[{"name":"wp","href":"https:\/\/api.w.org\/{rel}","templated":true}]}}