{"id":13615,"date":"2024-02-17T19:01:04","date_gmt":"2024-02-17T19:01:04","guid":{"rendered":"https:\/\/seldacenter.com\/yeniyapi\/?page_id=13615"},"modified":"2024-03-02T01:11:42","modified_gmt":"2024-03-02T01:11:42","slug":"bisektomi","status":"publish","type":"page","link":"https:\/\/seldacenter.com\/en\/bisektomi\/","title":{"rendered":"Bisektomi"},"content":{"rendered":"<div data-elementor-type=\"wp-page\" data-elementor-id=\"13615\" class=\"elementor elementor-13615\" data-elementor-post-type=\"page\">\n\t\t\t\t\t\t<section class=\"elementor-section elementor-top-section elementor-element elementor-element-a088df7 elementor-section-boxed elementor-section-height-default elementor-section-height-default\" data-id=\"a088df7\" data-element_type=\"section\">\n\t\t\t\t\t\t<div class=\"elementor-container elementor-column-gap-default\">\n\t\t\t\t\t<div class=\"elementor-column elementor-col-50 elementor-top-column elementor-element elementor-element-023dbba\" data-id=\"023dbba\" data-element_type=\"column\" data-settings=\"{&quot;background_background&quot;:&quot;classic&quot;}\">\n\t\t\t<div class=\"elementor-widget-wrap elementor-element-populated\">\n\t\t\t\t\t\t<div class=\"elementor-element elementor-element-5bf18df elementor-widget elementor-widget-image\" data-id=\"5bf18df\" data-element_type=\"widget\" data-widget_type=\"image.default\">\n\t\t\t\t<div class=\"elementor-widget-container\">\n\t\t\t\t\t\t\t\t\t\t\t\t\t\t\t<img fetchpriority=\"high\" decoding=\"async\" width=\"1024\" height=\"683\" src=\"https:\/\/seldacenter.com\/wp-content\/uploads\/2024\/03\/OIG1.59lNuKE_4BXqX-1.jpeg\" class=\"attachment-full size-full wp-image-14164\" alt=\"\" srcset=\"https:\/\/seldacenter.com\/wp-content\/uploads\/2024\/03\/OIG1.59lNuKE_4BXqX-1.jpeg 1024w, https:\/\/seldacenter.com\/wp-content\/uploads\/2024\/03\/OIG1.59lNuKE_4BXqX-1-600x400.jpeg 600w, https:\/\/seldacenter.com\/wp-content\/uploads\/2024\/03\/OIG1.59lNuKE_4BXqX-1-300x200.jpeg 300w, https:\/\/seldacenter.com\/wp-content\/uploads\/2024\/03\/OIG1.59lNuKE_4BXqX-1-768x512.jpeg 768w\" sizes=\"(max-width: 1024px) 100vw, 1024px\" \/>\t\t\t\t\t\t\t\t\t\t\t\t\t\t\t<\/div>\n\t\t\t\t<\/div>\n\t\t\t\t\t<\/div>\n\t\t<\/div>\n\t\t\t\t<div class=\"elementor-column elementor-col-50 elementor-top-column elementor-element elementor-element-49d40e2\" data-id=\"49d40e2\" data-element_type=\"column\">\n\t\t\t<div class=\"elementor-widget-wrap elementor-element-populated\">\n\t\t\t\t\t\t<div class=\"elementor-element elementor-element-a1aa936 elementor-widget-divider--view-line_text elementor-widget-divider--element-align-left elementor-widget elementor-widget-divider\" data-id=\"a1aa936\" data-element_type=\"widget\" data-widget_type=\"divider.default\">\n\t\t\t\t<div class=\"elementor-widget-container\">\n\t\t\t\t\t\t\t<div class=\"elementor-divider\">\n\t\t\t<span class=\"elementor-divider-separator\">\n\t\t\t\t\t\t\t<h3 class=\"elementor-divider__text elementor-divider__element\">\n\t\t\t\tBisektomi\t\t\t\t<\/h3>\n\t\t\t\t\t\t<\/span>\n\t\t<\/div>\n\t\t\t\t\t\t<\/div>\n\t\t\t\t<\/div>\n\t\t\t\t<div class=\"elementor-element elementor-element-eeb4620 elementor-align-left elementor-icon-list--layout-traditional elementor-list-item-link-full_width elementor-widget elementor-widget-icon-list\" data-id=\"eeb4620\" data-element_type=\"widget\" data-widget_type=\"icon-list.default\">\n\t\t\t\t<div class=\"elementor-widget-container\">\n\t\t\t\t\t\t\t<ul class=\"elementor-icon-list-items\">\n\t\t\t\t\t\t\t<li class=\"elementor-icon-list-item\">\n\t\t\t\t\t\t\t\t\t\t\t<span class=\"elementor-icon-list-icon\">\n\t\t\t\t\t\t\t<svg aria-hidden=\"true\" class=\"e-font-icon-svg e-far-hospital\" viewbox=\"0 0 448 512\" xmlns=\"http:\/\/www.w3.org\/2000\/svg\"><path d=\"M128 244v-40c0-6.627 5.373-12 12-12h40c6.627 0 12 5.373 12 12v40c0 6.627-5.373 12-12 12h-40c-6.627 0-12-5.373-12-12zm140 12h40c6.627 0 12-5.373 12-12v-40c0-6.627-5.373-12-12-12h-40c-6.627 0-12 5.373-12 12v40c0 6.627 5.373 12 12 12zm-76 84v-40c0-6.627-5.373-12-12-12h-40c-6.627 0-12 5.373-12 12v40c0 6.627 5.373 12 12 12h40c6.627 0 12-5.373 12-12zm76 12h40c6.627 0 12-5.373 12-12v-40c0-6.627-5.373-12-12-12h-40c-6.627 0-12 5.373-12 12v40c0 6.627 5.373 12 12 12zm180 124v36H0v-36c0-6.627 5.373-12 12-12h19.5V85.035C31.5 73.418 42.245 64 55.5 64H144V24c0-13.255 10.745-24 24-24h112c13.255 0 24 10.745 24 24v40h88.5c13.255 0 24 9.418 24 21.035V464H436c6.627 0 12 5.373 12 12zM79.5 463H192v-67c0-6.627 5.373-12 12-12h40c6.627 0 12 5.373 12 12v67h112.5V112H304v24c0 13.255-10.745 24-24 24H168c-13.255 0-24-10.745-24-24v-24H79.5v351zM266 64h-26V38a6 6 0 0 0-6-6h-20a6 6 0 0 0-6 6v26h-26a6 6 0 0 0-6 6v20a6 6 0 0 0 6 6h26v26a6 6 0 0 0 6 6h20a6 6 0 0 0 6-6V96h26a6 6 0 0 0 6-6V70a6 6 0 0 0-6-6z\"><\/path><\/svg>\t\t\t\t\t\t<\/span>\n\t\t\t\t\t\t\t\t\t\t<span class=\"elementor-icon-list-text\">Length of Hospital Stay: Not Required<\/span>\n\t\t\t\t\t\t\t\t\t<\/li>\n\t\t\t\t\t\t\t\t<li class=\"elementor-icon-list-item\">\n\t\t\t\t\t\t\t\t\t\t\t<span class=\"elementor-icon-list-icon\">\n\t\t\t\t\t\t\t<svg aria-hidden=\"true\" class=\"e-font-icon-svg e-far-clock\" viewbox=\"0 0 512 512\" xmlns=\"http:\/\/www.w3.org\/2000\/svg\"><path d=\"M256 8C119 8 8 119 8 256s111 248 248 248 248-111 248-248S393 8 256 8zm0 448c-110.5 0-200-89.5-200-200S145.5 56 256 56s200 89.5 200 200-89.5 200-200 200zm61.8-104.4l-84.9-61.7c-3.1-2.3-4.9-5.9-4.9-9.7V116c0-6.6 5.4-12 12-12h32c6.6 0 12 5.4 12 12v141.7l66.8 48.6c5.4 3.9 6.5 11.4 2.6 16.8L334.6 349c-3.9 5.3-11.4 6.5-16.8 2.6z\"><\/path><\/svg>\t\t\t\t\t\t<\/span>\n\t\t\t\t\t\t\t\t\t\t<span class=\"elementor-icon-list-text\">Operation Time: 6-8 Hours<\/span>\n\t\t\t\t\t\t\t\t\t<\/li>\n\t\t\t\t\t\t\t\t<li class=\"elementor-icon-list-item\">\n\t\t\t\t\t\t\t\t\t\t\t<span class=\"elementor-icon-list-icon\">\n\t\t\t\t\t\t\t<svg aria-hidden=\"true\" class=\"e-font-icon-svg e-fas-syringe\" viewbox=\"0 0 512 512\" xmlns=\"http:\/\/www.w3.org\/2000\/svg\"><path d=\"M201.5 174.8l55.7 55.8c3.1 3.1 3.1 8.2 0 11.3l-11.3 11.3c-3.1 3.1-8.2 3.1-11.3 0l-55.7-55.8-45.3 45.3 55.8 55.8c3.1 3.1 3.1 8.2 0 11.3l-11.3 11.3c-3.1 3.1-8.2 3.1-11.3 0L111 265.2l-26.4 26.4c-17.3 17.3-25.6 41.1-23 65.4l7.1 63.6L2.3 487c-3.1 3.1-3.1 8.2 0 11.3l11.3 11.3c3.1 3.1 8.2 3.1 11.3 0l66.3-66.3 63.6 7.1c23.9 2.6 47.9-5.4 65.4-23l181.9-181.9-135.7-135.7-64.9 65zm308.2-93.3L430.5 2.3c-3.1-3.1-8.2-3.1-11.3 0l-11.3 11.3c-3.1 3.1-3.1 8.2 0 11.3l28.3 28.3-45.3 45.3-56.6-56.6-17-17c-3.1-3.1-8.2-3.1-11.3 0l-33.9 33.9c-3.1 3.1-3.1 8.2 0 11.3l17 17L424.8 223l17 17c3.1 3.1 8.2 3.1 11.3 0l33.9-34c3.1-3.1 3.1-8.2 0-11.3l-73.5-73.5 45.3-45.3 28.3 28.3c3.1 3.1 8.2 3.1 11.3 0l11.3-11.3c3.1-3.2 3.1-8.2 0-11.4z\"><\/path><\/svg>\t\t\t\t\t\t<\/span>\n\t\t\t\t\t\t\t\t\t\t<span class=\"elementor-icon-list-text\">Anesthesia: Local<\/span>\n\t\t\t\t\t\t\t\t\t<\/li>\n\t\t\t\t\t\t\t\t<li class=\"elementor-icon-list-item\">\n\t\t\t\t\t\t\t\t\t\t\t<span class=\"elementor-icon-list-icon\">\n\t\t\t\t\t\t\t<svg aria-hidden=\"true\" class=\"e-font-icon-svg e-far-heart\" viewbox=\"0 0 512 512\" xmlns=\"http:\/\/www.w3.org\/2000\/svg\"><path d=\"M458.4 64.3C400.6 15.7 311.3 23 256 79.3 200.7 23 111.4 15.6 53.6 64.3-21.6 127.6-10.6 230.8 43 285.5l175.4 178.7c10 10.2 23.4 15.9 37.6 15.9 14.3 0 27.6-5.6 37.6-15.8L469 285.6c53.5-54.7 64.7-157.9-10.6-221.3zm-23.6 187.5L259.4 430.5c-2.4 2.4-4.4 2.4-6.8 0L77.2 251.8c-36.5-37.2-43.9-107.6 7.3-150.7 38.9-32.7 98.9-27.8 136.5 10.5l35 35.7 35-35.7c37.8-38.5 97.8-43.2 136.5-10.6 51.1 43.1 43.5 113.9 7.3 150.8z\"><\/path><\/svg>\t\t\t\t\t\t<\/span>\n\t\t\t\t\t\t\t\t\t\t<span class=\"elementor-icon-list-text\">Recovery Time: 6-12 Months<\/span>\n\t\t\t\t\t\t\t\t\t<\/li>\n\t\t\t\t\t\t<\/ul>\n\t\t\t\t\t\t<\/div>\n\t\t\t\t<\/div>\n\t\t\t\t<div class=\"elementor-element elementor-element-bd127fe elementor-align-justify elementor-widget elementor-widget-button\" data-id=\"bd127fe\" data-element_type=\"widget\" data-widget_type=\"button.default\">\n\t\t\t\t<div class=\"elementor-widget-container\">\n\t\t\t\t\t\t\t\t\t<div class=\"elementor-button-wrapper\">\n\t\t\t\t\t<a class=\"elementor-button elementor-button-link elementor-size-sm elementor-animation-buzz\" href=\"https:\/\/seldacenter.com\/en\/\">\n\t\t\t\t\t\t<span class=\"elementor-button-content-wrapper\">\n\t\t\t\t\t\t\t\t\t<span class=\"elementor-button-text\">Make an Appointment Now<\/span>\n\t\t\t\t\t<\/span>\n\t\t\t\t\t<\/a>\n\t\t\t\t<\/div>\n\t\t\t\t\t\t\t\t<\/div>\n\t\t\t\t<\/div>\n\t\t\t\t\t<\/div>\n\t\t<\/div>\n\t\t\t\t\t<\/div>\n\t\t<\/section>\n\t\t\t\t<section class=\"elementor-section elementor-top-section elementor-element elementor-element-25d6e46b elementor-section-boxed elementor-section-height-default elementor-section-height-default\" data-id=\"25d6e46b\" data-element_type=\"section\">\n\t\t\t\t\t\t<div class=\"elementor-container elementor-column-gap-default\">\n\t\t\t\t\t<div class=\"elementor-column elementor-col-100 elementor-top-column elementor-element elementor-element-2337d06e\" data-id=\"2337d06e\" data-element_type=\"column\">\n\t\t\t<div class=\"elementor-widget-wrap elementor-element-populated\">\n\t\t\t\t\t\t<div class=\"elementor-element elementor-element-261e854c elementor-widget elementor-widget-text-editor\" data-id=\"261e854c\" data-element_type=\"widget\" data-widget_type=\"text-editor.default\">\n\t\t\t\t<div class=\"elementor-widget-container\">\n\t\t\t\t\t\t\t\t\tBichectomy is one of the aesthetic operations preferred by people who aim for an ideal facial appearance. This operation is performed to make facial features more proportional. In some cases, even if the person is at the ideal weight, he or she may appear overweight due to the amount of fat on the face. The fat tissue in the middle area of the cheeks is called buccal fat tissue. This fatty tissue, which is anatomically located in the lower region of the cheekbones, is located between the facial muscles and is thought to contribute to sucking functions in babies. However, with the aging process, buccal fat tissue generally tends to decrease. Buccal fat tissue is considered an important element of facial aesthetics. As a result of the growth of this tissue, facial lines may become rounded, cheeks may sag, and a baby face appearance may occur. Removing the fatty tissue on the cheeks, this procedure known as &quot;partial buccal lipectomy&quot;, is considered an important surgical intervention in terms of facial features and aesthetics. Fat pads inside the cheeks can make a person look overweight or old.\n\n<strong>Who is Bichectomy Suitable for?<\/strong>\n\nBichectomy can be performed on people of all ages and genders, but the lower age limit generally considered appropriate for the operation is 25. In individuals under this age, the effect of the operation may not be more obvious as the facial features have not yet been established. Bichectomy can be applied to people who have excess fat on the cheeks, have unclear facial features, appear chubby, overweight, or have thick facial lines. The operation is performed by targeting the golden ratio and the person&#039;s facial features become sharper, cheekbones and chin become prominent. Suitable candidates for this plastic surgery usually have the following characteristics:\n<ul>\n \t<li>being physically healthy<\/li>\n \t<li>Having a healthy body weight<\/li>\n \t<li>Having a round and full face structure<\/li>\n \t<li>Being realistic about post-operative expectations<\/li>\n \t<li>not using tobacco<\/li>\n<\/ul>\nHowever, this operation may not be suitable for everyone. This operation may not be suitable for those who have naturally thin facial features or those who have already lost cheek fat tissue with aging. Additionally, it should not be forgotten that this operation may make the signs of aging more noticeable in elderly individuals.\n\n<strong>How is Bichectomy Done?<\/strong>\n\nBichectomy surgery is usually performed under local anesthesia. However, if it is performed simultaneously with another plastic surgery intervention, general anesthesia may also be preferred. During the operation, an incision of approximately 1 cm in size is made on the inside of the cheek. Buccal fat tissue is reached and a certain part of this tissue is removed. The same process is repeated for the other cheek to obtain a symmetrical appearance. At the same time, some of the fat tissue taken to highlight the cheekbones can be added to this area to make facial lines sharper and more distinct. In order to complete the operation successfully, it is important that patients inform their doctors regularly before and after the examination. In addition, the use of antibiotics in the postoperative period, paying attention to oral hygiene, and complying with other care instructions recommended by the physician positively affect the healing process.\n\n<strong>Things to Consider Before Bichectomy Operation<\/strong>\n\nBefore bichectomy surgery, it is important for patients to clearly express their post-operative expectations and goals to their doctors. They also need to share information such as chronic diseases, medications they use, alcohol and tobacco use. This information guides doctors about post-operative risks and what the recovery process may be like. During the examination, the physician examines the patient&#039;s face and tries to understand what appearance he wants to achieve. It is important that patients do not stop taking their regular medications and follow the doctor&#039;s recommendations before and after the operation.\n\n<strong>Things to Consider After Bichectomy Operation<\/strong>\n\nAfter bichectomy surgery, patients are usually discharged immediately and can return to daily activities. Using antibiotics, paying attention to oral hygiene and following other care instructions after the operation can accelerate the healing process. Additionally, cold compresses can be applied to reduce swelling and bruising. Other factors to consider after the operation include not smoking, limiting alcohol consumption and not skipping regular check-ups. Complete implementation of all instructions given by the physician is important for a successful recovery process. Bichectomy operation offers an effective solution for those who want to clarify facial lines and achieve a more aesthetic appearance. However, like every aesthetic operation, bichectomy can give the best results when performed correctly and on suitable candidates in expert hands. It is important for those who want to achieve an ideal facial appearance to have a detailed discussion with a specialist plastic surgeon before the bichectomy operation and evaluate whether the operation is suitable for them.\t\t\t\t\t\t\t\t<\/div>\n\t\t\t\t<\/div>\n\t\t\t\t\t<\/div>\n\t\t<\/div>\n\t\t\t\t\t<\/div>\n\t\t<\/section>\n\t\t\t\t<\/div>","protected":false},"excerpt":{"rendered":"<p>Bi\u015fektomi Hastanede Kal\u0131\u015f S\u00fcresi: Gerekli De\u011fil Operasyon S\u00fcresi: 6-8 Saat Anestezi: Lokal \u0130yile\u015fme S\u00fcresi: 6-12 Ay Hemen Randevu Al\u0131n Bi\u015fektomi, ideal bir y\u00fcz g\u00f6r\u00fcn\u00fcm\u00fc hedefleyen ki\u015filerin tercih etti\u011fi estetik operasyonlardan biridir. Bu operasyon, y\u00fcz hatlar\u0131n\u0131 daha orant\u0131l\u0131 hale getirmek amac\u0131yla uygulan\u0131r. Baz\u0131 durumlarda, ki\u015fi ideal kiloda olsa bile y\u00fczdeki ya\u011f oran\u0131 nedeniyle kilolu bir izlenim [&hellip;]<\/p>\n","protected":false},"author":2,"featured_media":0,"parent":0,"menu_order":0,"comment_status":"closed","ping_status":"closed","template":"","meta":{"postBodyMargin":[],"postBodyPadding":[],"postBodyBackground":{"backgroundType":"classic","gradient":""},"footnotes":""},"class_list":["post-13615","page","type-page","status-publish","hentry"],"_links":{"self":[{"href":"https:\/\/seldacenter.com\/en\/wp-json\/wp\/v2\/pages\/13615","targetHints":{"allow":["GET"]}}],"collection":[{"href":"https:\/\/seldacenter.com\/en\/wp-json\/wp\/v2\/pages"}],"about":[{"href":"https:\/\/seldacenter.com\/en\/wp-json\/wp\/v2\/types\/page"}],"author":[{"embeddable":true,"href":"https:\/\/seldacenter.com\/en\/wp-json\/wp\/v2\/users\/2"}],"replies":[{"embeddable":true,"href":"https:\/\/seldacenter.com\/en\/wp-json\/wp\/v2\/comments?post=13615"}],"version-history":[{"count":7,"href":"https:\/\/seldacenter.com\/en\/wp-json\/wp\/v2\/pages\/13615\/revisions"}],"predecessor-version":[{"id":14167,"href":"https:\/\/seldacenter.com\/en\/wp-json\/wp\/v2\/pages\/13615\/revisions\/14167"}],"wp:attachment":[{"href":"https:\/\/seldacenter.com\/en\/wp-json\/wp\/v2\/media?parent=13615"}],"curies":[{"name":"wp","href":"https:\/\/api.w.org\/{rel}","templated":true}]}}