{"id":13605,"date":"2024-02-17T18:57:23","date_gmt":"2024-02-17T18:57:23","guid":{"rendered":"https:\/\/seldacenter.com\/yeniyapi\/?page_id=13605"},"modified":"2024-02-17T18:57:24","modified_gmt":"2024-02-17T18:57:24","slug":"brazilian-butt-lift","status":"publish","type":"page","link":"https:\/\/seldacenter.com\/en\/brazilian-butt-lift\/","title":{"rendered":"Brazilian Butt Lift"},"content":{"rendered":"<p>Brazilian Butt Lift (BBL), popularly known as hip aesthetics, is a body shaping surgery performed to correct the form in the butt area and revitalize a sagging or flat appearance. This plastic surgery involves processing fat taken from other parts of the body and injecting it into the butt area. In this article, we will examine the stages, advantages and postoperative care of the BBL operation in detail.<\/p>\n<p><strong>Stages of BBL Surgery<\/strong><\/p>\n<p><strong>1. Liposuction \u2013 Fat Removal Surgery<\/strong><\/p>\n<p>In the first part of the operation, fat is removed from unwanted areas of the patient by vaser liposuction. This stage is performed to slim the waist, reduce excess fat on the hips and correct the general contours of the body.<\/p>\n<p><strong>2. Butt Fat Injection and Shaping<\/strong><\/p>\n<p>The extracted fat is injected into the deformed or missing areas of the butt area, ensuring that the butt becomes fuller, erect and aesthetically pleasing. This stage is specially planned and implemented according to the patient&#039;s body form.<\/p>\n<p><strong>3. Surgery Planning<\/strong><\/p>\n<p>For buttock fat injection, the patient must have a sufficient amount of fat in his body. Therefore, after a doctor&#039;s examination, the patient&#039;s potential for fat cells is evaluated and a surgery plan is made.<\/p>\n<p><strong>Post-Operative Care<\/strong><\/p>\n<p>Certain precautions must be taken to ensure a successful and trouble-free recovery from BBL surgery.<\/p>\n<ul>\n<li><strong>Corset Usage:<\/strong> It is recommended to use a corset for the first month. This supports the body after surgery and aids in the shaping process.<\/li>\n<li><strong>Rest:<\/strong> Rest is recommended for approximately 10 days. During this period, lying face down should be avoided and one should sit on soft surfaces.<\/li>\n<li><strong>Dressing and Bathing:<\/strong> 4th-5th day of surgery. On the first day, dressing is done and the bathing process begins. This helps maintain hygiene and ensure that the surgical site undergoes a healthy healing process.<\/li>\n<li><strong>Swelling and Bruises:<\/strong> Swelling and bruising seen in the first week usually subside within a week. However, the full recovery process may take several weeks.<\/li>\n<\/ul>\n<p><strong>Results<\/strong><\/p>\n<p>Brazilian Butt Lift, as an aesthetic and shaping butt operation, is a demanded option in body shaping. This surgery offers the potential to achieve natural and permanent results due to the use of the patient&#039;s own fat. However, as with any surgical intervention, it should be performed by a specialist surgeon and postoperative care instructions should be followed meticulously.<\/p>","protected":false},"excerpt":{"rendered":"<p>Brazilian Butt Lift (BBL), pop\u00fcler ad\u0131yla bilinen kal\u00e7a esteti\u011fi, popo b\u00f6lgesindeki formu d\u00fczeltmek, sarkm\u0131\u015f veya d\u00fczle\u015fmi\u015f bir g\u00f6r\u00fcn\u00fcm\u00fc canland\u0131rmak i\u00e7in uygulanan bir v\u00fccut \u015fekillendirme ameliyat\u0131d\u0131r. Bu estetik cerrahi, v\u00fccuttaki di\u011fer b\u00f6lgelerden al\u0131nan ya\u011f\u0131n i\u015flenip popo b\u00f6lgesine enjekte edilmesini i\u00e7erir. Bu makalede, BBL operasyonunun a\u015famalar\u0131n\u0131, avantajlar\u0131n\u0131 ve ameliyat sonras\u0131 bak\u0131m\u0131 detayl\u0131 bir \u015fekilde inceleyece\u011fiz. BBL Ameliyat\u0131n\u0131n [&hellip;]<\/p>\n","protected":false},"author":2,"featured_media":0,"parent":0,"menu_order":0,"comment_status":"closed","ping_status":"closed","template":"","meta":{"postBodyMargin":[],"postBodyPadding":[],"postBodyBackground":{"backgroundType":"classic","gradient":""},"footnotes":""},"class_list":["post-13605","page","type-page","status-publish","hentry"],"_links":{"self":[{"href":"https:\/\/seldacenter.com\/en\/wp-json\/wp\/v2\/pages\/13605","targetHints":{"allow":["GET"]}}],"collection":[{"href":"https:\/\/seldacenter.com\/en\/wp-json\/wp\/v2\/pages"}],"about":[{"href":"https:\/\/seldacenter.com\/en\/wp-json\/wp\/v2\/types\/page"}],"author":[{"embeddable":true,"href":"https:\/\/seldacenter.com\/en\/wp-json\/wp\/v2\/users\/2"}],"replies":[{"embeddable":true,"href":"https:\/\/seldacenter.com\/en\/wp-json\/wp\/v2\/comments?post=13605"}],"version-history":[{"count":1,"href":"https:\/\/seldacenter.com\/en\/wp-json\/wp\/v2\/pages\/13605\/revisions"}],"predecessor-version":[{"id":13606,"href":"https:\/\/seldacenter.com\/en\/wp-json\/wp\/v2\/pages\/13605\/revisions\/13606"}],"wp:attachment":[{"href":"https:\/\/seldacenter.com\/en\/wp-json\/wp\/v2\/media?parent=13605"}],"curies":[{"name":"wp","href":"https:\/\/api.w.org\/{rel}","templated":true}]}}