{"id":13601,"date":"2024-02-17T18:55:02","date_gmt":"2024-02-17T18:55:02","guid":{"rendered":"https:\/\/seldacenter.com\/yeniyapi\/?page_id=13601"},"modified":"2024-02-17T18:55:04","modified_gmt":"2024-02-17T18:55:04","slug":"kol-germe-ameliyati-nedir","status":"publish","type":"page","link":"https:\/\/seldacenter.com\/en\/kol-germe-ameliyati-nedir\/","title":{"rendered":"What is Arm Lift Surgery?"},"content":{"rendered":"<p>Arm lift surgery is a plastic surgery operation performed to remove unwanted subcutaneous fat tissue and sagging skin. This operation is performed to correct sagging in the arm area and restore skin tightness.<\/p>\n<p><strong>Why is Brachioplasty Performed?<\/strong><\/p>\n<p>Loose and sagging arm skin is a condition that individuals experience physical and emotional discomfort. Especially in sleeveless clothing, the sagging that occurs when the arms are lifted to the sides becomes one of the sources of unhappiness for individuals. Brachioplasty surgery provides both physical and emotional relief by eliminating this aesthetic problem.<\/p>\n<p><strong>Why Does Arm Skin Sag?<\/strong><\/p>\n<p>Sagging arm skin is often associated with factors such as aging, genetic factors, excessive weight gain and loss, excessive sun exposure, and the effects of gravity. The combination of these factors creates sagging skin and fat accumulation on the back and inner part of the arm.<\/p>\n<p><strong>How Is Arm Lift Performed?<\/strong><\/p>\n<p>In arm lift surgery, excess skin is removed with incisions made in the armpit or inside the elbow, and the arm is shaped. If there is excess fat, it is removed with liposuction or direct incisions. The incisions are closed with aesthetic stitches, thus achieving an aesthetic appearance with minimal scars after the operation.<\/p>\n<p><strong>Arm Lift Surgery Duration and Pain<\/strong><\/p>\n<p>Arm lift surgery is an operation that usually takes 1-3 hours, depending on the condition of the area. Pain and tingling felt after the operation will gradually disappear with the painkillers prescribed by the doctor.<\/p>\n<p><strong>Type of Anesthesia<\/strong><\/p>\n<p>Arm lift surgeries are usually performed in hospital conditions, with the patient receiving general anesthesia or sedation and local anesthesia. In this way, the patient undergoes the operation painlessly and comfortably.<\/p>\n<p>Arm lift surgery is an effective solution to correct sagging arm skin with an aesthetic touch and give the patient a more fit, youthful and relaxing appearance. When a detailed consultation is performed before the operation, under the management of a specialist surgeon and with the appropriate technique, it can increase the patient&#039;s satisfaction and help them regain their self-confidence.<\/p>","protected":false},"excerpt":{"rendered":"<p>Kol germe ameliyat\u0131, istenmeyen deri alt\u0131 ya\u011f dokusunun ve sarkan derinin giderilmesi amac\u0131yla uygulanan bir plastik cerrahi operasyondur. Bu operasyon, kol b\u00f6lgesindeki sarkmalar\u0131n d\u00fczeltilmesi ve cildin gerginli\u011finin yeniden sa\u011flanmas\u0131 i\u00e7in ger\u00e7ekle\u015ftirilir. Brakioplasti Neden Yap\u0131l\u0131r? Gev\u015femi\u015f ve sarkm\u0131\u015f kol derisi, bireylerin fiziksel ve duygusal rahats\u0131zl\u0131k ya\u015fad\u0131\u011f\u0131 bir durumdur. \u00d6zellikle kolsuz giysilerde, kollar iki yana kald\u0131r\u0131ld\u0131\u011f\u0131nda ortaya [&hellip;]<\/p>\n","protected":false},"author":2,"featured_media":0,"parent":0,"menu_order":0,"comment_status":"closed","ping_status":"closed","template":"","meta":{"postBodyMargin":[],"postBodyPadding":[],"postBodyBackground":{"backgroundType":"classic","gradient":""},"footnotes":""},"class_list":["post-13601","page","type-page","status-publish","hentry"],"_links":{"self":[{"href":"https:\/\/seldacenter.com\/en\/wp-json\/wp\/v2\/pages\/13601","targetHints":{"allow":["GET"]}}],"collection":[{"href":"https:\/\/seldacenter.com\/en\/wp-json\/wp\/v2\/pages"}],"about":[{"href":"https:\/\/seldacenter.com\/en\/wp-json\/wp\/v2\/types\/page"}],"author":[{"embeddable":true,"href":"https:\/\/seldacenter.com\/en\/wp-json\/wp\/v2\/users\/2"}],"replies":[{"embeddable":true,"href":"https:\/\/seldacenter.com\/en\/wp-json\/wp\/v2\/comments?post=13601"}],"version-history":[{"count":1,"href":"https:\/\/seldacenter.com\/en\/wp-json\/wp\/v2\/pages\/13601\/revisions"}],"predecessor-version":[{"id":13602,"href":"https:\/\/seldacenter.com\/en\/wp-json\/wp\/v2\/pages\/13601\/revisions\/13602"}],"wp:attachment":[{"href":"https:\/\/seldacenter.com\/en\/wp-json\/wp\/v2\/media?parent=13601"}],"curies":[{"name":"wp","href":"https:\/\/api.w.org\/{rel}","templated":true}]}}