{"id":13578,"date":"2024-02-17T18:43:03","date_gmt":"2024-02-17T18:43:03","guid":{"rendered":"https:\/\/seldacenter.com\/yeniyapi\/?page_id=13578"},"modified":"2024-03-02T01:50:21","modified_gmt":"2024-03-02T01:50:21","slug":"zirkonyum-dis-kaplamalari","status":"publish","type":"page","link":"https:\/\/seldacenter.com\/en\/zirkonyum-dis-kaplamalari\/","title":{"rendered":"Zirconium Dental Coatings"},"content":{"rendered":"<div data-elementor-type=\"wp-page\" data-elementor-id=\"13578\" class=\"elementor elementor-13578\" data-elementor-post-type=\"page\">\n\t\t\t\t<section class=\"elementor-section elementor-top-section elementor-element elementor-element-dc70ec7 elementor-section-boxed elementor-section-height-default elementor-section-height-default\" data-id=\"dc70ec7\" data-element_type=\"section\">\n\t\t\t\t\t\t<div class=\"elementor-container elementor-column-gap-default\">\n\t\t\t\t\t<div class=\"elementor-column elementor-col-50 elementor-top-column elementor-element elementor-element-992781c\" data-id=\"992781c\" data-element_type=\"column\" data-settings=\"{&quot;background_background&quot;:&quot;classic&quot;}\">\n\t\t\t<div class=\"elementor-widget-wrap elementor-element-populated\">\n\t\t\t\t\t\t<div class=\"elementor-element elementor-element-b1fe21e elementor-widget elementor-widget-image\" data-id=\"b1fe21e\" data-element_type=\"widget\" data-widget_type=\"image.default\">\n\t\t\t\t<div class=\"elementor-widget-container\">\n\t\t\t\t\t\t\t\t\t\t\t\t\t\t\t<img fetchpriority=\"high\" decoding=\"async\" width=\"740\" height=\"493\" src=\"https:\/\/seldacenter.com\/wp-content\/uploads\/2024\/03\/woman-holding-tablet_144627-597-1.jpg\" class=\"attachment-full size-full wp-image-14189\" alt=\"\" srcset=\"https:\/\/seldacenter.com\/wp-content\/uploads\/2024\/03\/woman-holding-tablet_144627-597-1.jpg 740w, https:\/\/seldacenter.com\/wp-content\/uploads\/2024\/03\/woman-holding-tablet_144627-597-1-600x400.jpg 600w, https:\/\/seldacenter.com\/wp-content\/uploads\/2024\/03\/woman-holding-tablet_144627-597-1-300x200.jpg 300w\" sizes=\"(max-width: 740px) 100vw, 740px\" \/>\t\t\t\t\t\t\t\t\t\t\t\t\t\t\t<\/div>\n\t\t\t\t<\/div>\n\t\t\t\t\t<\/div>\n\t\t<\/div>\n\t\t\t\t<div class=\"elementor-column elementor-col-50 elementor-top-column elementor-element elementor-element-cc4e83c\" data-id=\"cc4e83c\" data-element_type=\"column\">\n\t\t\t<div class=\"elementor-widget-wrap elementor-element-populated\">\n\t\t\t\t\t\t<div class=\"elementor-element elementor-element-fe67e70 elementor-widget-divider--view-line_text elementor-widget-divider--element-align-left elementor-widget elementor-widget-divider\" data-id=\"fe67e70\" data-element_type=\"widget\" data-widget_type=\"divider.default\">\n\t\t\t\t<div class=\"elementor-widget-container\">\n\t\t\t\t\t\t\t<div class=\"elementor-divider\">\n\t\t\t<span class=\"elementor-divider-separator\">\n\t\t\t\t\t\t\t<h3 class=\"elementor-divider__text elementor-divider__element\">\n\t\t\t\tZirconium Dental Coatings\t\t\t\t<\/h3>\n\t\t\t\t\t\t<\/span>\n\t\t<\/div>\n\t\t\t\t\t\t<\/div>\n\t\t\t\t<\/div>\n\t\t\t\t<div class=\"elementor-element elementor-element-3131740 elementor-align-left elementor-icon-list--layout-traditional elementor-list-item-link-full_width elementor-widget elementor-widget-icon-list\" data-id=\"3131740\" data-element_type=\"widget\" data-widget_type=\"icon-list.default\">\n\t\t\t\t<div class=\"elementor-widget-container\">\n\t\t\t\t\t\t\t<ul class=\"elementor-icon-list-items\">\n\t\t\t\t\t\t\t<li class=\"elementor-icon-list-item\">\n\t\t\t\t\t\t\t\t\t\t\t<span class=\"elementor-icon-list-icon\">\n\t\t\t\t\t\t\t<svg aria-hidden=\"true\" class=\"e-font-icon-svg e-far-hospital\" viewbox=\"0 0 448 512\" xmlns=\"http:\/\/www.w3.org\/2000\/svg\"><path d=\"M128 244v-40c0-6.627 5.373-12 12-12h40c6.627 0 12 5.373 12 12v40c0 6.627-5.373 12-12 12h-40c-6.627 0-12-5.373-12-12zm140 12h40c6.627 0 12-5.373 12-12v-40c0-6.627-5.373-12-12-12h-40c-6.627 0-12 5.373-12 12v40c0 6.627 5.373 12 12 12zm-76 84v-40c0-6.627-5.373-12-12-12h-40c-6.627 0-12 5.373-12 12v40c0 6.627 5.373 12 12 12h40c6.627 0 12-5.373 12-12zm76 12h40c6.627 0 12-5.373 12-12v-40c0-6.627-5.373-12-12-12h-40c-6.627 0-12 5.373-12 12v40c0 6.627 5.373 12 12 12zm180 124v36H0v-36c0-6.627 5.373-12 12-12h19.5V85.035C31.5 73.418 42.245 64 55.5 64H144V24c0-13.255 10.745-24 24-24h112c13.255 0 24 10.745 24 24v40h88.5c13.255 0 24 9.418 24 21.035V464H436c6.627 0 12 5.373 12 12zM79.5 463H192v-67c0-6.627 5.373-12 12-12h40c6.627 0 12 5.373 12 12v67h112.5V112H304v24c0 13.255-10.745 24-24 24H168c-13.255 0-24-10.745-24-24v-24H79.5v351zM266 64h-26V38a6 6 0 0 0-6-6h-20a6 6 0 0 0-6 6v26h-26a6 6 0 0 0-6 6v20a6 6 0 0 0 6 6h26v26a6 6 0 0 0 6 6h20a6 6 0 0 0 6-6V96h26a6 6 0 0 0 6-6V70a6 6 0 0 0-6-6z\"><\/path><\/svg>\t\t\t\t\t\t<\/span>\n\t\t\t\t\t\t\t\t\t\t<span class=\"elementor-icon-list-text\">Length of Hospital Stay: Not Required<\/span>\n\t\t\t\t\t\t\t\t\t<\/li>\n\t\t\t\t\t\t\t\t<li class=\"elementor-icon-list-item\">\n\t\t\t\t\t\t\t\t\t\t\t<span class=\"elementor-icon-list-icon\">\n\t\t\t\t\t\t\t<svg aria-hidden=\"true\" class=\"e-font-icon-svg e-far-clock\" viewbox=\"0 0 512 512\" xmlns=\"http:\/\/www.w3.org\/2000\/svg\"><path d=\"M256 8C119 8 8 119 8 256s111 248 248 248 248-111 248-248S393 8 256 8zm0 448c-110.5 0-200-89.5-200-200S145.5 56 256 56s200 89.5 200 200-89.5 200-200 200zm61.8-104.4l-84.9-61.7c-3.1-2.3-4.9-5.9-4.9-9.7V116c0-6.6 5.4-12 12-12h32c6.6 0 12 5.4 12 12v141.7l66.8 48.6c5.4 3.9 6.5 11.4 2.6 16.8L334.6 349c-3.9 5.3-11.4 6.5-16.8 2.6z\"><\/path><\/svg>\t\t\t\t\t\t<\/span>\n\t\t\t\t\t\t\t\t\t\t<span class=\"elementor-icon-list-text\">Operation Time: 6-8 Hours<\/span>\n\t\t\t\t\t\t\t\t\t<\/li>\n\t\t\t\t\t\t\t\t<li class=\"elementor-icon-list-item\">\n\t\t\t\t\t\t\t\t\t\t\t<span class=\"elementor-icon-list-icon\">\n\t\t\t\t\t\t\t<svg aria-hidden=\"true\" class=\"e-font-icon-svg e-fas-syringe\" viewbox=\"0 0 512 512\" xmlns=\"http:\/\/www.w3.org\/2000\/svg\"><path d=\"M201.5 174.8l55.7 55.8c3.1 3.1 3.1 8.2 0 11.3l-11.3 11.3c-3.1 3.1-8.2 3.1-11.3 0l-55.7-55.8-45.3 45.3 55.8 55.8c3.1 3.1 3.1 8.2 0 11.3l-11.3 11.3c-3.1 3.1-8.2 3.1-11.3 0L111 265.2l-26.4 26.4c-17.3 17.3-25.6 41.1-23 65.4l7.1 63.6L2.3 487c-3.1 3.1-3.1 8.2 0 11.3l11.3 11.3c3.1 3.1 8.2 3.1 11.3 0l66.3-66.3 63.6 7.1c23.9 2.6 47.9-5.4 65.4-23l181.9-181.9-135.7-135.7-64.9 65zm308.2-93.3L430.5 2.3c-3.1-3.1-8.2-3.1-11.3 0l-11.3 11.3c-3.1 3.1-3.1 8.2 0 11.3l28.3 28.3-45.3 45.3-56.6-56.6-17-17c-3.1-3.1-8.2-3.1-11.3 0l-33.9 33.9c-3.1 3.1-3.1 8.2 0 11.3l17 17L424.8 223l17 17c3.1 3.1 8.2 3.1 11.3 0l33.9-34c3.1-3.1 3.1-8.2 0-11.3l-73.5-73.5 45.3-45.3 28.3 28.3c3.1 3.1 8.2 3.1 11.3 0l11.3-11.3c3.1-3.2 3.1-8.2 0-11.4z\"><\/path><\/svg>\t\t\t\t\t\t<\/span>\n\t\t\t\t\t\t\t\t\t\t<span class=\"elementor-icon-list-text\">Anesthesia: Local<\/span>\n\t\t\t\t\t\t\t\t\t<\/li>\n\t\t\t\t\t\t\t\t<li class=\"elementor-icon-list-item\">\n\t\t\t\t\t\t\t\t\t\t\t<span class=\"elementor-icon-list-icon\">\n\t\t\t\t\t\t\t<svg aria-hidden=\"true\" class=\"e-font-icon-svg e-far-heart\" viewbox=\"0 0 512 512\" xmlns=\"http:\/\/www.w3.org\/2000\/svg\"><path d=\"M458.4 64.3C400.6 15.7 311.3 23 256 79.3 200.7 23 111.4 15.6 53.6 64.3-21.6 127.6-10.6 230.8 43 285.5l175.4 178.7c10 10.2 23.4 15.9 37.6 15.9 14.3 0 27.6-5.6 37.6-15.8L469 285.6c53.5-54.7 64.7-157.9-10.6-221.3zm-23.6 187.5L259.4 430.5c-2.4 2.4-4.4 2.4-6.8 0L77.2 251.8c-36.5-37.2-43.9-107.6 7.3-150.7 38.9-32.7 98.9-27.8 136.5 10.5l35 35.7 35-35.7c37.8-38.5 97.8-43.2 136.5-10.6 51.1 43.1 43.5 113.9 7.3 150.8z\"><\/path><\/svg>\t\t\t\t\t\t<\/span>\n\t\t\t\t\t\t\t\t\t\t<span class=\"elementor-icon-list-text\">Recovery Time: Immediate<\/span>\n\t\t\t\t\t\t\t\t\t<\/li>\n\t\t\t\t\t\t<\/ul>\n\t\t\t\t\t\t<\/div>\n\t\t\t\t<\/div>\n\t\t\t\t<div class=\"elementor-element elementor-element-1ef0c1a elementor-align-justify elementor-widget elementor-widget-button\" data-id=\"1ef0c1a\" data-element_type=\"widget\" data-widget_type=\"button.default\">\n\t\t\t\t<div class=\"elementor-widget-container\">\n\t\t\t\t\t\t\t\t\t<div class=\"elementor-button-wrapper\">\n\t\t\t\t\t<a class=\"elementor-button elementor-button-link elementor-size-sm elementor-animation-buzz\" href=\"https:\/\/seldacenter.com\/en\/\">\n\t\t\t\t\t\t<span class=\"elementor-button-content-wrapper\">\n\t\t\t\t\t\t\t\t\t<span class=\"elementor-button-text\">Make an Appointment Now<\/span>\n\t\t\t\t\t<\/span>\n\t\t\t\t\t<\/a>\n\t\t\t\t<\/div>\n\t\t\t\t\t\t\t\t<\/div>\n\t\t\t\t<\/div>\n\t\t\t\t\t<\/div>\n\t\t<\/div>\n\t\t\t\t\t<\/div>\n\t\t<\/section>\n\t\t\t\t<section class=\"elementor-section elementor-top-section elementor-element elementor-element-60787443 elementor-section-boxed elementor-section-height-default elementor-section-height-default\" data-id=\"60787443\" data-element_type=\"section\">\n\t\t\t\t\t\t<div class=\"elementor-container elementor-column-gap-default\">\n\t\t\t\t\t<div class=\"elementor-column elementor-col-100 elementor-top-column elementor-element elementor-element-1fb0457c\" data-id=\"1fb0457c\" data-element_type=\"column\">\n\t\t\t<div class=\"elementor-widget-wrap elementor-element-populated\">\n\t\t\t\t\t\t<div class=\"elementor-element elementor-element-7412ab2d elementor-widget elementor-widget-text-editor\" data-id=\"7412ab2d\" data-element_type=\"widget\" data-widget_type=\"text-editor.default\">\n\t\t\t\t<div class=\"elementor-widget-container\"><p><strong><br>Zirconium Dental Veneers: The Ideal Solution for Aesthetic and Healthy Smiles<\/strong>\n<\/p><p>\n  Dental crowns are an important dental practice used to restore dental aesthetics and function. Zirconium dental coatings are one of the aesthetic coating options that do not contain metal and have properties similar to natural teeth. In this article, information will be given about the features, advantages and application process of zirconium dental coatings.\n<\/p><p><strong>What are Zirconium Dental Coatings?<\/strong>\n<\/p><p>\n  Zirconium dental crowns are porcelain crowns with a zirconium dioxide infrastructure. Zirconium is a derivative of titanium and is converted into zirconia ceramic through special baking processes and used as a dental coating material. These coatings do not contain metal, are strong, durable and aesthetic.\n<\/p><p><strong>Advantages of Zirconium Coatings:<\/strong>\n<\/p><ol class=\"wp-block-list\"><li><strong>Aesthetic look:<\/strong> Zirconium dental coatings provide an aesthetic that is very similar to natural teeth. It is possible to obtain a smile that suits the patient&#039;s wishes with color options.\n<\/li>\n\n<li><strong>Strength and Durability:<\/strong> Zirconium coatings are resistant to breakage, cracking and wear. They are long-lasting and made of durable material suitable for daily use.\n<\/li>\n\n<li><strong>Corrosion Resistance:<\/strong> Metal-free zirconium is resistant to corrosion. This feature allows the coatings to last for a long time.\n<\/li>\n\n<li><strong>Light Transmittance:<\/strong> Zirconium has a structure that transmits light, like natural tooth enamel. This helps the veneers present a natural appearance.\n<\/li>\n\n<li><strong>Gum Compatibility:<\/strong> Zirconium coatings have a structure that is compatible with the gums. This completes the aesthetic appearance and ensures a natural smile.\n<\/li>\n\n<li><strong>No Allergy Risk:<\/strong> Metal-free zirconium eliminates the risk of allergic reactions. It is an option especially suitable for patients with metal allergies.\n<\/li>\n\n<li><strong>Easy Maintenance:<\/strong> Zirconium coatings have a smooth and shiny surface. It prevents plaque accumulation and is easy to clean.\n<\/li><\/ol><p><strong>Zirconium Coating Application Process:<\/strong>\n<\/p><ol class=\"wp-block-list\"><li><strong>Patient Evaluation:<\/strong> The dentist evaluates the patient&#039;s tooth structure, creates a treatment plan and selects the color.\n<\/li>\n\n<li><strong>Preparation Phase:<\/strong> The teeth are reduced to the appropriate size and measurements are taken from the teeth.\n<\/li>\n\n<li><strong>Temporary Covering:<\/strong> While zirconium crowns are being prepared, temporary dental crowns are placed. In this process, the patient&#039;s aesthetic appearance is preserved.\n<\/li>\n\n<li><strong>Bonding the Veneers:<\/strong> The prepared zirconium coatings are bonded to the teeth after the patient&#039;s approval is obtained. Coverings are securely fixed using special adhesives.\n<\/li>\n\n<li><strong>Control and Maintenance:<\/strong> After the veneers are bonded, regular check-ups are planned and the patient is given necessary care advice.\n<\/li><\/ol><p>\n  Zirconium dental crowns are a solid and durable option that meets aesthetic expectations. However, every patient is different, so the veneer selection and application process should be made in line with individual needs and dentist recommendations.\n<\/p><\/div>\n\t\t\t\t<\/div>\n\t\t\t\t\t<\/div>\n\t\t<\/div>\n\t\t\t\t\t<\/div>\n\t\t<\/section>\t\t<\/div>","protected":false},"excerpt":{"rendered":"<p>Zirkonyum Di\u015f Kaplamalar\u0131 Hastanede Kal\u0131\u015f S\u00fcresi: Gerekli De\u011fil Operasyon S\u00fcresi: 6-8 Saat Anestezi: Lokal \u0130yile\u015fme S\u00fcresi: Hemen Hemen Randevu Al\u0131n Zirkonyum Di\u015f Kaplamalar\u0131: Estetik ve Sa\u011fl\u0131kl\u0131 G\u00fcl\u00fc\u015fler i\u00e7in \u0130deal \u00c7\u00f6z\u00fcm Di\u015f kaplamalar\u0131, di\u015f esteti\u011fini ve fonksiyonunu restore etmek i\u00e7in kullan\u0131lan \u00f6nemli bir di\u015f hekimli\u011fi uygulamas\u0131d\u0131r. Zirkonyum di\u015f kaplamalar\u0131, metal i\u00e7ermeyen ve do\u011fal di\u015flere benzer \u00f6zelliklere [&hellip;]<\/p>\n","protected":false},"author":2,"featured_media":0,"parent":0,"menu_order":0,"comment_status":"closed","ping_status":"closed","template":"","meta":{"postBodyMargin":[],"postBodyPadding":[],"postBodyBackground":{"backgroundType":"classic","gradient":""},"footnotes":""},"class_list":["post-13578","page","type-page","status-publish","hentry"],"_links":{"self":[{"href":"https:\/\/seldacenter.com\/en\/wp-json\/wp\/v2\/pages\/13578","targetHints":{"allow":["GET"]}}],"collection":[{"href":"https:\/\/seldacenter.com\/en\/wp-json\/wp\/v2\/pages"}],"about":[{"href":"https:\/\/seldacenter.com\/en\/wp-json\/wp\/v2\/types\/page"}],"author":[{"embeddable":true,"href":"https:\/\/seldacenter.com\/en\/wp-json\/wp\/v2\/users\/2"}],"replies":[{"embeddable":true,"href":"https:\/\/seldacenter.com\/en\/wp-json\/wp\/v2\/comments?post=13578"}],"version-history":[{"count":10,"href":"https:\/\/seldacenter.com\/en\/wp-json\/wp\/v2\/pages\/13578\/revisions"}],"predecessor-version":[{"id":14200,"href":"https:\/\/seldacenter.com\/en\/wp-json\/wp\/v2\/pages\/13578\/revisions\/14200"}],"wp:attachment":[{"href":"https:\/\/seldacenter.com\/en\/wp-json\/wp\/v2\/media?parent=13578"}],"curies":[{"name":"wp","href":"https:\/\/api.w.org\/{rel}","templated":true}]}}