{"id":13569,"date":"2024-02-17T18:39:20","date_gmt":"2024-02-17T18:39:20","guid":{"rendered":"https:\/\/seldacenter.com\/yeniyapi\/?page_id=13569"},"modified":"2024-03-02T01:41:17","modified_gmt":"2024-03-02T01:41:17","slug":"lazerle-dis-beyazlatma","status":"publish","type":"page","link":"https:\/\/seldacenter.com\/en\/lazerle-dis-beyazlatma\/","title":{"rendered":"Laser Teeth Whitening"},"content":{"rendered":"<div data-elementor-type=\"wp-page\" data-elementor-id=\"13569\" class=\"elementor elementor-13569\" data-elementor-post-type=\"page\">\n\t\t\t\t\t\t<section class=\"elementor-section elementor-top-section elementor-element elementor-element-f180984 elementor-section-boxed elementor-section-height-default elementor-section-height-default\" data-id=\"f180984\" data-element_type=\"section\">\n\t\t\t\t\t\t<div class=\"elementor-container elementor-column-gap-default\">\n\t\t\t\t\t<div class=\"elementor-column elementor-col-50 elementor-top-column elementor-element elementor-element-61dc789\" data-id=\"61dc789\" data-element_type=\"column\" data-settings=\"{&quot;background_background&quot;:&quot;classic&quot;}\">\n\t\t\t<div class=\"elementor-widget-wrap elementor-element-populated\">\n\t\t\t\t\t\t<div class=\"elementor-element elementor-element-2ce4e97 elementor-widget elementor-widget-image\" data-id=\"2ce4e97\" data-element_type=\"widget\" data-widget_type=\"image.default\">\n\t\t\t\t<div class=\"elementor-widget-container\">\n\t\t\t\t\t\t\t\t\t\t\t\t\t\t\t<img fetchpriority=\"high\" decoding=\"async\" width=\"996\" height=\"664\" src=\"https:\/\/seldacenter.com\/wp-content\/uploads\/2024\/03\/closeup-young-woman-having-her-teeth-whitened-with-ultraviolet-light-dental-clinic_662251-2598.jpg\" class=\"attachment-full size-full wp-image-14184\" alt=\"\" srcset=\"https:\/\/seldacenter.com\/wp-content\/uploads\/2024\/03\/closeup-young-woman-having-her-teeth-whitened-with-ultraviolet-light-dental-clinic_662251-2598.jpg 996w, https:\/\/seldacenter.com\/wp-content\/uploads\/2024\/03\/closeup-young-woman-having-her-teeth-whitened-with-ultraviolet-light-dental-clinic_662251-2598-600x400.jpg 600w, https:\/\/seldacenter.com\/wp-content\/uploads\/2024\/03\/closeup-young-woman-having-her-teeth-whitened-with-ultraviolet-light-dental-clinic_662251-2598-300x200.jpg 300w, https:\/\/seldacenter.com\/wp-content\/uploads\/2024\/03\/closeup-young-woman-having-her-teeth-whitened-with-ultraviolet-light-dental-clinic_662251-2598-768x512.jpg 768w\" sizes=\"(max-width: 996px) 100vw, 996px\" \/>\t\t\t\t\t\t\t\t\t\t\t\t\t\t\t<\/div>\n\t\t\t\t<\/div>\n\t\t\t\t\t<\/div>\n\t\t<\/div>\n\t\t\t\t<div class=\"elementor-column elementor-col-50 elementor-top-column elementor-element elementor-element-25f5dcd\" data-id=\"25f5dcd\" data-element_type=\"column\">\n\t\t\t<div class=\"elementor-widget-wrap elementor-element-populated\">\n\t\t\t\t\t\t<div class=\"elementor-element elementor-element-6c036ac elementor-widget-divider--view-line_text elementor-widget-divider--element-align-left elementor-widget elementor-widget-divider\" data-id=\"6c036ac\" data-element_type=\"widget\" data-widget_type=\"divider.default\">\n\t\t\t\t<div class=\"elementor-widget-container\">\n\t\t\t\t\t\t\t<div class=\"elementor-divider\">\n\t\t\t<span class=\"elementor-divider-separator\">\n\t\t\t\t\t\t\t<h3 class=\"elementor-divider__text elementor-divider__element\">\n\t\t\t\tLaser Teeth Whitening\t\t\t\t<\/h3>\n\t\t\t\t\t\t<\/span>\n\t\t<\/div>\n\t\t\t\t\t\t<\/div>\n\t\t\t\t<\/div>\n\t\t\t\t<div class=\"elementor-element elementor-element-c4f7311 elementor-align-left elementor-icon-list--layout-traditional elementor-list-item-link-full_width elementor-widget elementor-widget-icon-list\" data-id=\"c4f7311\" data-element_type=\"widget\" data-widget_type=\"icon-list.default\">\n\t\t\t\t<div class=\"elementor-widget-container\">\n\t\t\t\t\t\t\t<ul class=\"elementor-icon-list-items\">\n\t\t\t\t\t\t\t<li class=\"elementor-icon-list-item\">\n\t\t\t\t\t\t\t\t\t\t\t<span class=\"elementor-icon-list-icon\">\n\t\t\t\t\t\t\t<svg aria-hidden=\"true\" class=\"e-font-icon-svg e-far-hospital\" viewbox=\"0 0 448 512\" xmlns=\"http:\/\/www.w3.org\/2000\/svg\"><path d=\"M128 244v-40c0-6.627 5.373-12 12-12h40c6.627 0 12 5.373 12 12v40c0 6.627-5.373 12-12 12h-40c-6.627 0-12-5.373-12-12zm140 12h40c6.627 0 12-5.373 12-12v-40c0-6.627-5.373-12-12-12h-40c-6.627 0-12 5.373-12 12v40c0 6.627 5.373 12 12 12zm-76 84v-40c0-6.627-5.373-12-12-12h-40c-6.627 0-12 5.373-12 12v40c0 6.627 5.373 12 12 12h40c6.627 0 12-5.373 12-12zm76 12h40c6.627 0 12-5.373 12-12v-40c0-6.627-5.373-12-12-12h-40c-6.627 0-12 5.373-12 12v40c0 6.627 5.373 12 12 12zm180 124v36H0v-36c0-6.627 5.373-12 12-12h19.5V85.035C31.5 73.418 42.245 64 55.5 64H144V24c0-13.255 10.745-24 24-24h112c13.255 0 24 10.745 24 24v40h88.5c13.255 0 24 9.418 24 21.035V464H436c6.627 0 12 5.373 12 12zM79.5 463H192v-67c0-6.627 5.373-12 12-12h40c6.627 0 12 5.373 12 12v67h112.5V112H304v24c0 13.255-10.745 24-24 24H168c-13.255 0-24-10.745-24-24v-24H79.5v351zM266 64h-26V38a6 6 0 0 0-6-6h-20a6 6 0 0 0-6 6v26h-26a6 6 0 0 0-6 6v20a6 6 0 0 0 6 6h26v26a6 6 0 0 0 6 6h20a6 6 0 0 0 6-6V96h26a6 6 0 0 0 6-6V70a6 6 0 0 0-6-6z\"><\/path><\/svg>\t\t\t\t\t\t<\/span>\n\t\t\t\t\t\t\t\t\t\t<span class=\"elementor-icon-list-text\">Length of Hospital Stay: Not Required<\/span>\n\t\t\t\t\t\t\t\t\t<\/li>\n\t\t\t\t\t\t\t\t<li class=\"elementor-icon-list-item\">\n\t\t\t\t\t\t\t\t\t\t\t<span class=\"elementor-icon-list-icon\">\n\t\t\t\t\t\t\t<svg aria-hidden=\"true\" class=\"e-font-icon-svg e-far-clock\" viewbox=\"0 0 512 512\" xmlns=\"http:\/\/www.w3.org\/2000\/svg\"><path d=\"M256 8C119 8 8 119 8 256s111 248 248 248 248-111 248-248S393 8 256 8zm0 448c-110.5 0-200-89.5-200-200S145.5 56 256 56s200 89.5 200 200-89.5 200-200 200zm61.8-104.4l-84.9-61.7c-3.1-2.3-4.9-5.9-4.9-9.7V116c0-6.6 5.4-12 12-12h32c6.6 0 12 5.4 12 12v141.7l66.8 48.6c5.4 3.9 6.5 11.4 2.6 16.8L334.6 349c-3.9 5.3-11.4 6.5-16.8 2.6z\"><\/path><\/svg>\t\t\t\t\t\t<\/span>\n\t\t\t\t\t\t\t\t\t\t<span class=\"elementor-icon-list-text\">Operation Time: 6-8 Hours<\/span>\n\t\t\t\t\t\t\t\t\t<\/li>\n\t\t\t\t\t\t\t\t<li class=\"elementor-icon-list-item\">\n\t\t\t\t\t\t\t\t\t\t\t<span class=\"elementor-icon-list-icon\">\n\t\t\t\t\t\t\t<svg aria-hidden=\"true\" class=\"e-font-icon-svg e-fas-syringe\" viewbox=\"0 0 512 512\" xmlns=\"http:\/\/www.w3.org\/2000\/svg\"><path d=\"M201.5 174.8l55.7 55.8c3.1 3.1 3.1 8.2 0 11.3l-11.3 11.3c-3.1 3.1-8.2 3.1-11.3 0l-55.7-55.8-45.3 45.3 55.8 55.8c3.1 3.1 3.1 8.2 0 11.3l-11.3 11.3c-3.1 3.1-8.2 3.1-11.3 0L111 265.2l-26.4 26.4c-17.3 17.3-25.6 41.1-23 65.4l7.1 63.6L2.3 487c-3.1 3.1-3.1 8.2 0 11.3l11.3 11.3c3.1 3.1 8.2 3.1 11.3 0l66.3-66.3 63.6 7.1c23.9 2.6 47.9-5.4 65.4-23l181.9-181.9-135.7-135.7-64.9 65zm308.2-93.3L430.5 2.3c-3.1-3.1-8.2-3.1-11.3 0l-11.3 11.3c-3.1 3.1-3.1 8.2 0 11.3l28.3 28.3-45.3 45.3-56.6-56.6-17-17c-3.1-3.1-8.2-3.1-11.3 0l-33.9 33.9c-3.1 3.1-3.1 8.2 0 11.3l17 17L424.8 223l17 17c3.1 3.1 8.2 3.1 11.3 0l33.9-34c3.1-3.1 3.1-8.2 0-11.3l-73.5-73.5 45.3-45.3 28.3 28.3c3.1 3.1 8.2 3.1 11.3 0l11.3-11.3c3.1-3.2 3.1-8.2 0-11.4z\"><\/path><\/svg>\t\t\t\t\t\t<\/span>\n\t\t\t\t\t\t\t\t\t\t<span class=\"elementor-icon-list-text\">Anesthesia: Local<\/span>\n\t\t\t\t\t\t\t\t\t<\/li>\n\t\t\t\t\t\t\t\t<li class=\"elementor-icon-list-item\">\n\t\t\t\t\t\t\t\t\t\t\t<span class=\"elementor-icon-list-icon\">\n\t\t\t\t\t\t\t<svg aria-hidden=\"true\" class=\"e-font-icon-svg e-far-heart\" viewbox=\"0 0 512 512\" xmlns=\"http:\/\/www.w3.org\/2000\/svg\"><path d=\"M458.4 64.3C400.6 15.7 311.3 23 256 79.3 200.7 23 111.4 15.6 53.6 64.3-21.6 127.6-10.6 230.8 43 285.5l175.4 178.7c10 10.2 23.4 15.9 37.6 15.9 14.3 0 27.6-5.6 37.6-15.8L469 285.6c53.5-54.7 64.7-157.9-10.6-221.3zm-23.6 187.5L259.4 430.5c-2.4 2.4-4.4 2.4-6.8 0L77.2 251.8c-36.5-37.2-43.9-107.6 7.3-150.7 38.9-32.7 98.9-27.8 136.5 10.5l35 35.7 35-35.7c37.8-38.5 97.8-43.2 136.5-10.6 51.1 43.1 43.5 113.9 7.3 150.8z\"><\/path><\/svg>\t\t\t\t\t\t<\/span>\n\t\t\t\t\t\t\t\t\t\t<span class=\"elementor-icon-list-text\">Recovery Time: 6-12 Months<\/span>\n\t\t\t\t\t\t\t\t\t<\/li>\n\t\t\t\t\t\t<\/ul>\n\t\t\t\t\t\t<\/div>\n\t\t\t\t<\/div>\n\t\t\t\t<div class=\"elementor-element elementor-element-160b377 elementor-align-justify elementor-widget elementor-widget-button\" data-id=\"160b377\" data-element_type=\"widget\" data-widget_type=\"button.default\">\n\t\t\t\t<div class=\"elementor-widget-container\">\n\t\t\t\t\t\t\t\t\t<div class=\"elementor-button-wrapper\">\n\t\t\t\t\t<a class=\"elementor-button elementor-button-link elementor-size-sm elementor-animation-buzz\" href=\"https:\/\/seldacenter.com\/en\/\">\n\t\t\t\t\t\t<span class=\"elementor-button-content-wrapper\">\n\t\t\t\t\t\t\t\t\t<span class=\"elementor-button-text\">Make an Appointment Now<\/span>\n\t\t\t\t\t<\/span>\n\t\t\t\t\t<\/a>\n\t\t\t\t<\/div>\n\t\t\t\t\t\t\t\t<\/div>\n\t\t\t\t<\/div>\n\t\t\t\t\t<\/div>\n\t\t<\/div>\n\t\t\t\t\t<\/div>\n\t\t<\/section>\n\t\t\t\t<section class=\"elementor-section elementor-top-section elementor-element elementor-element-6fb30309 elementor-section-boxed elementor-section-height-default elementor-section-height-default\" data-id=\"6fb30309\" data-element_type=\"section\">\n\t\t\t\t\t\t<div class=\"elementor-container elementor-column-gap-default\">\n\t\t\t\t\t<div class=\"elementor-column elementor-col-100 elementor-top-column elementor-element elementor-element-5f7e7806\" data-id=\"5f7e7806\" data-element_type=\"column\">\n\t\t\t<div class=\"elementor-widget-wrap elementor-element-populated\">\n\t\t\t\t\t\t<div class=\"elementor-element elementor-element-3ad7823a elementor-widget elementor-widget-text-editor\" data-id=\"3ad7823a\" data-element_type=\"widget\" data-widget_type=\"text-editor.default\">\n\t\t\t\t<div class=\"elementor-widget-container\">\n\t\t\t\t\t\t\t\t\tLaser teeth whitening is a widely used method in dental aesthetics. In this method, a special gel is applied to the tooth surface and then interacted with laser light. This process helps restore the natural whiteness of the teeth or achieve a whiter appearance. Here are some basic things you need to know about laser teeth whitening:\n\n<strong>How is Teeth Whitening Performed with Laser?<\/strong>\n<ol>\n \t<li><strong>Dental Examination:<\/strong>\n<ul>\n \t<li>First, your dentist will perform an examination to evaluate your dental health.<\/li>\n<\/ul>\n<\/li>\n \t<li><strong>Teeth Cleaning:<\/strong>\n<ul>\n \t<li>Plaque and tartar on the teeth are cleaned.<\/li>\n<\/ul>\n<\/li>\n \t<li><strong>Tooth Coloring:<\/strong>\n<ul>\n \t<li>Your initial tooth color is determined and treatment results can be compared.<\/li>\n<\/ul>\n<\/li>\n \t<li><strong>Dental Gel Application:<\/strong>\n<ul>\n \t<li>A special gel is applied to the tooth surface. This gel often contains hydrogen peroxide.<\/li>\n<\/ul>\n<\/li>\n \t<li><strong>Laser Light Application:<\/strong>\n<ul>\n \t<li>The gel interacts with laser light or a special light source.<\/li>\n \t<li>The light activates agents in the gel, which helps lighten teeth.<\/li>\n<\/ul>\n<\/li>\n \t<li><strong>Developer App:<\/strong>\n<ul>\n \t<li>In some cases, the dentist may apply an additional developer.<\/li>\n<\/ul>\n<\/li>\n \t<li><strong>Checking the Results:<\/strong>\n<ul>\n \t<li>After the procedure, the tooth color is checked and a second session can be applied if necessary.<\/li>\n<\/ul>\n<\/li>\n<\/ol>\n<strong>Advantages:<\/strong>\n<ol>\n \t<li><strong>Quick Results:<\/strong> Faster results can be obtained compared to some other methods.<\/li>\n \t<li><strong>Effective:<\/strong> It can noticeably lighten teeth color.<\/li>\n \t<li><strong>Trustworthy:<\/strong> It is a safe procedure when performed by experts.<\/li>\n<\/ol>\n<strong>Things to Consider:<\/strong>\n<ol>\n \t<li><strong>Sensibility:<\/strong> Some people may experience temporary tooth sensitivity after the procedure.<\/li>\n \t<li><strong>Repeatability:<\/strong> Teeth whitening procedures can be repeated over time to prevent discoloration.<\/li>\n \t<li><strong>Cost:<\/strong> It may be more costly than other methods.<\/li>\n<\/ol>\n<strong>Who is it suitable for?<\/strong>\n<ul>\n \t<li>Those who want to lighten their teeth color.<\/li>\n \t<li>Those with stains or yellowing on their teeth.<\/li>\n \t<li>Those who have healthy teeth.<\/li>\n<\/ul>\n<strong>Who is it not suitable for?<\/strong>\n<ul>\n \t<li>Pregnant or breastfeeding women.<\/li>\n \t<li>Those at risk of allergic reactions.<\/li>\n \t<li>Those with gum problems.<\/li>\n<\/ul>\n<strong>Important note:<\/strong>\n<ul>\n \t<li>Laser teeth whitening should be done under the supervision of a dentist.<\/li>\n \t<li>There are big differences between teeth whitening books used at home and professional practice.<\/li>\n \t<li>It is important to continue regular oral care and regular visits to the dentist for long-lasting and permanent results.<\/li>\n<\/ul>\t\t\t\t\t\t\t\t<\/div>\n\t\t\t\t<\/div>\n\t\t\t\t\t<\/div>\n\t\t<\/div>\n\t\t\t\t\t<\/div>\n\t\t<\/section>\n\t\t\t\t<\/div>","protected":false},"excerpt":{"rendered":"<p>Lazerle Di\u015f Beyazlatma Hastanede Kal\u0131\u015f S\u00fcresi: Gerekli De\u011fil Operasyon S\u00fcresi: 6-8 Saat Anestezi: Lokal \u0130yile\u015fme S\u00fcresi: 6-12 Ay Hemen Randevu Al\u0131n Lazerle di\u015f beyazlatma, di\u015f esteti\u011finde yayg\u0131n olarak kullan\u0131lan bir y\u00f6ntemdir. Bu y\u00f6ntemde, \u00f6zel bir jel di\u015f y\u00fczeyine uyguland\u0131ktan sonra lazer \u0131\u015f\u0131\u011f\u0131 ile etkile\u015fime ge\u00e7irilir. Bu i\u015flem, di\u015flerin do\u011fal beyazl\u0131\u011f\u0131n\u0131 geri kazanmaya veya daha beyaz [&hellip;]<\/p>\n","protected":false},"author":2,"featured_media":0,"parent":0,"menu_order":0,"comment_status":"closed","ping_status":"closed","template":"","meta":{"postBodyMargin":[],"postBodyPadding":[],"postBodyBackground":{"backgroundType":"classic","gradient":""},"footnotes":""},"class_list":["post-13569","page","type-page","status-publish","hentry"],"_links":{"self":[{"href":"https:\/\/seldacenter.com\/en\/wp-json\/wp\/v2\/pages\/13569","targetHints":{"allow":["GET"]}}],"collection":[{"href":"https:\/\/seldacenter.com\/en\/wp-json\/wp\/v2\/pages"}],"about":[{"href":"https:\/\/seldacenter.com\/en\/wp-json\/wp\/v2\/types\/page"}],"author":[{"embeddable":true,"href":"https:\/\/seldacenter.com\/en\/wp-json\/wp\/v2\/users\/2"}],"replies":[{"embeddable":true,"href":"https:\/\/seldacenter.com\/en\/wp-json\/wp\/v2\/comments?post=13569"}],"version-history":[{"count":7,"href":"https:\/\/seldacenter.com\/en\/wp-json\/wp\/v2\/pages\/13569\/revisions"}],"predecessor-version":[{"id":14187,"href":"https:\/\/seldacenter.com\/en\/wp-json\/wp\/v2\/pages\/13569\/revisions\/14187"}],"wp:attachment":[{"href":"https:\/\/seldacenter.com\/en\/wp-json\/wp\/v2\/media?parent=13569"}],"curies":[{"name":"wp","href":"https:\/\/api.w.org\/{rel}","templated":true}]}}