{"id":3710,"date":"2019-06-13T11:20:21","date_gmt":"2019-06-13T08:20:21","guid":{"rendered":"https:\/\/seldacenter.com\/?page_id=3710"},"modified":"2023-11-28T21:12:03","modified_gmt":"2023-11-28T21:12:03","slug":"misyonumuz","status":"publish","type":"page","link":"https:\/\/seldacenter.com\/ar\/misyonumuz\/","title":{"rendered":"\u0627\u0644\u0631\u0624\u064a\u0629 \u0648\u0627\u0644\u0631\u0633\u0627\u0644\u0629"},"content":{"rendered":"<div data-elementor-type=\"wp-post\" data-elementor-id=\"3710\" class=\"elementor elementor-3710\" data-elementor-post-type=\"page\">\n\t\t\t\t\t\t<section class=\"elementor-section elementor-top-section elementor-element elementor-element-49459b3a elementor-section-content-middle elementor-section-full_width elementor-section-height-default elementor-section-height-default\" data-id=\"49459b3a\" data-element_type=\"section\" data-settings=\"{&quot;background_background&quot;:&quot;classic&quot;}\">\n\t\t\t\t\t\t\t<div class=\"elementor-background-overlay\"><\/div>\n\t\t\t\t\t\t\t<div class=\"elementor-container elementor-column-gap-no\">\n\t\t\t\t\t<div class=\"elementor-column elementor-col-100 elementor-top-column elementor-element elementor-element-33c6f127\" data-id=\"33c6f127\" data-element_type=\"column\">\n\t\t\t<div class=\"elementor-widget-wrap elementor-element-populated\">\n\t\t\t\t\t\t<div class=\"elementor-element elementor-element-6e014b77 elementor-widget elementor-widget-heading\" data-id=\"6e014b77\" data-element_type=\"widget\" data-widget_type=\"heading.default\">\n\t\t\t\t<div class=\"elementor-widget-container\">\n\t\t\t\t\t<h4 class=\"elementor-heading-title elementor-size-default\">\u0627\u0644\u0631\u0624\u064a\u0629 \u0648\u0627\u0644\u0631\u0633\u0627\u0644\u0629<\/h4>\t\t\t\t<\/div>\n\t\t\t\t<\/div>\n\t\t\t\t<div class=\"elementor-element elementor-element-76e05b01 elementor-widget elementor-widget-heading\" data-id=\"76e05b01\" data-element_type=\"widget\" data-widget_type=\"heading.default\">\n\t\t\t\t<div class=\"elementor-widget-container\">\n\t\t\t\t\t<h5 class=\"elementor-heading-title elementor-size-default\">\u0645\u0631\u0643\u0632 \u0633\u064a\u0644\u062f\u0627 \u0644\u0632\u0631\u0627\u0639\u0629 \u0627\u0644\u0634\u0639\u0631<\/h5>\t\t\t\t<\/div>\n\t\t\t\t<\/div>\n\t\t\t\t\t<\/div>\n\t\t<\/div>\n\t\t\t\t\t<\/div>\n\t\t<\/section>\n\t\t\t\t<section class=\"elementor-section elementor-top-section elementor-element elementor-element-46c07ae1 elementor-section-content-middle elementor-section-boxed elementor-section-height-default elementor-section-height-default\" data-id=\"46c07ae1\" data-element_type=\"section\" data-settings=\"{&quot;background_background&quot;:&quot;classic&quot;}\">\n\t\t\t\t\t\t<div class=\"elementor-container elementor-column-gap-no\">\n\t\t\t\t\t<div class=\"elementor-column elementor-col-100 elementor-top-column elementor-element elementor-element-1686a966\" data-id=\"1686a966\" data-element_type=\"column\">\n\t\t\t<div class=\"elementor-widget-wrap elementor-element-populated\">\n\t\t\t\t\t\t<div class=\"elementor-element elementor-element-1f79d600 elementor-widget elementor-widget-heading\" data-id=\"1f79d600\" data-element_type=\"widget\" data-widget_type=\"heading.default\">\n\t\t\t\t<div class=\"elementor-widget-container\">\n\t\t\t\t\t<h5 class=\"elementor-heading-title elementor-size-default\">\u0627\u0644\u0631\u0624\u064a\u0629 \u0648\u0627\u0644\u0631\u0633\u0627\u0644\u0629<\/h5>\t\t\t\t<\/div>\n\t\t\t\t<\/div>\n\t\t\t\t<div class=\"elementor-element elementor-element-3a7eff67 elementor-widget elementor-widget-heading\" data-id=\"3a7eff67\" data-element_type=\"widget\" data-widget_type=\"heading.default\">\n\t\t\t\t<div class=\"elementor-widget-container\">\n\t\t\t\t\t<h4 class=\"elementor-heading-title elementor-size-default\">\u0645\u0631\u0643\u0632 \u0633\u064a\u0644\u062f\u0627 \u0644\u0632\u0631\u0627\u0639\u0629 \u0627\u0644\u0634\u0639\u0631<\/h4>\t\t\t\t<\/div>\n\t\t\t\t<\/div>\n\t\t\t\t<div class=\"elementor-element elementor-element-7fb8a22e elementor-widget elementor-widget-text-editor\" data-id=\"7fb8a22e\" data-element_type=\"widget\" data-widget_type=\"text-editor.default\">\n\t\t\t\t<div class=\"elementor-widget-container\">\n\t\t\t\t\t\t\t\t\t<p style=\"text-align: left;\">\u0647\u062f\u0641\u0646\u0627 \u0641\u064a \u0645\u0631\u0643\u0632 \u0633\u064a\u0644\u062f\u0627 \u0647\u0648 \u062c\u0645\u0639 \u0623\u0641\u0636\u0644 \u0641\u0631\u064a\u0642 \u0648\u062e\u0628\u0631\u0627\u0621 \u0645\u0639 \u0627\u0644\u0645\u0631\u0636\u0649 \u0645\u0646 \u0623\u062c\u0644 \u062a\u0642\u062f\u064a\u0645 \u062e\u062f\u0645\u0629 \u062a\u0641\u0648\u0642 \u0627\u0644\u062a\u0648\u0642\u0639\u0627\u062a \u0628\u0627\u0644\u0642\u0648\u0629 \u0627\u0644\u062a\u064a \u0646\u0633\u062a\u0645\u062f\u0647\u0627 \u0645\u0646 \u062e\u0628\u0631\u062a\u0646\u0627 \u0648\u0645\u0639\u0631\u0641\u062a\u0646\u0627\u060c \u0645\u0639 \u0636\u0645\u0627\u0646 \u0634\u0639\u0648\u0631 \u0645\u0631\u0636\u0627\u0646\u0627 \u0628\u0627\u0644\u0623\u0645\u0627\u0646 \u0648\u0641\u064a \u0628\u064a\u0626\u0629 \u0639\u0627\u0626\u0644\u064a\u0629.<\/p><p style=\"text-align: left;\">\u0645\u0646\u0630 \u0627\u0644\u064a\u0648\u0645 \u0627\u0644\u0623\u0648\u0644 \u0627\u0644\u0630\u064a \u0628\u062f\u0623\u0646\u0627 \u0641\u064a\u0647 \u062e\u062f\u0645\u062a\u0646\u0627 \u0641\u064a \u0642\u0637\u0627\u0639 \u0627\u0644\u0633\u064a\u0627\u062d\u0629 \u0627\u0644\u0635\u062d\u064a\u0629\u060c \u0644\u0645 \u064a\u0643\u0646 \u0647\u062f\u0641\u0646\u0627 \u0645\u0645\u0627\u0631\u0633\u0629 \u0627\u0644\u0623\u0639\u0645\u0627\u0644 \u0627\u0644\u062a\u062c\u0627\u0631\u064a\u0629\u060c \u0628\u0644 \u0645\u0633\u0627\u0639\u062f\u0629 \u0627\u0644\u0646\u0627\u0633 \u0639\u0644\u0649 \u0627\u0633\u062a\u0639\u0627\u062f\u0629 \u062b\u0642\u062a\u0647\u0645 \u0628\u0623\u0646\u0641\u0633\u0647\u0645 \u062f\u0648\u0646 \u062e\u0630\u0644\u0627\u0646\u0647\u0645.<\/p><p style=\"text-align: left;\">\u0628\u0627\u0639\u062a\u0628\u0627\u0631\u0646\u0627 \u0645\u0631\u0643\u0632 \u0633\u064a\u0644\u062f\u0627\u060c \u0641\u0625\u0646 \u0642\u064a\u0645\u0646\u0627 \u0627\u0644\u0623\u0633\u0627\u0633\u064a\u0629 \u0641\u064a \u0627\u0644\u062e\u062f\u0645\u0627\u062a \u0627\u0644\u062a\u064a \u0646\u0642\u062f\u0645\u0647\u0627 \u0645\u062d\u0644\u064a\u064b\u0627 \u0648\u062f\u0648\u0644\u064a\u064b\u0627 \u0647\u064a \u0627\u0644\u062b\u0642\u0629 \u0648\u0627\u0644\u062c\u0648\u062f\u0629 \u0648\u0627\u0644\u062a\u0637\u0648\u064a\u0631 \u0648\u0627\u0644\u0635\u062f\u0642 \u0648\u0631\u0648\u062d \u0627\u0644\u0641\u0631\u064a\u0642 \u0648\u0639\u062f\u0645 \u0627\u0644\u0645\u0633\u0627\u0648\u0645\u0629 \u0623\u0628\u062f\u064b\u0627 \u0639\u0644\u0649 \u0627\u0644\u0648\u0644\u0627\u0621.<\/p>\t\t\t\t\t\t\t\t<\/div>\n\t\t\t\t<\/div>\n\t\t\t\t\t<\/div>\n\t\t<\/div>\n\t\t\t\t\t<\/div>\n\t\t<\/section>\n\t\t\t\t<\/div>","protected":false},"excerpt":{"rendered":"<p>Vizyon &#038; Misyon SELDA SA\u00c7 EK\u0130M MERKEZ\u0130 Vizyon &#038; Misyon Selda Sa\u00e7 Ekim Merkezi Selda Center olarak amac\u0131m\u0131z; tecr\u00fcbe ve deneyimlerimizden ald\u0131\u011f\u0131m\u0131z g\u00fc\u00e7le, beklentilerin \u00fcst\u00fcnde hizmet vermek ad\u0131na, en iyi ekip ve uzman\u0131 hastalar ile bulu\u015ftururken, hastalar\u0131m\u0131z\u0131n kendilerini g\u00fcvende ve aile ortam\u0131nda hissetmelerini sa\u011flamakt\u0131r. Sa\u011fl\u0131k Turizmi sekt\u00f6r\u00fcnde hizmet verdi\u011fimiz ilk g\u00fcnden bug\u00fcne amac\u0131m\u0131z ticaret yapmak [&hellip;]<\/p>\n","protected":false},"author":2,"featured_media":0,"parent":0,"menu_order":0,"comment_status":"closed","ping_status":"closed","template":"elementor_header_footer","meta":{"postBodyMargin":[],"postBodyPadding":[],"postBodyBackground":{"backgroundType":"classic","gradient":""},"footnotes":""},"class_list":["post-3710","page","type-page","status-publish","hentry"],"_links":{"self":[{"href":"https:\/\/seldacenter.com\/ar\/wp-json\/wp\/v2\/pages\/3710","targetHints":{"allow":["GET"]}}],"collection":[{"href":"https:\/\/seldacenter.com\/ar\/wp-json\/wp\/v2\/pages"}],"about":[{"href":"https:\/\/seldacenter.com\/ar\/wp-json\/wp\/v2\/types\/page"}],"author":[{"embeddable":true,"href":"https:\/\/seldacenter.com\/ar\/wp-json\/wp\/v2\/users\/2"}],"replies":[{"embeddable":true,"href":"https:\/\/seldacenter.com\/ar\/wp-json\/wp\/v2\/comments?post=3710"}],"version-history":[{"count":3,"href":"https:\/\/seldacenter.com\/ar\/wp-json\/wp\/v2\/pages\/3710\/revisions"}],"predecessor-version":[{"id":13228,"href":"https:\/\/seldacenter.com\/ar\/wp-json\/wp\/v2\/pages\/3710\/revisions\/13228"}],"wp:attachment":[{"href":"https:\/\/seldacenter.com\/ar\/wp-json\/wp\/v2\/media?parent=3710"}],"curies":[{"name":"wp","href":"https:\/\/api.w.org\/{rel}","templated":true}]}}