{"id":138,"date":"2023-11-27T11:31:15","date_gmt":"2023-11-27T11:31:15","guid":{"rendered":"https:\/\/seldacenter.com\/yeniyapi\/?page_id=138"},"modified":"2024-12-10T11:28:54","modified_gmt":"2024-12-10T11:28:54","slug":"hakkimizda","status":"publish","type":"page","link":"https:\/\/seldacenter.com\/ar\/hakkimizda\/","title":{"rendered":"\u0645\u0639\u0644\u0648\u0645\u0627\u062a \u0639\u0646\u0627"},"content":{"rendered":"<div data-elementor-type=\"wp-page\" data-elementor-id=\"138\" class=\"elementor elementor-138\" data-elementor-post-type=\"page\">\n\t\t\t\t\t\t<section class=\"elementor-section elementor-top-section elementor-element elementor-element-b586a58 elementor-section-content-middle elementor-section-boxed elementor-section-height-default elementor-section-height-default\" data-id=\"b586a58\" data-element_type=\"section\">\n\t\t\t\t\t\t<div class=\"elementor-container elementor-column-gap-default\">\n\t\t\t\t\t<div class=\"elementor-column elementor-col-50 elementor-top-column elementor-element elementor-element-2d761f6\" data-id=\"2d761f6\" data-element_type=\"column\">\n\t\t\t<div class=\"elementor-widget-wrap elementor-element-populated\">\n\t\t\t\t\t\t<div class=\"elementor-element elementor-element-6c78ddee elementor-widget elementor-widget-text-editor\" data-id=\"6c78ddee\" data-element_type=\"widget\" data-widget_type=\"text-editor.default\">\n\t\t\t\t<div class=\"elementor-widget-container\">\n\t\t\t\t\t\t\t\t\t<h2><span style=\"color: #0170b9;\">\u0645\u0639 \u0627\u0644\u062b\u0642\u0629 \u0648\u0627\u0644\u062e\u0628\u0631\u0629<\/span><\/h2><p>\u0645\u0646\u0630 \u0639\u0627\u0645 2010\u060c \u0648\u0628\u0627\u0639\u062a\u0628\u0627\u0631\u0646\u0627 \u0645\u0631\u0643\u0632 SELDA\u060c \u0641\u0625\u0646\u0646\u0627 \u0646\u062a\u0648\u0633\u0637 \u0641\u064a \u0645\u062c\u0627\u0644\u0627\u062a \u0627\u0644\u0637\u0628 \u0627\u0644\u062a\u062c\u0645\u064a\u0644\u064a \u0648\u0627\u0644\u062c\u0631\u0627\u062d\u0629 \u0627\u0644\u062a\u062c\u0645\u064a\u0644\u064a\u0629 \u0648\u0639\u0644\u0627\u062c\u0627\u062a \u0627\u0644\u0623\u0633\u0646\u0627\u0646 \u0648\u062c\u0631\u0627\u062d\u0629 \u0627\u0644\u0633\u0645\u0646\u0629\u060c \u0645\u0639 \u0627\u0644\u062a\u0631\u0643\u064a\u0632 \u0639\u0644\u0649 \u0632\u0631\u0627\u0639\u0629 \u0627\u0644\u0634\u0639\u0631 \u0648\u0639\u0644\u0627\u062c\u0627\u062a \u0627\u0644\u0634\u0639\u0631.<\/p>\t\t\t\t\t\t\t\t<\/div>\n\t\t\t\t<\/div>\n\t\t\t\t\t<\/div>\n\t\t<\/div>\n\t\t\t\t<div class=\"elementor-column elementor-col-50 elementor-top-column elementor-element elementor-element-4a5514b\" data-id=\"4a5514b\" data-element_type=\"column\">\n\t\t\t<div class=\"elementor-widget-wrap elementor-element-populated\">\n\t\t\t\t\t\t<div class=\"elementor-element elementor-element-57eeb59 elementor-animation-grow elementor-widget elementor-widget-video\" data-id=\"57eeb59\" data-element_type=\"widget\" data-settings=\"{&quot;youtube_url&quot;:&quot;https:\\\/\\\/youtu.be\\\/-2aMRAVT3Ik&quot;,&quot;video_type&quot;:&quot;youtube&quot;,&quot;controls&quot;:&quot;yes&quot;}\" data-widget_type=\"video.default\">\n\t\t\t\t<div class=\"elementor-widget-container\">\n\t\t\t\t\t\t\t<div class=\"elementor-wrapper elementor-open-inline\">\n\t\t\t<div class=\"elementor-video\"><\/div>\t\t<\/div>\n\t\t\t\t\t\t<\/div>\n\t\t\t\t<\/div>\n\t\t\t\t\t<\/div>\n\t\t<\/div>\n\t\t\t\t\t<\/div>\n\t\t<\/section>\n\t\t\t\t<section class=\"elementor-section elementor-top-section elementor-element elementor-element-4655b4a elementor-section-content-middle elementor-section-boxed elementor-section-height-default elementor-section-height-default\" data-id=\"4655b4a\" data-element_type=\"section\">\n\t\t\t\t\t\t<div class=\"elementor-container elementor-column-gap-default\">\n\t\t\t\t\t<div class=\"elementor-column elementor-col-50 elementor-top-column elementor-element elementor-element-6d14ba2\" data-id=\"6d14ba2\" data-element_type=\"column\">\n\t\t\t<div class=\"elementor-widget-wrap elementor-element-populated\">\n\t\t\t\t\t\t<div class=\"elementor-element elementor-element-37b05903 elementor-widget elementor-widget-image\" data-id=\"37b05903\" data-element_type=\"widget\" data-widget_type=\"image.default\">\n\t\t\t\t<div class=\"elementor-widget-container\">\n\t\t\t\t\t\t\t\t\t\t\t\t\t\t\t<img fetchpriority=\"high\" decoding=\"async\" width=\"1024\" height=\"449\" src=\"https:\/\/seldacenter.com\/wp-content\/uploads\/2023\/11\/seldacenter_banner_golgeli-1-1024x449.png.webp\" class=\"elementor-animation-grow attachment-full size-full wp-image-146\" alt=\"\" srcset=\"https:\/\/seldacenter.com\/wp-content\/uploads\/2023\/11\/seldacenter_banner_golgeli-1-1024x449.png.webp 1024w, https:\/\/seldacenter.com\/wp-content\/uploads\/2023\/11\/seldacenter_banner_golgeli-1-1024x449.png-600x263.webp 600w, https:\/\/seldacenter.com\/wp-content\/uploads\/2023\/11\/seldacenter_banner_golgeli-1-1024x449.png-300x132.webp 300w, https:\/\/seldacenter.com\/wp-content\/uploads\/2023\/11\/seldacenter_banner_golgeli-1-1024x449.png-768x337.webp 768w\" sizes=\"(max-width: 1024px) 100vw, 1024px\" \/>\t\t\t\t\t\t\t\t\t\t\t\t\t\t\t<\/div>\n\t\t\t\t<\/div>\n\t\t\t\t\t<\/div>\n\t\t<\/div>\n\t\t\t\t<div class=\"elementor-column elementor-col-50 elementor-top-column elementor-element elementor-element-b8c7b94\" data-id=\"b8c7b94\" data-element_type=\"column\">\n\t\t\t<div class=\"elementor-widget-wrap elementor-element-populated\">\n\t\t\t\t\t\t<div class=\"elementor-element elementor-element-2df9a5a elementor-widget elementor-widget-text-editor\" data-id=\"2df9a5a\" data-element_type=\"widget\" data-widget_type=\"text-editor.default\">\n\t\t\t\t<div class=\"elementor-widget-container\">\n\t\t\t\t\t\t\t\t\t<h2><span style=\"color: #0170b9;\">\u0627\u0644\u062e\u062f\u0645\u0629 \u0641\u064a \u0627\u0644\u062e\u0627\u0631\u062c<\/span><\/h2><p>\u0643\u0645\u0631\u0643\u0632 \u0633\u064a\u0644\u062f\u0627\u060c \u0639\u0644\u0649 \u0639\u0643\u0633 \u0627\u0644\u0639\u062f\u064a\u062f \u0645\u0646 \u0634\u0631\u0643\u0627\u062a \u0627\u0644\u0633\u064a\u0627\u062d\u0629 \u0627\u0644\u0635\u062d\u064a\u0629 \u0641\u064a \u0628\u0644\u062f\u0646\u0627\u060c \u0648\u0628\u0627\u0644\u0642\u0648\u0629 \u0627\u0644\u062a\u064a \u0646\u062a\u0644\u0642\u0627\u0647\u0627 \u0645\u0646\u0643\u060c \u0627\u0639\u062a\u0645\u062f\u0646\u0627 \u0645\u0628\u062f\u0623 \u062a\u0632\u0648\u064a\u062f\u0643 \u0628\u0627\u0644\u062e\u062f\u0645\u0629 \u0627\u0644\u0635\u062d\u064a\u0629 \u0627\u0644\u0623\u0643\u062b\u0631 \u0645\u0648\u062b\u0648\u0642\u064a\u0629 \u0645\u0646 \u062e\u0644\u0627\u0644 \u0627\u0644\u062c\u0645\u0639 \u0628\u064a\u0646 \u0627\u0644\u062a\u0648\u0642\u0639\u0627\u062a \u0627\u0644\u0648\u0627\u0642\u0639\u064a\u0629 \u0644\u0639\u0645\u0644\u0627\u0626\u0646\u0627 \u0645\u0639 \u0623\u0637\u0628\u0627\u0626\u0646\u0627 \u0648\u0645\u0633\u062a\u0634\u0641\u064a\u0627\u062a\u0646\u0627 \u0627\u0644\u0642\u064a\u0645\u0629. \u0641\u064a \u0628\u0644\u0627\u062f\u0646\u0627. \u0646\u062d\u0646 \u0647\u0646\u0627 \u0644\u0625\u0631\u0634\u0627\u062f\u0643 \u0645\u0646\u0630 \u0644\u062d\u0638\u0629 \u062f\u062e\u0648\u0644\u0643 \u0625\u0644\u0649 \u0628\u0644\u062f\u0646\u0627 \u0648\u0644\u0646\u062c\u0639\u0644\u0643 \u062a\u0634\u0639\u0631 \u0628\u0628\u064a\u0626\u0629 \u0622\u0645\u0646\u0629 \u0648\u0648\u062f\u064a\u0629.<\/p>\t\t\t\t\t\t\t\t<\/div>\n\t\t\t\t<\/div>\n\t\t\t\t<div class=\"elementor-element elementor-element-47db1e2 elementor-align-justify elementor-widget elementor-widget-button\" data-id=\"47db1e2\" data-element_type=\"widget\" data-widget_type=\"button.default\">\n\t\t\t\t<div class=\"elementor-widget-container\">\n\t\t\t\t\t\t\t\t\t<div class=\"elementor-button-wrapper\">\n\t\t\t\t\t<a class=\"elementor-button elementor-button-link elementor-size-sm elementor-animation-grow\" href=\"https:\/\/api.whatsapp.com\/send\/?phone=905535899189&#038;text=www.seldacenter.com&#038;type=phone_number&#038;app_absent=0\">\n\t\t\t\t\t\t<span class=\"elementor-button-content-wrapper\">\n\t\t\t\t\t\t\t\t\t<span class=\"elementor-button-text\">\u0627\u062a\u0635\u0644 \u0628\u0646\u0627<\/span>\n\t\t\t\t\t<\/span>\n\t\t\t\t\t<\/a>\n\t\t\t\t<\/div>\n\t\t\t\t\t\t\t\t<\/div>\n\t\t\t\t<\/div>\n\t\t\t\t\t<\/div>\n\t\t<\/div>\n\t\t\t\t\t<\/div>\n\t\t<\/section>\n\t\t\t\t<\/div>","protected":false},"excerpt":{"rendered":"<p>G\u00fcven ve Tecr\u00fcbesi ile 2010 y\u0131l\u0131ndan bu yana SELDA CENTER olarak sa\u00e7 ekimi ve sa\u00e7 tedavileri a\u011f\u0131rl\u0131kl\u0131 olmak \u00fczere, medikal estetik, estetik cerrahi, di\u015f tedavileri ve obezite cerrahisi alan\u0131nda arac\u0131l\u0131k etmekteyiz. https:\/\/youtu.be\/-2aMRAVT3Ik Yurtd\u0131\u015f\u0131na Hizmet Selda Center olarak \u00fclkemizdeki bir \u00e7ok sa\u011fl\u0131k turizm firmas\u0131na nazaran sizlerden ald\u0131\u011f\u0131m\u0131z g\u00fc\u00e7 ile dan\u0131\u015fanlar\u0131m\u0131z\u0131n ger\u00e7ek\u00e7i beklentilerini \u00fclkemizdeki bir birinden de\u011ferli [&hellip;]<\/p>\n","protected":false},"author":2,"featured_media":0,"parent":0,"menu_order":0,"comment_status":"closed","ping_status":"closed","template":"","meta":{"postBodyMargin":[],"postBodyPadding":[],"postBodyBackground":{"backgroundType":"classic","gradient":""},"footnotes":""},"class_list":["post-138","page","type-page","status-publish","hentry"],"_links":{"self":[{"href":"https:\/\/seldacenter.com\/ar\/wp-json\/wp\/v2\/pages\/138","targetHints":{"allow":["GET"]}}],"collection":[{"href":"https:\/\/seldacenter.com\/ar\/wp-json\/wp\/v2\/pages"}],"about":[{"href":"https:\/\/seldacenter.com\/ar\/wp-json\/wp\/v2\/types\/page"}],"author":[{"embeddable":true,"href":"https:\/\/seldacenter.com\/ar\/wp-json\/wp\/v2\/users\/2"}],"replies":[{"embeddable":true,"href":"https:\/\/seldacenter.com\/ar\/wp-json\/wp\/v2\/comments?post=138"}],"version-history":[{"count":34,"href":"https:\/\/seldacenter.com\/ar\/wp-json\/wp\/v2\/pages\/138\/revisions"}],"predecessor-version":[{"id":15497,"href":"https:\/\/seldacenter.com\/ar\/wp-json\/wp\/v2\/pages\/138\/revisions\/15497"}],"wp:attachment":[{"href":"https:\/\/seldacenter.com\/ar\/wp-json\/wp\/v2\/media?parent=138"}],"curies":[{"name":"wp","href":"https:\/\/api.w.org\/{rel}","templated":true}]}}