{"id":13609,"date":"2024-02-17T18:58:49","date_gmt":"2024-02-17T18:58:49","guid":{"rendered":"https:\/\/seldacenter.com\/yeniyapi\/?page_id=13609"},"modified":"2024-02-17T18:58:50","modified_gmt":"2024-02-17T18:58:50","slug":"uyluk-germe-ameliyati-nedir","status":"publish","type":"page","link":"https:\/\/seldacenter.com\/ar\/uyluk-germe-ameliyati-nedir\/","title":{"rendered":"\u0645\u0627 \u0647\u064a \u0639\u0645\u0644\u064a\u0629 \u0634\u062f \u0627\u0644\u0641\u062e\u0630\u061f"},"content":{"rendered":"<p>\u062c\u0631\u0627\u062d\u0629 \u0634\u062f \u0627\u0644\u0641\u062e\u0630\u064a\u0646 \u0647\u064a \u0639\u0645\u0644\u064a\u0629 \u062a\u062c\u0645\u064a\u0644\u064a\u0629 \u062a\u064f\u062c\u0631\u0649 \u0644\u0625\u0632\u0627\u0644\u0629 \u062a\u0631\u0647\u0644 \u0627\u0644\u062c\u0644\u062f \u0641\u064a \u0645\u0646\u0637\u0642\u0629 \u0627\u0644\u0641\u062e\u0630\u064a\u0646 \u0627\u0644\u0646\u0627\u062a\u062c \u0639\u0646 \u0639\u0648\u0627\u0645\u0644 \u0645\u062b\u0644 \u0632\u064a\u0627\u062f\u0629 \u0627\u0644\u0648\u0632\u0646 \u0648\u0641\u0642\u062f\u0627\u0646\u0647 \u0628\u0634\u0643\u0644 \u0645\u0641\u0631\u0637 \u0623\u0648 \u0627\u0644\u062a\u0642\u062f\u0645 \u0641\u064a \u0627\u0644\u0633\u0646. \u062a\u064f\u0635\u062d\u062d \u0647\u0630\u0647 \u0627\u0644\u062c\u0631\u0627\u062d\u0629 \u0627\u0644\u062c\u0644\u062f \u0648\u0627\u0644\u062f\u0647\u0648\u0646 \u0627\u0644\u0632\u0627\u0626\u062f\u0629 \u0641\u064a \u0645\u0646\u0637\u0642\u0629 \u0627\u0644\u0641\u062e\u0630 \u0627\u0644\u062f\u0627\u062e\u0644\u064a\u0629\u060c \u0645\u0645\u0627 \u064a\u0645\u0646\u062d\u0647\u0627 \u0645\u0638\u0647\u0631\u064b\u0627 \u0645\u0634\u062f\u0648\u062f\u064b\u0627 \u0648\u0634\u0628\u0627\u0628\u064a\u064b\u0627 \u0648\u062c\u0645\u0627\u0644\u064a\u064b\u0627.<\/p>\n<p><strong>\u0645\u0627 \u0647\u0648 \u062a\u0631\u0647\u0644 \u0627\u0644\u0641\u062e\u0630\u061f \u0645\u0627 \u0623\u0633\u0628\u0627\u0628\u0647\u061f<\/strong><\/p>\n<p>\u064a\u062d\u062f\u062b \u062a\u0631\u0647\u0644 \u0627\u0644\u0641\u062e\u0630 \u0644\u0623\u0633\u0628\u0627\u0628 \u0639\u062f\u064a\u062f\u0629\u060c \u0645\u0646\u0647\u0627 \u0627\u0644\u062a\u0642\u062f\u0645 \u0641\u064a \u0627\u0644\u0633\u0646\u060c \u0648\u0641\u0642\u062f\u0627\u0646 \u0645\u0631\u0648\u0646\u0629 \u0627\u0644\u062c\u0644\u062f\u060c \u0648\u0641\u0642\u062f\u0627\u0646 \u0634\u062f \u0627\u0644\u062c\u0644\u062f \u0646\u062a\u064a\u062c\u0629\u064b \u0644\u0632\u064a\u0627\u062f\u0629 \u0627\u0644\u0648\u0632\u0646 \u0648\u0641\u0642\u062f\u0627\u0646\u0647 \u0628\u0634\u0643\u0644 \u0645\u0641\u0631\u0637. \u064a\u0638\u0647\u0631 \u062a\u0631\u0647\u0644 \u0627\u0644\u062c\u0644\u062f \u0648\u0631\u062e\u0627\u0648\u062a\u0647 \u0641\u064a \u0627\u0644\u062c\u0632\u0621 \u0627\u0644\u062f\u0627\u062e\u0644\u064a \u0645\u0646 \u0627\u0644\u0641\u062e\u0630. \u0639\u0627\u062f\u0629\u064b \u0645\u0627 \u062a\u062a\u0631\u0643\u0632 \u0647\u0630\u0647 \u0627\u0644\u062d\u0627\u0644\u0629 \u0641\u064a \u0627\u0644\u062c\u0632\u0621 \u0627\u0644\u0623\u0648\u0633\u0637 \u0645\u0646 \u0627\u0644\u0641\u062e\u0630\u060c \u0648\u0642\u062f \u062a\u0645\u062a\u062f \u0623\u062d\u064a\u0627\u0646\u064b\u0627 \u0646\u062d\u0648 \u0645\u0646\u0637\u0642\u0629 \u0627\u0644\u0631\u0643\u0628\u0629.<\/p>\n<p><strong>\u0643\u064a\u0641 \u062a\u062a\u0645 \u0639\u0645\u0644\u064a\u0629 \u0634\u062f \u0627\u0644\u0641\u062e\u0630\u061f<\/strong><\/p>\n<p>\u062a\u064f\u062c\u0631\u0649 \u062c\u0631\u0627\u062d\u0629 \u0634\u062f \u0627\u0644\u0641\u062e\u0630\u064a\u0646 \u0644\u062a\u0635\u062d\u064a\u062d \u0627\u0644\u062c\u0644\u062f \u0648\u0627\u0644\u062f\u0647\u0648\u0646 \u0627\u0644\u0632\u0627\u0626\u062f\u0629 \u0641\u064a \u0627\u0644\u062c\u0632\u0621 \u0627\u0644\u0639\u0644\u0648\u064a \u0648\u0627\u0644\u062f\u0627\u062e\u0644\u064a \u0645\u0646 \u0627\u0644\u0633\u0627\u0642\u064a\u0646. \u0648\u064a\u0645\u0643\u0646 \u0627\u0633\u062a\u062e\u062f\u0627\u0645 \u0637\u0631\u064a\u0642\u062a\u064a\u0646 \u0645\u062e\u062a\u0644\u0641\u062a\u064a\u0646:<\/p>\n<ol>\n<li><strong>\u0625\u0632\u0627\u0644\u0629 \u0627\u0644\u062c\u0644\u062f \u0627\u0644\u0632\u0627\u0626\u062f:<\/strong> \u0628\u0627\u0644\u0646\u0633\u0628\u0629 \u0644\u0644\u0645\u0631\u0636\u0649 \u0627\u0644\u0646\u062d\u064a\u0641\u064a\u0646 \u0627\u0644\u0630\u064a\u0646 \u0644\u062f\u064a\u0647\u0645 \u0627\u0644\u0642\u0644\u064a\u0644 \u0645\u0646 \u062a\u0631\u0647\u0644 \u0627\u0644\u062c\u0644\u062f\u060c \u064a\u062a\u0645 \u0625\u0632\u0627\u0644\u0629 \u0627\u0644\u062c\u0644\u062f \u0627\u0644\u0632\u0627\u0626\u062f\u060c \u0648\u0634\u062f\u0651\u0647 \u0648\u062e\u064a\u0627\u0637\u062a\u0647 \u0644\u062a\u0631\u0643 \u0646\u062f\u0628\u0629 \u0623\u0641\u0642\u064a\u0629 \u0639\u0644\u0649 \u0627\u0644\u062c\u0627\u0646\u0628 \u0627\u0644\u062f\u0627\u062e\u0644\u064a \u0645\u0646 \u0627\u0644\u0641\u062e\u0630.<\/li>\n<li><strong>\u0627\u0644\u0637\u0631\u064a\u0642\u0629 \u0627\u0644\u0645\u0634\u062a\u0631\u0643\u0629 \u0645\u0639 \u0634\u0641\u0637 \u0627\u0644\u062f\u0647\u0648\u0646:<\/strong> \u064a\u064f\u0637\u0628\u0651\u0642 \u0647\u0630\u0627 \u0627\u0644\u0625\u062c\u0631\u0627\u0621 \u0639\u0644\u0649 \u0627\u0644\u0645\u0631\u0636\u0649 \u0627\u0644\u0630\u064a\u0646 \u064a\u0639\u0627\u0646\u0648\u0646 \u0645\u0646 \u062a\u0631\u0647\u0644 \u0627\u0644\u062c\u0644\u062f \u0648\u0627\u0644\u062f\u0647\u0648\u0646 \u0627\u0644\u0632\u0627\u0626\u062f\u0629 \u0628\u0627\u0633\u062a\u062e\u062f\u0627\u0645 \u062a\u0642\u0646\u064a\u0629 \u0634\u0641\u0637 \u0627\u0644\u062f\u0647\u0648\u0646. \u0628\u0641\u0636\u0644 \u0647\u0630\u0647 \u0627\u0644\u0637\u0631\u064a\u0642\u0629\u060c \u064a\u0643\u062a\u0633\u0628 \u0627\u0644\u062c\u0644\u062f \u0645\u0638\u0647\u0631\u064b\u0627 \u0623\u0643\u062b\u0631 \u0634\u0628\u0627\u0628\u064b\u0627 \u0648\u0634\u062f\u064b\u0627.<\/li>\n<\/ol>\n<p><strong>\u0645\u062f\u0629 \u0639\u0645\u0644\u064a\u0629 \u0634\u062f \u0627\u0644\u0641\u062e\u0630 \u0648\u0627\u0644\u0623\u0644\u0645<\/strong><\/p>\n<p>\u062d\u0633\u0628 \u062d\u0627\u0644\u0629 \u0627\u0644\u0645\u0631\u064a\u0636\u0629\u060c \u062a\u0633\u062a\u063a\u0631\u0642 \u0639\u0645\u0644\u064a\u0629 \u0634\u062f \u0627\u0644\u0641\u062e\u0630 \u0639\u0627\u062f\u0629\u064b \u0633\u0627\u0639\u062a\u064a\u0646 \u0625\u0644\u0649 \u062b\u0644\u0627\u062b \u0633\u0627\u0639\u0627\u062a. \u0645\u0633\u062a\u0648\u0649 \u0627\u0644\u0623\u0644\u0645 \u0637\u0641\u064a\u0641\u060c \u0648\u064a\u0645\u0643\u0646 \u0627\u0644\u0633\u064a\u0637\u0631\u0629 \u0639\u0644\u0649 \u0623\u064a \u0623\u0644\u0645 \u0642\u062f \u064a\u062d\u062f\u062b \u0641\u064a \u0627\u0644\u0623\u064a\u0627\u0645 \u0627\u0644\u0623\u0648\u0644\u0649 \u0628\u0645\u0633\u0643\u0646\u0627\u062a \u0623\u0644\u0645 \u0628\u0633\u064a\u0637\u0629.<\/p>\n<p><strong>\u0646\u0648\u0639 \u0627\u0644\u062a\u062e\u062f\u064a\u0631<\/strong><\/p>\n<p>\u0641\u064a \u0639\u0645\u0644\u064a\u0627\u062a \u0634\u062f \u0627\u0644\u0641\u062e\u0630\u060c \u0639\u0627\u062f\u0629\u064b \u0645\u0627 \u064a\u064f\u0639\u0637\u0649 \u0627\u0644\u0645\u0631\u064a\u0636 \u062a\u062e\u062f\u064a\u0631\u064b\u0627 \u0639\u0627\u0645\u064b\u0627\u060c \u0645\u0645\u0627 \u064a\u0633\u0645\u062d \u0644\u0647 \u0628\u0625\u062c\u0631\u0627\u0621 \u0627\u0644\u0639\u0645\u0644\u064a\u0629 \u062f\u0648\u0646 \u0623\u0644\u0645 \u0648\u0628\u0631\u0627\u062d\u0629 \u062a\u0627\u0645\u0629.<\/p>\n<p>\u062a\u064f\u0639\u064a\u062f \u062c\u0631\u0627\u062d\u0629 \u0634\u062f \u0627\u0644\u0641\u062e\u0630 \u062a\u0634\u0643\u064a\u0644 \u0627\u0644\u062c\u0644\u062f \u0627\u0644\u0645\u062a\u0631\u0647\u0644 \u0628\u062d\u0644\u0651 \u062a\u062c\u0645\u064a\u0644\u064a\u060c \u0645\u0645\u0627 \u064a\u0645\u0646\u062d \u0627\u0644\u0645\u0631\u064a\u0636\u0629 \u0645\u0638\u0647\u0631\u064b\u0627 \u0623\u0643\u062b\u0631 \u0634\u0628\u0627\u0628\u064b\u0627 \u0648\u062a\u0646\u0627\u0633\u0642\u064b\u0627 \u0648\u062a\u0646\u0627\u0633\u0642\u064b\u0627. \u062a\u064f\u062c\u0631\u0649 \u062c\u0631\u0627\u062d\u0629 \u0634\u062f \u0627\u0644\u0641\u062e\u0630 \u0628\u0639\u062f \u0627\u0633\u062a\u0634\u0627\u0631\u0629 \u0645\u064f\u0641\u0635\u0651\u0644\u0629 \u0642\u0628\u0644 \u0627\u0644\u0639\u0645\u0644\u064a\u0629\u060c \u0628\u0627\u0633\u062a\u062e\u062f\u0627\u0645 \u062a\u0642\u0646\u064a\u0629 \u0645\u064f\u0646\u0627\u0633\u0628\u0629\u060c \u0648\u0639\u0644\u0649 \u064a\u062f \u062e\u0628\u064a\u0631\u0629\u060c \u0648\u0647\u064a \u062d\u0644 \u062a\u062c\u0645\u064a\u0644\u064a \u0646\u0627\u062c\u062d \u064a\u0647\u062f\u0641 \u0625\u0644\u0649 \u0632\u064a\u0627\u062f\u0629 \u0631\u0636\u0627 \u0627\u0644\u0645\u0631\u064a\u0636\u0629.<\/p>","protected":false},"excerpt":{"rendered":"<p>Uyluk germe ameliyat\u0131, a\u015f\u0131r\u0131 kilo al\u0131p verme veya ya\u015flanma s\u00fcreci gibi fakt\u00f6rler nedeniyle olu\u015fan uyluk b\u00f6lgesindeki cilt sarkmalar\u0131n\u0131 gidermek amac\u0131yla ger\u00e7ekle\u015ftirilen estetik bir operasyondur. Bu ameliyat, uyluk i\u00e7 k\u0131sm\u0131ndaki deri bollu\u011funu ve ya\u011flanmay\u0131 d\u00fczelterek daha s\u0131k\u0131, gen\u00e7 ve estetik bir g\u00f6r\u00fcn\u00fcm sa\u011flar. Uyluk Sarkmas\u0131 Nedir? Neden Olur? Uyluk sarkmas\u0131, ya\u015flanma s\u00fcreci ve cilt esnekli\u011fini kaybetme, [&hellip;]<\/p>\n","protected":false},"author":2,"featured_media":0,"parent":0,"menu_order":0,"comment_status":"closed","ping_status":"closed","template":"","meta":{"postBodyMargin":[],"postBodyPadding":[],"postBodyBackground":{"backgroundType":"classic","gradient":""},"footnotes":""},"class_list":["post-13609","page","type-page","status-publish","hentry"],"_links":{"self":[{"href":"https:\/\/seldacenter.com\/ar\/wp-json\/wp\/v2\/pages\/13609","targetHints":{"allow":["GET"]}}],"collection":[{"href":"https:\/\/seldacenter.com\/ar\/wp-json\/wp\/v2\/pages"}],"about":[{"href":"https:\/\/seldacenter.com\/ar\/wp-json\/wp\/v2\/types\/page"}],"author":[{"embeddable":true,"href":"https:\/\/seldacenter.com\/ar\/wp-json\/wp\/v2\/users\/2"}],"replies":[{"embeddable":true,"href":"https:\/\/seldacenter.com\/ar\/wp-json\/wp\/v2\/comments?post=13609"}],"version-history":[{"count":1,"href":"https:\/\/seldacenter.com\/ar\/wp-json\/wp\/v2\/pages\/13609\/revisions"}],"predecessor-version":[{"id":13610,"href":"https:\/\/seldacenter.com\/ar\/wp-json\/wp\/v2\/pages\/13609\/revisions\/13610"}],"wp:attachment":[{"href":"https:\/\/seldacenter.com\/ar\/wp-json\/wp\/v2\/media?parent=13609"}],"curies":[{"name":"wp","href":"https:\/\/api.w.org\/{rel}","templated":true}]}}