{"id":13607,"date":"2024-02-17T18:58:14","date_gmt":"2024-02-17T18:58:14","guid":{"rendered":"https:\/\/seldacenter.com\/yeniyapi\/?page_id=13607"},"modified":"2024-03-01T22:32:35","modified_gmt":"2024-03-01T22:32:35","slug":"two-pack-nedir","status":"publish","type":"page","link":"https:\/\/seldacenter.com\/ar\/two-pack-nedir\/","title":{"rendered":"\u0645\u0627 \u0647\u0648 \u0627\u062b\u0646\u0627\u0646 \u062d\u0632\u0645\u0629\u061f"},"content":{"rendered":"<div data-elementor-type=\"wp-page\" data-elementor-id=\"13607\" class=\"elementor elementor-13607\" data-elementor-post-type=\"page\">\n\t\t\t\t\t\t<section class=\"elementor-section elementor-top-section elementor-element elementor-element-49dd507 elementor-section-boxed elementor-section-height-default elementor-section-height-default\" data-id=\"49dd507\" data-element_type=\"section\">\n\t\t\t\t\t\t<div class=\"elementor-container elementor-column-gap-default\">\n\t\t\t\t\t<div class=\"elementor-column elementor-col-50 elementor-top-column elementor-element elementor-element-593ec47\" data-id=\"593ec47\" data-element_type=\"column\" data-settings=\"{&quot;background_background&quot;:&quot;classic&quot;}\">\n\t\t\t<div class=\"elementor-widget-wrap elementor-element-populated\">\n\t\t\t\t\t\t<div class=\"elementor-element elementor-element-417064a elementor-widget elementor-widget-image\" data-id=\"417064a\" data-element_type=\"widget\" data-widget_type=\"image.default\">\n\t\t\t\t<div class=\"elementor-widget-container\">\n\t\t\t\t\t\t\t\t\t\t\t\t\t\t\t<img fetchpriority=\"high\" decoding=\"async\" width=\"1152\" height=\"896\" src=\"https:\/\/seldacenter.com\/wp-content\/uploads\/2024\/03\/image-1.png\" class=\"attachment-full size-full wp-image-14132\" alt=\"\" srcset=\"https:\/\/seldacenter.com\/wp-content\/uploads\/2024\/03\/image-1.png 1152w, https:\/\/seldacenter.com\/wp-content\/uploads\/2024\/03\/image-1-600x467.png 600w, https:\/\/seldacenter.com\/wp-content\/uploads\/2024\/03\/image-1-300x233.png 300w, https:\/\/seldacenter.com\/wp-content\/uploads\/2024\/03\/image-1-1024x796.png 1024w, https:\/\/seldacenter.com\/wp-content\/uploads\/2024\/03\/image-1-768x597.png 768w\" sizes=\"(max-width: 1152px) 100vw, 1152px\" \/>\t\t\t\t\t\t\t\t\t\t\t\t\t\t\t<\/div>\n\t\t\t\t<\/div>\n\t\t\t\t\t<\/div>\n\t\t<\/div>\n\t\t\t\t<div class=\"elementor-column elementor-col-50 elementor-top-column elementor-element elementor-element-0380003\" data-id=\"0380003\" data-element_type=\"column\">\n\t\t\t<div class=\"elementor-widget-wrap elementor-element-populated\">\n\t\t\t\t\t\t<div class=\"elementor-element elementor-element-3723eae elementor-widget-divider--view-line_text elementor-widget-divider--element-align-left elementor-widget elementor-widget-divider\" data-id=\"3723eae\" data-element_type=\"widget\" data-widget_type=\"divider.default\">\n\t\t\t\t<div class=\"elementor-widget-container\">\n\t\t\t\t\t\t\t<div class=\"elementor-divider\">\n\t\t\t<span class=\"elementor-divider-separator\">\n\t\t\t\t\t\t\t<h3 class=\"elementor-divider__text elementor-divider__element\">\n\t\t\t\t\u0639\u0628\u0648\u062a\u064a\u0646\t\t\t\t<\/h3>\n\t\t\t\t\t\t<\/span>\n\t\t<\/div>\n\t\t\t\t\t\t<\/div>\n\t\t\t\t<\/div>\n\t\t\t\t<div class=\"elementor-element elementor-element-30202e0 elementor-align-left elementor-icon-list--layout-traditional elementor-list-item-link-full_width elementor-widget elementor-widget-icon-list\" data-id=\"30202e0\" data-element_type=\"widget\" data-widget_type=\"icon-list.default\">\n\t\t\t\t<div class=\"elementor-widget-container\">\n\t\t\t\t\t\t\t<ul class=\"elementor-icon-list-items\">\n\t\t\t\t\t\t\t<li class=\"elementor-icon-list-item\">\n\t\t\t\t\t\t\t\t\t\t\t<span class=\"elementor-icon-list-icon\">\n\t\t\t\t\t\t\t<svg aria-hidden=\"true\" class=\"e-font-icon-svg e-far-hospital\" viewbox=\"0 0 448 512\" xmlns=\"http:\/\/www.w3.org\/2000\/svg\"><path d=\"M128 244v-40c0-6.627 5.373-12 12-12h40c6.627 0 12 5.373 12 12v40c0 6.627-5.373 12-12 12h-40c-6.627 0-12-5.373-12-12zm140 12h40c6.627 0 12-5.373 12-12v-40c0-6.627-5.373-12-12-12h-40c-6.627 0-12 5.373-12 12v40c0 6.627 5.373 12 12 12zm-76 84v-40c0-6.627-5.373-12-12-12h-40c-6.627 0-12 5.373-12 12v40c0 6.627 5.373 12 12 12h40c6.627 0 12-5.373 12-12zm76 12h40c6.627 0 12-5.373 12-12v-40c0-6.627-5.373-12-12-12h-40c-6.627 0-12 5.373-12 12v40c0 6.627 5.373 12 12 12zm180 124v36H0v-36c0-6.627 5.373-12 12-12h19.5V85.035C31.5 73.418 42.245 64 55.5 64H144V24c0-13.255 10.745-24 24-24h112c13.255 0 24 10.745 24 24v40h88.5c13.255 0 24 9.418 24 21.035V464H436c6.627 0 12 5.373 12 12zM79.5 463H192v-67c0-6.627 5.373-12 12-12h40c6.627 0 12 5.373 12 12v67h112.5V112H304v24c0 13.255-10.745 24-24 24H168c-13.255 0-24-10.745-24-24v-24H79.5v351zM266 64h-26V38a6 6 0 0 0-6-6h-20a6 6 0 0 0-6 6v26h-26a6 6 0 0 0-6 6v20a6 6 0 0 0 6 6h26v26a6 6 0 0 0 6 6h20a6 6 0 0 0 6-6V96h26a6 6 0 0 0 6-6V70a6 6 0 0 0-6-6z\"><\/path><\/svg>\t\t\t\t\t\t<\/span>\n\t\t\t\t\t\t\t\t\t\t<span class=\"elementor-icon-list-text\">\u0627\u0644\u0625\u0642\u0627\u0645\u0629 \u0641\u064a \u0627\u0644\u0645\u0633\u062a\u0634\u0641\u0649: \u064a\u0648\u0645\u064a\u0646<\/span>\n\t\t\t\t\t\t\t\t\t<\/li>\n\t\t\t\t\t\t\t\t<li class=\"elementor-icon-list-item\">\n\t\t\t\t\t\t\t\t\t\t\t<span class=\"elementor-icon-list-icon\">\n\t\t\t\t\t\t\t<svg aria-hidden=\"true\" class=\"e-font-icon-svg e-far-clock\" viewbox=\"0 0 512 512\" xmlns=\"http:\/\/www.w3.org\/2000\/svg\"><path d=\"M256 8C119 8 8 119 8 256s111 248 248 248 248-111 248-248S393 8 256 8zm0 448c-110.5 0-200-89.5-200-200S145.5 56 256 56s200 89.5 200 200-89.5 200-200 200zm61.8-104.4l-84.9-61.7c-3.1-2.3-4.9-5.9-4.9-9.7V116c0-6.6 5.4-12 12-12h32c6.6 0 12 5.4 12 12v141.7l66.8 48.6c5.4 3.9 6.5 11.4 2.6 16.8L334.6 349c-3.9 5.3-11.4 6.5-16.8 2.6z\"><\/path><\/svg>\t\t\t\t\t\t<\/span>\n\t\t\t\t\t\t\t\t\t\t<span class=\"elementor-icon-list-text\">\u0648\u0642\u062a \u0627\u0644\u062a\u0634\u063a\u064a\u0644: 6-8 \u0633\u0627\u0639\u0627\u062a<\/span>\n\t\t\t\t\t\t\t\t\t<\/li>\n\t\t\t\t\t\t\t\t<li class=\"elementor-icon-list-item\">\n\t\t\t\t\t\t\t\t\t\t\t<span class=\"elementor-icon-list-icon\">\n\t\t\t\t\t\t\t<svg aria-hidden=\"true\" class=\"e-font-icon-svg e-fas-syringe\" viewbox=\"0 0 512 512\" xmlns=\"http:\/\/www.w3.org\/2000\/svg\"><path d=\"M201.5 174.8l55.7 55.8c3.1 3.1 3.1 8.2 0 11.3l-11.3 11.3c-3.1 3.1-8.2 3.1-11.3 0l-55.7-55.8-45.3 45.3 55.8 55.8c3.1 3.1 3.1 8.2 0 11.3l-11.3 11.3c-3.1 3.1-8.2 3.1-11.3 0L111 265.2l-26.4 26.4c-17.3 17.3-25.6 41.1-23 65.4l7.1 63.6L2.3 487c-3.1 3.1-3.1 8.2 0 11.3l11.3 11.3c3.1 3.1 8.2 3.1 11.3 0l66.3-66.3 63.6 7.1c23.9 2.6 47.9-5.4 65.4-23l181.9-181.9-135.7-135.7-64.9 65zm308.2-93.3L430.5 2.3c-3.1-3.1-8.2-3.1-11.3 0l-11.3 11.3c-3.1 3.1-3.1 8.2 0 11.3l28.3 28.3-45.3 45.3-56.6-56.6-17-17c-3.1-3.1-8.2-3.1-11.3 0l-33.9 33.9c-3.1 3.1-3.1 8.2 0 11.3l17 17L424.8 223l17 17c3.1 3.1 8.2 3.1 11.3 0l33.9-34c3.1-3.1 3.1-8.2 0-11.3l-73.5-73.5 45.3-45.3 28.3 28.3c3.1 3.1 8.2 3.1 11.3 0l11.3-11.3c3.1-3.2 3.1-8.2 0-11.4z\"><\/path><\/svg>\t\t\t\t\t\t<\/span>\n\t\t\t\t\t\t\t\t\t\t<span class=\"elementor-icon-list-text\">\u0627\u0644\u062a\u062e\u062f\u064a\u0631: \u0645\u0648\u0636\u0639\u064a<\/span>\n\t\t\t\t\t\t\t\t\t<\/li>\n\t\t\t\t\t\t\t\t<li class=\"elementor-icon-list-item\">\n\t\t\t\t\t\t\t\t\t\t\t<span class=\"elementor-icon-list-icon\">\n\t\t\t\t\t\t\t<svg aria-hidden=\"true\" class=\"e-font-icon-svg e-far-heart\" viewbox=\"0 0 512 512\" xmlns=\"http:\/\/www.w3.org\/2000\/svg\"><path d=\"M458.4 64.3C400.6 15.7 311.3 23 256 79.3 200.7 23 111.4 15.6 53.6 64.3-21.6 127.6-10.6 230.8 43 285.5l175.4 178.7c10 10.2 23.4 15.9 37.6 15.9 14.3 0 27.6-5.6 37.6-15.8L469 285.6c53.5-54.7 64.7-157.9-10.6-221.3zm-23.6 187.5L259.4 430.5c-2.4 2.4-4.4 2.4-6.8 0L77.2 251.8c-36.5-37.2-43.9-107.6 7.3-150.7 38.9-32.7 98.9-27.8 136.5 10.5l35 35.7 35-35.7c37.8-38.5 97.8-43.2 136.5-10.6 51.1 43.1 43.5 113.9 7.3 150.8z\"><\/path><\/svg>\t\t\t\t\t\t<\/span>\n\t\t\t\t\t\t\t\t\t\t<span class=\"elementor-icon-list-text\">\u0648\u0642\u062a \u0627\u0644\u062a\u0639\u0627\u0641\u064a: 6-12 \u0634\u0647\u0631\u064b\u0627<\/span>\n\t\t\t\t\t\t\t\t\t<\/li>\n\t\t\t\t\t\t<\/ul>\n\t\t\t\t\t\t<\/div>\n\t\t\t\t<\/div>\n\t\t\t\t<div class=\"elementor-element elementor-element-7e34e8f elementor-align-justify elementor-widget elementor-widget-button\" data-id=\"7e34e8f\" data-element_type=\"widget\" data-widget_type=\"button.default\">\n\t\t\t\t<div class=\"elementor-widget-container\">\n\t\t\t\t\t\t\t\t\t<div class=\"elementor-button-wrapper\">\n\t\t\t\t\t<a class=\"elementor-button elementor-button-link elementor-size-sm elementor-animation-buzz\" href=\"https:\/\/seldacenter.com\/ar\/\">\n\t\t\t\t\t\t<span class=\"elementor-button-content-wrapper\">\n\t\t\t\t\t\t\t\t\t<span class=\"elementor-button-text\">\u062d\u062f\u062f \u0645\u0648\u0639\u062f\u064b\u0627 \u0627\u0644\u0622\u0646<\/span>\n\t\t\t\t\t<\/span>\n\t\t\t\t\t<\/a>\n\t\t\t\t<\/div>\n\t\t\t\t\t\t\t\t<\/div>\n\t\t\t\t<\/div>\n\t\t\t\t\t<\/div>\n\t\t<\/div>\n\t\t\t\t\t<\/div>\n\t\t<\/section>\n\t\t\t\t<section class=\"elementor-section elementor-top-section elementor-element elementor-element-7546c1b4 elementor-section-boxed elementor-section-height-default elementor-section-height-default\" data-id=\"7546c1b4\" data-element_type=\"section\">\n\t\t\t\t\t\t<div class=\"elementor-container elementor-column-gap-default\">\n\t\t\t\t\t<div class=\"elementor-column elementor-col-100 elementor-top-column elementor-element elementor-element-1fb6e708\" data-id=\"1fb6e708\" data-element_type=\"column\">\n\t\t\t<div class=\"elementor-widget-wrap elementor-element-populated\">\n\t\t\t\t\t\t<div class=\"elementor-element elementor-element-1c760533 elementor-widget elementor-widget-text-editor\" data-id=\"1c760533\" data-element_type=\"widget\" data-widget_type=\"text-editor.default\">\n\t\t\t\t<div class=\"elementor-widget-container\">\n\t\t\t\t\t\t\t\t\t\u062a\u0648 \u0628\u0627\u0643 \u0647\u0648 \u062a\u0637\u0628\u064a\u0642 \u062c\u0645\u0627\u0644\u064a \u0623\u0635\u0628\u062d \u0634\u0627\u0626\u0639\u064b\u0627 \u0628\u064a\u0646 \u0627\u0644\u0646\u0633\u0627\u0621 \u0648\u064a\u0639\u0631\u0641 \u0628\u0634\u0643\u0644 \u0639\u0627\u0645 \u0628\u0623\u0646\u0647 \u0639\u0645\u0644\u064a\u0629 \u062c\u0645\u0627\u0644\u064a\u0629 \u064a\u062a\u0645 \u0625\u062c\u0631\u0627\u0624\u0647\u0627 \u0644\u0644\u0643\u0634\u0641 \u0639\u0646 \u0639\u0636\u0644\u0627\u062a \u0627\u0644\u0628\u0637\u0646 \u0627\u0644\u062a\u064a \u062a\u0645 \u0627\u0644\u062d\u0635\u0648\u0644 \u0639\u0644\u064a\u0647\u0627 \u0645\u0646 \u062e\u0644\u0627\u0644 \u0627\u0644\u0631\u064a\u0627\u0636\u0629 \u0641\u064a \u0648\u0642\u062a \u0642\u0635\u064a\u0631. \u064a\u0639\u062f \u0647\u0630\u0627 \u0627\u0644\u0625\u062c\u0631\u0627\u0621 \u062d\u0644\u0627\u064b \u0645\u062b\u0627\u0644\u064a\u064b\u0627 \u0644\u0623\u0648\u0644\u0626\u0643 \u0627\u0644\u0630\u064a\u0646 \u0644\u0627 \u062a\u062a\u0627\u062d \u0644\u0647\u0645 \u0627\u0644\u0641\u0631\u0635\u0629 \u0644\u0645\u0645\u0627\u0631\u0633\u0629 \u0627\u0644\u0631\u064a\u0627\u0636\u0629 \u0644\u0641\u062a\u0631\u0629 \u0637\u0648\u064a\u0644\u0629 \u0623\u0648 \u0627\u0644\u0630\u064a\u0646 \u064a\u0631\u063a\u0628\u0648\u0646 \u0641\u064a \u062a\u062d\u0642\u064a\u0642 \u0645\u0638\u0647\u0631 \u062c\u0645\u0627\u0644\u064a \u0633\u0631\u064a\u0639\u064b\u0627.\n\n<strong>\u0643\u064a\u0641 \u064a\u062a\u0645 \u062a\u0646\u0641\u064a\u0630 \u0627\u0644\u062d\u0632\u0645\u062a\u064a\u0646 (\u062a\u062c\u0645\u064a\u0644 \u0639\u0636\u0644\u0627\u062a \u0627\u0644\u0628\u0637\u0646)\u061f<\/strong>\n\n\u064a\u062a\u0645 \u0625\u062c\u0631\u0627\u0621 \u062c\u0631\u0627\u062d\u0629 \u0627\u0644\u062d\u0632\u0645\u062a\u064a\u0646 \u0628\u0639\u0645\u0644\u064a\u0629 \u062a\u0633\u0645\u0649 \u0634\u0641\u0637 \u0627\u0644\u062f\u0647\u0648\u0646 \u0628\u0627\u0644\u0641\u064a\u0632\u0631. \u062a\u062a\u0645 \u0647\u0630\u0647 \u0627\u0644\u0639\u0645\u0644\u064a\u0629 \u0628\u0625\u0632\u0627\u0644\u0629 \u0627\u0644\u062f\u0647\u0648\u0646 \u0627\u0644\u0645\u062a\u0631\u0627\u0643\u0645\u0629 \u0641\u064a \u0645\u0646\u0637\u0642\u0629 \u0627\u0644\u0628\u0637\u0646 \u0648\u0627\u0644\u0623\u0646\u0633\u062c\u0629 \u0627\u0644\u062a\u064a \u062a\u062e\u0641\u064a \u0627\u0644\u0623\u0646\u0633\u062c\u0629 \u0627\u0644\u0639\u0636\u0644\u064a\u0629. \u0623\u062b\u0646\u0627\u0621 \u0627\u0644\u0639\u0645\u0644\u064a\u0629\u060c \u0644\u0627 \u062a\u062a\u0645 \u0625\u0632\u0627\u0644\u0629 \u0627\u0644\u062f\u0647\u0648\u0646 \u0641\u062d\u0633\u0628\u060c \u0628\u0644 \u064a\u062a\u0645 \u0623\u064a\u0636\u064b\u0627 \u062a\u0631\u062a\u064a\u0628 \u0639\u0636\u0644\u0627\u062a \u0627\u0644\u0628\u0637\u0646 \u0628\u062d\u064a\u062b \u062a\u0638\u0647\u0631.\n\n<strong>\u0644\u0645\u0646 \u062a\u0643\u0648\u0646 \u0645\u0646\u0627\u0633\u0628\u0629\u061f<\/strong>\n\n\u0625\u0646 \u062a\u062c\u0645\u064a\u0644 \u0639\u0636\u0644\u0627\u062a \u0627\u0644\u0628\u0637\u0646 \u0645\u0646\u0627\u0633\u0628 \u0644\u0644\u062c\u0645\u064a\u0639\u060c \u0633\u0648\u0627\u0621 \u0643\u0627\u0646\u0648\u0627 \u064a\u0645\u0627\u0631\u0633\u0648\u0646 \u0627\u0644\u0631\u064a\u0627\u0636\u0629 \u0623\u0645 \u0644\u0627. \u0648\u064a\u0641\u0636\u0644 \u0628\u0634\u0643\u0644 \u062e\u0627\u0635 \u0644\u0639\u0636\u0644\u0627\u062a \u0627\u0644\u0628\u0637\u0646 \u0627\u0644\u062a\u064a \u0644\u0627 \u064a\u0645\u0643\u0646 \u062a\u062d\u0642\u064a\u0642\u0647\u0627 \u0628\u0627\u0644\u0631\u064a\u0627\u0636\u0629. \u0625\u0646\u0647 \u062e\u064a\u0627\u0631 \u0645\u062b\u0627\u0644\u064a \u0644\u0623\u0648\u0644\u0626\u0643 \u0627\u0644\u0630\u064a\u0646 \u0644\u0627 \u064a\u0633\u062a\u0637\u064a\u0639\u0648\u0646 \u062a\u0648\u0641\u064a\u0631 \u0627\u0644\u0648\u0642\u062a \u0644\u0645\u0645\u0627\u0631\u0633\u0629 \u0627\u0644\u0631\u064a\u0627\u0636\u0629 \u0623\u0648 \u0627\u0644\u0630\u064a\u0646 \u064a\u0631\u063a\u0628\u0648\u0646 \u0641\u064a \u0627\u0644\u062d\u0635\u0648\u0644 \u0639\u0644\u0649 \u0646\u062a\u0627\u0626\u062c \u0623\u0633\u0631\u0639. \u0628\u0627\u0644\u0625\u0636\u0627\u0641\u0629 \u0625\u0644\u0649 \u0627\u0644\u0623\u0634\u062e\u0627\u0635 \u0627\u0644\u0630\u064a\u0646 \u064a\u0645\u0627\u0631\u0633\u0648\u0646 \u0627\u0644\u0631\u064a\u0627\u0636\u0629\u060c \u064a\u0645\u0643\u0646 \u0644\u0623\u0648\u0644\u0626\u0643 \u0627\u0644\u0630\u064a\u0646 \u0644\u0627 \u062a\u062a\u0627\u062d \u0644\u0647\u0645 \u0627\u0644\u0641\u0631\u0635\u0629 \u0644\u0645\u0645\u0627\u0631\u0633\u0629 \u0627\u0644\u0631\u064a\u0627\u0636\u0629 \u0648\u0644\u0643\u0646\u0647\u0645 \u064a\u0631\u063a\u0628\u0648\u0646 \u0641\u064a \u0627\u0644\u062d\u0635\u0648\u0644 \u0639\u0644\u0649 \u0645\u0638\u0647\u0631 \u0644\u0627\u0626\u0642 \u0627\u0644\u0627\u0633\u062a\u0641\u0627\u062f\u0629 \u0645\u0646 \u062a\u0637\u0628\u064a\u0642\u0627\u062a Two Pack.\n\n<strong>\u0639\u0645\u0644\u064a\u0629 \u062c\u0631\u0627\u062d\u064a\u0629 \u0645\u0646 \u0642\u0637\u0639\u062a\u064a\u0646<\/strong>\n\n\u0642\u0628\u0644 \u0627\u0644\u062c\u0631\u0627\u062d\u0629\u060c \u064a\u062a\u0645 \u0625\u062c\u0631\u0627\u0621 \u062a\u062d\u0644\u064a\u0644 \u0645\u0641\u0635\u0644 \u0644\u0645\u0646\u0637\u0642\u0629 \u0627\u0644\u0628\u0637\u0646 \u0630\u0627\u062a \u0627\u0644\u0635\u0644\u0629. \u0628\u0645\u062c\u0631\u062f \u062a\u062d\u062f\u064a\u062f \u0627\u0644\u062f\u0647\u0648\u0646 \u0648\u0627\u0644\u0639\u0636\u0644\u0627\u062a\u060c \u064a\u062a\u0645 \u0625\u062c\u0631\u0627\u0621 \u062a\u062e\u0637\u064a\u0637 \u0634\u062e\u0635\u064a. \u0623\u062b\u0646\u0627\u0621 \u0627\u0644\u0625\u062c\u0631\u0627\u0621\u060c \u062a\u062a\u0645 \u0625\u0632\u0627\u0644\u0629 \u0627\u0644\u062f\u0647\u0648\u0646 \u0648\u0627\u0644\u0623\u0646\u0633\u062c\u0629 \u0627\u0644\u0639\u0636\u0644\u064a\u0629 \u0627\u0644\u0645\u062d\u062f\u062f\u0629 \u0648\u062a\u0634\u0643\u064a\u0644\u0647\u0627. \u062a\u0628\u062f\u0623 \u0647\u0630\u0647 \u0627\u0644\u0639\u0645\u0644\u064a\u0629 \u0628\u0625\u0632\u0627\u0644\u0629 \u0627\u0644\u062f\u0647\u0648\u0646 \u0627\u0644\u0632\u0627\u0626\u062f\u0629 \u0628\u0637\u0631\u064a\u0642\u0629 \u0634\u0641\u0637 \u0627\u0644\u062f\u0647\u0648\u0646 \u0628\u0627\u0644\u0641\u064a\u0632\u0631 \u0648\u064a\u062a\u0645 \u0643\u0634\u0641 \u0639\u0636\u0644\u0627\u062a \u0627\u0644\u0628\u0637\u0646 \u062d\u0633\u0628 \u0627\u0644\u0631\u063a\u0628\u0629. \u062a\u0633\u062a\u063a\u0631\u0642 \u0627\u0644\u062c\u0631\u0627\u062d\u0629 \u0639\u0627\u062f\u0629 2-3 \u0633\u0627\u0639\u0627\u062a \u0648\u064a\u0648\u0635\u0649 \u0628\u0627\u0644\u0645\u0628\u064a\u062a \u0641\u064a \u0627\u0644\u0645\u0633\u062a\u0634\u0641\u0649.\n\n<strong>\u0645\u062a\u0649 \u064a\u0638\u0647\u0631 \u062a\u0623\u062b\u064a\u0631 \u0627\u0644\u062d\u0632\u0645\u062a\u064a\u0646\u061f<\/strong>\n\n\u0628\u0639\u062f \u0627\u0644\u062c\u0631\u0627\u062d\u0629\u060c \u0633\u0648\u0641 \u064a\u0631\u063a\u0628 \u0627\u0644\u0646\u0627\u0633 \u0641\u064a \u0631\u0624\u064a\u0629 \u0627\u0644\u062a\u063a\u064a\u064a\u0631 \u0641\u064a \u0645\u0646\u0637\u0642\u0629 \u0627\u0644\u0628\u0637\u0646. \u0648\u0645\u0639 \u0630\u0644\u0643\u060c \u0641\u0645\u0646 \u0627\u0644\u0636\u0631\u0648\u0631\u064a \u0627\u0644\u0627\u0646\u062a\u0638\u0627\u0631 \u0628\u0639\u0636 \u0627\u0644\u0648\u0642\u062a \u0644\u0644\u062d\u0635\u0648\u0644 \u0639\u0644\u0649 \u0627\u0644\u0646\u062a\u0627\u0626\u062c \u0627\u0644\u0643\u0627\u0645\u0644\u0629. \u0642\u062f \u064a\u062d\u062f\u062b \u062a\u0648\u0631\u0645 \u0648\u0648\u0630\u0645\u0629 \u0641\u064a \u0627\u0644\u0645\u0646\u0637\u0642\u0629 \u0641\u064a \u0627\u0644\u0623\u064a\u0627\u0645 \u0627\u0644\u0623\u0648\u0644\u0649\u060c \u0644\u0643\u0646 \u064a\u0648\u0635\u0649 \u0628\u0627\u0644\u0627\u0646\u062a\u0638\u0627\u0631 \u062d\u0648\u0627\u0644\u064a 10 \u0623\u064a\u0627\u0645 \u0644\u0644\u062d\u0635\u0648\u0644 \u0639\u0644\u0649 \u0645\u0638\u0647\u0631 \u0645\u062b\u0627\u0644\u064a.\n\n<strong>\u0645\u0627 \u0627\u0644\u0630\u064a \u064a\u062c\u0628 \u0645\u0631\u0627\u0639\u0627\u062a\u0647 \u0628\u0639\u062f \u0627\u0644\u062d\u0632\u0645\u062a\u064a\u0646\u061f<\/strong>\n\n\u0628\u0639\u062f \u0627\u0644\u0639\u0645\u0644\u064a\u0629 \u064a\u062c\u0628 \u0645\u0631\u0627\u0639\u0627\u0629 \u0642\u0648\u0627\u0639\u062f \u0627\u0644\u0646\u0638\u0627\u0641\u0629 \u0648\u0645\u0648\u0627\u0635\u0644\u0629 \u0627\u0633\u062a\u062e\u062f\u0627\u0645 \u0627\u0644\u0645\u0634\u062f \u062d\u0633\u0628 \u062a\u0648\u0635\u064a\u0629 \u0627\u0644\u0637\u0628\u064a\u0628. \u0623\u062b\u0646\u0627\u0621 \u0639\u0645\u0644\u064a\u0629 \u0627\u0644\u062a\u0639\u0627\u0641\u064a\u060c \u064a\u062c\u0628 \u0623\u0644\u0627 \u064a\u0643\u0648\u0646 \u0627\u0644\u062c\u0633\u0645 \u0645\u062c\u0647\u062f\u064b\u0627 \u0648\u064a\u062c\u0628 \u062a\u062c\u0646\u0628 \u0627\u0644\u0622\u062b\u0627\u0631 \u0627\u0644\u0633\u0644\u0628\u064a\u0629 \u0645\u062b\u0644 \u0627\u0644\u062a\u062f\u062e\u064a\u0646 \u0648\u0627\u0644\u0643\u062d\u0648\u0644. \u0648\u064a\u0645\u0643\u0646 \u0644\u0644\u0645\u0631\u064a\u0636 \u0627\u0644\u0639\u0648\u062f\u0629 \u0625\u0644\u0649 \u062d\u064a\u0627\u062a\u0647 \u0627\u0644\u0627\u062c\u062a\u0645\u0627\u0639\u064a\u0629 \u062a\u062f\u0631\u064a\u062c\u064a\u0627\u064b \u0645\u0646 \u062e\u0644\u0627\u0644 \u0627\u062a\u0628\u0627\u0639 \u062a\u0648\u0635\u064a\u0627\u062a \u0627\u0644\u0637\u0628\u064a\u0628. \u064a\u0639\u062f \u0627\u0644\u0623\u0644\u0645 \u0627\u0644\u062e\u0641\u064a\u0641 \u0623\u0645\u0631\u064b\u0627 \u0637\u0628\u064a\u0639\u064a\u064b\u0627 \u0623\u062b\u0646\u0627\u0621 \u0639\u0645\u0644\u064a\u0629 \u0627\u0644\u0634\u0641\u0627\u0621 \u0648\u064a\u062c\u0628 \u0627\u0633\u062a\u062e\u062f\u0627\u0645 \u0645\u0633\u0643\u0646\u0627\u062a \u0627\u0644\u0623\u0644\u0645 \u0627\u0644\u062a\u064a \u064a\u0648\u0635\u064a \u0628\u0647\u0627 \u0627\u0644\u0637\u0628\u064a\u0628. \u062e\u0644\u0627\u0644 \u0647\u0630\u0647 \u0627\u0644\u0641\u062a\u0631\u0629\u060c \u064a\u062c\u0628 \u062a\u062c\u0646\u0628 \u0627\u0644\u0623\u0646\u0634\u0637\u0629 \u0627\u0644\u0631\u064a\u0627\u0636\u064a\u0629 \u0648\u0627\u0644\u062d\u064a\u0627\u0629 \u0627\u0644\u0646\u0634\u0637\u0629 \u0648\u0627\u0644\u062a\u0623\u0643\u064a\u062f \u0639\u0644\u0649 \u0627\u0644\u062a\u063a\u0630\u064a\u0629 \u0627\u0644\u0645\u0646\u062a\u0638\u0645\u0629. \u062a\u0639\u062a\u0628\u0631 \u062c\u0631\u0627\u062d\u0629 \u0627\u0644\u062d\u0632\u0645\u062a\u064a\u0646 \u062d\u0644\u0627\u064b \u062c\u0645\u0627\u0644\u064a\u0627\u064b \u062d\u062f\u064a\u062b\u0627\u064b \u0644\u0644\u0646\u0633\u0627\u0621 \u0627\u0644\u0644\u0627\u062a\u064a \u064a\u0631\u063a\u0628\u0646 \u0641\u064a \u062a\u062d\u0642\u064a\u0642 \u0646\u062a\u0627\u0626\u062c \u0633\u0631\u064a\u0639\u0629 \u0648\u0641\u0639\u0627\u0644\u0629. \u0639\u0646\u062f\u0645\u0627 \u064a\u062a\u0645 \u0627\u0644\u062a\u062e\u0637\u064a\u0637 \u0644\u0647\u0627 \u0628\u0634\u0643\u0644 \u0635\u062d\u064a\u062d \u0648\u062a\u0646\u0641\u064a\u0630\u0647\u0627 \u0645\u0646 \u0642\u0628\u0644 \u062c\u0631\u0627\u062d \u062e\u0628\u064a\u0631\u060c \u064a\u0645\u0643\u0646 \u0623\u0646 \u062a\u0633\u0627\u0639\u062f \u0627\u0644\u0634\u062e\u0635 \u0639\u0644\u0649 \u062a\u062d\u0642\u064a\u0642 \u0645\u0638\u0647\u0631 \u0639\u0636\u0644\u0627\u062a \u0627\u0644\u0628\u0637\u0646 \u0627\u0644\u0630\u064a \u064a\u0631\u063a\u0628 \u0641\u064a\u0647.\t\t\t\t\t\t\t\t<\/div>\n\t\t\t\t<\/div>\n\t\t\t\t\t<\/div>\n\t\t<\/div>\n\t\t\t\t\t<\/div>\n\t\t<\/section>\n\t\t\t\t<\/div>","protected":false},"excerpt":{"rendered":"<p>Two Pack Hastanede Kal\u0131\u015f S\u00fcresi: 2 G\u00fcn Operasyon S\u00fcresi: 6-8 Saat Anestezi: Lokal \u0130yile\u015fme S\u00fcresi: 6-12 Ay Hemen Randevu Al\u0131n Two Pack, kad\u0131nlarda pop\u00fcler hale gelen bir estetik uygulamad\u0131r ve genellikle sporla elde edilen kar\u0131n kaslar\u0131n\u0131 k\u0131sa s\u00fcrede ortaya \u00e7\u0131karmak i\u00e7in yap\u0131lan bir estetik operasyonu olarak bilinir. Bu i\u015flem, uzun s\u00fcre spor yapma \u015fans\u0131 olmayanlar [&hellip;]<\/p>\n","protected":false},"author":2,"featured_media":0,"parent":0,"menu_order":0,"comment_status":"closed","ping_status":"closed","template":"","meta":{"postBodyMargin":[],"postBodyPadding":[],"postBodyBackground":{"backgroundType":"classic","gradient":""},"footnotes":""},"class_list":["post-13607","page","type-page","status-publish","hentry"],"_links":{"self":[{"href":"https:\/\/seldacenter.com\/ar\/wp-json\/wp\/v2\/pages\/13607","targetHints":{"allow":["GET"]}}],"collection":[{"href":"https:\/\/seldacenter.com\/ar\/wp-json\/wp\/v2\/pages"}],"about":[{"href":"https:\/\/seldacenter.com\/ar\/wp-json\/wp\/v2\/types\/page"}],"author":[{"embeddable":true,"href":"https:\/\/seldacenter.com\/ar\/wp-json\/wp\/v2\/users\/2"}],"replies":[{"embeddable":true,"href":"https:\/\/seldacenter.com\/ar\/wp-json\/wp\/v2\/comments?post=13607"}],"version-history":[{"count":10,"href":"https:\/\/seldacenter.com\/ar\/wp-json\/wp\/v2\/pages\/13607\/revisions"}],"predecessor-version":[{"id":14135,"href":"https:\/\/seldacenter.com\/ar\/wp-json\/wp\/v2\/pages\/13607\/revisions\/14135"}],"wp:attachment":[{"href":"https:\/\/seldacenter.com\/ar\/wp-json\/wp\/v2\/media?parent=13607"}],"curies":[{"name":"wp","href":"https:\/\/api.w.org\/{rel}","templated":true}]}}