{"id":13588,"date":"2024-02-17T18:49:20","date_gmt":"2024-02-17T18:49:20","guid":{"rendered":"https:\/\/seldacenter.com\/yeniyapi\/?page_id=13588"},"modified":"2024-02-17T18:49:21","modified_gmt":"2024-02-17T18:49:21","slug":"yuz-germe-ameliyati","status":"publish","type":"page","link":"https:\/\/seldacenter.com\/ar\/yuz-germe-ameliyati\/","title":{"rendered":"\u062c\u0631\u0627\u062d\u0629 \u0634\u062f \u0627\u0644\u0648\u062c\u0647"},"content":{"rendered":"<p><strong>\u062c\u0631\u0627\u062d\u0629 \u0634\u062f \u0627\u0644\u0648\u062c\u0647: \u062d\u0644 \u0641\u0639\u0627\u0644 \u0644\u0645\u0638\u0647\u0631 \u0634\u0628\u0627\u0628\u064a \u0648\u062d\u064a\u0648\u064a<\/strong><\/p>\n<p>\u062c\u0631\u0627\u062d\u0629 \u0634\u062f \u0627\u0644\u0648\u062c\u0647 \u0647\u064a \u0625\u062c\u0631\u0627\u0621 \u062c\u0631\u0627\u062d\u064a \u064a\u0648\u0641\u0631 \u062d\u0644\u0627\u064b \u0641\u0639\u0627\u0644\u0627\u064b \u0644\u0645\u0646 \u064a\u0631\u063a\u0628\u0648\u0646 \u0641\u064a \u0627\u0644\u062a\u063a\u0644\u0628 \u0639\u0644\u0649 \u0639\u0644\u0627\u0645\u0627\u062a \u0627\u0644\u062a\u0642\u062f\u0645 \u0641\u064a \u0627\u0644\u0633\u0646 \u0648\u0627\u0644\u062d\u0635\u0648\u0644 \u0639\u0644\u0649 \u0645\u0638\u0647\u0631 \u0623\u0643\u062b\u0631 \u0634\u0628\u0627\u0628\u0627\u064b \u0648\u062d\u064a\u0648\u064a\u0629. \u0625\u0644\u064a\u0643\u0645 \u062d\u0642\u0627\u0626\u0642 \u0637\u0631\u064a\u0641\u0629 \u062d\u0648\u0644 \u062c\u0631\u0627\u062d\u0629 \u0634\u062f \u0627\u0644\u0648\u062c\u0647:<\/p>\n<p>\u0643\u064a\u0641 \u062a\u062a\u0645 \u0639\u0645\u0644\u064a\u0629 \u0634\u062f \u0627\u0644\u0648\u062c\u0647\u061f<\/p>\n<p>\u062a\u064f\u062c\u0631\u0649 \u062c\u0631\u0627\u062d\u0629 \u0634\u062f \u0627\u0644\u0648\u062c\u0647 \u0648\u0641\u0642 \u062e\u0637\u0629 \u062c\u0631\u0627\u062d\u064a\u0629 \u062a\u0639\u062a\u0645\u062f \u0639\u0644\u0649 \u0627\u062d\u062a\u064a\u0627\u062c\u0627\u062a \u0627\u0644\u0634\u062e\u0635 \u0648\u0627\u0644\u0645\u0646\u0627\u0637\u0642 \u0627\u0644\u062a\u064a \u064a\u064f\u0643\u062a\u0634\u0641 \u0641\u064a\u0647\u0627 \u062a\u0634\u0648\u0647. \u0628\u0627\u0644\u0625\u0636\u0627\u0641\u0629 \u0625\u0644\u0649 \u062a\u0631\u0647\u0644 \u0627\u0644\u062c\u0644\u062f \u0648\u0627\u0631\u062a\u062e\u0627\u0626\u0647\u060c \u062a\u064f\u062c\u0631\u0649 \u062c\u0631\u0627\u062d\u0629 \u0644\u0639\u0636\u0644\u0627\u062a \u0627\u0644\u0648\u062c\u0647 \u0648\u0627\u0644\u0623\u0646\u0633\u062c\u0629 \u0627\u0644\u0636\u0627\u0645\u0629. \u064a\u0648\u0641\u0631 \u0627\u0644\u062a\u0634\u0643\u064a\u0644 \u062b\u0644\u0627\u062b\u064a \u0627\u0644\u0623\u0628\u0639\u0627\u062f \u0644\u0644\u0623\u0646\u0633\u062c\u0629 \u0627\u0644\u0639\u0645\u064a\u0642\u0629 \u0646\u062a\u0627\u0626\u062c \u0637\u0628\u064a\u0639\u064a\u0629 \u0648\u062f\u0627\u0626\u0645\u0629. \u062a\u064f\u062c\u0631\u0649 \u0627\u0644\u0634\u0642\u0648\u0642 \u0639\u0627\u062f\u0629\u064b \u0639\u0646\u062f \u062e\u0637 \u0627\u0644\u0634\u0639\u0631 \u0648\u0623\u0645\u0627\u0645 \u0627\u0644\u0623\u0630\u0646\u060c \u0645\u0645\u0627 \u064a\u064f\u062a\u064a\u062d \u0625\u062e\u0641\u0627\u0621 \u0627\u0644\u0646\u062f\u0648\u0628 \u0645\u0639 \u0645\u0631\u0648\u0631 \u0627\u0644\u0648\u0642\u062a.<\/p>\n<p>\u0645\u0632\u0627\u064a\u0627 \u062c\u0631\u0627\u062d\u0629 \u0634\u062f \u0627\u0644\u0648\u062c\u0647<\/p>\n<ul>\n<li>\u064a\u0624\u062b\u0631 \u0639\u0644\u0649 \u062c\u0645\u064a\u0639 \u0637\u0628\u0642\u0627\u062a \u0627\u0644\u062c\u0644\u062f \u0648\u064a\u0635\u0644 \u0625\u0644\u0649 \u0627\u0644\u0623\u0646\u0633\u062c\u0629 \u0627\u0644\u0639\u0645\u064a\u0642\u0629.<\/li>\n<li>\u0648\u064a\u0645\u0643\u0646 \u0623\u0646 \u062a\u0633\u062a\u0645\u0631 \u0639\u0645\u0644\u064a\u0629 \u0627\u0644\u062a\u062c\u062f\u064a\u062f \u0644\u0645\u062f\u0629 \u062a\u062a\u0631\u0627\u0648\u062d \u0628\u064a\u0646 5 \u0625\u0644\u0649 10 \u0633\u0646\u0648\u0627\u062a.<\/li>\n<li>\u064a\u0645\u0643\u0646 \u0625\u062c\u0631\u0627\u0624\u0647\u0627 \u0628\u0627\u0644\u0637\u0631\u0642 \u0627\u0644\u062a\u0646\u0638\u064a\u0631\u064a\u0629 \u0645\u0639 \u0627\u0644\u062d\u062f \u0627\u0644\u0623\u062f\u0646\u0649 \u0645\u0646 \u0627\u0644\u0646\u062f\u0628\u0627\u062a.<\/li>\n<li>\u0639\u0645\u0644\u064a\u0629 \u0627\u0644\u0634\u0641\u0627\u0621 \u0633\u0631\u064a\u0639\u0629 \u0648\u0643\u062f\u0645\u0627\u062a \u0642\u0644\u064a\u0644\u0629.<\/li>\n<\/ul>\n<p>\u0645\u062f\u0629 \u0627\u0633\u062a\u0645\u0631\u0627\u0631 \u062c\u0631\u0627\u062d\u0629 \u0634\u062f \u0627\u0644\u0648\u062c\u0647<\/p>\n<p>\u0627\u0639\u062a\u0645\u0627\u062f\u064b\u0627 \u0639\u0644\u0649 \u0627\u0644\u062a\u062e\u0637\u064a\u0637 \u0627\u0644\u0633\u0644\u064a\u0645 \u0648\u0646\u0645\u0637 \u062d\u064a\u0627\u0629 \u0627\u0644\u0634\u062e\u0635\u060c \u064a\u0645\u0643\u0646 \u0623\u0646 \u062a\u0633\u062a\u0645\u0631 \u0622\u062b\u0627\u0631 \u062c\u0631\u0627\u062d\u0629 \u0634\u062f \u0627\u0644\u0648\u062c\u0647 \u0639\u0627\u062f\u0629\u064b \u0645\u0627 \u0628\u064a\u0646 5 \u064810 \u0633\u0646\u0648\u0627\u062a. \u0648\u0645\u0639 \u0630\u0644\u0643\u060c \u064a\u0645\u0643\u0646 \u0644\u0639\u0648\u0627\u0645\u0644 \u0645\u062b\u0644 \u0627\u0644\u062a\u062f\u062e\u064a\u0646 \u0648\u0634\u0631\u0628 \u0627\u0644\u0643\u062d\u0648\u0644 \u0648\u0627\u0644\u062a\u0648\u062a\u0631 \u0648\u0633\u0648\u0621 \u0627\u0644\u062a\u063a\u0630\u064a\u0629 \u0623\u0646 \u062a\u0624\u062b\u0631 \u0639\u0644\u0649 \u0645\u062f\u0629 \u0627\u0644\u062c\u0631\u0627\u062d\u0629. \u064a\u0645\u0643\u0646 \u0627\u0644\u062d\u0641\u0627\u0638 \u0639\u0644\u0649 \u0646\u062a\u0627\u0626\u062c \u0627\u0644\u062c\u0631\u0627\u062d\u0629 \u0644\u0641\u062a\u0631\u0629 \u0623\u0637\u0648\u0644\u060c \u0645\u0639 \u0627\u062a\u0628\u0627\u0639 \u0646\u0645\u0637 \u062d\u064a\u0627\u0629 \u0635\u062d\u064a.<\/p>\n<p>\u0639\u0645\u0644\u064a\u0629 \u0645\u0627 \u0628\u0639\u062f \u062c\u0631\u0627\u062d\u0629 \u0634\u062f \u0627\u0644\u0648\u062c\u0647<\/p>\n<ul>\n<li>\u0639\u0627\u062f\u0629 \u0645\u0627 \u062a\u0643\u0648\u0646 \u0645\u062f\u0629 \u0627\u0644\u0625\u0642\u0627\u0645\u0629 \u0641\u064a \u0627\u0644\u0645\u0633\u062a\u0634\u0641\u0649 \u064a\u0648\u0645\u064b\u0627 \u0623\u0648 \u064a\u0648\u0645\u064a\u0646.<\/li>\n<li>\u062a\u0628\u062f\u0623 \u0627\u0644\u0643\u062f\u0645\u0627\u062a \u0648\u0627\u0644\u062a\u0648\u0631\u0645\u0627\u062a \u0628\u0627\u0644\u0627\u062e\u062a\u0641\u0627\u0621 \u062e\u0644\u0627\u0644 48 \u0625\u0644\u0649 72 \u0633\u0627\u0639\u0629.<\/li>\n<li>\u064a\u0633\u062a\u0637\u064a\u0639 \u0627\u0644\u0645\u0631\u064a\u0636 \u0627\u0644\u0639\u0648\u062f\u0629 \u0625\u0644\u0649 \u0627\u0644\u0639\u0645\u0644 \u062e\u0644\u0627\u0644 7 \u0625\u0644\u0649 10 \u0623\u064a\u0627\u0645.<\/li>\n<li>\u0642\u062f \u062a\u0633\u062a\u063a\u0631\u0642 \u0639\u0645\u0644\u064a\u0629 \u0627\u0644\u062a\u0639\u0627\u0641\u064a \u0627\u0644\u0643\u0627\u0645\u0644\u0629 \u0645\u0646 1.5 \u0625\u0644\u0649 2 \u0634\u0647\u0631\u064b\u0627.<\/li>\n<\/ul>\n<p>\u0623\u0633\u0639\u0627\u0631 \u062c\u0631\u0627\u062d\u0629 \u0634\u062f \u0627\u0644\u0648\u062c\u0647<\/p>\n<p>\u0642\u062f \u062a\u062e\u062a\u0644\u0641 \u0623\u0633\u0639\u0627\u0631 \u0639\u0645\u0644\u064a\u0627\u062a \u0634\u062f \u0627\u0644\u0648\u062c\u0647 \u062d\u0633\u0628 \u0627\u0644\u0625\u062c\u0631\u0627\u0621 \u0627\u0644\u0645\u0631\u0627\u062f \u0625\u062c\u0631\u0627\u0624\u0647 \u0648\u0627\u0644\u0645\u0648\u0627\u062f \u0627\u0644\u0645\u0633\u062a\u062e\u062f\u0645\u0629.<\/p>","protected":false},"excerpt":{"rendered":"<p>Y\u00fcz Germe Ameliyat\u0131: Gen\u00e7 ve Canl\u0131 Bir G\u00f6r\u00fcn\u00fcm \u0130\u00e7in Etkili \u00c7\u00f6z\u00fcm Y\u00fcz germe ameliyat\u0131, ya\u015fl\u0131l\u0131k belirtileriyle ba\u015fa \u00e7\u0131kmak ve daha gen\u00e7, canl\u0131 bir g\u00f6r\u00fcn\u00fcm elde etmek isteyenler i\u00e7in etkili bir \u00e7\u00f6z\u00fcm sunan bir cerrahi i\u015flemdir. \u0130\u015fte y\u00fcz germe ameliyat\u0131 hakk\u0131nda merak edilenler: Y\u00fcz Germe Ameliyat\u0131 Nas\u0131l Yap\u0131l\u0131r? Y\u00fcz germe ameliyat\u0131, ki\u015finin ihtiya\u00e7lar\u0131na ve deformasyonun tespit [&hellip;]<\/p>\n","protected":false},"author":2,"featured_media":0,"parent":0,"menu_order":0,"comment_status":"closed","ping_status":"closed","template":"","meta":{"postBodyMargin":[],"postBodyPadding":[],"postBodyBackground":{"backgroundType":"classic","gradient":""},"footnotes":""},"class_list":["post-13588","page","type-page","status-publish","hentry"],"_links":{"self":[{"href":"https:\/\/seldacenter.com\/ar\/wp-json\/wp\/v2\/pages\/13588","targetHints":{"allow":["GET"]}}],"collection":[{"href":"https:\/\/seldacenter.com\/ar\/wp-json\/wp\/v2\/pages"}],"about":[{"href":"https:\/\/seldacenter.com\/ar\/wp-json\/wp\/v2\/types\/page"}],"author":[{"embeddable":true,"href":"https:\/\/seldacenter.com\/ar\/wp-json\/wp\/v2\/users\/2"}],"replies":[{"embeddable":true,"href":"https:\/\/seldacenter.com\/ar\/wp-json\/wp\/v2\/comments?post=13588"}],"version-history":[{"count":1,"href":"https:\/\/seldacenter.com\/ar\/wp-json\/wp\/v2\/pages\/13588\/revisions"}],"predecessor-version":[{"id":13589,"href":"https:\/\/seldacenter.com\/ar\/wp-json\/wp\/v2\/pages\/13588\/revisions\/13589"}],"wp:attachment":[{"href":"https:\/\/seldacenter.com\/ar\/wp-json\/wp\/v2\/media?parent=13588"}],"curies":[{"name":"wp","href":"https:\/\/api.w.org\/{rel}","templated":true}]}}