{"id":13566,"date":"2024-02-17T18:35:56","date_gmt":"2024-02-17T18:35:56","guid":{"rendered":"https:\/\/seldacenter.com\/yeniyapi\/?page_id=13566"},"modified":"2024-03-02T01:44:45","modified_gmt":"2024-03-02T01:44:45","slug":"implant-tedavisi","status":"publish","type":"page","link":"https:\/\/seldacenter.com\/ar\/implant-tedavisi\/","title":{"rendered":"\u0639\u0644\u0627\u062c \u0627\u0644\u0632\u0631\u0639"},"content":{"rendered":"<div data-elementor-type=\"wp-page\" data-elementor-id=\"13566\" class=\"elementor elementor-13566\" data-elementor-post-type=\"page\">\n\t\t\t\t<section class=\"elementor-section elementor-top-section elementor-element elementor-element-c70a3b0 elementor-section-boxed elementor-section-height-default elementor-section-height-default\" data-id=\"c70a3b0\" data-element_type=\"section\">\n\t\t\t\t\t\t<div class=\"elementor-container elementor-column-gap-default\">\n\t\t\t\t\t<div class=\"elementor-column elementor-col-50 elementor-top-column elementor-element elementor-element-de72405\" data-id=\"de72405\" data-element_type=\"column\" data-settings=\"{&quot;background_background&quot;:&quot;classic&quot;}\">\n\t\t\t<div class=\"elementor-widget-wrap elementor-element-populated\">\n\t\t\t\t\t\t<div class=\"elementor-element elementor-element-76fbb2d elementor-widget elementor-widget-image\" data-id=\"76fbb2d\" data-element_type=\"widget\" data-widget_type=\"image.default\">\n\t\t\t\t<div class=\"elementor-widget-container\">\n\t\t\t\t\t\t\t\t\t\t\t\t\t\t\t<img fetchpriority=\"high\" decoding=\"async\" width=\"996\" height=\"663\" src=\"https:\/\/seldacenter.com\/wp-content\/uploads\/2024\/03\/young-man-with-toothy-smile-demonstrating-his-dental-implant_259150-57670.jpg\" class=\"attachment-full size-full wp-image-14193\" alt=\"\" srcset=\"https:\/\/seldacenter.com\/wp-content\/uploads\/2024\/03\/young-man-with-toothy-smile-demonstrating-his-dental-implant_259150-57670.jpg 996w, https:\/\/seldacenter.com\/wp-content\/uploads\/2024\/03\/young-man-with-toothy-smile-demonstrating-his-dental-implant_259150-57670-600x399.jpg 600w, https:\/\/seldacenter.com\/wp-content\/uploads\/2024\/03\/young-man-with-toothy-smile-demonstrating-his-dental-implant_259150-57670-300x200.jpg 300w, https:\/\/seldacenter.com\/wp-content\/uploads\/2024\/03\/young-man-with-toothy-smile-demonstrating-his-dental-implant_259150-57670-768x511.jpg 768w\" sizes=\"(max-width: 996px) 100vw, 996px\" \/>\t\t\t\t\t\t\t\t\t\t\t\t\t\t\t<\/div>\n\t\t\t\t<\/div>\n\t\t\t\t\t<\/div>\n\t\t<\/div>\n\t\t\t\t<div class=\"elementor-column elementor-col-50 elementor-top-column elementor-element elementor-element-9c50ae6\" data-id=\"9c50ae6\" data-element_type=\"column\">\n\t\t\t<div class=\"elementor-widget-wrap elementor-element-populated\">\n\t\t\t\t\t\t<div class=\"elementor-element elementor-element-b69c40b elementor-widget-divider--view-line_text elementor-widget-divider--element-align-left elementor-widget elementor-widget-divider\" data-id=\"b69c40b\" data-element_type=\"widget\" data-widget_type=\"divider.default\">\n\t\t\t\t<div class=\"elementor-widget-container\">\n\t\t\t\t\t\t\t<div class=\"elementor-divider\">\n\t\t\t<span class=\"elementor-divider-separator\">\n\t\t\t\t\t\t\t<h3 class=\"elementor-divider__text elementor-divider__element\">\n\t\t\t\t\u0639\u0644\u0627\u062c \u0627\u0644\u0632\u0631\u0639\t\t\t\t<\/h3>\n\t\t\t\t\t\t<\/span>\n\t\t<\/div>\n\t\t\t\t\t\t<\/div>\n\t\t\t\t<\/div>\n\t\t\t\t<div class=\"elementor-element elementor-element-486c34c elementor-align-left elementor-icon-list--layout-traditional elementor-list-item-link-full_width elementor-widget elementor-widget-icon-list\" data-id=\"486c34c\" data-element_type=\"widget\" data-widget_type=\"icon-list.default\">\n\t\t\t\t<div class=\"elementor-widget-container\">\n\t\t\t\t\t\t\t<ul class=\"elementor-icon-list-items\">\n\t\t\t\t\t\t\t<li class=\"elementor-icon-list-item\">\n\t\t\t\t\t\t\t\t\t\t\t<span class=\"elementor-icon-list-icon\">\n\t\t\t\t\t\t\t<svg aria-hidden=\"true\" class=\"e-font-icon-svg e-far-hospital\" viewbox=\"0 0 448 512\" xmlns=\"http:\/\/www.w3.org\/2000\/svg\"><path d=\"M128 244v-40c0-6.627 5.373-12 12-12h40c6.627 0 12 5.373 12 12v40c0 6.627-5.373 12-12 12h-40c-6.627 0-12-5.373-12-12zm140 12h40c6.627 0 12-5.373 12-12v-40c0-6.627-5.373-12-12-12h-40c-6.627 0-12 5.373-12 12v40c0 6.627 5.373 12 12 12zm-76 84v-40c0-6.627-5.373-12-12-12h-40c-6.627 0-12 5.373-12 12v40c0 6.627 5.373 12 12 12h40c6.627 0 12-5.373 12-12zm76 12h40c6.627 0 12-5.373 12-12v-40c0-6.627-5.373-12-12-12h-40c-6.627 0-12 5.373-12 12v40c0 6.627 5.373 12 12 12zm180 124v36H0v-36c0-6.627 5.373-12 12-12h19.5V85.035C31.5 73.418 42.245 64 55.5 64H144V24c0-13.255 10.745-24 24-24h112c13.255 0 24 10.745 24 24v40h88.5c13.255 0 24 9.418 24 21.035V464H436c6.627 0 12 5.373 12 12zM79.5 463H192v-67c0-6.627 5.373-12 12-12h40c6.627 0 12 5.373 12 12v67h112.5V112H304v24c0 13.255-10.745 24-24 24H168c-13.255 0-24-10.745-24-24v-24H79.5v351zM266 64h-26V38a6 6 0 0 0-6-6h-20a6 6 0 0 0-6 6v26h-26a6 6 0 0 0-6 6v20a6 6 0 0 0 6 6h26v26a6 6 0 0 0 6 6h20a6 6 0 0 0 6-6V96h26a6 6 0 0 0 6-6V70a6 6 0 0 0-6-6z\"><\/path><\/svg>\t\t\t\t\t\t<\/span>\n\t\t\t\t\t\t\t\t\t\t<span class=\"elementor-icon-list-text\">\u0645\u062f\u0629 \u0627\u0644\u0625\u0642\u0627\u0645\u0629 \u0641\u064a \u0627\u0644\u0645\u0633\u062a\u0634\u0641\u0649: \u063a\u064a\u0631 \u0645\u0637\u0644\u0648\u0628\u0629<\/span>\n\t\t\t\t\t\t\t\t\t<\/li>\n\t\t\t\t\t\t\t\t<li class=\"elementor-icon-list-item\">\n\t\t\t\t\t\t\t\t\t\t\t<span class=\"elementor-icon-list-icon\">\n\t\t\t\t\t\t\t<svg aria-hidden=\"true\" class=\"e-font-icon-svg e-far-clock\" viewbox=\"0 0 512 512\" xmlns=\"http:\/\/www.w3.org\/2000\/svg\"><path d=\"M256 8C119 8 8 119 8 256s111 248 248 248 248-111 248-248S393 8 256 8zm0 448c-110.5 0-200-89.5-200-200S145.5 56 256 56s200 89.5 200 200-89.5 200-200 200zm61.8-104.4l-84.9-61.7c-3.1-2.3-4.9-5.9-4.9-9.7V116c0-6.6 5.4-12 12-12h32c6.6 0 12 5.4 12 12v141.7l66.8 48.6c5.4 3.9 6.5 11.4 2.6 16.8L334.6 349c-3.9 5.3-11.4 6.5-16.8 2.6z\"><\/path><\/svg>\t\t\t\t\t\t<\/span>\n\t\t\t\t\t\t\t\t\t\t<span class=\"elementor-icon-list-text\">\u0648\u0642\u062a \u0627\u0644\u062a\u0634\u063a\u064a\u0644: 6-8 \u0633\u0627\u0639\u0627\u062a<\/span>\n\t\t\t\t\t\t\t\t\t<\/li>\n\t\t\t\t\t\t\t\t<li class=\"elementor-icon-list-item\">\n\t\t\t\t\t\t\t\t\t\t\t<span class=\"elementor-icon-list-icon\">\n\t\t\t\t\t\t\t<svg aria-hidden=\"true\" class=\"e-font-icon-svg e-fas-syringe\" viewbox=\"0 0 512 512\" xmlns=\"http:\/\/www.w3.org\/2000\/svg\"><path d=\"M201.5 174.8l55.7 55.8c3.1 3.1 3.1 8.2 0 11.3l-11.3 11.3c-3.1 3.1-8.2 3.1-11.3 0l-55.7-55.8-45.3 45.3 55.8 55.8c3.1 3.1 3.1 8.2 0 11.3l-11.3 11.3c-3.1 3.1-8.2 3.1-11.3 0L111 265.2l-26.4 26.4c-17.3 17.3-25.6 41.1-23 65.4l7.1 63.6L2.3 487c-3.1 3.1-3.1 8.2 0 11.3l11.3 11.3c3.1 3.1 8.2 3.1 11.3 0l66.3-66.3 63.6 7.1c23.9 2.6 47.9-5.4 65.4-23l181.9-181.9-135.7-135.7-64.9 65zm308.2-93.3L430.5 2.3c-3.1-3.1-8.2-3.1-11.3 0l-11.3 11.3c-3.1 3.1-3.1 8.2 0 11.3l28.3 28.3-45.3 45.3-56.6-56.6-17-17c-3.1-3.1-8.2-3.1-11.3 0l-33.9 33.9c-3.1 3.1-3.1 8.2 0 11.3l17 17L424.8 223l17 17c3.1 3.1 8.2 3.1 11.3 0l33.9-34c3.1-3.1 3.1-8.2 0-11.3l-73.5-73.5 45.3-45.3 28.3 28.3c3.1 3.1 8.2 3.1 11.3 0l11.3-11.3c3.1-3.2 3.1-8.2 0-11.4z\"><\/path><\/svg>\t\t\t\t\t\t<\/span>\n\t\t\t\t\t\t\t\t\t\t<span class=\"elementor-icon-list-text\">\u0627\u0644\u062a\u062e\u062f\u064a\u0631: \u0645\u0648\u0636\u0639\u064a<\/span>\n\t\t\t\t\t\t\t\t\t<\/li>\n\t\t\t\t\t\t\t\t<li class=\"elementor-icon-list-item\">\n\t\t\t\t\t\t\t\t\t\t\t<span class=\"elementor-icon-list-icon\">\n\t\t\t\t\t\t\t<svg aria-hidden=\"true\" class=\"e-font-icon-svg e-far-heart\" viewbox=\"0 0 512 512\" xmlns=\"http:\/\/www.w3.org\/2000\/svg\"><path d=\"M458.4 64.3C400.6 15.7 311.3 23 256 79.3 200.7 23 111.4 15.6 53.6 64.3-21.6 127.6-10.6 230.8 43 285.5l175.4 178.7c10 10.2 23.4 15.9 37.6 15.9 14.3 0 27.6-5.6 37.6-15.8L469 285.6c53.5-54.7 64.7-157.9-10.6-221.3zm-23.6 187.5L259.4 430.5c-2.4 2.4-4.4 2.4-6.8 0L77.2 251.8c-36.5-37.2-43.9-107.6 7.3-150.7 38.9-32.7 98.9-27.8 136.5 10.5l35 35.7 35-35.7c37.8-38.5 97.8-43.2 136.5-10.6 51.1 43.1 43.5 113.9 7.3 150.8z\"><\/path><\/svg>\t\t\t\t\t\t<\/span>\n\t\t\t\t\t\t\t\t\t\t<span class=\"elementor-icon-list-text\">\u0648\u0642\u062a \u0627\u0644\u062a\u0639\u0627\u0641\u064a: 3 \u0623\u0634\u0647\u0631<\/span>\n\t\t\t\t\t\t\t\t\t<\/li>\n\t\t\t\t\t\t<\/ul>\n\t\t\t\t\t\t<\/div>\n\t\t\t\t<\/div>\n\t\t\t\t<div class=\"elementor-element elementor-element-ce8bee6 elementor-align-justify elementor-widget elementor-widget-button\" data-id=\"ce8bee6\" data-element_type=\"widget\" data-widget_type=\"button.default\">\n\t\t\t\t<div class=\"elementor-widget-container\">\n\t\t\t\t\t\t\t\t\t<div class=\"elementor-button-wrapper\">\n\t\t\t\t\t<a class=\"elementor-button elementor-button-link elementor-size-sm elementor-animation-buzz\" href=\"https:\/\/seldacenter.com\/ar\/\">\n\t\t\t\t\t\t<span class=\"elementor-button-content-wrapper\">\n\t\t\t\t\t\t\t\t\t<span class=\"elementor-button-text\">\u062d\u062f\u062f \u0645\u0648\u0639\u062f\u064b\u0627 \u0627\u0644\u0622\u0646<\/span>\n\t\t\t\t\t<\/span>\n\t\t\t\t\t<\/a>\n\t\t\t\t<\/div>\n\t\t\t\t\t\t\t\t<\/div>\n\t\t\t\t<\/div>\n\t\t\t\t\t<\/div>\n\t\t<\/div>\n\t\t\t\t\t<\/div>\n\t\t<\/section>\n\t\t\t\t<section class=\"elementor-section elementor-top-section elementor-element elementor-element-4470c047 elementor-section-boxed elementor-section-height-default elementor-section-height-default\" data-id=\"4470c047\" data-element_type=\"section\">\n\t\t\t\t\t\t<div class=\"elementor-container elementor-column-gap-default\">\n\t\t\t\t\t<div class=\"elementor-column elementor-col-100 elementor-top-column elementor-element elementor-element-576bc11d\" data-id=\"576bc11d\" data-element_type=\"column\">\n\t\t\t<div class=\"elementor-widget-wrap elementor-element-populated\">\n\t\t\t\t\t\t<div class=\"elementor-element elementor-element-38cfa264 elementor-widget elementor-widget-text-editor\" data-id=\"38cfa264\" data-element_type=\"widget\" data-widget_type=\"text-editor.default\">\n\t\t\t\t<div class=\"elementor-widget-container\"><p>\u064a\u0624\u062f\u064a \u0627\u0644\u062a\u0637\u0648\u0631 \u0627\u0644\u0633\u0631\u064a\u0639 \u0644\u0644\u062a\u0643\u0646\u0648\u0644\u0648\u062c\u064a\u0627 \u0625\u0644\u0649 \u062a\u0642\u062f\u0645 \u0643\u0628\u064a\u0631 \u0641\u064a \u0645\u062e\u062a\u0644\u0641 \u0645\u062c\u0627\u0644\u0627\u062a \u0627\u0644\u0637\u0628 \u0627\u0644\u062d\u062f\u064a\u062b. \u0648\u0641\u064a \u0647\u0630\u0627 \u0627\u0644\u0633\u064a\u0627\u0642\u060c \u064a\u0634\u0647\u062f \u0637\u0628 \u0627\u0644\u0623\u0633\u0646\u0627\u0646 \u0623\u064a\u0636\u064b\u0627 \u062a\u062d\u0648\u0644\u064b\u0627 \u0643\u0628\u064a\u0631\u064b\u0627 \u0645\u0639 \u0637\u0631\u0642 \u0627\u0644\u0639\u0644\u0627\u062c \u0627\u0644\u0645\u0628\u062a\u0643\u0631\u0629 \u0627\u0644\u062a\u064a \u062a\u0642\u062f\u0645 \u062d\u0644\u0648\u0644\u0627\u064b \u062c\u0645\u0627\u0644\u064a\u0629 \u0648\u0648\u0638\u064a\u0641\u064a\u0629. \u0633\u0646\u0631\u0643\u0632 \u0641\u064a \u0647\u0630\u0647 \u0627\u0644\u0645\u0642\u0627\u0644\u0629 \u0639\u0644\u0649 \u0627\u0644\u0639\u0644\u0627\u062c \u0628\u0627\u0644\u0632\u0631\u0627\u0639\u0629\u060c \u0648\u0647\u0648 \u0623\u062d\u062f \u0627\u0644\u0645\u0632\u0627\u064a\u0627 \u0627\u0644\u0631\u0626\u064a\u0633\u064a\u0629 \u0644\u0637\u0628 \u0627\u0644\u0623\u0633\u0646\u0627\u0646 \u0627\u0644\u062d\u062f\u064a\u062b\u060c \u0648\u063a\u064a\u0631\u0647\u0627 \u0645\u0646 \u0637\u0631\u0642 \u0627\u0644\u0639\u0644\u0627\u062c \u0627\u0644\u0645\u0647\u0645\u0629.<\/p><p><strong>\u0639\u0644\u0627\u062c \u0632\u0631\u0627\u0639\u0629 \u0627\u0644\u0623\u0633\u0646\u0627\u0646: \u0637\u0631\u064a\u0642\u0629 \u0644\u0644\u062c\u0645\u0639 \u0628\u064a\u0646 \u0627\u0644\u062c\u0645\u0627\u0644\u064a\u0627\u062a \u0648\u0627\u0644\u0648\u0638\u064a\u0641\u0629 \u0645\u0639\u064b\u0627<\/strong><\/p><p>\u0627\u0644\u0623\u0633\u0646\u0627\u0646 \u0627\u0644\u0645\u0641\u0642\u0648\u062f\u0629 \u0644\u0627 \u062a\u0633\u0628\u0628 \u0645\u0634\u0627\u0643\u0644 \u062c\u0645\u0627\u0644\u064a\u0629 \u0641\u062d\u0633\u0628\u060c \u0628\u0644 \u0648\u0638\u064a\u0641\u064a\u0629 \u0623\u064a\u0636\u064b\u0627. \u064a\u0642\u062f\u0645 \u062a\u0637\u0648\u064a\u0631 \u0627\u0644\u062a\u0643\u0646\u0648\u0644\u0648\u062c\u064a\u0627 \u062d\u0644\u0648\u0644\u0627\u064b \u0644\u0647\u0630\u0647 \u0627\u0644\u0645\u0634\u0643\u0644\u0627\u062a \u0645\u0646 \u062e\u0644\u0627\u0644 \u062c\u0639\u0644 \u0639\u0644\u0627\u062c \u0627\u0644\u0632\u0631\u0639 \u0645\u0645\u0643\u0646\u064b\u0627. \u064a\u0645\u0643\u0646 \u062a\u0639\u0631\u064a\u0641 \u0627\u0644\u063a\u0631\u0633\u0627\u062a \u0628\u0623\u0646\u0647\u0627 \u0628\u0631\u0627\u063a\u064a \u0645\u0635\u0646\u0648\u0639\u0629 \u0645\u0646 \u0627\u0644\u062a\u064a\u062a\u0627\u0646\u064a\u0648\u0645 \u0648\u064a\u062a\u0645 \u0648\u0636\u0639\u0647\u0627 \u0641\u064a \u0639\u0638\u0645 \u0627\u0644\u0641\u0643. \u0628\u0639\u0636 \u0645\u0632\u0627\u064a\u0627 \u0639\u0644\u0627\u062c \u0627\u0644\u0632\u0631\u0639 \u0647\u064a:<\/p><ul class=\"wp-block-list\"><li><strong>\u0627\u0644\u0642\u0631\u0628 \u0645\u0646 \u0627\u0644\u0623\u0633\u0646\u0627\u0646 \u0627\u0644\u0637\u0628\u064a\u0639\u064a\u0629:<\/strong> \u064a\u0645\u0643\u0646 \u062a\u0639\u0648\u064a\u0636 \u0627\u0644\u0633\u0646 \u0627\u0644\u0645\u0641\u0642\u0648\u062f \u062f\u0648\u0646 \u0627\u0644\u0625\u0636\u0631\u0627\u0631 \u0628\u0627\u0644\u0623\u0633\u0646\u0627\u0646 \u0627\u0644\u0645\u062c\u0627\u0648\u0631\u0629.<\/li>\n\n<li><strong>\u0627\u0644\u0648\u0638\u064a\u0641\u0629 \u0627\u0644\u0637\u0628\u064a\u0639\u064a\u0629:<\/strong> \u062a\u0639\u0645\u0644 \u0632\u0631\u0627\u0639\u0629 \u0627\u0644\u0623\u0633\u0646\u0627\u0646 \u0645\u062b\u0644 \u0627\u0644\u0623\u0633\u0646\u0627\u0646 \u0627\u0644\u0637\u0628\u064a\u0639\u064a\u0629\u060c \u062d\u064a\u062b \u062a\u0648\u0641\u0631 \u0627\u0644\u0631\u0627\u062d\u0629 \u0623\u062b\u0646\u0627\u0621 \u0627\u0644\u062a\u062d\u062f\u062b \u0648\u0627\u0644\u0636\u062d\u0643 \u0648\u062a\u0646\u0627\u0648\u0644 \u0627\u0644\u0637\u0639\u0627\u0645.<\/li>\n\n<li><strong>\u0637\u0648\u0644 \u0627\u0644\u0639\u0645\u0631:<\/strong> \u0645\u0639 \u0627\u0644\u0631\u0639\u0627\u064a\u0629 \u0627\u0644\u0645\u0646\u0627\u0633\u0628\u0629 \u0648\u0627\u0644\u0646\u0638\u0627\u0641\u0629\u060c \u064a\u0645\u0643\u0646 \u0623\u0646 \u062a\u0633\u062a\u0645\u0631 \u0627\u0644\u063a\u0631\u0633\u0627\u062a \u0644\u0633\u0646\u0648\u0627\u062a \u0639\u062f\u064a\u062f\u0629.<\/li>\n\n<li><strong>\u0627\u0644\u0645\u0638\u0647\u0631 \u0627\u0644\u062c\u0645\u0627\u0644\u064a:<\/strong> \u0625\u0646\u0647 \u064a\u0648\u0641\u0631 \u0645\u0638\u0647\u0631\u064b\u0627 \u0637\u0628\u064a\u0639\u064a\u064b\u0627 \u0623\u0643\u062b\u0631 \u0645\u0646 \u0627\u0644\u0628\u062f\u0627\u0626\u0644 \u0627\u0644\u0623\u062e\u0631\u0649 \u0645\u062b\u0644 \u0623\u0637\u0642\u0645 \u0627\u0644\u0623\u0633\u0646\u0627\u0646 \u0623\u0648 \u0627\u0644\u062c\u0633\u0648\u0631.<\/li><\/ul><p><strong>\u0641\u064a \u0623\u064a \u0627\u0644\u062d\u0627\u0644\u0627\u062a \u064a\u062a\u0645 \u062a\u0637\u0628\u064a\u0642 \u0639\u0645\u0644\u064a\u0629 \u0627\u0644\u0632\u0631\u0639\u061f<\/strong><\/p><ol class=\"wp-block-list\"><li><strong>\u0633\u0646 \u0648\u0627\u062d\u062f \u0645\u0641\u0642\u0648\u062f:<\/strong> \u0641\u064a \u0627\u0644\u062d\u0627\u0644\u0627\u062a \u0627\u0644\u062a\u064a \u064a\u0643\u0648\u0646 \u0641\u064a\u0647\u0627 \u0633\u0646 \u0648\u0627\u062d\u062f \u0645\u0641\u0642\u0648\u062f\u064b\u0627\u060c \u0642\u062f \u064a\u0643\u0648\u0646 \u0645\u0646 \u0627\u0644\u0623\u0641\u0636\u0644 \u0625\u062c\u0631\u0627\u0621 \u0639\u0645\u0644\u064a\u0629 \u0627\u0644\u0632\u0631\u0639.<\/li>\n\n<li><strong>\u0627\u0646\u0639\u062f\u0627\u0645 \u0627\u0644\u0647\u0648\u064a\u0629 \u0627\u0644\u0643\u0627\u0645\u0644 \u0623\u0648 \u0627\u0644\u062c\u0632\u0626\u064a:<\/strong> \u0641\u064a \u0627\u0644\u062d\u0627\u0644\u0627\u062a \u0627\u0644\u062a\u064a \u064a\u0643\u0648\u0646 \u0641\u064a\u0647\u0627 \u0623\u0643\u062b\u0631 \u0645\u0646 \u0633\u0646 \u0645\u0641\u0642\u0648\u062f\u060c \u064a\u0645\u0643\u0646 \u0627\u0633\u062a\u062e\u062f\u0627\u0645 \u0627\u0644\u063a\u0631\u0633\u0627\u062a \u0644\u0623\u0637\u0642\u0645 \u0627\u0644\u0623\u0633\u0646\u0627\u0646 \u0627\u0644\u062b\u0627\u0628\u062a\u0629 \u0623\u0648 \u0627\u0644\u0642\u0627\u0628\u0644\u0629 \u0644\u0644\u0625\u0632\u0627\u0644\u0629.<\/li>\n\n<li><strong>\u0639\u064a\u0648\u0628 \u0627\u0644\u0641\u0643 \u0648\u0627\u0644\u0648\u062c\u0647:<\/strong> \u064a\u0645\u0643\u0646 \u0623\u0646 \u062a\u0643\u0648\u0646 \u0639\u0645\u0644\u064a\u0627\u062a \u0627\u0644\u0632\u0631\u0639 \u0641\u0639\u0627\u0644\u0629 \u0641\u064a \u062a\u0635\u062d\u064a\u062d \u0639\u064a\u0648\u0628 \u0627\u0644\u0641\u0643 \u0623\u0648 \u0627\u0644\u0648\u062c\u0647 \u0627\u0644\u062a\u064a \u062a\u062d\u062f\u062b \u0644\u0623\u0633\u0628\u0627\u0628 \u0645\u062e\u062a\u0644\u0641\u0629.<\/li>\n\n<li><strong>\u0639\u0638\u0645 \u0627\u0644\u0641\u0643 \u0627\u0644\u0645\u0646\u0635\u0647\u0631:<\/strong> \u064a\u0645\u0643\u0646 \u062a\u0637\u0628\u064a\u0642 \u0639\u0644\u0627\u062c \u0627\u0644\u0632\u0631\u0639 \u0644\u0625\u0630\u0627\u0628\u0629 \u0639\u0638\u0645 \u0627\u0644\u0641\u0643 \u0628\u0633\u0628\u0628 \u0641\u0642\u062f\u0627\u0646 \u0627\u0644\u0623\u0633\u0646\u0627\u0646.<\/li>\n\n<li><strong>\u0623\u0648\u0644\u0626\u0643 \u0627\u0644\u0630\u064a\u0646 \u0644\u0627 \u064a\u0641\u0636\u0644\u0648\u0646 \u0627\u0644\u0637\u0631\u0641 \u0627\u0644\u0627\u0635\u0637\u0646\u0627\u0639\u064a \u0627\u0644\u0642\u0627\u0628\u0644 \u0644\u0644\u0625\u0632\u0627\u0644\u0629:<\/strong> \u064a\u0645\u0643\u0646 \u0623\u0646 \u062a\u0648\u0641\u0631 \u0639\u0645\u0644\u064a\u0627\u062a \u0627\u0644\u0632\u0631\u0639 \u0628\u062f\u064a\u0644\u0627\u064b \u0623\u0643\u062b\u0631 \u0631\u0627\u062d\u0629 \u0644\u0644\u0645\u0631\u0636\u0649 \u0627\u0644\u0630\u064a\u0646 \u0644\u0627 \u064a\u0631\u063a\u0628\u0648\u0646 \u0641\u064a \u0627\u0633\u062a\u062e\u062f\u0627\u0645 \u0637\u0631\u0641 \u0627\u0635\u0637\u0646\u0627\u0639\u064a \u0642\u0627\u0628\u0644 \u0644\u0644\u0625\u0632\u0627\u0644\u0629.<\/li><\/ol><p><strong>\u0645\u0631\u0627\u062d\u0644 \u0639\u0644\u0627\u062c \u0627\u0644\u0632\u0631\u0639:<\/strong><\/p><ol class=\"wp-block-list\"><li><strong>\u0627\u0644\u062a\u0641\u062a\u064a\u0634 \u0648\u0627\u0644\u062a\u062e\u0637\u064a\u0637:<\/strong> \u064a\u062a\u0645 \u062a\u0642\u064a\u064a\u0645 \u0627\u0644\u062d\u0627\u0644\u0629 \u0627\u0644\u0639\u0627\u0645\u0629 \u0644\u0644\u0645\u0631\u064a\u0636 \u0648\u0648\u0636\u0639 \u062e\u0637\u0629 \u0627\u0644\u0639\u0644\u0627\u062c \u0628\u0627\u0633\u062a\u062e\u062f\u0627\u0645 \u0627\u0644\u0623\u0634\u0639\u0629 \u0627\u0644\u0633\u064a\u0646\u064a\u0629 \u0648\u062a\u0642\u0646\u064a\u0627\u062a \u0627\u0644\u062a\u0635\u0648\u064a\u0631 \u0627\u0644\u0623\u062e\u0631\u0649.<\/li>\n\n<li><strong>\u062a\u0646\u0638\u064a\u0641 \u0648\u062a\u062d\u0636\u064a\u0631 \u0627\u0644\u0623\u0633\u0646\u0627\u0646:<\/strong> \u064a\u062a\u0645 \u062a\u0646\u0638\u064a\u0641 \u0645\u0646\u0637\u0642\u0629 \u0627\u0644\u0623\u0633\u0646\u0627\u0646 \u0627\u0644\u0645\u0641\u0642\u0648\u062f\u0629\u060c \u0648\u0625\u0630\u0627 \u0644\u0632\u0645 \u0627\u0644\u0623\u0645\u0631\u060c \u064a\u062a\u0645 \u062a\u062d\u0636\u064a\u0631 \u0639\u0638\u0645 \u0627\u0644\u0641\u0643.<\/li>\n\n<li><strong>\u0645\u0648\u0636\u0639 \u0627\u0644\u0632\u0631\u0639:<\/strong> \u064a\u062a\u0645 \u0648\u0636\u0639 \u063a\u0631\u0633\u0629 \u0627\u0644\u062a\u064a\u062a\u0627\u0646\u064a\u0648\u0645 \u0641\u064a \u0639\u0638\u0645 \u0627\u0644\u0641\u0643. \u064a\u062a\u0645 \u062a\u0646\u0641\u064a\u0630 \u0647\u0630\u0647 \u0627\u0644\u0645\u0631\u062d\u0644\u0629 \u0639\u0627\u062f\u0629 \u062a\u062d\u062a \u0627\u0644\u062a\u062e\u062f\u064a\u0631 \u0627\u0644\u0645\u0648\u0636\u0639\u064a.<\/li>\n\n<li><strong>\u0639\u0645\u0644\u064a\u0629 \u0627\u0644\u0634\u0641\u0627\u0621:<\/strong> \u0645\u0646 \u0627\u0644\u0645\u062a\u0648\u0642\u0639 \u0623\u0646 \u062a\u0646\u062f\u0645\u062c \u0627\u0644\u0632\u0631\u0639\u0629 \u0645\u0639 \u0639\u0638\u0645 \u0627\u0644\u0641\u0643. \u0642\u062f \u062a\u0633\u062a\u063a\u0631\u0642 \u0647\u0630\u0647 \u0627\u0644\u0639\u0645\u0644\u064a\u0629 \u0639\u062f\u0629 \u0623\u0634\u0647\u0631.<\/li>\n\n<li><strong>\u0628\u062f\u0644\u0629 \u0645\u0624\u0642\u062a\u0629:<\/strong> \u064a\u0645\u0643\u0646 \u062a\u0637\u0628\u064a\u0642 \u0637\u0631\u0641 \u0627\u0635\u0637\u0646\u0627\u0639\u064a \u0645\u0624\u0642\u062a \u0644\u0645\u0646\u0639 \u0627\u0644\u0645\u0631\u064a\u0636 \u0645\u0646 \u0641\u0642\u062f\u0627\u0646 \u0627\u0644\u0648\u0638\u064a\u0641\u0629 \u0623\u062b\u0646\u0627\u0621 \u0639\u0645\u0644\u064a\u0629 \u0627\u0644\u0634\u0641\u0627\u0621.<\/li>\n\n<li><strong>\u0627\u0644\u0628\u062f\u0644\u0629 \u0627\u0644\u062f\u0627\u0626\u0645\u0629:<\/strong> \u0628\u0639\u062f \u0627\u0643\u062a\u0645\u0627\u0644 \u0627\u0644\u0634\u0641\u0627\u0621\u060c \u064a\u062a\u0645 \u0648\u0636\u0639 \u0628\u062f\u0644\u0629 \u0623\u0633\u0646\u0627\u0646 \u0645\u064f\u0639\u062f\u0629 \u062e\u0635\u064a\u0635\u064b\u0627 \u0639\u0644\u0649 \u0627\u0644\u0632\u0631\u0639\u0629.<\/li><\/ol><p><strong>\u0632\u0631\u0627\u0639\u0629 \u0627\u0644\u0632\u0631\u0643\u0648\u0646\u064a\u0648\u0645: \u0627\u0644\u0645\u062a\u0627\u0646\u0629 \u0648\u0627\u0644\u062c\u0645\u0627\u0644\u064a\u0627\u062a \u0645\u0639\u064b\u0627<\/strong><\/p><p>\u062a\u0645 \u062a\u0637\u0648\u064a\u0631 \u063a\u0631\u0633\u0627\u062a \u0627\u0644\u0632\u0631\u0643\u0648\u0646\u064a\u0648\u0645 \u0643\u0628\u062f\u064a\u0644 \u0644\u0632\u0631\u0627\u0639\u0629 \u0627\u0644\u062a\u064a\u062a\u0627\u0646\u064a\u0648\u0645 \u0627\u0644\u062a\u0642\u0644\u064a\u062f\u064a\u0629\u060c \u0648\u0647\u064a \u062a\u062c\u0630\u0628 \u0627\u0644\u0627\u0646\u062a\u0628\u0627\u0647 \u0628\u0645\u062a\u0627\u0646\u062a\u0647\u0627 \u0648\u0645\u0638\u0647\u0631\u0647\u0627 \u0627\u0644\u062c\u0645\u0627\u0644\u064a. \u062a\u0642\u062f\u0645 \u0632\u0631\u0627\u0639\u0629 \u0627\u0644\u0632\u0631\u0643\u0648\u0646\u064a\u0648\u0645\u060c \u0648\u0627\u0644\u062a\u064a \u064a\u0641\u0636\u0644\u0647\u0627 \u0628\u0634\u0643\u0644 \u062e\u0627\u0635 \u0641\u064a \u0639\u0638\u0627\u0645 \u0627\u0644\u0641\u0643 \u0627\u0644\u0636\u064a\u0642\u0629\u060c \u062d\u0644\u0627\u064b \u062c\u0645\u0627\u0644\u064a\u0627\u064b \u0628\u0628\u064a\u0627\u0636\u0647\u0627 \u0627\u0644\u0642\u0631\u064a\u0628 \u0645\u0646 \u0627\u0644\u0623\u0633\u0646\u0627\u0646 \u0627\u0644\u0637\u0628\u064a\u0639\u064a\u0629.<\/p><p>\u062a\u0648\u0641\u0631 \u0637\u0631\u0642 \u0627\u0644\u0639\u0644\u0627\u062c \u0627\u0644\u0645\u0628\u062a\u0643\u0631\u0629 \u0647\u0630\u0647 \u0641\u064a \u0637\u0628 \u0627\u0644\u0623\u0633\u0646\u0627\u0646 \u0627\u0644\u062d\u062f\u064a\u062b \u062d\u0644\u0648\u0644\u0627\u064b \u0639\u0627\u0644\u064a\u0629 \u0627\u0644\u062c\u0648\u062f\u0629 \u0644\u0644\u0645\u0631\u0636\u0649 \u0645\u0646 \u0627\u0644\u0646\u0627\u062d\u064a\u062a\u064a\u0646 \u0627\u0644\u062c\u0645\u0627\u0644\u064a\u0629 \u0648\u0627\u0644\u0648\u0638\u064a\u0641\u064a\u0629.<\/p><\/div>\n\t\t\t\t<\/div>\n\t\t\t\t\t<\/div>\n\t\t<\/div>\n\t\t\t\t\t<\/div>\n\t\t<\/section>\t\t<\/div>","protected":false},"excerpt":{"rendered":"<p>\u0130mplant Tedavisi Hastanede Kal\u0131\u015f S\u00fcresi: Gerekli De\u011fil Operasyon S\u00fcresi: 6-8 Saat Anestezi: Lokal \u0130yile\u015fme S\u00fcresi: 3 Ay Hemen Randevu Al\u0131n Teknolojinin h\u0131zla geli\u015fimi, modern t\u0131pta \u00e7e\u015fitli alanlarda \u00f6nemli ilerlemelere yol a\u00e7maktad\u0131r. Bu kapsamda di\u015f hekimli\u011fi de, estetik ve fonksiyonel a\u00e7\u0131dan \u00e7\u00f6z\u00fcmler sunan yenilik\u00e7i tedavi y\u00f6ntemleri ile b\u00fcy\u00fck bir d\u00f6n\u00fc\u015f\u00fcm ya\u015famaktad\u0131r. Bu yaz\u0131da, modern di\u015f hekimli\u011finin [&hellip;]<\/p>\n","protected":false},"author":2,"featured_media":0,"parent":0,"menu_order":0,"comment_status":"closed","ping_status":"closed","template":"","meta":{"postBodyMargin":[],"postBodyPadding":[],"postBodyBackground":{"backgroundType":"classic","gradient":""},"footnotes":""},"class_list":["post-13566","page","type-page","status-publish","hentry"],"_links":{"self":[{"href":"https:\/\/seldacenter.com\/ar\/wp-json\/wp\/v2\/pages\/13566","targetHints":{"allow":["GET"]}}],"collection":[{"href":"https:\/\/seldacenter.com\/ar\/wp-json\/wp\/v2\/pages"}],"about":[{"href":"https:\/\/seldacenter.com\/ar\/wp-json\/wp\/v2\/types\/page"}],"author":[{"embeddable":true,"href":"https:\/\/seldacenter.com\/ar\/wp-json\/wp\/v2\/users\/2"}],"replies":[{"embeddable":true,"href":"https:\/\/seldacenter.com\/ar\/wp-json\/wp\/v2\/comments?post=13566"}],"version-history":[{"count":10,"href":"https:\/\/seldacenter.com\/ar\/wp-json\/wp\/v2\/pages\/13566\/revisions"}],"predecessor-version":[{"id":14196,"href":"https:\/\/seldacenter.com\/ar\/wp-json\/wp\/v2\/pages\/13566\/revisions\/14196"}],"wp:attachment":[{"href":"https:\/\/seldacenter.com\/ar\/wp-json\/wp\/v2\/media?parent=13566"}],"curies":[{"name":"wp","href":"https:\/\/api.w.org\/{rel}","templated":true}]}}