{"id":13318,"date":"2023-12-06T17:43:52","date_gmt":"2023-12-06T17:43:52","guid":{"rendered":"https:\/\/seldacenter.com\/yeniyapi\/?page_id=13318"},"modified":"2024-02-21T15:39:43","modified_gmt":"2024-02-21T15:39:43","slug":"anlasmali-doktorlarimiz","status":"publish","type":"page","link":"https:\/\/seldacenter.com\/ar\/anlasmali-doktorlarimiz\/","title":{"rendered":"\u0623\u0637\u0628\u0627\u0624\u0646\u0627 \u0627\u0644\u0645\u062a\u0639\u0627\u0642\u062f\u0648\u0646"},"content":{"rendered":"<div data-elementor-type=\"wp-page\" data-elementor-id=\"13318\" class=\"elementor elementor-13318\" data-elementor-post-type=\"page\">\n\t\t\t\t\t\t<section class=\"elementor-section elementor-top-section elementor-element elementor-element-f6e0e2c elementor-section-boxed elementor-section-height-default elementor-section-height-default\" data-id=\"f6e0e2c\" data-element_type=\"section\">\n\t\t\t\t\t\t<div class=\"elementor-container elementor-column-gap-default\">\n\t\t\t\t\t<div class=\"elementor-column elementor-col-33 elementor-top-column elementor-element elementor-element-83c56c8\" data-id=\"83c56c8\" data-element_type=\"column\">\n\t\t\t<div class=\"elementor-widget-wrap elementor-element-populated\">\n\t\t\t\t\t\t<div class=\"elementor-element elementor-element-c225cdc elementor-position-top elementor-widget elementor-widget-image-box\" data-id=\"c225cdc\" data-element_type=\"widget\" data-widget_type=\"image-box.default\">\n\t\t\t\t<div class=\"elementor-widget-container\">\n\t\t\t\t\t<div class=\"elementor-image-box-wrapper\"><figure class=\"elementor-image-box-img\"><a href=\"https:\/\/seldacenter.com\/\/wp-content\/uploads\/2024\/01\/Dr.-Salim-Balin-CV-low.pdf\" tabindex=\"-1\"><img fetchpriority=\"high\" decoding=\"async\" width=\"500\" height=\"700\" src=\"https:\/\/seldacenter.com\/wp-content\/uploads\/2024\/01\/WhatsApp-Image-2024-01-08-at-17.30.01.jpeg\" class=\"attachment-full size-full wp-image-13503\" alt=\"\" srcset=\"https:\/\/seldacenter.com\/wp-content\/uploads\/2024\/01\/WhatsApp-Image-2024-01-08-at-17.30.01.jpeg 500w, https:\/\/seldacenter.com\/wp-content\/uploads\/2024\/01\/WhatsApp-Image-2024-01-08-at-17.30.01-214x300.jpeg 214w\" sizes=\"(max-width: 500px) 100vw, 500px\" \/><\/a><\/figure><div class=\"elementor-image-box-content\"><h3 class=\"elementor-image-box-title\"><a href=\"https:\/\/seldacenter.com\/\/wp-content\/uploads\/2024\/01\/Dr.-Salim-Balin-CV-low.pdf\">\u062f\u0643\u062a\u0648\u0631. \u0633\u0644\u064a\u0645 \u0628\u0627\u0644\u064a\u0646<\/a><\/h3><p class=\"elementor-image-box-description\">\u0628\u0639\u062f \u0623\u0646 \u0623\u0643\u0645\u0644 \u062a\u0639\u0644\u064a\u0645\u0647 \u0627\u0644\u0627\u0628\u062a\u062f\u0627\u0626\u064a \u0648\u0627\u0644\u062b\u0627\u0646\u0648\u064a \u0641\u064a \u0623\u0644\u0627\u0632\u064a\u063a \u0648\u0645\u0644\u0627\u0637\u064a\u0629\u060c \u0627\u0644\u062a\u062d\u0642 \u0628\u0643\u0644\u064a\u0629 \u0627\u0644\u0637\u0628 \u0628\u062c\u0627\u0645\u0639\u0629 \u0625\u0631\u062c\u064a\u064a\u0633 \u0641\u064a \u0639\u0627\u0645 1998 \u0648\u0628\u062f\u0623 \u062a\u0639\u0644\u064a\u0645\u0647 \u0627\u0644\u0637\u0628\u064a. \u062a\u062e\u0631\u062c \u0645\u0646 \u0643\u0644\u064a\u0629 \u0627\u0644\u0637\u0628 \u0639\u0627\u0645 2005\u060c \u0648\u0628\u0639\u062f \u0623\u0646 \u0642\u0636\u0649 \u062e\u062f\u0645\u062a\u0647 \u0627\u0644\u0625\u0644\u0632\u0627\u0645\u064a\u0629 \u0644\u0645\u062f\u0629 18 \u0634\u0647\u0631\u064b\u0627 \u0641\u064a \u0627\u0644\u0645\u0631\u0643\u0632 \u0627\u0644\u0635\u062d\u064a \u062a\u0634\u0627\u0646\u0643\u064a\u0631\u064a \u064a\u0627\u0628\u0631\u0627\u0643\u0644\u064a\/ \u0625\u064a\u0643\u064a\u0632 \u0623\u0648\u0631\u064a\u0646\u060c \u0627\u062c\u062a\u0627\u0632 \u0627\u0645\u062a\u062d\u0627\u0646 \u0627\u0644\u062a\u062e\u0635\u0635 \u0627\u0644\u0637\u0628\u064a \u0641\u064a \u0639\u0627\u0645 2007 \u0648\u0623\u0635\u0628\u062d \u062f\u0643\u062a\u0648\u0631\u064b\u0627 \u0641\u064a \u0627\u0644\u0637\u0628. \u0628\u062f\u0623 \u0627\u0644\u0639\u0645\u0644 \u0643\u0645\u0633\u0627\u0639\u062f \u0644\u0644\u062c\u0631\u0627\u062d\u0629 \u0627\u0644\u0639\u0627\u0645\u0629 \u0641\u064a \u0645\u0633\u062a\u0634\u0641\u0649 \u0644\u0637\u0641\u064a \u0642\u064a\u0631\u062f\u0627\u0631 \u0643\u0627\u0631\u062a\u0627\u0644 \u0644\u0644\u062a\u062f\u0631\u064a\u0628 \u0648\u0627\u0644\u0623\u0628\u062d\u0627\u062b.<\/p><\/div><\/div>\t\t\t\t<\/div>\n\t\t\t\t<\/div>\n\t\t\t\t<div class=\"elementor-element elementor-element-a6655fc elementor-widget elementor-widget-elementskit-social-media\" data-id=\"a6655fc\" data-element_type=\"widget\" data-widget_type=\"elementskit-social-media.default\">\n\t\t\t\t<div class=\"elementor-widget-container\">\n\t\t\t\t\t<div class=\"ekit-wid-con\" >\t\t\t <ul class=\"ekit_social_media\">\n\t\t\t\t\t\t\t\t\t\t\t\t\t\t<li class=\"elementor-repeater-item-d3b0cff\">\n\t\t\t\t\t    <a\n\t\t\t\t\t\thref=\"https:\/\/seldacenter.com\/\/wp-content\/uploads\/2024\/01\/Dr.-Salim-Balin-CV-low.pdf\" aria-label=\"\u0627\u0644\u0633\u064a\u0631\u0629 \u0627\u0644\u0630\u0627\u062a\u064a\u0629\" class=\"pdf\" >\n\t\t\t\t\t\t\t\t\t\t\t\t\t\t\n\t\t\t\t\t\t\t<svg aria-hidden=\"true\" class=\"e-font-icon-svg e-fas-file-pdf\" viewbox=\"0 0 384 512\" xmlns=\"http:\/\/www.w3.org\/2000\/svg\"><path d=\"M181.9 256.1c-5-16-4.9-46.9-2-46.9 8.4 0 7.6 36.9 2 46.9zm-1.7 47.2c-7.7 20.2-17.3 43.3-28.4 62.7 18.3-7 39-17.2 62.9-21.9-12.7-9.6-24.9-23.4-34.5-40.8zM86.1 428.1c0 .8 13.2-5.4 34.9-40.2-6.7 6.3-29.1 24.5-34.9 40.2zM248 160h136v328c0 13.3-10.7 24-24 24H24c-13.3 0-24-10.7-24-24V24C0 10.7 10.7 0 24 0h200v136c0 13.2 10.8 24 24 24zm-8 171.8c-20-12.2-33.3-29-42.7-53.8 4.5-18.5 11.6-46.6 6.2-64.2-4.7-29.4-42.4-26.5-47.8-6.8-5 18.3-.4 44.1 8.1 77-11.6 27.6-28.7 64.6-40.8 85.8-.1 0-.1.1-.2.1-27.1 13.9-73.6 44.5-54.5 68 5.6 6.9 16 10 21.5 10 17.9 0 35.7-18 61.1-61.8 25.8-8.5 54.1-19.1 79-23.2 21.7 11.8 47.1 19.5 64 19.5 29.2 0 31.2-32 19.7-43.4-13.9-13.6-54.3-9.7-73.6-7.2zM377 105L279 7c-4.5-4.5-10.6-7-17-7h-6v128h128v-6.1c0-6.3-2.5-12.4-7-16.9zm-74.1 255.3c4.1-2.7-2.5-11.9-42.8-9 37.1 15.8 42.8 9 42.8 9z\"><\/path><\/svg>\t\t\t\t\t\t\t\t\t\n                                                                                                            <\/a>\n                    <\/li>\n                    \t\t\t\t\t\t\t<\/ul>\n\t\t<\/div>\t\t\t\t<\/div>\n\t\t\t\t<\/div>\n\t\t\t\t\t<\/div>\n\t\t<\/div>\n\t\t\t\t<div class=\"elementor-column elementor-col-33 elementor-top-column elementor-element elementor-element-dc54e62\" data-id=\"dc54e62\" data-element_type=\"column\">\n\t\t\t<div class=\"elementor-widget-wrap elementor-element-populated\">\n\t\t\t\t\t\t<div class=\"elementor-element elementor-element-2840d99 elementor-position-top elementor-widget elementor-widget-image-box\" data-id=\"2840d99\" data-element_type=\"widget\" data-widget_type=\"image-box.default\">\n\t\t\t\t<div class=\"elementor-widget-container\">\n\t\t\t\t\t<div class=\"elementor-image-box-wrapper\"><figure class=\"elementor-image-box-img\"><a href=\"https:\/\/seldacenter.com\/\/wp-content\/uploads\/2024\/02\/DR.-RAMAZAN-GULER-CV2485.pdf\" tabindex=\"-1\"><img decoding=\"async\" width=\"1536\" height=\"2048\" src=\"https:\/\/seldacenter.com\/wp-content\/uploads\/2024\/02\/WhatsApp-Image-2024-01-29-at-16.20.42.jpeg\" class=\"attachment-full size-full wp-image-13519\" alt=\"\" srcset=\"https:\/\/seldacenter.com\/wp-content\/uploads\/2024\/02\/WhatsApp-Image-2024-01-29-at-16.20.42.jpeg 1536w, https:\/\/seldacenter.com\/wp-content\/uploads\/2024\/02\/WhatsApp-Image-2024-01-29-at-16.20.42-600x800.jpeg 600w, https:\/\/seldacenter.com\/wp-content\/uploads\/2024\/02\/WhatsApp-Image-2024-01-29-at-16.20.42-225x300.jpeg 225w, https:\/\/seldacenter.com\/wp-content\/uploads\/2024\/02\/WhatsApp-Image-2024-01-29-at-16.20.42-768x1024.jpeg 768w, https:\/\/seldacenter.com\/wp-content\/uploads\/2024\/02\/WhatsApp-Image-2024-01-29-at-16.20.42-1152x1536.jpeg 1152w\" sizes=\"(max-width: 1536px) 100vw, 1536px\" \/><\/a><\/figure><div class=\"elementor-image-box-content\"><h3 class=\"elementor-image-box-title\"><a href=\"https:\/\/seldacenter.com\/\/wp-content\/uploads\/2024\/02\/DR.-RAMAZAN-GULER-CV2485.pdf\">\u062f\u0643\u062a\u0648\u0631. \u0631\u0645\u0636\u0627\u0646 \u062c\u0648\u0644\u0631<\/a><\/h3><p class=\"elementor-image-box-description\">\u0627\u0644\u0639\u0645\u0644\u064a\u0629 \u0627\u0644\u062e\u0627\u0635\u0629 \u062f. \u0623\u062e\u0635\u0627\u0626\u064a \u0627\u0644\u062c\u0631\u0627\u062d\u0629 \u0627\u0644\u062a\u062c\u0645\u064a\u0644\u064a\u0629 \u0648\u0627\u0644\u062a\u0631\u0645\u064a\u0645\u064a\u0629 \u0641\u064a \u0639\u064a\u0627\u062f\u0629 \u0631\u0645\u0636\u0627\u0646 \u062c\u0648\u0644\u0631 \u062c\u0645\u064a\u0639 \u0627\u0644\u0639\u0645\u0644\u064a\u0627\u062a \u0627\u0644\u062a\u062c\u0645\u064a\u0644\u064a\u0629 \u0648\u0627\u0644\u062a\u0631\u0645\u064a\u0645\u064a\u0629\u060c \u0648\u062e\u0627\u0635\u0629 \u062a\u062c\u0645\u064a\u0644 \u0627\u0644\u0623\u0646\u0641 \u0627\u0644\u0648\u0638\u064a\u0641\u064a \u0648\u0627\u0644\u062c\u0645\u0627\u0644\u064a\u060c \u0648\u062c\u0631\u0627\u062d\u0629 \u0627\u0644\u062b\u062f\u064a \u0627\u0644\u062c\u0645\u0627\u0644\u064a\u0629 \u0648\u0627\u0644\u062a\u0631\u0645\u064a\u0645\u064a\u0629\u060c \u0648\u0634\u062f \u0627\u0644\u0628\u0637\u0646 \u0648\u0634\u0641\u0637 \u0627\u0644\u062f\u0647\u0648\u0646\u060c \u0648\u062a\u062c\u0645\u064a\u0644 \u0627\u0644\u0648\u062c\u0647 \u0648\u0627\u0644\u0628\u0648\u062a\u0648\u0643\u0633 \/ \u0627\u0644\u062d\u0634\u0648.<\/p><\/div><\/div>\t\t\t\t<\/div>\n\t\t\t\t<\/div>\n\t\t\t\t<div class=\"elementor-element elementor-element-217e21a elementor-widget elementor-widget-elementskit-social-media\" data-id=\"217e21a\" data-element_type=\"widget\" data-widget_type=\"elementskit-social-media.default\">\n\t\t\t\t<div class=\"elementor-widget-container\">\n\t\t\t\t\t<div class=\"ekit-wid-con\" >\t\t\t <ul class=\"ekit_social_media\">\n\t\t\t\t\t\t\t\t\t\t\t\t\t\t<li class=\"elementor-repeater-item-d3b0cff\">\n\t\t\t\t\t    <a\n\t\t\t\t\t\thref=\"https:\/\/seldacenter.com\/\/wp-content\/uploads\/2024\/02\/DR.-RAMAZAN-GULER-CV2485.pdf\" aria-label=\"\u0627\u0644\u0633\u064a\u0631\u0629 \u0627\u0644\u0630\u0627\u062a\u064a\u0629\" class=\"pdf\" >\n\t\t\t\t\t\t\t\t\t\t\t\t\t\t\n\t\t\t\t\t\t\t<svg aria-hidden=\"true\" class=\"e-font-icon-svg e-fas-file-pdf\" viewbox=\"0 0 384 512\" xmlns=\"http:\/\/www.w3.org\/2000\/svg\"><path d=\"M181.9 256.1c-5-16-4.9-46.9-2-46.9 8.4 0 7.6 36.9 2 46.9zm-1.7 47.2c-7.7 20.2-17.3 43.3-28.4 62.7 18.3-7 39-17.2 62.9-21.9-12.7-9.6-24.9-23.4-34.5-40.8zM86.1 428.1c0 .8 13.2-5.4 34.9-40.2-6.7 6.3-29.1 24.5-34.9 40.2zM248 160h136v328c0 13.3-10.7 24-24 24H24c-13.3 0-24-10.7-24-24V24C0 10.7 10.7 0 24 0h200v136c0 13.2 10.8 24 24 24zm-8 171.8c-20-12.2-33.3-29-42.7-53.8 4.5-18.5 11.6-46.6 6.2-64.2-4.7-29.4-42.4-26.5-47.8-6.8-5 18.3-.4 44.1 8.1 77-11.6 27.6-28.7 64.6-40.8 85.8-.1 0-.1.1-.2.1-27.1 13.9-73.6 44.5-54.5 68 5.6 6.9 16 10 21.5 10 17.9 0 35.7-18 61.1-61.8 25.8-8.5 54.1-19.1 79-23.2 21.7 11.8 47.1 19.5 64 19.5 29.2 0 31.2-32 19.7-43.4-13.9-13.6-54.3-9.7-73.6-7.2zM377 105L279 7c-4.5-4.5-10.6-7-17-7h-6v128h128v-6.1c0-6.3-2.5-12.4-7-16.9zm-74.1 255.3c4.1-2.7-2.5-11.9-42.8-9 37.1 15.8 42.8 9 42.8 9z\"><\/path><\/svg>\t\t\t\t\t\t\t\t\t\n                                                                                                            <\/a>\n                    <\/li>\n                    \t\t\t\t\t\t\t<\/ul>\n\t\t<\/div>\t\t\t\t<\/div>\n\t\t\t\t<\/div>\n\t\t\t\t\t<\/div>\n\t\t<\/div>\n\t\t\t\t<div class=\"elementor-column elementor-col-33 elementor-top-column elementor-element elementor-element-efefd86\" data-id=\"efefd86\" data-element_type=\"column\">\n\t\t\t<div class=\"elementor-widget-wrap elementor-element-populated\">\n\t\t\t\t\t\t<div class=\"elementor-element elementor-element-3036a32 elementor-position-top elementor-widget elementor-widget-image-box\" data-id=\"3036a32\" data-element_type=\"widget\" data-widget_type=\"image-box.default\">\n\t\t\t\t<div class=\"elementor-widget-container\">\n\t\t\t\t\t<div class=\"elementor-image-box-wrapper\"><figure class=\"elementor-image-box-img\"><a href=\"https:\/\/seldacenter.com\/wp-content\/uploads\/2024\/02\/CV-TURKCE.pdf\" tabindex=\"-1\"><img decoding=\"async\" width=\"1200\" height=\"1600\" src=\"https:\/\/seldacenter.com\/wp-content\/uploads\/2024\/02\/WhatsApp-Image-2024-02-20-at-16.27.47.jpeg\" class=\"attachment-full size-full wp-image-13650\" alt=\"\" srcset=\"https:\/\/seldacenter.com\/wp-content\/uploads\/2024\/02\/WhatsApp-Image-2024-02-20-at-16.27.47.jpeg 1200w, https:\/\/seldacenter.com\/wp-content\/uploads\/2024\/02\/WhatsApp-Image-2024-02-20-at-16.27.47-600x800.jpeg 600w, https:\/\/seldacenter.com\/wp-content\/uploads\/2024\/02\/WhatsApp-Image-2024-02-20-at-16.27.47-225x300.jpeg 225w, https:\/\/seldacenter.com\/wp-content\/uploads\/2024\/02\/WhatsApp-Image-2024-02-20-at-16.27.47-768x1024.jpeg 768w, https:\/\/seldacenter.com\/wp-content\/uploads\/2024\/02\/WhatsApp-Image-2024-02-20-at-16.27.47-1152x1536.jpeg 1152w\" sizes=\"(max-width: 1200px) 100vw, 1200px\" \/><\/a><\/figure><div class=\"elementor-image-box-content\"><h3 class=\"elementor-image-box-title\"><a href=\"https:\/\/seldacenter.com\/wp-content\/uploads\/2024\/02\/CV-TURKCE.pdf\">\u0642\u0628\u0644\u0629. \u062f\u0643\u062a\u0648\u0631. \u0644\u064a\u0641\u064a\u0646\u062a \u0628\u0627\u0643\u064a\u0634\u063a\u0627\u0646<\/a><\/h3><p class=\"elementor-image-box-description\">\u0623\u0646\u0627 \u0623\u062e\u0635\u0627\u0626\u064a \u062c\u0631\u0627\u062d\u0629 \u0639\u0627\u0645\u0629. \u0648\u0641\u064a \u062d\u064a\u0627\u062a\u064a \u0627\u0644\u0645\u0647\u0646\u064a\u0629 \u0627\u0643\u062a\u0633\u0628\u062a \u062e\u0628\u0631\u0629 \u0641\u064a \u0645\u0633\u062a\u0634\u0641\u064a\u0627\u062a \u0645\u062e\u062a\u0644\u0641\u0629 \u0645\u0646\u0647\u0627 \u0627\u0644\u0645\u0633\u062a\u0634\u0641\u064a\u0627\u062a \u0627\u0644\u062c\u0627\u0645\u0639\u064a\u0629 \u0648\u0627\u0644\u0645\u0633\u062a\u0634\u0641\u064a\u0627\u062a \u0627\u0644\u062d\u0643\u0648\u0645\u064a\u0629 \u0648\u0627\u0644\u0645\u0633\u062a\u0634\u0641\u064a\u0627\u062a \u0627\u0644\u062e\u0627\u0635\u0629. \u0628\u0627\u0644\u0625\u0636\u0627\u0641\u0629 \u0625\u0644\u0649 \u0625\u062c\u0631\u0627\u0621 \u062c\u0645\u064a\u0639 \u0627\u0644\u0639\u0645\u0644\u064a\u0627\u062a \u0627\u0644\u062c\u0631\u0627\u062d\u064a\u0629 \u0641\u064a \u0645\u062c\u0627\u0644 \u062a\u062e\u0635\u0635\u064a\u060c \u0632\u0627\u062f \u0627\u0647\u062a\u0645\u0627\u0645\u064a \u0628\u062c\u0631\u0627\u062d\u0627\u062a \u0627\u0644\u0633\u0645\u0646\u0629 \u0628\u0633\u0628\u0628 \u0632\u064a\u0627\u062f\u0629 \u0627\u0644\u0633\u0645\u0646\u0629 \u0641\u064a \u0627\u0644\u0633\u0646\u0648\u0627\u062a \u0627\u0644\u0623\u062e\u064a\u0631\u0629. \u0648\u0644\u0647\u0630\u0627 \u0627\u0644\u0633\u0628\u0628 \u0641\u0625\u0646 \u0639\u0645\u0644\u064a\u0627\u062a \u062a\u0643\u0645\u064a\u0645 \u0627\u0644\u0645\u0639\u062f\u0629 \u0648\u0628\u0627\u0644\u0648\u0646 \u0627\u0644\u0645\u0639\u062f\u0629 \u0648\u0627\u0644\u0628\u0648\u062a\u0648\u0643\u0633 \u0627\u0644\u0645\u062a\u0639\u0644\u0642\u0629 \u0628\u0627\u0644\u0633\u0645\u0646\u0629 \u0647\u064a \u0645\u0646 \u0628\u064a\u0646 \u0627\u0647\u062a\u0645\u0627\u0645\u0627\u062a\u064a \u0627\u0644\u062e\u0627\u0635\u0629. \u0623\u0639\u0645\u0644 \u062d\u0627\u0644\u064a\u064b\u0627 \u0641\u064a \u0639\u064a\u0627\u062f\u062a\u064a \u0627\u0644\u062e\u0627\u0635\u0629 \u0641\u064a \u0639\u062b\u0645\u0627\u0646 \u0628\u064a\u0647.<\/p><\/div><\/div>\t\t\t\t<\/div>\n\t\t\t\t<\/div>\n\t\t\t\t<div class=\"elementor-element elementor-element-3f5d4fc elementor-widget elementor-widget-elementskit-social-media\" data-id=\"3f5d4fc\" data-element_type=\"widget\" data-widget_type=\"elementskit-social-media.default\">\n\t\t\t\t<div class=\"elementor-widget-container\">\n\t\t\t\t\t<div class=\"ekit-wid-con\" >\t\t\t <ul class=\"ekit_social_media\">\n\t\t\t\t\t\t\t\t\t\t\t\t\t\t<li class=\"elementor-repeater-item-d3b0cff\">\n\t\t\t\t\t    <a\n\t\t\t\t\t\thref=\"https:\/\/seldacenter.com\/wp-content\/uploads\/2024\/02\/CV-TURKCE.pdf\" aria-label=\"\u0627\u0644\u0633\u064a\u0631\u0629 \u0627\u0644\u0630\u0627\u062a\u064a\u0629\" class=\"pdf\" >\n\t\t\t\t\t\t\t\t\t\t\t\t\t\t\n\t\t\t\t\t\t\t<svg aria-hidden=\"true\" class=\"e-font-icon-svg e-fas-file-pdf\" viewbox=\"0 0 384 512\" xmlns=\"http:\/\/www.w3.org\/2000\/svg\"><path d=\"M181.9 256.1c-5-16-4.9-46.9-2-46.9 8.4 0 7.6 36.9 2 46.9zm-1.7 47.2c-7.7 20.2-17.3 43.3-28.4 62.7 18.3-7 39-17.2 62.9-21.9-12.7-9.6-24.9-23.4-34.5-40.8zM86.1 428.1c0 .8 13.2-5.4 34.9-40.2-6.7 6.3-29.1 24.5-34.9 40.2zM248 160h136v328c0 13.3-10.7 24-24 24H24c-13.3 0-24-10.7-24-24V24C0 10.7 10.7 0 24 0h200v136c0 13.2 10.8 24 24 24zm-8 171.8c-20-12.2-33.3-29-42.7-53.8 4.5-18.5 11.6-46.6 6.2-64.2-4.7-29.4-42.4-26.5-47.8-6.8-5 18.3-.4 44.1 8.1 77-11.6 27.6-28.7 64.6-40.8 85.8-.1 0-.1.1-.2.1-27.1 13.9-73.6 44.5-54.5 68 5.6 6.9 16 10 21.5 10 17.9 0 35.7-18 61.1-61.8 25.8-8.5 54.1-19.1 79-23.2 21.7 11.8 47.1 19.5 64 19.5 29.2 0 31.2-32 19.7-43.4-13.9-13.6-54.3-9.7-73.6-7.2zM377 105L279 7c-4.5-4.5-10.6-7-17-7h-6v128h128v-6.1c0-6.3-2.5-12.4-7-16.9zm-74.1 255.3c4.1-2.7-2.5-11.9-42.8-9 37.1 15.8 42.8 9 42.8 9z\"><\/path><\/svg>\t\t\t\t\t\t\t\t\t\n                                                                                                            <\/a>\n                    <\/li>\n                    \t\t\t\t\t\t\t<\/ul>\n\t\t<\/div>\t\t\t\t<\/div>\n\t\t\t\t<\/div>\n\t\t\t\t\t<\/div>\n\t\t<\/div>\n\t\t\t\t\t<\/div>\n\t\t<\/section>\n\t\t\t\t<\/div>","protected":false},"excerpt":{"rendered":"<p>Dr. Salim Balin \u0130lk ve orta \u00f6\u011frenimini El\u00e2z\u0131\u011f ve Malatya&#8217;da tamamlad\u0131ktan sonra 1998 y\u0131l\u0131nda Erciyes \u00dcniversitesi T\u0131p Fak\u00fcltesi\u2019ni kazan\u0131p T\u0131p e\u011fitimine ba\u015flad\u0131. 2005 y\u0131l\u0131nda T\u0131p fak\u00fcltesinden mezun oldu, 18 ay mecburi hizmetini \u00c7ank\u0131r\u0131 yaprakl\u0131\/ikiz \u00f6ren sa\u011fl\u0131k oca\u011f\u0131nda hizmet verdikten sonra 2007 y\u0131l\u0131nda t\u0131pta uzmanl\u0131k s\u0131nav\u0131n\u0131 kazanarak Dr. L\u00fctfi K\u0131rdar Kartal E\u011fitim ve Ara\u015ft\u0131rma Hastanesi\u2019nde Genel [&hellip;]<\/p>\n","protected":false},"author":2,"featured_media":0,"parent":0,"menu_order":0,"comment_status":"closed","ping_status":"closed","template":"","meta":{"postBodyMargin":[],"postBodyPadding":[],"postBodyBackground":{"backgroundType":"classic","gradient":""},"footnotes":""},"class_list":["post-13318","page","type-page","status-publish","hentry"],"_links":{"self":[{"href":"https:\/\/seldacenter.com\/ar\/wp-json\/wp\/v2\/pages\/13318","targetHints":{"allow":["GET"]}}],"collection":[{"href":"https:\/\/seldacenter.com\/ar\/wp-json\/wp\/v2\/pages"}],"about":[{"href":"https:\/\/seldacenter.com\/ar\/wp-json\/wp\/v2\/types\/page"}],"author":[{"embeddable":true,"href":"https:\/\/seldacenter.com\/ar\/wp-json\/wp\/v2\/users\/2"}],"replies":[{"embeddable":true,"href":"https:\/\/seldacenter.com\/ar\/wp-json\/wp\/v2\/comments?post=13318"}],"version-history":[{"count":19,"href":"https:\/\/seldacenter.com\/ar\/wp-json\/wp\/v2\/pages\/13318\/revisions"}],"predecessor-version":[{"id":13653,"href":"https:\/\/seldacenter.com\/ar\/wp-json\/wp\/v2\/pages\/13318\/revisions\/13653"}],"wp:attachment":[{"href":"https:\/\/seldacenter.com\/ar\/wp-json\/wp\/v2\/media?parent=13318"}],"curies":[{"name":"wp","href":"https:\/\/api.w.org\/{rel}","templated":true}]}}