{"id":12979,"date":"2023-10-18T20:34:40","date_gmt":"2023-10-18T17:34:40","guid":{"rendered":"https:\/\/seldacenter.com\/?page_id=12979"},"modified":"2023-10-18T20:34:40","modified_gmt":"2023-10-18T17:34:40","slug":"gizlilik-politikasi","status":"publish","type":"page","link":"https:\/\/seldacenter.com\/ar\/gizlilik-politikasi\/","title":{"rendered":"\u0633\u064a\u0627\u0633\u0629 \u0627\u0644\u062e\u0635\u0648\u0635\u064a\u0629"},"content":{"rendered":"<p>\u0633\u0644\u0627\u0645\u062a\u0643\u0645 \u062a\u0647\u0645\u0646\u0627. \u0648\u0644\u0630\u0644\u0643\u060c \u0646\u062d\u0631\u0635 \u0639\u0644\u0649 \u062d\u0645\u0627\u064a\u0629 \u0628\u064a\u0627\u0646\u0627\u062a\u0643\u0645 \u0627\u0644\u0634\u062e\u0635\u064a\u0629 \u0627\u0644\u062a\u064a \u062a\u0634\u0627\u0631\u0643\u0648\u0646\u0647\u0627 \u0645\u0639\u0646\u0627 \u0628\u0639\u0646\u0627\u064a\u0629.<\/p><p>\u0646\u062d\u0646\u060c \u0645\u0631\u0643\u0632 \u0633\u064a\u0644\u062f\u0627 \u0644\u0644\u0634\u0639\u0631\u060c \u0628\u0627\u0639\u062a\u0628\u0627\u0631\u0646\u0627 \u0627\u0644\u062c\u0647\u0629 \u0627\u0644\u0645\u0633\u0624\u0648\u0644\u0629 \u0639\u0646 \u0627\u0644\u0628\u064a\u0627\u0646\u0627\u062a\u060c \u0646\u0647\u062f\u0641 \u0625\u0644\u0649 \u0625\u0639\u0644\u0627\u0645\u0643 \u0628\u0633\u064a\u0627\u0633\u0629 \u0627\u0644\u062e\u0635\u0648\u0635\u064a\u0629 \u0648\u062d\u0645\u0627\u064a\u0629 \u0627\u0644\u0628\u064a\u0627\u0646\u0627\u062a \u0627\u0644\u0634\u062e\u0635\u064a\u0629 \u0647\u0630\u0647\u060c \u0628\u0634\u0623\u0646 \u0627\u0644\u0628\u064a\u0627\u0646\u0627\u062a \u0627\u0644\u0634\u062e\u0635\u064a\u0629 \u0627\u0644\u062a\u064a \u0633\u064a\u062a\u0645 \u0645\u0639\u0627\u0644\u062c\u062a\u0647\u0627 \u0648\u0644\u0623\u064a \u063a\u0631\u0636\u060c \u0648\u0645\u0639 \u0645\u0646 \u0648\u0644\u0645\u0627\u0630\u0627 \u064a\u0645\u0643\u0646 \u0645\u0634\u0627\u0631\u0643\u0629 \u0627\u0644\u0628\u064a\u0627\u0646\u0627\u062a \u0627\u0644\u0645\u0639\u0627\u0644\u062c\u0629\u060c \u0648\u0637\u0631\u064a\u0642\u0629 \u0645\u0639\u0627\u0644\u062c\u0629 \u0627\u0644\u0628\u064a\u0627\u0646\u0627\u062a \u0644\u062f\u064a\u0646\u0627 \u0648\u0627\u0644\u0623\u0633\u0628\u0627\u0628 \u0627\u0644\u0642\u0627\u0646\u0648\u0646\u064a\u0629\u060c \u0648\u0645\u0627 \u0647\u064a \u062d\u0642\u0648\u0642\u0643 \u0641\u064a\u0645\u0627 \u064a\u062a\u0639\u0644\u0642 \u0628\u0628\u064a\u0627\u0646\u0627\u062a\u0643 \u0627\u0644\u0645\u0639\u0627\u0644\u062c\u0629.<\/p><h2 class=\"wp-block-heading\" id=\"toplanan-kisisel-verileriniz-toplanma-yoentemi-ve-hukuki-sebebi\">\u0628\u064a\u0627\u0646\u0627\u062a\u0643 \u0627\u0644\u0634\u062e\u0635\u064a\u0629 \u0627\u0644\u062a\u064a \u062a\u0645 \u062c\u0645\u0639\u0647\u0627\u060c \u0648\u0637\u0631\u064a\u0642\u0629 \u0627\u0644\u062c\u0645\u0639 \u0648\u0627\u0644\u0633\u0628\u0628 \u0627\u0644\u0642\u0627\u0646\u0648\u0646\u064a<\/h2><p>\u0633\u064a\u062a\u0645 \u0645\u0639\u0627\u0644\u062c\u0629 \u0639\u0646\u0648\u0627\u0646 IP \u0627\u0644\u062e\u0627\u0635 \u0628\u0643 \u0648\u0645\u0639\u0644\u0648\u0645\u0627\u062a \u0648\u0643\u064a\u0644 \u0627\u0644\u0645\u0633\u062a\u062e\u062f\u0645 \u0644\u0623\u063a\u0631\u0627\u0636 \u0627\u0644\u062a\u062d\u0644\u064a\u0644 \u0641\u0642\u0637 \u0648\u0645\u0646 \u062e\u0644\u0627\u0644 \u062a\u0642\u0646\u064a\u0627\u062a \u0645\u062b\u0644 \u0645\u0644\u0641\u0627\u062a \u062a\u0639\u0631\u064a\u0641 \u0627\u0644\u0627\u0631\u062a\u0628\u0627\u0637\u060c \u0628\u0648\u0633\u0627\u0626\u0644 \u0622\u0644\u064a\u0629 \u0623\u0648 \u063a\u064a\u0631 \u0622\u0644\u064a\u0629\u060c \u0648\u064a\u062a\u0645 \u0627\u0644\u062d\u0635\u0648\u0644 \u0639\u0644\u064a\u0647\u0627 \u0623\u062d\u064a\u0627\u0646\u064b\u0627 \u0645\u0646 \u0623\u0637\u0631\u0627\u0641 \u062b\u0627\u0644\u062b\u0629 \u0645\u062b\u0644 \u0645\u0648\u0641\u0631\u064a \u0627\u0644\u062a\u062d\u0644\u064a\u0644\u0627\u062a \u0648\u0634\u0628\u0643\u0627\u062a \u0627\u0644\u0625\u0639\u0644\u0627\u0646 \u0648\u0645\u0648\u0641\u0631\u064a \u0645\u0639\u0644\u0648\u0645\u0627\u062a \u0627\u0644\u0628\u062d\u062b \u0648\u0645\u0648\u0641\u0631\u064a \u0627\u0644\u062a\u0643\u0646\u0648\u0644\u0648\u062c\u064a\u0627\u060c \u0648\u062a\u0633\u062c\u064a\u0644\u0647\u0627 \u0648\u062a\u062e\u0632\u064a\u0646\u0647\u0627 \u0648\u062a\u062d\u062f\u064a\u062b\u0647\u0627\u060c \u0641\u064a \u0625\u0637\u0627\u0631 \u0648\u0645\u062f\u0629 \u0627\u0644\u062e\u062f\u0645\u0629 \u0648\u0627\u0644\u0639\u0644\u0627\u0642\u0629 \u0627\u0644\u062a\u0639\u0627\u0642\u062f\u064a\u0629 \u0628\u064a\u0646\u0646\u0627\u060c \u0628\u0646\u0627\u0621\u064b \u0639\u0644\u0649 \u0645\u062a\u0637\u0644\u0628\u0627\u062a \u0645\u0639\u0627\u0644\u062c\u0629 \u0627\u0644\u0645\u0635\u0644\u062d\u0629 \u0627\u0644\u0645\u0634\u0631\u0648\u0639\u0629.<\/p><h2 class=\"wp-block-heading\" id=\"kisisel-verilerinizin-islenme-amaci\">\u063a\u0631\u0636 \u0645\u0639\u0627\u0644\u062c\u0629 \u0628\u064a\u0627\u0646\u0627\u062a\u0643 \u0627\u0644\u0634\u062e\u0635\u064a\u0629<\/h2><p>\u0633\u064a\u062a\u0645 \u0645\u0639\u0627\u0644\u062c\u0629 \u0628\u064a\u0627\u0646\u0627\u062a\u0643 \u0627\u0644\u0634\u062e\u0635\u064a\u0629 \u0627\u0644\u062a\u064a \u062a\u0634\u0627\u0631\u0643\u0647\u0627 \u0645\u0639\u0646\u0627 \u0648\u062a\u062d\u062f\u064a\u062b\u0647\u0627 \u0641\u0642\u0637 \u0645\u0646 \u062e\u0644\u0627\u0644 \u0627\u0644\u062a\u062d\u0644\u064a\u0644\u061b \u0628\u0637\u0631\u064a\u0642\u0629 \u0647\u0627\u062f\u0641\u0629 \u0648\u0645\u0639\u062a\u062f\u0644\u0629 \u0623\u062b\u0646\u0627\u0621 \u0641\u062a\u0631\u0629 \u0627\u0644\u0639\u0642\u062f \u0648\u0627\u0644\u062e\u062f\u0645\u0629 \u0645\u0646 \u0623\u062c\u0644 \u062a\u0644\u0628\u064a\u0629 \u0645\u062a\u0637\u0644\u0628\u0627\u062a \u0627\u0644\u062e\u062f\u0645\u0627\u062a \u0627\u0644\u062a\u064a \u0646\u0642\u062f\u0645\u0647\u0627 \u0628\u0623\u0641\u0636\u0644 \u0637\u0631\u064a\u0642\u0629\u060c \u0644\u0636\u0645\u0627\u0646 \u0642\u062f\u0631\u062a\u0643 \u0639\u0644\u0649 \u0627\u0644\u0648\u0635\u0648\u0644 \u0625\u0644\u0649 \u0647\u0630\u0647 \u0627\u0644\u062e\u062f\u0645\u0627\u062a \u0648\u0627\u0644\u0627\u0633\u062a\u0641\u0627\u062f\u0629 \u0645\u0646\u0647\u0627 \u0639\u0644\u0649 \u0623\u0642\u0635\u0649 \u0645\u0633\u062a\u0648\u0649\u060c \u0644\u062a\u0637\u0648\u064a\u0631 \u062e\u062f\u0645\u0627\u062a\u0646\u0627 \u0628\u0645\u0627 \u064a\u062a\u0645\u0627\u0634\u0649 \u0645\u0639 \u0627\u062d\u062a\u064a\u0627\u062c\u0627\u062a\u0643 \u0648\u062c\u0645\u0639\u0643 \u0645\u0639 \u0645\u0642\u062f\u0645\u064a \u062e\u062f\u0645\u0627\u062a \u0623\u0648\u0633\u0639 \u0636\u0645\u0646 \u0627\u0644\u0623\u0637\u0631 \u0627\u0644\u0642\u0627\u0646\u0648\u0646\u064a\u0629 \u0648\u0627\u0644\u0648\u0641\u0627\u0621 \u0628\u0627\u0644\u0627\u0644\u062a\u0632\u0627\u0645\u0627\u062a \u0627\u0644\u0646\u0627\u0634\u0626\u0629 \u0639\u0646 \u0627\u0644\u0642\u0627\u0646\u0648\u0646 (\u0645\u0634\u0627\u0631\u0643\u0629 \u0627\u0644\u0628\u064a\u0627\u0646\u0627\u062a \u0627\u0644\u0634\u062e\u0635\u064a\u0629 \u0645\u0639 \u0627\u0644\u0633\u0644\u0637\u0627\u062a \u0627\u0644\u0642\u0636\u0627\u0626\u064a\u0629 \u0648\u0627\u0644\u0625\u062f\u0627\u0631\u064a\u0629 \u0639\u0646\u062f \u0627\u0644\u0637\u0644\u0628).<\/p><h2 class=\"wp-block-heading\" id=\"toplanan-kisisel-verilerin-kimlere-ve-hangi-amaclarla-aktarilabilecegi\">\u0625\u0644\u0649 \u0645\u0646 \u0648\u0644\u0623\u064a \u063a\u0631\u0636 \u064a\u0645\u0643\u0646 \u0646\u0642\u0644 \u0627\u0644\u0628\u064a\u0627\u0646\u0627\u062a \u0627\u0644\u0634\u062e\u0635\u064a\u0629 \u0627\u0644\u0645\u062c\u0645\u0639\u0629\u061f<\/h2><p>\u0642\u062f \u064a\u062a\u0645 \u0646\u0642\u0644 \u0628\u064a\u0627\u0646\u0627\u062a\u0643 \u0627\u0644\u0634\u062e\u0635\u064a\u0629 \u0627\u0644\u062a\u064a \u062a\u0634\u0627\u0631\u0643\u0647\u0627 \u0645\u0639\u0646\u0627 \u0625\u0644\u0649 \u0623\u0637\u0631\u0627\u0641 \u062b\u0627\u0644\u062b\u0629 \u0645\u062d\u0644\u064a\u0629 \u0648\u0623\u062c\u0646\u0628\u064a\u0629 \u0648\u0645\u0624\u0633\u0633\u0627\u062a \u0648\u0645\u0646\u0638\u0645\u0627\u062a \u0646\u062a\u0644\u0642\u0649 \u0645\u0646\u0647\u0627 \u0648\/\u0623\u0648 \u0646\u0642\u062f\u0645 \u0644\u0647\u0627 \u062e\u062f\u0645\u0627\u062a\u060c \u0648\u0627\u0644\u062a\u064a \u062a\u0631\u0628\u0637\u0646\u0627 \u0628\u0647\u0627 \u0639\u0644\u0627\u0642\u0627\u062a \u062a\u0639\u0627\u0642\u062f\u064a\u0629\u060c \u0648\u0627\u0644\u062a\u064a \u0646\u062a\u0639\u0627\u0648\u0646 \u0645\u0639\u0647\u0627\u060c \u0645\u0646 \u0623\u062c\u0644 \u062a\u0646\u0641\u064a\u0630 \u0623\u0646\u0634\u0637\u062a\u0646\u0627\u060c \u0648\u0625\u0644\u0649 \u0627\u0644\u0633\u0644\u0637\u0627\u062a \u0627\u0644\u0642\u0636\u0627\u0626\u064a\u0629 \u0648\u0627\u0644\u0625\u062f\u0627\u0631\u064a\u0629 \u0639\u0646\u062f \u0627\u0644\u0637\u0644\u0628\u060c \u0634\u0631\u064a\u0637\u0629 \u0627\u062a\u062e\u0627\u0630 \u0627\u0644\u062a\u062f\u0627\u0628\u064a\u0631 \u0627\u0644\u0641\u0646\u064a\u0629 \u0648\u0627\u0644\u0625\u062f\u0627\u0631\u064a\u0629 \u0627\u0644\u0644\u0627\u0632\u0645\u0629.<\/p><h2 class=\"wp-block-heading\" id=\"kisisel-verileri-islenen-kisi-olarak-haklariniz\">\u062d\u0642\u0648\u0642\u0643 \u0643\u0634\u062e\u0635 \u062a\u062a\u0645 \u0645\u0639\u0627\u0644\u062c\u0629 \u0628\u064a\u0627\u0646\u0627\u062a\u0647 \u0627\u0644\u0634\u062e\u0635\u064a\u0629<\/h2><p>\u0648\u0641\u0642\u064b\u0627 \u0644\u0644\u0645\u0627\u062f\u0629 11 \u0645\u0646 \u0642\u0627\u0646\u0648\u0646 \u062d\u0645\u0627\u064a\u0629 \u0627\u0644\u0628\u064a\u0627\u0646\u0627\u062a \u0627\u0644\u0634\u062e\u0635\u064a\u0629\u060c \u064a\u0645\u0643\u0646 \u0644\u0623\u064a \u0634\u062e\u0635 \u0645\u0645\u0627\u0631\u0633\u0629 \u0627\u0644\u062d\u0642\u0648\u0642 \u0627\u0644\u062a\u0627\u0644\u064a\u0629 \u0645\u0646 \u062e\u0644\u0627\u0644 \u0627\u0644\u062a\u0642\u062f\u0645 \u0628\u0637\u0644\u0628 \u0625\u0644\u0649 \u0645\u0633\u0624\u0648\u0644 \u0627\u0644\u0628\u064a\u0627\u0646\u0627\u062a:<\/p><ol class=\"wp-block-list\" type=\"a\"><li>\u0645\u0639\u0631\u0641\u0629 \u0645\u0627 \u0625\u0630\u0627 \u0643\u0627\u0646\u062a \u0627\u0644\u0628\u064a\u0627\u0646\u0627\u062a \u0627\u0644\u0634\u062e\u0635\u064a\u0629 \u0642\u064a\u062f \u0627\u0644\u0645\u0639\u0627\u0644\u062c\u0629\u060c<\/li>\n\n<li>\u0644\u0637\u0644\u0628 \u0645\u0639\u0644\u0648\u0645\u0627\u062a \u0628\u062e\u0635\u0648\u0635 \u0645\u0639\u0627\u0644\u062c\u0629 \u0627\u0644\u0628\u064a\u0627\u0646\u0627\u062a \u0627\u0644\u0634\u062e\u0635\u064a\u0629\u060c<\/li>\n\n<li>\u0644\u0645\u0639\u0631\u0641\u0629 \u063a\u0631\u0636 \u0645\u0639\u0627\u0644\u062c\u0629 \u0627\u0644\u0628\u064a\u0627\u0646\u0627\u062a \u0627\u0644\u0634\u062e\u0635\u064a\u0629 \u0648\u0645\u0627 \u0625\u0630\u0627 \u0643\u0627\u0646\u062a \u062a\u0633\u062a\u062e\u062f\u0645 \u0648\u0641\u0642\u064b\u0627 \u0644\u0644\u063a\u0631\u0636 \u0645\u0646\u0647\u0627\u060c<\/li>\n\n<li>\u0644\u0645\u0639\u0631\u0641\u0629 \u0627\u0644\u0623\u0637\u0631\u0627\u0641 \u0627\u0644\u062b\u0627\u0644\u062b\u0629 \u0627\u0644\u062a\u064a \u064a\u062a\u0645 \u0646\u0642\u0644 \u0627\u0644\u0628\u064a\u0627\u0646\u0627\u062a \u0627\u0644\u0634\u062e\u0635\u064a\u0629 \u0625\u0644\u064a\u0647\u0627\u060c \u0633\u0648\u0627\u0621 \u0645\u062d\u0644\u064a\u064b\u0627 \u0623\u0648 \u062e\u0627\u0631\u062c\u064a\u064b\u0627\u060c<\/li>\n\n<li>\u0644\u0637\u0644\u0628 \u062a\u0635\u062d\u064a\u062d \u0627\u0644\u0628\u064a\u0627\u0646\u0627\u062a \u0627\u0644\u0634\u062e\u0635\u064a\u0629 \u0625\u0630\u0627 \u062a\u0645\u062a \u0645\u0639\u0627\u0644\u062c\u062a\u0647\u0627 \u0628\u0634\u0643\u0644 \u063a\u064a\u0631 \u0643\u0627\u0645\u0644 \u0623\u0648 \u063a\u064a\u0631 \u0635\u062d\u064a\u062d\u060c<\/li>\n\n<li>\u0637\u0644\u0628 \u062d\u0630\u0641 \u0623\u0648 \u0625\u062a\u0644\u0627\u0641 \u0627\u0644\u0628\u064a\u0627\u0646\u0627\u062a \u0627\u0644\u0634\u062e\u0635\u064a\u0629\u060c<\/li>\n\n<li>\u0637\u0644\u0628 \u0625\u0628\u0644\u0627\u063a \u0627\u0644\u0623\u0637\u0631\u0627\u0641 \u0627\u0644\u062b\u0627\u0644\u062b\u0629 \u0627\u0644\u062a\u064a \u062a\u0645 \u0646\u0642\u0644 \u0627\u0644\u0628\u064a\u0627\u0646\u0627\u062a \u0627\u0644\u0634\u062e\u0635\u064a\u0629 \u0625\u0644\u064a\u0647\u0627 \u0628\u0627\u0644\u0639\u0645\u0644\u064a\u0627\u062a \u0627\u0644\u062a\u064a \u062a\u0645 \u062a\u0646\u0641\u064a\u0630\u0647\u0627 \u0648\u0641\u0642\u064b\u0627 \u0644\u0644\u0628\u0646\u062f\u064a\u0646 (\u0647\u0640) \u0648(\u0648)\u060c<\/li>\n\n<li>\u0627\u0644\u0627\u0639\u062a\u0631\u0627\u0636 \u0639\u0644\u0649 \u0646\u062a\u064a\u062c\u0629 \u062a\u0636\u0631 \u0628\u0627\u0644\u0634\u062e\u0635 \u0646\u0641\u0633\u0647\u060c \u0646\u062a\u064a\u062c\u0629 \u062a\u062d\u0644\u064a\u0644 \u0627\u0644\u0628\u064a\u0627\u0646\u0627\u062a \u0627\u0644\u0645\u0639\u0627\u0644\u062c\u0629 \u0645\u0646 \u062e\u0644\u0627\u0644 \u0623\u0646\u0638\u0645\u0629 \u0622\u0644\u064a\u0629 \u0641\u0642\u0637\u060c<\/li>\n\n<li>\u0641\u064a \u062d\u0627\u0644\u0629 \u0648\u0642\u0648\u0639 \u0623\u0636\u0631\u0627\u0631 \u0628\u0633\u0628\u0628 \u0627\u0644\u0645\u0639\u0627\u0644\u062c\u0629 \u063a\u064a\u0631 \u0627\u0644\u0642\u0627\u0646\u0648\u0646\u064a\u0629 \u0644\u0644\u0628\u064a\u0627\u0646\u0627\u062a \u0627\u0644\u0634\u062e\u0635\u064a\u0629\u060c \u064a\u062d\u0642 \u0644\u0644\u0634\u062e\u0635 \u0627\u0644\u0645\u0637\u0627\u0644\u0628\u0629 \u0628\u0627\u0644\u062a\u0639\u0648\u064a\u0636 \u0639\u0646 \u0627\u0644\u0623\u0636\u0631\u0627\u0631.<\/li><\/ol><p>\u064a\u0645\u0643\u0646\u0643 \u0627\u0644\u0627\u062a\u0635\u0627\u0644 \u0628\u0646\u0627 \u0639\u0628\u0631 info@seldacenter.com \u0644\u0645\u0645\u0627\u0631\u0633\u0629 \u062d\u0642\u0648\u0642\u0643 \u0627\u0644\u0645\u0630\u0643\u0648\u0631\u0629 \u0623\u0639\u0644\u0627\u0647.<\/p><h2 class=\"wp-block-heading\" id=\"iletisim\">\u062a\u0648\u0627\u0635\u0644<\/h2><p>\u0644\u0643\u064a \u0646\u062a\u0645\u0643\u0646 \u0645\u0646 \u0625\u062c\u0631\u0627\u0621 \u062a\u062d\u0644\u064a\u0644\u0627\u062a \u0644\u062a\u0642\u062f\u064a\u0645 \u062e\u062f\u0645\u0627\u062a\u0646\u0627 \u0644\u0643\u060c \u0644\u0643 \u0643\u0627\u0645\u0644 \u0627\u0644\u062d\u0631\u064a\u0629 \u0641\u064a \u0642\u0628\u0648\u0644 \u0623\u0648 \u0631\u0641\u0636 \u0645\u0639\u0627\u0644\u062c\u0629 \u0628\u064a\u0627\u0646\u0627\u062a\u0643 \u0627\u0644\u0634\u062e\u0635\u064a\u0629\u060c \u0634\u0631\u064a\u0637\u0629 \u0623\u0646 \u062a\u0643\u0648\u0646 \u0647\u0630\u0647 \u0627\u0644\u0645\u0639\u0627\u0644\u062c\u0629 \u0636\u0631\u0648\u0631\u064a\u0629 \u0648\u0641\u0642\u064b\u0627 \u0644\u0633\u064a\u0627\u0633\u0629 \u0627\u0644\u062e\u0635\u0648\u0635\u064a\u0629 \u0648\u0645\u0639\u0627\u0644\u062c\u0629 \u0627\u0644\u0628\u064a\u0627\u0646\u0627\u062a \u0627\u0644\u0634\u062e\u0635\u064a\u0629 \u0647\u0630\u0647. \u0641\u064a \u062d\u0627\u0644 \u0627\u0633\u062a\u0645\u0631\u0627\u0631\u0643 \u0641\u064a \u0627\u0633\u062a\u062e\u062f\u0627\u0645 \u0627\u0644\u0645\u0648\u0642\u0639\u060c \u0633\u0646\u0641\u062a\u0631\u0636 \u0645\u0648\u0627\u0641\u0642\u062a\u0643. \u0644\u0644\u0645\u0632\u064a\u062f \u0645\u0646 \u0627\u0644\u0645\u0639\u0644\u0648\u0645\u0627\u062a\u060c \u062a\u0648\u0627\u0635\u0644 \u0645\u0639\u0646\u0627 \u0639\u0628\u0631 \u0627\u0644\u0628\u0631\u064a\u062f \u0627\u0644\u0625\u0644\u0643\u062a\u0631\u0648\u0646\u064a info@seldacenter.com.<\/p>","protected":false},"excerpt":{"rendered":"<p>G\u00fcvenli\u011finiz bizim i\u00e7in \u00f6nemli. Bu sebeple bizimle payla\u015faca\u011f\u0131n\u0131z ki\u015fisel verileriz hassasiyetle korunmaktad\u0131r. Biz, Selda Hair Center, veri sorumlusu olarak, bu gizlilik ve ki\u015fisel verilerin korunmas\u0131 politikas\u0131 ile, hangi ki\u015fisel verilerinizin hangi ama\u00e7la i\u015flenece\u011fi, i\u015flenen verilerin kimlerle ve neden payla\u015f\u0131labilece\u011fi, veri i\u015fleme y\u00f6ntemimiz ve hukuki sebeplerimiz ile; i\u015flenen verilerinize ili\u015fkin haklar\u0131n\u0131z\u0131n neler oldu\u011fu hususunda sizleri ayd\u0131nlatmay\u0131 [&hellip;]<\/p>\n","protected":false},"author":2,"featured_media":0,"parent":0,"menu_order":0,"comment_status":"closed","ping_status":"closed","template":"","meta":{"postBodyMargin":[],"postBodyPadding":[],"postBodyBackground":{"backgroundType":"classic","gradient":""},"footnotes":""},"class_list":["post-12979","page","type-page","status-publish","hentry"],"_links":{"self":[{"href":"https:\/\/seldacenter.com\/ar\/wp-json\/wp\/v2\/pages\/12979","targetHints":{"allow":["GET"]}}],"collection":[{"href":"https:\/\/seldacenter.com\/ar\/wp-json\/wp\/v2\/pages"}],"about":[{"href":"https:\/\/seldacenter.com\/ar\/wp-json\/wp\/v2\/types\/page"}],"author":[{"embeddable":true,"href":"https:\/\/seldacenter.com\/ar\/wp-json\/wp\/v2\/users\/2"}],"replies":[{"embeddable":true,"href":"https:\/\/seldacenter.com\/ar\/wp-json\/wp\/v2\/comments?post=12979"}],"version-history":[{"count":0,"href":"https:\/\/seldacenter.com\/ar\/wp-json\/wp\/v2\/pages\/12979\/revisions"}],"wp:attachment":[{"href":"https:\/\/seldacenter.com\/ar\/wp-json\/wp\/v2\/media?parent=12979"}],"curies":[{"name":"wp","href":"https:\/\/api.w.org\/{rel}","templated":true}]}}